{"id":2852,"date":"2024-03-26T13:17:09","date_gmt":"2024-03-26T12:17:09","guid":{"rendered":"https:\/\/itacives.it\/?page_id=2852"},"modified":"2024-03-26T13:17:58","modified_gmt":"2024-03-26T12:17:58","slug":"morosidade-do-consulado","status":"publish","type":"page","link":"https:\/\/itacives.it\/?page_id=2852&lang=pt","title":{"rendered":"Morosidade Do Consulado"},"content":{"rendered":"\t\t<div data-elementor-type=\"wp-page\" data-elementor-id=\"2852\" class=\"elementor elementor-2852\">\n\t\t\t\t\t\t\t<div class=\"elementor-element elementor-element-bd4b709 e-flex e-con-boxed e-con e-parent\" data-id=\"bd4b709\" data-element_type=\"container\" data-settings=\"{&quot;background_background&quot;:&quot;classic&quot;,&quot;content_width&quot;:&quot;boxed&quot;}\" data-core-v316-plus=\"true\">\n\t\t\t\t\t<div class=\"e-con-inner\">\n\t\t<div class=\"elementor-element elementor-element-66e3958 e-con-full e-flex e-con e-child\" data-id=\"66e3958\" data-element_type=\"container\" data-settings=\"{&quot;content_width&quot;:&quot;full&quot;}\">\n\t\t\t\t<div class=\"elementor-element elementor-element-6179b97 elementor-widget elementor-widget-heading\" data-id=\"6179b97\" data-element_type=\"widget\" data-widget_type=\"heading.default\">\n\t\t\t\t<div class=\"elementor-widget-container\">\n\t\t\t<style>\/*! elementor - v3.18.0 - 20-12-2023 *\/\n.elementor-heading-title{padding:0;margin:0;line-height:1}.elementor-widget-heading .elementor-heading-title[class*=elementor-size-]>a{color:inherit;font-size:inherit;line-height:inherit}.elementor-widget-heading .elementor-heading-title.elementor-size-small{font-size:15px}.elementor-widget-heading .elementor-heading-title.elementor-size-medium{font-size:19px}.elementor-widget-heading .elementor-heading-title.elementor-size-large{font-size:29px}.elementor-widget-heading .elementor-heading-title.elementor-size-xl{font-size:39px}.elementor-widget-heading .elementor-heading-title.elementor-size-xxl{font-size:59px}<\/style><h1 class=\"elementor-heading-title elementor-size-default\">Morosidade Do Consulado<\/h1>\t\t<\/div>\n\t\t\t\t<\/div>\n\t\t\t\t<\/div>\n\t\t\t\t\t<\/div>\n\t\t\t\t<\/div>\n\t\t<div class=\"elementor-element elementor-element-0e7cc72 e-flex e-con-boxed e-con e-parent\" data-id=\"0e7cc72\" data-element_type=\"container\" data-settings=\"{&quot;background_background&quot;:&quot;classic&quot;,&quot;content_width&quot;:&quot;boxed&quot;}\" data-core-v316-plus=\"true\">\n\t\t\t\t\t<div class=\"e-con-inner\">\n\t\t<div class=\"elementor-element elementor-element-5d548f9 e-con-full e-flex e-con e-child\" data-id=\"5d548f9\" data-element_type=\"container\" data-settings=\"{&quot;content_width&quot;:&quot;full&quot;}\">\n\t\t<div class=\"elementor-element elementor-element-bcdd19d e-con-full e-flex e-con e-child\" data-id=\"bcdd19d\" data-element_type=\"container\" data-settings=\"{&quot;content_width&quot;:&quot;full&quot;}\">\n\t\t<div class=\"elementor-element elementor-element-f64cca2 e-con-full e-flex e-con e-child\" data-id=\"f64cca2\" data-element_type=\"container\" data-settings=\"{&quot;content_width&quot;:&quot;full&quot;}\">\n\t\t\t\t<div class=\"elementor-element elementor-element-023eafc elementor-widget elementor-widget-image\" data-id=\"023eafc\" data-element_type=\"widget\" data-widget_type=\"image.default\">\n\t\t\t\t<div class=\"elementor-widget-container\">\n\t\t\t<style>\/*! elementor - v3.18.0 - 20-12-2023 *\/\n.elementor-widget-image{text-align:center}.elementor-widget-image a{display:inline-block}.elementor-widget-image a img[src$=\".svg\"]{width:48px}.elementor-widget-image img{vertical-align:middle;display:inline-block}<\/style>\t\t\t\t\t\t\t\t\t\t\t\t<img decoding=\"async\" width=\"84\" height=\"84\" src=\"https:\/\/itacives.it\/wp-content\/uploads\/2024\/01\/RITARDO-CONSOLATO.png\" class=\"attachment-full size-full wp-image-2101\" alt=\"\" \/>\t\t\t\t\t\t\t\t\t\t\t\t\t\t\t<\/div>\n\t\t\t\t<\/div>\n\t\t\t\t<div class=\"elementor-element elementor-element-f426899 elementor-widget elementor-widget-image\" data-id=\"f426899\" data-element_type=\"widget\" data-widget_type=\"image.default\">\n\t\t\t\t<div class=\"elementor-widget-container\">\n\t\t\t\t\t\t\t\t\t\t\t\t\t\t\t<img fetchpriority=\"high\" decoding=\"async\" width=\"389\" height=\"360\" src=\"https:\/\/itacives.it\/wp-content\/uploads\/2024\/01\/istockphoto-1206260487-640x640-1-e1704200358505.jpg\" class=\"attachment-full size-full wp-image-1822\" alt=\"\" srcset=\"https:\/\/itacives.it\/wp-content\/uploads\/2024\/01\/istockphoto-1206260487-640x640-1-e1704200358505.jpg 389w, https:\/\/itacives.it\/wp-content\/uploads\/2024\/01\/istockphoto-1206260487-640x640-1-e1704200358505-300x278.jpg 300w\" sizes=\"(max-width: 389px) 100vw, 389px\" \/>\t\t\t\t\t\t\t\t\t\t\t\t\t\t\t<\/div>\n\t\t\t\t<\/div>\n\t\t\t\t<\/div>\n\t\t<div class=\"elementor-element elementor-element-e3cf305 e-con-full e-flex e-con e-child\" data-id=\"e3cf305\" data-element_type=\"container\" data-settings=\"{&quot;content_width&quot;:&quot;full&quot;}\">\n\t\t\t\t<div class=\"elementor-element elementor-element-c882e62 elementor-widget elementor-widget-text-editor\" data-id=\"c882e62\" data-element_type=\"widget\" data-widget_type=\"text-editor.default\">\n\t\t\t\t<div class=\"elementor-widget-container\">\n\t\t\t<style>\/*! elementor - v3.18.0 - 20-12-2023 *\/\n.elementor-widget-text-editor.elementor-drop-cap-view-stacked .elementor-drop-cap{background-color:#69727d;color:#fff}.elementor-widget-text-editor.elementor-drop-cap-view-framed .elementor-drop-cap{color:#69727d;border:3px solid;background-color:transparent}.elementor-widget-text-editor:not(.elementor-drop-cap-view-default) .elementor-drop-cap{margin-top:8px}.elementor-widget-text-editor:not(.elementor-drop-cap-view-default) .elementor-drop-cap-letter{width:1em;height:1em}.elementor-widget-text-editor .elementor-drop-cap{float:left;text-align:center;line-height:1;font-size:50px}.elementor-widget-text-editor .elementor-drop-cap-letter{display:inline-block}<\/style>\t\t\t\t<p>No que diz respeito aos atrasos, infelizmente, \u00e9 bem conhecida a situa\u00e7\u00e3o a qual muitos consulados italianos demandam tempos muito longos de espera, por vezes mais de dez anos, para que o requerente tenha sua convoca\u00e7\u00e3o destinada para verificar a documenta\u00e7\u00e3o que comprova a descend\u00eancia de antepassados italianos.\u00a0<\/p>\t\t\t\t\t\t<\/div>\n\t\t\t\t<\/div>\n\t\t\t\t<div class=\"elementor-element elementor-element-ee81c38 elementor-widget elementor-widget-text-editor\" data-id=\"ee81c38\" data-element_type=\"widget\" data-widget_type=\"text-editor.default\">\n\t\t\t\t<div class=\"elementor-widget-container\">\n\t\t\t\t\t\t\t<p>Em particular, os consulados brasileiros, mas n\u00e3o s\u00f3, est\u00e3o sofrendo muito com a enorme quantidade de papelada a ser processada, ocasionando atrasos em outros procedimentos administrativos nos Consulados. A este respeito, houve nos \u00faltimos anos uma inova\u00e7\u00e3o muito importante, uma ferramenta adicional, como uma esp\u00e9cie de terceira via, para o reconhecimento da cidadania italiana<em> iure sanguinis<\/em>. Basicamente, este \u00e9 o mesmo procedimento perante os tribunais civis italianos, que pode ser seguido pelos descendentes da linha materna, mas desta vez promovidos por descendentes da linha paterna que, tendo anteriormente realizado o procedimento administrativo no Consulado competente (visto o prazo de dois anos para a conclus\u00e3o do procedimento administrativo ainda n\u00e3o tenha acabado), solicitar que a verifica\u00e7\u00e3o do seu <em>status civitatis<\/em> seja efetuada atrav\u00e9s dos tribunais. Portanto, no que diz respeito \u00e0 apura\u00e7\u00e3o da posse do requerente do direito \u00e0 cidadania italiana <em>iure sanguinis<\/em>, o tribunal entraria nesta verifica\u00e7\u00e3o. Com o referido recurso, o descumprimento pelo Consulado dos termos do processo administrativo procedimental \u00e9, assim, apresentado em ju\u00edzo, e, conforme mencionado acima, solicita-se que a apura\u00e7\u00e3o do direito seja realizada pelo tribunal atrav\u00e9s da reconstru\u00e7\u00e3o judicial no territ\u00f3rio italiano.\u00a0<\/p><p>\u00a0<\/p><p>Dessa forma, a premissa do recurso \u00e9 a demora do Consulado, pois \u00e9 evidente que esta circunst\u00e2ncia seja, n\u00e3o apenas contr\u00e1ria a todos os princ\u00edpios da a\u00e7\u00e3o administrativa, como tamb\u00e9m violaria o direito do interessado em obter, ainda que negativamente, a resolu\u00e7\u00e3o do processo num prazo razo\u00e1vel tempo. Acredita-se que a incerteza absoluta quanto \u00e0 conclus\u00e3o do procedimento reside no equivalente \u00e0 nega\u00e7\u00e3o do pr\u00f3prio direito, o que \u00e9 uma inverdade. Esclarecido isso, \u00e9 poss\u00edvel que os interessados levem seus casos ao Tribunal antes mesmo de expirado o per\u00edodo de 730 dias (dois anos), evidenciando como o Consulado falhou para cumprir este prazo. Nestes casos, a prova do convite ao Consulado em data superior a dois anos decorridos \u00e9 anexada ao recurso ou, caso o requerente n\u00e3o tenha recebido qualquer tipo de nomea\u00e7\u00e3o, atestados podem ser produzidos no mesmo Consulado reconhecendo que o hor\u00e1rio de recebimento e a avalia\u00e7\u00e3o de candidaturas excede o prazo. Na falta do atestado e nomea\u00e7\u00e3o, o\u00a0 requerente ainda pode prosseguir em tribunal, provando o atraso da administra\u00e7\u00e3o atrav\u00e9s da apresenta\u00e7\u00e3o das listas de espera dos consulados, presentes em seus sites, comprovando a grande demora. Essa abertura por parte dos tribunais italianos a favor de descendentes de ancestrais italianos na linha paterna \u00e9 de extraordin\u00e1ria relev\u00e2ncia, uma vez que, como visto, eles tamb\u00e9m poder\u00e3o tomar medidas legais para j\u00e1\u00a0 exercer os seus direitos, no caso de comprovada demora por parte do Consulado na conclus\u00e3o do processo administrativo, bastando anexar ao recurso a prova do atraso da administra\u00e7\u00e3o na conclus\u00e3o do procedimento dentro dos prazos fixados em lei.<\/p><p>\u00a0<\/p>\t\t\t\t\t\t<\/div>\n\t\t\t\t<\/div>\n\t\t\t\t<\/div>\n\t\t\t\t<\/div>\n\t\t\t\t<\/div>\n\t\t\t\t\t<\/div>\n\t\t\t\t<\/div>\n\t\t\t\t\t\t\t<\/div>\n\t\t","protected":false},"excerpt":{"rendered":"<p>Morosidade Do Consulado No que diz respeito aos atrasos, infelizmente, \u00e9 bem conhecida a situa\u00e7\u00e3o a qual muitos consulados italianos demandam tempos muito longos de espera, por vezes mais de dez anos, para que o requerente tenha sua convoca\u00e7\u00e3o destinada para verificar a documenta\u00e7\u00e3o que comprova a descend\u00eancia de antepassados italianos.\u00a0 Em particular, os consulados &hellip;<\/p>\n<p class=\"read-more\"> <a class=\"\" href=\"https:\/\/itacives.it\/?page_id=2852&#038;lang=pt\"> <span class=\"screen-reader-text\">Morosidade Do Consulado<\/span> Read More &raquo;<\/a><\/p>\n","protected":false},"author":2,"featured_media":0,"parent":2801,"menu_order":0,"comment_status":"closed","ping_status":"closed","template":"","meta":{"site-sidebar-layout":"no-sidebar","site-content-layout":"page-builder","ast-site-content-layout":"full-width-container","site-content-style":"unboxed","site-sidebar-style":"unboxed","ast-global-header-display":"","ast-banner-title-visibility":"","ast-main-header-display":"","ast-hfb-above-header-display":"","ast-hfb-below-header-display":"","ast-hfb-mobile-header-display":"","site-post-title":"disabled","ast-breadcrumbs-content":"disabled","ast-featured-img":"disabled","footer-sml-layout":"","theme-transparent-header-meta":"enabled","adv-header-id-meta":"","stick-header-meta":"","header-above-stick-meta":"","header-main-stick-meta":"","header-below-stick-meta":"","astra-migrate-meta-layouts":"set","ast-page-background-enabled":"default","ast-page-background-meta":{"desktop":{"background-color":"","background-image":"","background-repeat":"repeat","background-position":"center center","background-size":"auto","background-attachment":"scroll","background-type":"","background-media":"","overlay-type":"","overlay-color":"","overlay-gradient":""},"tablet":{"background-color":"","background-image":"","background-repeat":"repeat","background-position":"center center","background-size":"auto","background-attachment":"scroll","background-type":"","background-media":"","overlay-type":"","overlay-color":"","overlay-gradient":""},"mobile":{"background-color":"","background-image":"","background-repeat":"repeat","background-position":"center center","background-size":"auto","background-attachment":"scroll","background-type":"","background-media":"","overlay-type":"","overlay-color":"","overlay-gradient":""}},"ast-content-background-meta":{"desktop":{"background-color":"var(--ast-global-color-5)","background-image":"","background-repeat":"repeat","background-position":"center center","background-size":"auto","background-attachment":"scroll","background-type":"","background-media":"","overlay-type":"","overlay-color":"","overlay-gradient":""},"tablet":{"background-color":"var(--ast-global-color-5)","background-image":"","background-repeat":"repeat","background-position":"center center","background-size":"auto","background-attachment":"scroll","background-type":"","background-media":"","overlay-type":"","overlay-color":"","overlay-gradient":""},"mobile":{"background-color":"var(--ast-global-color-5)","background-image":"","background-repeat":"repeat","background-position":"center center","background-size":"auto","background-attachment":"scroll","background-type":"","background-media":"","overlay-type":"","overlay-color":"","overlay-gradient":""}},"footnotes":"","_joinchat":[]},"yoast_head":"<!-- This site is optimized with the Yoast SEO plugin v22.3 - https:\/\/yoast.com\/wordpress\/plugins\/seo\/ -->\n<title>Morosidade Do Consulado - Ita Cives<\/title>\n<meta name=\"robots\" content=\"index, follow, max-snippet:-1, max-image-preview:large, max-video-preview:-1\" \/>\n<link rel=\"canonical\" href=\"https:\/\/itacives.it\/?page_id=2852&lang=pt\" \/>\n<meta property=\"og:locale\" content=\"en_US\" \/>\n<meta property=\"og:type\" content=\"article\" \/>\n<meta property=\"og:title\" content=\"Morosidade Do Consulado - Ita Cives\" \/>\n<meta property=\"og:description\" content=\"Morosidade Do Consulado No que diz respeito aos atrasos, infelizmente, \u00e9 bem conhecida a situa\u00e7\u00e3o a qual muitos consulados italianos demandam tempos muito longos de espera, por vezes mais de dez anos, para que o requerente tenha sua convoca\u00e7\u00e3o destinada para verificar a documenta\u00e7\u00e3o que comprova a descend\u00eancia de antepassados italianos.\u00a0 Em particular, os consulados &hellip; Morosidade Do Consulado Read More &raquo;\" \/>\n<meta property=\"og:url\" content=\"https:\/\/itacives.it\/?page_id=2852&amp;lang=pt\" \/>\n<meta property=\"og:site_name\" content=\"Ita Cives\" \/>\n<meta property=\"article:modified_time\" content=\"2024-03-26T12:17:58+00:00\" \/>\n<meta property=\"og:image\" content=\"http:\/\/itacives.it\/wp-content\/uploads\/2024\/01\/RITARDO-CONSOLATO.png\" \/>\n<meta name=\"twitter:card\" content=\"summary_large_image\" \/>\n<meta name=\"twitter:label1\" content=\"Est. reading time\" \/>\n\t<meta name=\"twitter:data1\" content=\"3 minutes\" \/>\n<script type=\"application\/ld+json\" class=\"yoast-schema-graph\">{\"@context\":\"https:\/\/schema.org\",\"@graph\":[{\"@type\":\"WebPage\",\"@id\":\"https:\/\/itacives.it\/?page_id=2852&lang=pt\",\"url\":\"https:\/\/itacives.it\/?page_id=2852&lang=pt\",\"name\":\"Morosidade Do Consulado - Ita Cives\",\"isPartOf\":{\"@id\":\"https:\/\/itacives.it\/#website\"},\"primaryImageOfPage\":{\"@id\":\"https:\/\/itacives.it\/?page_id=2852&lang=pt#primaryimage\"},\"image\":{\"@id\":\"https:\/\/itacives.it\/?page_id=2852&lang=pt#primaryimage\"},\"thumbnailUrl\":\"http:\/\/itacives.it\/wp-content\/uploads\/2024\/01\/RITARDO-CONSOLATO.png\",\"datePublished\":\"2024-03-26T12:17:09+00:00\",\"dateModified\":\"2024-03-26T12:17:58+00:00\",\"breadcrumb\":{\"@id\":\"https:\/\/itacives.it\/?page_id=2852&lang=pt#breadcrumb\"},\"inLanguage\":\"en-US\",\"potentialAction\":[{\"@type\":\"ReadAction\",\"target\":[\"https:\/\/itacives.it\/?page_id=2852&lang=pt\"]}]},{\"@type\":\"ImageObject\",\"inLanguage\":\"en-US\",\"@id\":\"https:\/\/itacives.it\/?page_id=2852&lang=pt#primaryimage\",\"url\":\"https:\/\/itacives.it\/wp-content\/uploads\/2024\/01\/RITARDO-CONSOLATO.png\",\"contentUrl\":\"https:\/\/itacives.it\/wp-content\/uploads\/2024\/01\/RITARDO-CONSOLATO.png\",\"width\":84,\"height\":84},{\"@type\":\"BreadcrumbList\",\"@id\":\"https:\/\/itacives.it\/?page_id=2852&lang=pt#breadcrumb\",\"itemListElement\":[{\"@type\":\"ListItem\",\"position\":1,\"name\":\"Home\",\"item\":\"https:\/\/itacives.it\/\"},{\"@type\":\"ListItem\",\"position\":2,\"name\":\"\u00c1reas De Especializa\u00e7\u00e3o\",\"item\":\"https:\/\/itacives.it\/?page_id=2801&lang=pt\"},{\"@type\":\"ListItem\",\"position\":3,\"name\":\"Morosidade Do Consulado\"}]},{\"@type\":\"WebSite\",\"@id\":\"https:\/\/itacives.it\/#website\",\"url\":\"https:\/\/itacives.it\/\",\"name\":\"Ita Cives\",\"description\":\"Cittadinanza Italiana Iure Sanguinis\",\"publisher\":{\"@id\":\"https:\/\/itacives.it\/#organization\"},\"potentialAction\":[{\"@type\":\"SearchAction\",\"target\":{\"@type\":\"EntryPoint\",\"urlTemplate\":\"https:\/\/itacives.it\/?s={search_term_string}\"},\"query-input\":\"required name=search_term_string\"}],\"inLanguage\":\"en-US\"},{\"@type\":\"Organization\",\"@id\":\"https:\/\/itacives.it\/#organization\",\"name\":\"Ita Cives\",\"url\":\"https:\/\/itacives.it\/\",\"logo\":{\"@type\":\"ImageObject\",\"inLanguage\":\"en-US\",\"@id\":\"https:\/\/itacives.it\/#\/schema\/logo\/image\/\",\"url\":\"https:\/\/itacives.it\/wp-content\/uploads\/2024\/01\/cropped-ita-cives-variazione-colore-1.png\",\"contentUrl\":\"https:\/\/itacives.it\/wp-content\/uploads\/2024\/01\/cropped-ita-cives-variazione-colore-1.png\",\"width\":1168,\"height\":282,\"caption\":\"Ita Cives\"},\"image\":{\"@id\":\"https:\/\/itacives.it\/#\/schema\/logo\/image\/\"}}]}<\/script>\n<!-- \/ Yoast SEO plugin. -->","yoast_head_json":{"title":"Morosidade Do Consulado - Ita Cives","robots":{"index":"index","follow":"follow","max-snippet":"max-snippet:-1","max-image-preview":"max-image-preview:large","max-video-preview":"max-video-preview:-1"},"canonical":"https:\/\/itacives.it\/?page_id=2852&lang=pt","og_locale":"en_US","og_type":"article","og_title":"Morosidade Do Consulado - Ita Cives","og_description":"Morosidade Do Consulado No que diz respeito aos atrasos, infelizmente, \u00e9 bem conhecida a situa\u00e7\u00e3o a qual muitos consulados italianos demandam tempos muito longos de espera, por vezes mais de dez anos, para que o requerente tenha sua convoca\u00e7\u00e3o destinada para verificar a documenta\u00e7\u00e3o que comprova a descend\u00eancia de antepassados italianos.\u00a0 Em particular, os consulados &hellip; Morosidade Do Consulado Read More &raquo;","og_url":"https:\/\/itacives.it\/?page_id=2852&lang=pt","og_site_name":"Ita Cives","article_modified_time":"2024-03-26T12:17:58+00:00","og_image":[{"url":"http:\/\/itacives.it\/wp-content\/uploads\/2024\/01\/RITARDO-CONSOLATO.png"}],"twitter_card":"summary_large_image","twitter_misc":{"Est. reading time":"3 minutes"},"schema":{"@context":"https:\/\/schema.org","@graph":[{"@type":"WebPage","@id":"https:\/\/itacives.it\/?page_id=2852&lang=pt","url":"https:\/\/itacives.it\/?page_id=2852&lang=pt","name":"Morosidade Do Consulado - Ita Cives","isPartOf":{"@id":"https:\/\/itacives.it\/#website"},"primaryImageOfPage":{"@id":"https:\/\/itacives.it\/?page_id=2852&lang=pt#primaryimage"},"image":{"@id":"https:\/\/itacives.it\/?page_id=2852&lang=pt#primaryimage"},"thumbnailUrl":"http:\/\/itacives.it\/wp-content\/uploads\/2024\/01\/RITARDO-CONSOLATO.png","datePublished":"2024-03-26T12:17:09+00:00","dateModified":"2024-03-26T12:17:58+00:00","breadcrumb":{"@id":"https:\/\/itacives.it\/?page_id=2852&lang=pt#breadcrumb"},"inLanguage":"en-US","potentialAction":[{"@type":"ReadAction","target":["https:\/\/itacives.it\/?page_id=2852&lang=pt"]}]},{"@type":"ImageObject","inLanguage":"en-US","@id":"https:\/\/itacives.it\/?page_id=2852&lang=pt#primaryimage","url":"https:\/\/itacives.it\/wp-content\/uploads\/2024\/01\/RITARDO-CONSOLATO.png","contentUrl":"https:\/\/itacives.it\/wp-content\/uploads\/2024\/01\/RITARDO-CONSOLATO.png","width":84,"height":84},{"@type":"BreadcrumbList","@id":"https:\/\/itacives.it\/?page_id=2852&lang=pt#breadcrumb","itemListElement":[{"@type":"ListItem","position":1,"name":"Home","item":"https:\/\/itacives.it\/"},{"@type":"ListItem","position":2,"name":"\u00c1reas De Especializa\u00e7\u00e3o","item":"https:\/\/itacives.it\/?page_id=2801&lang=pt"},{"@type":"ListItem","position":3,"name":"Morosidade Do Consulado"}]},{"@type":"WebSite","@id":"https:\/\/itacives.it\/#website","url":"https:\/\/itacives.it\/","name":"Ita Cives","description":"Cittadinanza Italiana Iure Sanguinis","publisher":{"@id":"https:\/\/itacives.it\/#organization"},"potentialAction":[{"@type":"SearchAction","target":{"@type":"EntryPoint","urlTemplate":"https:\/\/itacives.it\/?s={search_term_string}"},"query-input":"required name=search_term_string"}],"inLanguage":"en-US"},{"@type":"Organization","@id":"https:\/\/itacives.it\/#organization","name":"Ita Cives","url":"https:\/\/itacives.it\/","logo":{"@type":"ImageObject","inLanguage":"en-US","@id":"https:\/\/itacives.it\/#\/schema\/logo\/image\/","url":"https:\/\/itacives.it\/wp-content\/uploads\/2024\/01\/cropped-ita-cives-variazione-colore-1.png","contentUrl":"https:\/\/itacives.it\/wp-content\/uploads\/2024\/01\/cropped-ita-cives-variazione-colore-1.png","width":1168,"height":282,"caption":"Ita Cives"},"image":{"@id":"https:\/\/itacives.it\/#\/schema\/logo\/image\/"}}]}},"_links":{"self":[{"href":"https:\/\/itacives.it\/index.php?rest_route=\/wp\/v2\/pages\/2852"}],"collection":[{"href":"https:\/\/itacives.it\/index.php?rest_route=\/wp\/v2\/pages"}],"about":[{"href":"https:\/\/itacives.it\/index.php?rest_route=\/wp\/v2\/types\/page"}],"author":[{"embeddable":true,"href":"https:\/\/itacives.it\/index.php?rest_route=\/wp\/v2\/users\/2"}],"replies":[{"embeddable":true,"href":"https:\/\/itacives.it\/index.php?rest_route=%2Fwp%2Fv2%2Fcomments&post=2852"}],"version-history":[{"count":4,"href":"https:\/\/itacives.it\/index.php?rest_route=\/wp\/v2\/pages\/2852\/revisions"}],"predecessor-version":[{"id":2856,"href":"https:\/\/itacives.it\/index.php?rest_route=\/wp\/v2\/pages\/2852\/revisions\/2856"}],"up":[{"embeddable":true,"href":"https:\/\/itacives.it\/index.php?rest_route=\/wp\/v2\/pages\/2801"}],"wp:attachment":[{"href":"https:\/\/itacives.it\/index.php?rest_route=%2Fwp%2Fv2%2Fmedia&parent=2852"}],"curies":[{"name":"wp","href":"https:\/\/api.w.org\/{rel}","templated":true}]}}