{"id":2847,"date":"2024-03-26T13:15:18","date_gmt":"2024-03-26T12:15:18","guid":{"rendered":"https:\/\/itacives.it\/?page_id=2847"},"modified":"2024-03-26T13:16:15","modified_gmt":"2024-03-26T12:16:15","slug":"procedimento-judical","status":"publish","type":"page","link":"https:\/\/itacives.it\/?page_id=2847&lang=pt","title":{"rendered":"Procedimento Judical"},"content":{"rendered":"\t\t<div data-elementor-type=\"wp-page\" data-elementor-id=\"2847\" class=\"elementor elementor-2847\">\n\t\t\t\t\t\t\t<div class=\"elementor-element elementor-element-bd4b709 e-flex e-con-boxed e-con e-parent\" data-id=\"bd4b709\" data-element_type=\"container\" data-settings=\"{&quot;background_background&quot;:&quot;classic&quot;,&quot;content_width&quot;:&quot;boxed&quot;}\" data-core-v316-plus=\"true\">\n\t\t\t\t\t<div class=\"e-con-inner\">\n\t\t<div class=\"elementor-element elementor-element-66e3958 e-con-full e-flex e-con e-child\" data-id=\"66e3958\" data-element_type=\"container\" data-settings=\"{&quot;content_width&quot;:&quot;full&quot;}\">\n\t\t\t\t<div class=\"elementor-element elementor-element-6179b97 elementor-widget elementor-widget-heading\" data-id=\"6179b97\" data-element_type=\"widget\" data-widget_type=\"heading.default\">\n\t\t\t\t<div class=\"elementor-widget-container\">\n\t\t\t<style>\/*! elementor - v3.18.0 - 20-12-2023 *\/\n.elementor-heading-title{padding:0;margin:0;line-height:1}.elementor-widget-heading .elementor-heading-title[class*=elementor-size-]>a{color:inherit;font-size:inherit;line-height:inherit}.elementor-widget-heading .elementor-heading-title.elementor-size-small{font-size:15px}.elementor-widget-heading .elementor-heading-title.elementor-size-medium{font-size:19px}.elementor-widget-heading .elementor-heading-title.elementor-size-large{font-size:29px}.elementor-widget-heading .elementor-heading-title.elementor-size-xl{font-size:39px}.elementor-widget-heading .elementor-heading-title.elementor-size-xxl{font-size:59px}<\/style><h1 class=\"elementor-heading-title elementor-size-default\">Procedimento Judical<\/h1>\t\t<\/div>\n\t\t\t\t<\/div>\n\t\t\t\t<\/div>\n\t\t\t\t\t<\/div>\n\t\t\t\t<\/div>\n\t\t<div class=\"elementor-element elementor-element-0e7cc72 e-flex e-con-boxed e-con e-parent\" data-id=\"0e7cc72\" data-element_type=\"container\" data-settings=\"{&quot;background_background&quot;:&quot;classic&quot;,&quot;content_width&quot;:&quot;boxed&quot;}\" data-core-v316-plus=\"true\">\n\t\t\t\t\t<div class=\"e-con-inner\">\n\t\t<div class=\"elementor-element elementor-element-5d548f9 e-con-full e-flex e-con e-child\" data-id=\"5d548f9\" data-element_type=\"container\" data-settings=\"{&quot;content_width&quot;:&quot;full&quot;}\">\n\t\t<div class=\"elementor-element elementor-element-bcdd19d e-con-full e-flex e-con e-child\" data-id=\"bcdd19d\" data-element_type=\"container\" data-settings=\"{&quot;content_width&quot;:&quot;full&quot;}\">\n\t\t<div class=\"elementor-element elementor-element-f64cca2 e-con-full e-flex e-con e-child\" data-id=\"f64cca2\" data-element_type=\"container\" data-settings=\"{&quot;content_width&quot;:&quot;full&quot;}\">\n\t\t\t\t<div class=\"elementor-element elementor-element-a147350 elementor-widget elementor-widget-image\" data-id=\"a147350\" data-element_type=\"widget\" data-settings=\"{&quot;_animation&quot;:&quot;none&quot;}\" data-widget_type=\"image.default\">\n\t\t\t\t<div class=\"elementor-widget-container\">\n\t\t\t<style>\/*! elementor - v3.18.0 - 20-12-2023 *\/\n.elementor-widget-image{text-align:center}.elementor-widget-image a{display:inline-block}.elementor-widget-image a img[src$=\".svg\"]{width:48px}.elementor-widget-image img{vertical-align:middle;display:inline-block}<\/style>\t\t\t\t\t\t\t\t\t\t\t\t<img decoding=\"async\" width=\"84\" height=\"84\" src=\"https:\/\/itacives.it\/wp-content\/uploads\/2024\/01\/RICORSO-TRIBUNALE-copia-2.png\" class=\"attachment-large size-large wp-image-2098\" alt=\"\" \/>\t\t\t\t\t\t\t\t\t\t\t\t\t\t\t<\/div>\n\t\t\t\t<\/div>\n\t\t\t\t<div class=\"elementor-element elementor-element-069b29e elementor-widget elementor-widget-image\" data-id=\"069b29e\" data-element_type=\"widget\" data-settings=\"{&quot;_animation&quot;:&quot;none&quot;}\" data-widget_type=\"image.default\">\n\t\t\t\t<div class=\"elementor-widget-container\">\n\t\t\t\t\t\t\t\t\t\t\t\t\t\t\t<img fetchpriority=\"high\" decoding=\"async\" width=\"1024\" height=\"996\" src=\"https:\/\/itacives.it\/wp-content\/uploads\/2024\/01\/vista-dall-alto-degli-elementi-di-orientamento-professionale-per-i-giudici-scaled-e1704199849607-1024x996.jpg\" class=\"attachment-large size-large wp-image-1819\" alt=\"\" srcset=\"https:\/\/itacives.it\/wp-content\/uploads\/2024\/01\/vista-dall-alto-degli-elementi-di-orientamento-professionale-per-i-giudici-scaled-e1704199849607-1024x996.jpg 1024w, https:\/\/itacives.it\/wp-content\/uploads\/2024\/01\/vista-dall-alto-degli-elementi-di-orientamento-professionale-per-i-giudici-scaled-e1704199849607-300x292.jpg 300w, https:\/\/itacives.it\/wp-content\/uploads\/2024\/01\/vista-dall-alto-degli-elementi-di-orientamento-professionale-per-i-giudici-scaled-e1704199849607-768x747.jpg 768w, https:\/\/itacives.it\/wp-content\/uploads\/2024\/01\/vista-dall-alto-degli-elementi-di-orientamento-professionale-per-i-giudici-scaled-e1704199849607-1536x1494.jpg 1536w, https:\/\/itacives.it\/wp-content\/uploads\/2024\/01\/vista-dall-alto-degli-elementi-di-orientamento-professionale-per-i-giudici-scaled-e1704199849607.jpg 1706w\" sizes=\"(max-width: 1024px) 100vw, 1024px\" \/>\t\t\t\t\t\t\t\t\t\t\t\t\t\t\t<\/div>\n\t\t\t\t<\/div>\n\t\t\t\t<\/div>\n\t\t<div class=\"elementor-element elementor-element-e3cf305 e-con-full e-flex e-con e-child\" data-id=\"e3cf305\" data-element_type=\"container\" data-settings=\"{&quot;content_width&quot;:&quot;full&quot;}\">\n\t\t\t\t<div class=\"elementor-element elementor-element-c882e62 elementor-widget elementor-widget-text-editor\" data-id=\"c882e62\" data-element_type=\"widget\" data-widget_type=\"text-editor.default\">\n\t\t\t\t<div class=\"elementor-widget-container\">\n\t\t\t<style>\/*! elementor - v3.18.0 - 20-12-2023 *\/\n.elementor-widget-text-editor.elementor-drop-cap-view-stacked .elementor-drop-cap{background-color:#69727d;color:#fff}.elementor-widget-text-editor.elementor-drop-cap-view-framed .elementor-drop-cap{color:#69727d;border:3px solid;background-color:transparent}.elementor-widget-text-editor:not(.elementor-drop-cap-view-default) .elementor-drop-cap{margin-top:8px}.elementor-widget-text-editor:not(.elementor-drop-cap-view-default) .elementor-drop-cap-letter{width:1em;height:1em}.elementor-widget-text-editor .elementor-drop-cap{float:left;text-align:center;line-height:1;font-size:50px}.elementor-widget-text-editor .elementor-drop-cap-letter{display:inline-block}<\/style>\t\t\t\t<p>Este \u00e9 um procedimento especial. Durante anos, institu\u00eddo exclusivamente perante o Tribunal Ordin\u00e1rio de Roma que, como mencionado, acaba sendo o \u00fanico remediador dispon\u00edvel em favor dos descendentes de ancestrais italianos pertencentes \u00e0 linha materna residente na It\u00e1lia ou no exterior.<\/p>\t\t\t\t\t\t<\/div>\n\t\t\t\t<\/div>\n\t\t\t\t<div class=\"elementor-element elementor-element-ee81c38 elementor-widget elementor-widget-text-editor\" data-id=\"ee81c38\" data-element_type=\"widget\" data-widget_type=\"text-editor.default\">\n\t\t\t\t<div class=\"elementor-widget-container\">\n\t\t\t\t\t\t\t<p>A este respeito, importa referir que, a partir de 22 de junho de 2022, na sequ\u00eancia da introdu\u00e7\u00e3o da Reforma Legislativa do Processo Civil n\u00ba 206, de 26 de novembro de 2021, passa a estipular que \u201cQuando o requerente residir no exterior, as disputas para verifica\u00e7\u00e3o da cidadania italiana ser\u00e3o atribu\u00eddas levando-se em considera\u00e7\u00e3o o munic\u00edpio de nascimento do pai, m\u00e3e ou antepassado que s\u00e3o (ou foram) cidad\u00e3os italianos\u201d. Isto significa que hoje, ao contr\u00e1rio do que aconteceu no passado, o Tribunal de Roma deixar\u00e1 de ter jurisdi\u00e7\u00e3o apenas, mas o tribunal em cujo distrito o \u00faltimo nasceu ascendente italiano, ou se o requerente residir na It\u00e1lia (caso de linha materna), dever\u00e1 dirigir-se ao tribunal territorialmente competente com base na sua resid\u00eancia. Esclarecido isto, importa salientar que, tamb\u00e9m no que se refere a este tipo de recurso, \u00e9 um pr\u00e9-requisito possuir toda a documenta\u00e7\u00e3o que comprove a descend\u00eancia do ascendente italiano, que ser\u00e1 submetida \u00e0 avalia\u00e7\u00e3o do juiz respons\u00e1vel pelo processo. Este \u00faltimo, se o recurso for dado provimento, declarar\u00e1, por portaria, que o recorrente \u00e9 italiano cidad\u00e3o desde o nascimento e ordenar\u00e1 \u00e0 administra\u00e7\u00e3o que proceda ao cumprimento necess\u00e1rio (registros, transcri\u00e7\u00f5es e anota\u00e7\u00f5es exigidas por lei).\u00a0<\/p><p>\u00a0<\/p><p>Logo, a senten\u00e7a ter\u00e1 por objeto a reconstru\u00e7\u00e3o da descend\u00eancia dos antepassados italianos por via da linha materna com base na documenta\u00e7\u00e3o da parte anexada ao recurso, assim como \u00e9 feito administrativamente nos Consulados ou Munic\u00edpios de resid\u00eancia. Ou seja, o juiz faz as mesmas determina\u00e7\u00f5es em rela\u00e7\u00e3o \u00e0 posse da cidadania italiana do requerente<em> iure sanguinis<\/em>, tal como \u00e9 feito administrativamente pelos consulados ou munic\u00edpios de resid\u00eancia. Este procedimento \u00e9 particularmente c\u00e9lere j\u00e1 que nas formas do processo simplificado, que, como bem conhecido, \u00e9 resolvido em muito poucas audi\u00eancias.\u00a0<\/p><p>\u00a0<\/p><p>Para os interessados, todo esse processo se facilita atrav\u00e9s de advogados italianos que podem conceder poderes de representa\u00e7\u00e3o, por meio de procura\u00e7\u00e3o, para defender e representar em todos processo de reconhecimento da cidadania, cujo resultado ela ou ele ser\u00e1 declarada cidad\u00e3(o) italiana(o).<\/p>\t\t\t\t\t\t<\/div>\n\t\t\t\t<\/div>\n\t\t\t\t<\/div>\n\t\t\t\t<\/div>\n\t\t\t\t<\/div>\n\t\t\t\t\t<\/div>\n\t\t\t\t<\/div>\n\t\t\t\t\t\t\t<\/div>\n\t\t","protected":false},"excerpt":{"rendered":"<p>Procedimento Judical Este \u00e9 um procedimento especial. Durante anos, institu\u00eddo exclusivamente perante o Tribunal Ordin\u00e1rio de Roma que, como mencionado, acaba sendo o \u00fanico remediador dispon\u00edvel em favor dos descendentes de ancestrais italianos pertencentes \u00e0 linha materna residente na It\u00e1lia ou no exterior. A este respeito, importa referir que, a partir de 22 de junho &hellip;<\/p>\n<p class=\"read-more\"> <a class=\"\" href=\"https:\/\/itacives.it\/?page_id=2847&#038;lang=pt\"> <span class=\"screen-reader-text\">Procedimento Judical<\/span> Read More &raquo;<\/a><\/p>\n","protected":false},"author":2,"featured_media":0,"parent":2801,"menu_order":0,"comment_status":"closed","ping_status":"closed","template":"","meta":{"site-sidebar-layout":"no-sidebar","site-content-layout":"page-builder","ast-site-content-layout":"full-width-container","site-content-style":"unboxed","site-sidebar-style":"unboxed","ast-global-header-display":"","ast-banner-title-visibility":"","ast-main-header-display":"","ast-hfb-above-header-display":"","ast-hfb-below-header-display":"","ast-hfb-mobile-header-display":"","site-post-title":"disabled","ast-breadcrumbs-content":"disabled","ast-featured-img":"disabled","footer-sml-layout":"","theme-transparent-header-meta":"enabled","adv-header-id-meta":"","stick-header-meta":"","header-above-stick-meta":"","header-main-stick-meta":"","header-below-stick-meta":"","astra-migrate-meta-layouts":"set","ast-page-background-enabled":"default","ast-page-background-meta":{"desktop":{"background-color":"","background-image":"","background-repeat":"repeat","background-position":"center center","background-size":"auto","background-attachment":"scroll","background-type":"","background-media":"","overlay-type":"","overlay-color":"","overlay-gradient":""},"tablet":{"background-color":"","background-image":"","background-repeat":"repeat","background-position":"center center","background-size":"auto","background-attachment":"scroll","background-type":"","background-media":"","overlay-type":"","overlay-color":"","overlay-gradient":""},"mobile":{"background-color":"","background-image":"","background-repeat":"repeat","background-position":"center center","background-size":"auto","background-attachment":"scroll","background-type":"","background-media":"","overlay-type":"","overlay-color":"","overlay-gradient":""}},"ast-content-background-meta":{"desktop":{"background-color":"var(--ast-global-color-5)","background-image":"","background-repeat":"repeat","background-position":"center center","background-size":"auto","background-attachment":"scroll","background-type":"","background-media":"","overlay-type":"","overlay-color":"","overlay-gradient":""},"tablet":{"background-color":"var(--ast-global-color-5)","background-image":"","background-repeat":"repeat","background-position":"center center","background-size":"auto","background-attachment":"scroll","background-type":"","background-media":"","overlay-type":"","overlay-color":"","overlay-gradient":""},"mobile":{"background-color":"var(--ast-global-color-5)","background-image":"","background-repeat":"repeat","background-position":"center center","background-size":"auto","background-attachment":"scroll","background-type":"","background-media":"","overlay-type":"","overlay-color":"","overlay-gradient":""}},"footnotes":"","_joinchat":[]},"yoast_head":"<!-- This site is optimized with the Yoast SEO plugin v22.3 - https:\/\/yoast.com\/wordpress\/plugins\/seo\/ -->\n<title>Procedimento Judical - Ita Cives<\/title>\n<meta name=\"robots\" content=\"index, follow, max-snippet:-1, max-image-preview:large, max-video-preview:-1\" \/>\n<link rel=\"canonical\" href=\"https:\/\/itacives.it\/?page_id=2847&lang=pt\" \/>\n<meta property=\"og:locale\" content=\"en_US\" \/>\n<meta property=\"og:type\" content=\"article\" \/>\n<meta property=\"og:title\" content=\"Procedimento Judical - Ita Cives\" \/>\n<meta property=\"og:description\" content=\"Procedimento Judical Este \u00e9 um procedimento especial. Durante anos, institu\u00eddo exclusivamente perante o Tribunal Ordin\u00e1rio de Roma que, como mencionado, acaba sendo o \u00fanico remediador dispon\u00edvel em favor dos descendentes de ancestrais italianos pertencentes \u00e0 linha materna residente na It\u00e1lia ou no exterior. A este respeito, importa referir que, a partir de 22 de junho &hellip; Procedimento Judical Read More &raquo;\" \/>\n<meta property=\"og:url\" content=\"https:\/\/itacives.it\/?page_id=2847&amp;lang=pt\" \/>\n<meta property=\"og:site_name\" content=\"Ita Cives\" \/>\n<meta property=\"article:modified_time\" content=\"2024-03-26T12:16:15+00:00\" \/>\n<meta property=\"og:image\" content=\"http:\/\/itacives.it\/wp-content\/uploads\/2024\/01\/RICORSO-TRIBUNALE-copia-2.png\" \/>\n<meta name=\"twitter:card\" content=\"summary_large_image\" \/>\n<meta name=\"twitter:label1\" content=\"Est. reading time\" \/>\n\t<meta name=\"twitter:data1\" content=\"2 minutes\" \/>\n<script type=\"application\/ld+json\" class=\"yoast-schema-graph\">{\"@context\":\"https:\/\/schema.org\",\"@graph\":[{\"@type\":\"WebPage\",\"@id\":\"https:\/\/itacives.it\/?page_id=2847&lang=pt\",\"url\":\"https:\/\/itacives.it\/?page_id=2847&lang=pt\",\"name\":\"Procedimento Judical - Ita Cives\",\"isPartOf\":{\"@id\":\"https:\/\/itacives.it\/#website\"},\"primaryImageOfPage\":{\"@id\":\"https:\/\/itacives.it\/?page_id=2847&lang=pt#primaryimage\"},\"image\":{\"@id\":\"https:\/\/itacives.it\/?page_id=2847&lang=pt#primaryimage\"},\"thumbnailUrl\":\"http:\/\/itacives.it\/wp-content\/uploads\/2024\/01\/RICORSO-TRIBUNALE-copia-2.png\",\"datePublished\":\"2024-03-26T12:15:18+00:00\",\"dateModified\":\"2024-03-26T12:16:15+00:00\",\"breadcrumb\":{\"@id\":\"https:\/\/itacives.it\/?page_id=2847&lang=pt#breadcrumb\"},\"inLanguage\":\"en-US\",\"potentialAction\":[{\"@type\":\"ReadAction\",\"target\":[\"https:\/\/itacives.it\/?page_id=2847&lang=pt\"]}]},{\"@type\":\"ImageObject\",\"inLanguage\":\"en-US\",\"@id\":\"https:\/\/itacives.it\/?page_id=2847&lang=pt#primaryimage\",\"url\":\"https:\/\/itacives.it\/wp-content\/uploads\/2024\/01\/RICORSO-TRIBUNALE-copia-2.png\",\"contentUrl\":\"https:\/\/itacives.it\/wp-content\/uploads\/2024\/01\/RICORSO-TRIBUNALE-copia-2.png\",\"width\":84,\"height\":84},{\"@type\":\"BreadcrumbList\",\"@id\":\"https:\/\/itacives.it\/?page_id=2847&lang=pt#breadcrumb\",\"itemListElement\":[{\"@type\":\"ListItem\",\"position\":1,\"name\":\"Home\",\"item\":\"https:\/\/itacives.it\/\"},{\"@type\":\"ListItem\",\"position\":2,\"name\":\"\u00c1reas De Especializa\u00e7\u00e3o\",\"item\":\"https:\/\/itacives.it\/?page_id=2801&lang=pt\"},{\"@type\":\"ListItem\",\"position\":3,\"name\":\"Procedimento Judical\"}]},{\"@type\":\"WebSite\",\"@id\":\"https:\/\/itacives.it\/#website\",\"url\":\"https:\/\/itacives.it\/\",\"name\":\"Ita Cives\",\"description\":\"Cittadinanza Italiana Iure Sanguinis\",\"publisher\":{\"@id\":\"https:\/\/itacives.it\/#organization\"},\"potentialAction\":[{\"@type\":\"SearchAction\",\"target\":{\"@type\":\"EntryPoint\",\"urlTemplate\":\"https:\/\/itacives.it\/?s={search_term_string}\"},\"query-input\":\"required name=search_term_string\"}],\"inLanguage\":\"en-US\"},{\"@type\":\"Organization\",\"@id\":\"https:\/\/itacives.it\/#organization\",\"name\":\"Ita Cives\",\"url\":\"https:\/\/itacives.it\/\",\"logo\":{\"@type\":\"ImageObject\",\"inLanguage\":\"en-US\",\"@id\":\"https:\/\/itacives.it\/#\/schema\/logo\/image\/\",\"url\":\"https:\/\/itacives.it\/wp-content\/uploads\/2024\/01\/cropped-ita-cives-variazione-colore-1.png\",\"contentUrl\":\"https:\/\/itacives.it\/wp-content\/uploads\/2024\/01\/cropped-ita-cives-variazione-colore-1.png\",\"width\":1168,\"height\":282,\"caption\":\"Ita Cives\"},\"image\":{\"@id\":\"https:\/\/itacives.it\/#\/schema\/logo\/image\/\"}}]}<\/script>\n<!-- \/ Yoast SEO plugin. -->","yoast_head_json":{"title":"Procedimento Judical - Ita Cives","robots":{"index":"index","follow":"follow","max-snippet":"max-snippet:-1","max-image-preview":"max-image-preview:large","max-video-preview":"max-video-preview:-1"},"canonical":"https:\/\/itacives.it\/?page_id=2847&lang=pt","og_locale":"en_US","og_type":"article","og_title":"Procedimento Judical - Ita Cives","og_description":"Procedimento Judical Este \u00e9 um procedimento especial. Durante anos, institu\u00eddo exclusivamente perante o Tribunal Ordin\u00e1rio de Roma que, como mencionado, acaba sendo o \u00fanico remediador dispon\u00edvel em favor dos descendentes de ancestrais italianos pertencentes \u00e0 linha materna residente na It\u00e1lia ou no exterior. A este respeito, importa referir que, a partir de 22 de junho &hellip; Procedimento Judical Read More &raquo;","og_url":"https:\/\/itacives.it\/?page_id=2847&lang=pt","og_site_name":"Ita Cives","article_modified_time":"2024-03-26T12:16:15+00:00","og_image":[{"url":"http:\/\/itacives.it\/wp-content\/uploads\/2024\/01\/RICORSO-TRIBUNALE-copia-2.png"}],"twitter_card":"summary_large_image","twitter_misc":{"Est. reading time":"2 minutes"},"schema":{"@context":"https:\/\/schema.org","@graph":[{"@type":"WebPage","@id":"https:\/\/itacives.it\/?page_id=2847&lang=pt","url":"https:\/\/itacives.it\/?page_id=2847&lang=pt","name":"Procedimento Judical - Ita Cives","isPartOf":{"@id":"https:\/\/itacives.it\/#website"},"primaryImageOfPage":{"@id":"https:\/\/itacives.it\/?page_id=2847&lang=pt#primaryimage"},"image":{"@id":"https:\/\/itacives.it\/?page_id=2847&lang=pt#primaryimage"},"thumbnailUrl":"http:\/\/itacives.it\/wp-content\/uploads\/2024\/01\/RICORSO-TRIBUNALE-copia-2.png","datePublished":"2024-03-26T12:15:18+00:00","dateModified":"2024-03-26T12:16:15+00:00","breadcrumb":{"@id":"https:\/\/itacives.it\/?page_id=2847&lang=pt#breadcrumb"},"inLanguage":"en-US","potentialAction":[{"@type":"ReadAction","target":["https:\/\/itacives.it\/?page_id=2847&lang=pt"]}]},{"@type":"ImageObject","inLanguage":"en-US","@id":"https:\/\/itacives.it\/?page_id=2847&lang=pt#primaryimage","url":"https:\/\/itacives.it\/wp-content\/uploads\/2024\/01\/RICORSO-TRIBUNALE-copia-2.png","contentUrl":"https:\/\/itacives.it\/wp-content\/uploads\/2024\/01\/RICORSO-TRIBUNALE-copia-2.png","width":84,"height":84},{"@type":"BreadcrumbList","@id":"https:\/\/itacives.it\/?page_id=2847&lang=pt#breadcrumb","itemListElement":[{"@type":"ListItem","position":1,"name":"Home","item":"https:\/\/itacives.it\/"},{"@type":"ListItem","position":2,"name":"\u00c1reas De Especializa\u00e7\u00e3o","item":"https:\/\/itacives.it\/?page_id=2801&lang=pt"},{"@type":"ListItem","position":3,"name":"Procedimento Judical"}]},{"@type":"WebSite","@id":"https:\/\/itacives.it\/#website","url":"https:\/\/itacives.it\/","name":"Ita Cives","description":"Cittadinanza Italiana Iure Sanguinis","publisher":{"@id":"https:\/\/itacives.it\/#organization"},"potentialAction":[{"@type":"SearchAction","target":{"@type":"EntryPoint","urlTemplate":"https:\/\/itacives.it\/?s={search_term_string}"},"query-input":"required name=search_term_string"}],"inLanguage":"en-US"},{"@type":"Organization","@id":"https:\/\/itacives.it\/#organization","name":"Ita Cives","url":"https:\/\/itacives.it\/","logo":{"@type":"ImageObject","inLanguage":"en-US","@id":"https:\/\/itacives.it\/#\/schema\/logo\/image\/","url":"https:\/\/itacives.it\/wp-content\/uploads\/2024\/01\/cropped-ita-cives-variazione-colore-1.png","contentUrl":"https:\/\/itacives.it\/wp-content\/uploads\/2024\/01\/cropped-ita-cives-variazione-colore-1.png","width":1168,"height":282,"caption":"Ita Cives"},"image":{"@id":"https:\/\/itacives.it\/#\/schema\/logo\/image\/"}}]}},"_links":{"self":[{"href":"https:\/\/itacives.it\/index.php?rest_route=\/wp\/v2\/pages\/2847"}],"collection":[{"href":"https:\/\/itacives.it\/index.php?rest_route=\/wp\/v2\/pages"}],"about":[{"href":"https:\/\/itacives.it\/index.php?rest_route=\/wp\/v2\/types\/page"}],"author":[{"embeddable":true,"href":"https:\/\/itacives.it\/index.php?rest_route=\/wp\/v2\/users\/2"}],"replies":[{"embeddable":true,"href":"https:\/\/itacives.it\/index.php?rest_route=%2Fwp%2Fv2%2Fcomments&post=2847"}],"version-history":[{"count":4,"href":"https:\/\/itacives.it\/index.php?rest_route=\/wp\/v2\/pages\/2847\/revisions"}],"predecessor-version":[{"id":2851,"href":"https:\/\/itacives.it\/index.php?rest_route=\/wp\/v2\/pages\/2847\/revisions\/2851"}],"up":[{"embeddable":true,"href":"https:\/\/itacives.it\/index.php?rest_route=\/wp\/v2\/pages\/2801"}],"wp:attachment":[{"href":"https:\/\/itacives.it\/index.php?rest_route=%2Fwp%2Fv2%2Fmedia&parent=2847"}],"curies":[{"name":"wp","href":"https:\/\/api.w.org\/{rel}","templated":true}]}}