{"id":2835,"date":"2024-03-26T13:01:06","date_gmt":"2024-03-26T12:01:06","guid":{"rendered":"https:\/\/itacives.it\/?page_id=2835"},"modified":"2024-03-26T13:27:42","modified_gmt":"2024-03-26T12:27:42","slug":"procedimiento-administrativo-nos-consulados","status":"publish","type":"page","link":"https:\/\/itacives.it\/?page_id=2835&lang=pt","title":{"rendered":"Procedimiento Administrativo nos Consulados"},"content":{"rendered":"\t\t<div data-elementor-type=\"wp-page\" data-elementor-id=\"2835\" class=\"elementor elementor-2835\">\n\t\t\t\t\t\t\t<div class=\"elementor-element elementor-element-bd4b709 e-flex e-con-boxed e-con e-parent\" data-id=\"bd4b709\" data-element_type=\"container\" data-settings=\"{&quot;background_background&quot;:&quot;classic&quot;,&quot;content_width&quot;:&quot;boxed&quot;}\" data-core-v316-plus=\"true\">\n\t\t\t\t\t<div class=\"e-con-inner\">\n\t\t<div class=\"elementor-element elementor-element-66e3958 e-con-full e-flex e-con e-child\" data-id=\"66e3958\" data-element_type=\"container\" data-settings=\"{&quot;content_width&quot;:&quot;full&quot;}\">\n\t\t\t\t<div class=\"elementor-element elementor-element-6179b97 elementor-widget elementor-widget-heading\" data-id=\"6179b97\" data-element_type=\"widget\" data-widget_type=\"heading.default\">\n\t\t\t\t<div class=\"elementor-widget-container\">\n\t\t\t<style>\/*! elementor - v3.18.0 - 20-12-2023 *\/\n.elementor-heading-title{padding:0;margin:0;line-height:1}.elementor-widget-heading .elementor-heading-title[class*=elementor-size-]>a{color:inherit;font-size:inherit;line-height:inherit}.elementor-widget-heading .elementor-heading-title.elementor-size-small{font-size:15px}.elementor-widget-heading .elementor-heading-title.elementor-size-medium{font-size:19px}.elementor-widget-heading .elementor-heading-title.elementor-size-large{font-size:29px}.elementor-widget-heading .elementor-heading-title.elementor-size-xl{font-size:39px}.elementor-widget-heading .elementor-heading-title.elementor-size-xxl{font-size:59px}<\/style><h1 class=\"elementor-heading-title elementor-size-default\">Procedimiento Administrativo nos Consulados<\/h1>\t\t<\/div>\n\t\t\t\t<\/div>\n\t\t\t\t<\/div>\n\t\t\t\t\t<\/div>\n\t\t\t\t<\/div>\n\t\t<div class=\"elementor-element elementor-element-0e7cc72 e-flex e-con-boxed e-con e-parent\" data-id=\"0e7cc72\" data-element_type=\"container\" data-settings=\"{&quot;background_background&quot;:&quot;classic&quot;,&quot;content_width&quot;:&quot;boxed&quot;}\" data-core-v316-plus=\"true\">\n\t\t\t\t\t<div class=\"e-con-inner\">\n\t\t<div class=\"elementor-element elementor-element-5d548f9 e-con-full e-flex e-con e-child\" data-id=\"5d548f9\" data-element_type=\"container\" data-settings=\"{&quot;content_width&quot;:&quot;full&quot;}\">\n\t\t<div class=\"elementor-element elementor-element-bcdd19d e-con-full e-flex e-con e-child\" data-id=\"bcdd19d\" data-element_type=\"container\" data-settings=\"{&quot;content_width&quot;:&quot;full&quot;}\">\n\t\t<div class=\"elementor-element elementor-element-f64cca2 e-con-full e-flex e-con e-child\" data-id=\"f64cca2\" data-element_type=\"container\" data-settings=\"{&quot;content_width&quot;:&quot;full&quot;}\">\n\t\t\t\t<div class=\"elementor-element elementor-element-e57cb7f elementor-widget elementor-widget-image\" data-id=\"e57cb7f\" data-element_type=\"widget\" data-widget_type=\"image.default\">\n\t\t\t\t<div class=\"elementor-widget-container\">\n\t\t\t<style>\/*! elementor - v3.18.0 - 20-12-2023 *\/\n.elementor-widget-image{text-align:center}.elementor-widget-image a{display:inline-block}.elementor-widget-image a img[src$=\".svg\"]{width:48px}.elementor-widget-image img{vertical-align:middle;display:inline-block}<\/style>\t\t\t\t\t\t\t\t\t\t\t\t<img decoding=\"async\" width=\"84\" height=\"84\" src=\"https:\/\/itacives.it\/wp-content\/uploads\/2024\/01\/PRATICHE-CONSOLATO.png\" class=\"attachment-large size-large wp-image-2099\" alt=\"\" \/>\t\t\t\t\t\t\t\t\t\t\t\t\t\t\t<\/div>\n\t\t\t\t<\/div>\n\t\t\t\t<div class=\"elementor-element elementor-element-b459107 elementor-widget elementor-widget-image\" data-id=\"b459107\" data-element_type=\"widget\" data-widget_type=\"image.default\">\n\t\t\t\t<div class=\"elementor-widget-container\">\n\t\t\t\t\t\t\t\t\t\t\t\t\t\t\t<img fetchpriority=\"high\" decoding=\"async\" width=\"600\" height=\"441\" src=\"https:\/\/itacives.it\/wp-content\/uploads\/2024\/01\/bandiere-italia-ue-consolato.webp\" class=\"attachment-large size-large wp-image-1820\" alt=\"\" srcset=\"https:\/\/itacives.it\/wp-content\/uploads\/2024\/01\/bandiere-italia-ue-consolato.webp 600w, https:\/\/itacives.it\/wp-content\/uploads\/2024\/01\/bandiere-italia-ue-consolato-300x221.webp 300w\" sizes=\"(max-width: 600px) 100vw, 600px\" \/>\t\t\t\t\t\t\t\t\t\t\t\t\t\t\t<\/div>\n\t\t\t\t<\/div>\n\t\t\t\t<\/div>\n\t\t<div class=\"elementor-element elementor-element-e3cf305 e-con-full e-flex e-con e-child\" data-id=\"e3cf305\" data-element_type=\"container\" data-settings=\"{&quot;content_width&quot;:&quot;full&quot;}\">\n\t\t\t\t<div class=\"elementor-element elementor-element-c882e62 elementor-widget elementor-widget-text-editor\" data-id=\"c882e62\" data-element_type=\"widget\" data-widget_type=\"text-editor.default\">\n\t\t\t\t<div class=\"elementor-widget-container\">\n\t\t\t<style>\/*! elementor - v3.18.0 - 20-12-2023 *\/\n.elementor-widget-text-editor.elementor-drop-cap-view-stacked .elementor-drop-cap{background-color:#69727d;color:#fff}.elementor-widget-text-editor.elementor-drop-cap-view-framed .elementor-drop-cap{color:#69727d;border:3px solid;background-color:transparent}.elementor-widget-text-editor:not(.elementor-drop-cap-view-default) .elementor-drop-cap{margin-top:8px}.elementor-widget-text-editor:not(.elementor-drop-cap-view-default) .elementor-drop-cap-letter{width:1em;height:1em}.elementor-widget-text-editor .elementor-drop-cap{float:left;text-align:center;line-height:1;font-size:50px}.elementor-widget-text-editor .elementor-drop-cap-letter{display:inline-block}<\/style>\t\t\t\t<p>Este \u00e9 o procedimento ordin\u00e1rio para o reconhecimento da cidadania italiana apenas aos descendentes da linha paterna.<\/p>\t\t\t\t\t\t<\/div>\n\t\t\t\t<\/div>\n\t\t\t\t<div class=\"elementor-element elementor-element-ee81c38 elementor-widget elementor-widget-text-editor\" data-id=\"ee81c38\" data-element_type=\"widget\" data-widget_type=\"text-editor.default\">\n\t\t\t\t<div class=\"elementor-widget-container\">\n\t\t\t\t\t\t\t<p>A autoridade competente para decidir sobre o direito do interessado ao reconhecimento da l\u00edngua italiana \u00e9 a cidadania <em>iure sanguinis<\/em> varia de acordo com sua resid\u00eancia. Se o requerente n\u00e3o residir em It\u00e1lia, o consulado italiano de refer\u00eancia ser\u00e1 competente com base na sua resid\u00eancia. Se, por outro lado, residir na It\u00e1lia, a autoridade competente que avaliar\u00e1 o pedido ser\u00e1 o <a href=\"https:\/\/itacives.it\/?page_id=2831&amp;lang=pt\">prefeito do munic\u00edpio italiano de resid\u00eancia<\/a>.<\/p><p>Importante ressaltar o pr\u00e9-requisito e condi\u00e7\u00e3o absolutamente indispens\u00e1vel para iniciar o procedimento de reconhecimento da cidadania italiana: a posse de toda a <a href=\"https:\/\/itacives.it\/?page_id=2816&amp;lang=pt\">documenta\u00e7\u00e3o<\/a> pelo interessado que dever\u00e3o ser traduzidos e, se necess\u00e1rio, legalizados ou apostilados, comprovando a descend\u00eancia direta do ancestral italiano que emigrou para o exterior.\u00a0<\/p><p>No que diz respeito ao reconhecimento da cidadania italiana, \u00e9 mais correto falar do reconhecimento da \u201cposse ininterrupta da cidadania italiana\u201d que, como muitas vezes se ouve, da \u201caquisi\u00e7\u00e3o da cidadania\u201d, uma vez que o procedimento visa a apura\u00e7\u00e3o da posse da cidadania desde o nascimento, desde que tenha sido transmitida por linha ascendente direta. O procedimento garantir\u00e1 e declarar\u00e1, portanto, que o requerente \u00e9, e sempre foi, um cidad\u00e3o italiano. Neste sentido, \u00e9 fundamental que nenhum dos ascendentes tenha renunciado \u00e0 cidadania italiana porque esta condi\u00e7\u00e3o interromperia a transmiss\u00e3o por parte do requerente.<\/p><p>O procedimento nos Consulados difere ligeiramente para cada requerente; na verdade, parece que algumas pessoas, j\u00e1 na data do dep\u00f3sito do pedido, marcaram a nomea\u00e7\u00e3o, convoca\u00e7\u00e3o, para outras, na grande maioria dos casos, a nomea\u00e7\u00e3o s\u00f3 \u00e9 recebida mais tarde. Muitas vezes, infelizmente, decorrem v\u00e1rios anos antes da convoca\u00e7\u00e3o, devido aos longos atrasos nos Consulados. Por isso, convidamos voc\u00ea a visitar o site na Se\u00e7\u00e3o de <a href=\"https:\/\/itacives.it\/?page_id=2852&amp;lang=pt\">atraso do consulado<\/a>.<\/p><p>Em caso de resultado positivo nos Consulados, o despacho de deferimento do pedido permitir\u00e1 o registro no AIRE (Minist\u00e9rio das Rela\u00e7\u00f5es Exteriores) e o posterior procedimento visando a emiss\u00e3o de um Passaporte. Tal como previsto, no entanto, a representa\u00e7\u00e3o consular continua a reconhecer a possibilidade de obter a cidadania italiana administrativamente apenas em favor dos descendentes da linha paterna, concedendo-lhes\u00a0 a possibilidade de apresentar pedidos em seus escrit\u00f3rios. Na verdade, o processo administrativo n\u00e3o \u00e9 permitido para descendentes da linha materna. Portanto, a \u00fanica possibilidade deste \u00faltimo obter a cidadania italiana, conforme indicado pelo \u00f3rg\u00e3o consular pr\u00f3prios escrit\u00f3rios, \u00e9 realizar o <a href=\"https:\/\/itacives.it\/?page_id=2847&amp;lang=pt\">procedimento de forma judicial<\/a>.<\/p>\t\t\t\t\t\t<\/div>\n\t\t\t\t<\/div>\n\t\t\t\t<\/div>\n\t\t\t\t<\/div>\n\t\t\t\t<\/div>\n\t\t\t\t\t<\/div>\n\t\t\t\t<\/div>\n\t\t\t\t\t\t\t<\/div>\n\t\t","protected":false},"excerpt":{"rendered":"<p>Procedimiento Administrativo nos Consulados Este \u00e9 o procedimento ordin\u00e1rio para o reconhecimento da cidadania italiana apenas aos descendentes da linha paterna. A autoridade competente para decidir sobre o direito do interessado ao reconhecimento da l\u00edngua italiana \u00e9 a cidadania iure sanguinis varia de acordo com sua resid\u00eancia. Se o requerente n\u00e3o residir em It\u00e1lia, o &hellip;<\/p>\n<p class=\"read-more\"> <a class=\"\" href=\"https:\/\/itacives.it\/?page_id=2835&#038;lang=pt\"> <span class=\"screen-reader-text\">Procedimiento Administrativo nos Consulados<\/span> Read More &raquo;<\/a><\/p>\n","protected":false},"author":2,"featured_media":0,"parent":2801,"menu_order":0,"comment_status":"closed","ping_status":"closed","template":"","meta":{"site-sidebar-layout":"no-sidebar","site-content-layout":"page-builder","ast-site-content-layout":"full-width-container","site-content-style":"unboxed","site-sidebar-style":"unboxed","ast-global-header-display":"","ast-banner-title-visibility":"","ast-main-header-display":"","ast-hfb-above-header-display":"","ast-hfb-below-header-display":"","ast-hfb-mobile-header-display":"","site-post-title":"disabled","ast-breadcrumbs-content":"disabled","ast-featured-img":"disabled","footer-sml-layout":"","theme-transparent-header-meta":"enabled","adv-header-id-meta":"","stick-header-meta":"","header-above-stick-meta":"","header-main-stick-meta":"","header-below-stick-meta":"","astra-migrate-meta-layouts":"set","ast-page-background-enabled":"default","ast-page-background-meta":{"desktop":{"background-color":"","background-image":"","background-repeat":"repeat","background-position":"center center","background-size":"auto","background-attachment":"scroll","background-type":"","background-media":"","overlay-type":"","overlay-color":"","overlay-gradient":""},"tablet":{"background-color":"","background-image":"","background-repeat":"repeat","background-position":"center center","background-size":"auto","background-attachment":"scroll","background-type":"","background-media":"","overlay-type":"","overlay-color":"","overlay-gradient":""},"mobile":{"background-color":"","background-image":"","background-repeat":"repeat","background-position":"center center","background-size":"auto","background-attachment":"scroll","background-type":"","background-media":"","overlay-type":"","overlay-color":"","overlay-gradient":""}},"ast-content-background-meta":{"desktop":{"background-color":"var(--ast-global-color-5)","background-image":"","background-repeat":"repeat","background-position":"center center","background-size":"auto","background-attachment":"scroll","background-type":"","background-media":"","overlay-type":"","overlay-color":"","overlay-gradient":""},"tablet":{"background-color":"var(--ast-global-color-5)","background-image":"","background-repeat":"repeat","background-position":"center center","background-size":"auto","background-attachment":"scroll","background-type":"","background-media":"","overlay-type":"","overlay-color":"","overlay-gradient":""},"mobile":{"background-color":"var(--ast-global-color-5)","background-image":"","background-repeat":"repeat","background-position":"center center","background-size":"auto","background-attachment":"scroll","background-type":"","background-media":"","overlay-type":"","overlay-color":"","overlay-gradient":""}},"footnotes":"","_joinchat":[]},"yoast_head":"<!-- This site is optimized with the Yoast SEO plugin v22.3 - https:\/\/yoast.com\/wordpress\/plugins\/seo\/ -->\n<title>Procedimiento Administrativo nos Consulados - Ita Cives<\/title>\n<meta name=\"robots\" content=\"index, follow, max-snippet:-1, max-image-preview:large, max-video-preview:-1\" \/>\n<link rel=\"canonical\" href=\"https:\/\/itacives.it\/?page_id=2835&lang=pt\" \/>\n<meta property=\"og:locale\" content=\"en_US\" \/>\n<meta property=\"og:type\" content=\"article\" \/>\n<meta property=\"og:title\" content=\"Procedimiento Administrativo nos Consulados - Ita Cives\" \/>\n<meta property=\"og:description\" content=\"Procedimiento Administrativo nos Consulados Este \u00e9 o procedimento ordin\u00e1rio para o reconhecimento da cidadania italiana apenas aos descendentes da linha paterna. A autoridade competente para decidir sobre o direito do interessado ao reconhecimento da l\u00edngua italiana \u00e9 a cidadania iure sanguinis varia de acordo com sua resid\u00eancia. Se o requerente n\u00e3o residir em It\u00e1lia, o &hellip; Procedimiento Administrativo nos Consulados Read More &raquo;\" \/>\n<meta property=\"og:url\" content=\"https:\/\/itacives.it\/?page_id=2835&amp;lang=pt\" \/>\n<meta property=\"og:site_name\" content=\"Ita Cives\" \/>\n<meta property=\"article:modified_time\" content=\"2024-03-26T12:27:42+00:00\" \/>\n<meta property=\"og:image\" content=\"http:\/\/itacives.it\/wp-content\/uploads\/2024\/01\/PRATICHE-CONSOLATO.png\" \/>\n<meta name=\"twitter:card\" content=\"summary_large_image\" \/>\n<meta name=\"twitter:label1\" content=\"Est. reading time\" \/>\n\t<meta name=\"twitter:data1\" content=\"2 minutes\" \/>\n<script type=\"application\/ld+json\" class=\"yoast-schema-graph\">{\"@context\":\"https:\/\/schema.org\",\"@graph\":[{\"@type\":\"WebPage\",\"@id\":\"https:\/\/itacives.it\/?page_id=2835&lang=pt\",\"url\":\"https:\/\/itacives.it\/?page_id=2835&lang=pt\",\"name\":\"Procedimiento Administrativo nos Consulados - Ita Cives\",\"isPartOf\":{\"@id\":\"https:\/\/itacives.it\/#website\"},\"primaryImageOfPage\":{\"@id\":\"https:\/\/itacives.it\/?page_id=2835&lang=pt#primaryimage\"},\"image\":{\"@id\":\"https:\/\/itacives.it\/?page_id=2835&lang=pt#primaryimage\"},\"thumbnailUrl\":\"http:\/\/itacives.it\/wp-content\/uploads\/2024\/01\/PRATICHE-CONSOLATO.png\",\"datePublished\":\"2024-03-26T12:01:06+00:00\",\"dateModified\":\"2024-03-26T12:27:42+00:00\",\"breadcrumb\":{\"@id\":\"https:\/\/itacives.it\/?page_id=2835&lang=pt#breadcrumb\"},\"inLanguage\":\"en-US\",\"potentialAction\":[{\"@type\":\"ReadAction\",\"target\":[\"https:\/\/itacives.it\/?page_id=2835&lang=pt\"]}]},{\"@type\":\"ImageObject\",\"inLanguage\":\"en-US\",\"@id\":\"https:\/\/itacives.it\/?page_id=2835&lang=pt#primaryimage\",\"url\":\"https:\/\/itacives.it\/wp-content\/uploads\/2024\/01\/PRATICHE-CONSOLATO.png\",\"contentUrl\":\"https:\/\/itacives.it\/wp-content\/uploads\/2024\/01\/PRATICHE-CONSOLATO.png\",\"width\":84,\"height\":84},{\"@type\":\"BreadcrumbList\",\"@id\":\"https:\/\/itacives.it\/?page_id=2835&lang=pt#breadcrumb\",\"itemListElement\":[{\"@type\":\"ListItem\",\"position\":1,\"name\":\"Home\",\"item\":\"https:\/\/itacives.it\/\"},{\"@type\":\"ListItem\",\"position\":2,\"name\":\"\u00c1reas De Especializa\u00e7\u00e3o\",\"item\":\"https:\/\/itacives.it\/?page_id=2801&lang=pt\"},{\"@type\":\"ListItem\",\"position\":3,\"name\":\"Procedimiento Administrativo nos Consulados\"}]},{\"@type\":\"WebSite\",\"@id\":\"https:\/\/itacives.it\/#website\",\"url\":\"https:\/\/itacives.it\/\",\"name\":\"Ita Cives\",\"description\":\"Cittadinanza Italiana Iure Sanguinis\",\"publisher\":{\"@id\":\"https:\/\/itacives.it\/#organization\"},\"potentialAction\":[{\"@type\":\"SearchAction\",\"target\":{\"@type\":\"EntryPoint\",\"urlTemplate\":\"https:\/\/itacives.it\/?s={search_term_string}\"},\"query-input\":\"required name=search_term_string\"}],\"inLanguage\":\"en-US\"},{\"@type\":\"Organization\",\"@id\":\"https:\/\/itacives.it\/#organization\",\"name\":\"Ita Cives\",\"url\":\"https:\/\/itacives.it\/\",\"logo\":{\"@type\":\"ImageObject\",\"inLanguage\":\"en-US\",\"@id\":\"https:\/\/itacives.it\/#\/schema\/logo\/image\/\",\"url\":\"https:\/\/itacives.it\/wp-content\/uploads\/2024\/01\/cropped-ita-cives-variazione-colore-1.png\",\"contentUrl\":\"https:\/\/itacives.it\/wp-content\/uploads\/2024\/01\/cropped-ita-cives-variazione-colore-1.png\",\"width\":1168,\"height\":282,\"caption\":\"Ita Cives\"},\"image\":{\"@id\":\"https:\/\/itacives.it\/#\/schema\/logo\/image\/\"}}]}<\/script>\n<!-- \/ Yoast SEO plugin. -->","yoast_head_json":{"title":"Procedimiento Administrativo nos Consulados - Ita Cives","robots":{"index":"index","follow":"follow","max-snippet":"max-snippet:-1","max-image-preview":"max-image-preview:large","max-video-preview":"max-video-preview:-1"},"canonical":"https:\/\/itacives.it\/?page_id=2835&lang=pt","og_locale":"en_US","og_type":"article","og_title":"Procedimiento Administrativo nos Consulados - Ita Cives","og_description":"Procedimiento Administrativo nos Consulados Este \u00e9 o procedimento ordin\u00e1rio para o reconhecimento da cidadania italiana apenas aos descendentes da linha paterna. A autoridade competente para decidir sobre o direito do interessado ao reconhecimento da l\u00edngua italiana \u00e9 a cidadania iure sanguinis varia de acordo com sua resid\u00eancia. Se o requerente n\u00e3o residir em It\u00e1lia, o &hellip; Procedimiento Administrativo nos Consulados Read More &raquo;","og_url":"https:\/\/itacives.it\/?page_id=2835&lang=pt","og_site_name":"Ita Cives","article_modified_time":"2024-03-26T12:27:42+00:00","og_image":[{"url":"http:\/\/itacives.it\/wp-content\/uploads\/2024\/01\/PRATICHE-CONSOLATO.png"}],"twitter_card":"summary_large_image","twitter_misc":{"Est. reading time":"2 minutes"},"schema":{"@context":"https:\/\/schema.org","@graph":[{"@type":"WebPage","@id":"https:\/\/itacives.it\/?page_id=2835&lang=pt","url":"https:\/\/itacives.it\/?page_id=2835&lang=pt","name":"Procedimiento Administrativo nos Consulados - Ita Cives","isPartOf":{"@id":"https:\/\/itacives.it\/#website"},"primaryImageOfPage":{"@id":"https:\/\/itacives.it\/?page_id=2835&lang=pt#primaryimage"},"image":{"@id":"https:\/\/itacives.it\/?page_id=2835&lang=pt#primaryimage"},"thumbnailUrl":"http:\/\/itacives.it\/wp-content\/uploads\/2024\/01\/PRATICHE-CONSOLATO.png","datePublished":"2024-03-26T12:01:06+00:00","dateModified":"2024-03-26T12:27:42+00:00","breadcrumb":{"@id":"https:\/\/itacives.it\/?page_id=2835&lang=pt#breadcrumb"},"inLanguage":"en-US","potentialAction":[{"@type":"ReadAction","target":["https:\/\/itacives.it\/?page_id=2835&lang=pt"]}]},{"@type":"ImageObject","inLanguage":"en-US","@id":"https:\/\/itacives.it\/?page_id=2835&lang=pt#primaryimage","url":"https:\/\/itacives.it\/wp-content\/uploads\/2024\/01\/PRATICHE-CONSOLATO.png","contentUrl":"https:\/\/itacives.it\/wp-content\/uploads\/2024\/01\/PRATICHE-CONSOLATO.png","width":84,"height":84},{"@type":"BreadcrumbList","@id":"https:\/\/itacives.it\/?page_id=2835&lang=pt#breadcrumb","itemListElement":[{"@type":"ListItem","position":1,"name":"Home","item":"https:\/\/itacives.it\/"},{"@type":"ListItem","position":2,"name":"\u00c1reas De Especializa\u00e7\u00e3o","item":"https:\/\/itacives.it\/?page_id=2801&lang=pt"},{"@type":"ListItem","position":3,"name":"Procedimiento Administrativo nos Consulados"}]},{"@type":"WebSite","@id":"https:\/\/itacives.it\/#website","url":"https:\/\/itacives.it\/","name":"Ita Cives","description":"Cittadinanza Italiana Iure Sanguinis","publisher":{"@id":"https:\/\/itacives.it\/#organization"},"potentialAction":[{"@type":"SearchAction","target":{"@type":"EntryPoint","urlTemplate":"https:\/\/itacives.it\/?s={search_term_string}"},"query-input":"required name=search_term_string"}],"inLanguage":"en-US"},{"@type":"Organization","@id":"https:\/\/itacives.it\/#organization","name":"Ita Cives","url":"https:\/\/itacives.it\/","logo":{"@type":"ImageObject","inLanguage":"en-US","@id":"https:\/\/itacives.it\/#\/schema\/logo\/image\/","url":"https:\/\/itacives.it\/wp-content\/uploads\/2024\/01\/cropped-ita-cives-variazione-colore-1.png","contentUrl":"https:\/\/itacives.it\/wp-content\/uploads\/2024\/01\/cropped-ita-cives-variazione-colore-1.png","width":1168,"height":282,"caption":"Ita Cives"},"image":{"@id":"https:\/\/itacives.it\/#\/schema\/logo\/image\/"}}]}},"_links":{"self":[{"href":"https:\/\/itacives.it\/index.php?rest_route=\/wp\/v2\/pages\/2835"}],"collection":[{"href":"https:\/\/itacives.it\/index.php?rest_route=\/wp\/v2\/pages"}],"about":[{"href":"https:\/\/itacives.it\/index.php?rest_route=\/wp\/v2\/types\/page"}],"author":[{"embeddable":true,"href":"https:\/\/itacives.it\/index.php?rest_route=\/wp\/v2\/users\/2"}],"replies":[{"embeddable":true,"href":"https:\/\/itacives.it\/index.php?rest_route=%2Fwp%2Fv2%2Fcomments&post=2835"}],"version-history":[{"count":7,"href":"https:\/\/itacives.it\/index.php?rest_route=\/wp\/v2\/pages\/2835\/revisions"}],"predecessor-version":[{"id":2867,"href":"https:\/\/itacives.it\/index.php?rest_route=\/wp\/v2\/pages\/2835\/revisions\/2867"}],"up":[{"embeddable":true,"href":"https:\/\/itacives.it\/index.php?rest_route=\/wp\/v2\/pages\/2801"}],"wp:attachment":[{"href":"https:\/\/itacives.it\/index.php?rest_route=%2Fwp%2Fv2%2Fmedia&parent=2835"}],"curies":[{"name":"wp","href":"https:\/\/api.w.org\/{rel}","templated":true}]}}