{"id":2831,"date":"2024-03-26T12:58:50","date_gmt":"2024-03-26T11:58:50","guid":{"rendered":"https:\/\/itacives.it\/?page_id=2831"},"modified":"2024-03-26T12:59:57","modified_gmt":"2024-03-26T11:59:57","slug":"aplicacao-na-prefeitura-de-residencia","status":"publish","type":"page","link":"https:\/\/itacives.it\/?page_id=2831&lang=pt","title":{"rendered":"Aplica\u00e7\u00e3o na Prefeitura de Resid\u0113ncia"},"content":{"rendered":"\t\t<div data-elementor-type=\"wp-page\" data-elementor-id=\"2831\" class=\"elementor elementor-2831\">\n\t\t\t\t\t\t\t<div class=\"elementor-element elementor-element-bd4b709 e-flex e-con-boxed e-con e-parent\" data-id=\"bd4b709\" data-element_type=\"container\" data-settings=\"{&quot;background_background&quot;:&quot;classic&quot;,&quot;content_width&quot;:&quot;boxed&quot;}\" data-core-v316-plus=\"true\">\n\t\t\t\t\t<div class=\"e-con-inner\">\n\t\t<div class=\"elementor-element elementor-element-66e3958 e-con-full e-flex e-con e-child\" data-id=\"66e3958\" data-element_type=\"container\" data-settings=\"{&quot;content_width&quot;:&quot;full&quot;}\">\n\t\t\t\t<div class=\"elementor-element elementor-element-6179b97 elementor-widget elementor-widget-heading\" data-id=\"6179b97\" data-element_type=\"widget\" data-widget_type=\"heading.default\">\n\t\t\t\t<div class=\"elementor-widget-container\">\n\t\t\t<style>\/*! elementor - v3.18.0 - 20-12-2023 *\/\n.elementor-heading-title{padding:0;margin:0;line-height:1}.elementor-widget-heading .elementor-heading-title[class*=elementor-size-]>a{color:inherit;font-size:inherit;line-height:inherit}.elementor-widget-heading .elementor-heading-title.elementor-size-small{font-size:15px}.elementor-widget-heading .elementor-heading-title.elementor-size-medium{font-size:19px}.elementor-widget-heading .elementor-heading-title.elementor-size-large{font-size:29px}.elementor-widget-heading .elementor-heading-title.elementor-size-xl{font-size:39px}.elementor-widget-heading .elementor-heading-title.elementor-size-xxl{font-size:59px}<\/style><h1 class=\"elementor-heading-title elementor-size-default\">Aplica\u00e7\u00e3o na Prefeitura de Resid\u0113ncia<\/h1>\t\t<\/div>\n\t\t\t\t<\/div>\n\t\t\t\t<\/div>\n\t\t\t\t\t<\/div>\n\t\t\t\t<\/div>\n\t\t<div class=\"elementor-element elementor-element-0e7cc72 e-flex e-con-boxed e-con e-parent\" data-id=\"0e7cc72\" data-element_type=\"container\" data-settings=\"{&quot;background_background&quot;:&quot;classic&quot;,&quot;content_width&quot;:&quot;boxed&quot;}\" data-core-v316-plus=\"true\">\n\t\t\t\t\t<div class=\"e-con-inner\">\n\t\t<div class=\"elementor-element elementor-element-5d548f9 e-con-full e-flex e-con e-child\" data-id=\"5d548f9\" data-element_type=\"container\" data-settings=\"{&quot;content_width&quot;:&quot;full&quot;}\">\n\t\t<div class=\"elementor-element elementor-element-bcdd19d e-con-full e-flex e-con e-child\" data-id=\"bcdd19d\" data-element_type=\"container\" data-settings=\"{&quot;content_width&quot;:&quot;full&quot;}\">\n\t\t<div class=\"elementor-element elementor-element-f64cca2 e-con-full e-flex e-con e-child\" data-id=\"f64cca2\" data-element_type=\"container\" data-settings=\"{&quot;content_width&quot;:&quot;full&quot;}\">\n\t\t\t\t<div class=\"elementor-element elementor-element-48420cb elementor-widget elementor-widget-image\" data-id=\"48420cb\" data-element_type=\"widget\" data-widget_type=\"image.default\">\n\t\t\t\t<div class=\"elementor-widget-container\">\n\t\t\t<style>\/*! elementor - v3.18.0 - 20-12-2023 *\/\n.elementor-widget-image{text-align:center}.elementor-widget-image a{display:inline-block}.elementor-widget-image a img[src$=\".svg\"]{width:48px}.elementor-widget-image img{vertical-align:middle;display:inline-block}<\/style>\t\t\t\t\t\t\t\t\t\t\t\t<img decoding=\"async\" width=\"84\" height=\"84\" src=\"https:\/\/itacives.it\/wp-content\/uploads\/2024\/01\/PRATICHE-COMUNE.png\" class=\"attachment-full size-full wp-image-2100\" alt=\"\" \/>\t\t\t\t\t\t\t\t\t\t\t\t\t\t\t<\/div>\n\t\t\t\t<\/div>\n\t\t\t\t<div class=\"elementor-element elementor-element-dc1717d elementor-widget elementor-widget-image\" data-id=\"dc1717d\" data-element_type=\"widget\" data-widget_type=\"image.default\">\n\t\t\t\t<div class=\"elementor-widget-container\">\n\t\t\t\t\t\t\t\t\t\t\t\t\t\t\t<img fetchpriority=\"high\" decoding=\"async\" width=\"1024\" height=\"643\" src=\"https:\/\/itacives.it\/wp-content\/uploads\/2024\/01\/banner_comune3-e1704200194863.jpg\" class=\"attachment-full size-full wp-image-1821\" alt=\"\" srcset=\"https:\/\/itacives.it\/wp-content\/uploads\/2024\/01\/banner_comune3-e1704200194863.jpg 1024w, https:\/\/itacives.it\/wp-content\/uploads\/2024\/01\/banner_comune3-e1704200194863-300x188.jpg 300w, https:\/\/itacives.it\/wp-content\/uploads\/2024\/01\/banner_comune3-e1704200194863-768x482.jpg 768w\" sizes=\"(max-width: 1024px) 100vw, 1024px\" \/>\t\t\t\t\t\t\t\t\t\t\t\t\t\t\t<\/div>\n\t\t\t\t<\/div>\n\t\t\t\t<\/div>\n\t\t<div class=\"elementor-element elementor-element-e3cf305 e-con-full e-flex e-con e-child\" data-id=\"e3cf305\" data-element_type=\"container\" data-settings=\"{&quot;content_width&quot;:&quot;full&quot;}\">\n\t\t\t\t<div class=\"elementor-element elementor-element-c882e62 elementor-widget elementor-widget-text-editor\" data-id=\"c882e62\" data-element_type=\"widget\" data-widget_type=\"text-editor.default\">\n\t\t\t\t<div class=\"elementor-widget-container\">\n\t\t\t<style>\/*! elementor - v3.18.0 - 20-12-2023 *\/\n.elementor-widget-text-editor.elementor-drop-cap-view-stacked .elementor-drop-cap{background-color:#69727d;color:#fff}.elementor-widget-text-editor.elementor-drop-cap-view-framed .elementor-drop-cap{color:#69727d;border:3px solid;background-color:transparent}.elementor-widget-text-editor:not(.elementor-drop-cap-view-default) .elementor-drop-cap{margin-top:8px}.elementor-widget-text-editor:not(.elementor-drop-cap-view-default) .elementor-drop-cap-letter{width:1em;height:1em}.elementor-widget-text-editor .elementor-drop-cap{float:left;text-align:center;line-height:1;font-size:50px}.elementor-widget-text-editor .elementor-drop-cap-letter{display:inline-block}<\/style>\t\t\t\t<p>Como se sabe, caso o interessado resida na It\u00e1lia, existe a possibilidade de estabelecer o<\/p><p>procedimento para o reconhecimento da posse da cidadania italiana <em>iure sanguinis<\/em> no Munic\u00edpio de resid\u00eancia com requerimento especial dirigido ao Prefeito. <\/p>\t\t\t\t\t\t<\/div>\n\t\t\t\t<\/div>\n\t\t\t\t<div class=\"elementor-element elementor-element-ee81c38 elementor-widget elementor-widget-text-editor\" data-id=\"ee81c38\" data-element_type=\"widget\" data-widget_type=\"text-editor.default\">\n\t\t\t\t<div class=\"elementor-widget-container\">\n\t\t\t\t\t\t\t<p>Obviamente, mesmo neste caso, o requerente deve primeiro estar na posse de toda sua documenta\u00e7\u00e3o comprovativa de descend\u00eancia de antepassados italianos que, anexada \u00e0 peti\u00e7\u00e3o, ser\u00e1 submetida \u00e0 avalia\u00e7\u00e3o do oficial de registro civil do munic\u00edpio de resid\u00eancia. A apresenta\u00e7\u00e3o do pedido junto \u00e0 prefeitura representa, portanto, o in\u00edcio do procedimento, que ser\u00e1 seguido de uma fase de inqu\u00e9rito e depois conclu\u00edda com a emiss\u00e3o de uma medida final.<\/p><p>O prazo para a conclus\u00e3o do procedimento, de acordo com o princ\u00edpio geral do artigo 2\u00ba, n\u00ba 4 da Lei 241\/1990, para procedimentos particularmente complexos, \u00e9 identificado como 180 dias.<\/p><p>\u00a0<\/p><p>Portanto, termos superiores, definidos por alguns munic\u00edpios atrav\u00e9s de regulamenta\u00e7\u00e3o especial, n\u00e3o s\u00e3o considerados justificados por qualquer regra. Se, devido a problemas emergentes da an\u00e1lise da documenta\u00e7\u00e3o (por exemplo, inconsist\u00eancias ou erros em nomes, sobrenomes, locais e datas de nascimento dos antepassados) n\u00e3o \u00e9 poss\u00edvel reconstruir a linhagem com absoluta certeza, o registrador emitir\u00e1 medida suspendendo o processo ou uma notifica\u00e7\u00e3o de rejei\u00e7\u00e3o nos termos do art. 10-bis L. 241\/1990. A expira\u00e7\u00e3o infrut\u00edfera do prazo de dez dias para as observa\u00e7\u00f5es ou acr\u00e9scimos relevantes resultar\u00e1 na rejei\u00e7\u00e3o do aplicativo. Destino semelhante caso as complexidades n\u00e3o sejam consideradas resolvidas mesmo ap\u00f3s a esclarecimentos prestados. Por \u00faltimo, ressalta-se que o indeferimento de um pedido n\u00e3o impede a apresenta\u00e7\u00e3o de um subsequente, uma vez que a posse da documenta\u00e7\u00e3o que orienta a quest\u00e3o referida na primeira rejei\u00e7\u00e3o pode ser corrigida e um novo pedido ser feito. A este respeito, recomenda-se prestar muita aten\u00e7\u00e3o, pois existe uma pr\u00e1tica comum em parte de alguns munic\u00edpios: n\u00e3o devolverem os documentos originais anexados ao requerimento, independentemente do resultado do processo, conservando-os em seus arquivos por motivos relacionados ao procedimento de protocolo dos documentos.<\/p><p>Em contrapartida, observados todos os requisitos legais, o processo se concluir\u00e1 atrav\u00e9s da<\/p><p>aceita\u00e7\u00e3o do pedido com uma medida que reconhece o requerente (e quaisquer filhos menores) como cidad\u00e3o italiano desde o nascimento, proporcionando transcri\u00e7\u00f5es e demais comunica\u00e7\u00f5es<\/p>\t\t\t\t\t\t<\/div>\n\t\t\t\t<\/div>\n\t\t\t\t<\/div>\n\t\t\t\t<\/div>\n\t\t\t\t<\/div>\n\t\t\t\t\t<\/div>\n\t\t\t\t<\/div>\n\t\t\t\t\t\t\t<\/div>\n\t\t","protected":false},"excerpt":{"rendered":"<p>Aplica\u00e7\u00e3o na Prefeitura de Resid\u0113ncia Como se sabe, caso o interessado resida na It\u00e1lia, existe a possibilidade de estabelecer o procedimento para o reconhecimento da posse da cidadania italiana iure sanguinis no Munic\u00edpio de resid\u00eancia com requerimento especial dirigido ao Prefeito. Obviamente, mesmo neste caso, o requerente deve primeiro estar na posse de toda sua &hellip;<\/p>\n<p class=\"read-more\"> <a class=\"\" href=\"https:\/\/itacives.it\/?page_id=2831&#038;lang=pt\"> <span class=\"screen-reader-text\">Aplica\u00e7\u00e3o na Prefeitura de Resid\u0113ncia<\/span> Read More &raquo;<\/a><\/p>\n","protected":false},"author":2,"featured_media":0,"parent":2801,"menu_order":0,"comment_status":"closed","ping_status":"closed","template":"","meta":{"site-sidebar-layout":"no-sidebar","site-content-layout":"page-builder","ast-site-content-layout":"","site-content-style":"default","site-sidebar-style":"default","ast-global-header-display":"","ast-banner-title-visibility":"","ast-main-header-display":"","ast-hfb-above-header-display":"","ast-hfb-below-header-display":"","ast-hfb-mobile-header-display":"","site-post-title":"disabled","ast-breadcrumbs-content":"disabled","ast-featured-img":"disabled","footer-sml-layout":"","theme-transparent-header-meta":"enabled","adv-header-id-meta":"","stick-header-meta":"","header-above-stick-meta":"","header-main-stick-meta":"","header-below-stick-meta":"","astra-migrate-meta-layouts":"default","ast-page-background-enabled":"default","ast-page-background-meta":{"desktop":{"background-color":"","background-image":"","background-repeat":"repeat","background-position":"center center","background-size":"auto","background-attachment":"scroll","background-type":"","background-media":"","overlay-type":"","overlay-color":"","overlay-gradient":""},"tablet":{"background-color":"","background-image":"","background-repeat":"repeat","background-position":"center center","background-size":"auto","background-attachment":"scroll","background-type":"","background-media":"","overlay-type":"","overlay-color":"","overlay-gradient":""},"mobile":{"background-color":"","background-image":"","background-repeat":"repeat","background-position":"center center","background-size":"auto","background-attachment":"scroll","background-type":"","background-media":"","overlay-type":"","overlay-color":"","overlay-gradient":""}},"ast-content-background-meta":{"desktop":{"background-color":"var(--ast-global-color-5)","background-image":"","background-repeat":"repeat","background-position":"center center","background-size":"auto","background-attachment":"scroll","background-type":"","background-media":"","overlay-type":"","overlay-color":"","overlay-gradient":""},"tablet":{"background-color":"var(--ast-global-color-5)","background-image":"","background-repeat":"repeat","background-position":"center center","background-size":"auto","background-attachment":"scroll","background-type":"","background-media":"","overlay-type":"","overlay-color":"","overlay-gradient":""},"mobile":{"background-color":"var(--ast-global-color-5)","background-image":"","background-repeat":"repeat","background-position":"center center","background-size":"auto","background-attachment":"scroll","background-type":"","background-media":"","overlay-type":"","overlay-color":"","overlay-gradient":""}},"footnotes":"","_joinchat":[]},"yoast_head":"<!-- This site is optimized with the Yoast SEO plugin v22.3 - https:\/\/yoast.com\/wordpress\/plugins\/seo\/ -->\n<title>Aplica\u00e7\u00e3o na Prefeitura de Resid\u0113ncia - Ita Cives<\/title>\n<meta name=\"robots\" content=\"index, follow, max-snippet:-1, max-image-preview:large, max-video-preview:-1\" \/>\n<link rel=\"canonical\" href=\"https:\/\/itacives.it\/?page_id=2831&lang=pt\" \/>\n<meta property=\"og:locale\" content=\"en_US\" \/>\n<meta property=\"og:type\" content=\"article\" \/>\n<meta property=\"og:title\" content=\"Aplica\u00e7\u00e3o na Prefeitura de Resid\u0113ncia - Ita Cives\" \/>\n<meta property=\"og:description\" content=\"Aplica\u00e7\u00e3o na Prefeitura de Resid\u0113ncia Como se sabe, caso o interessado resida na It\u00e1lia, existe a possibilidade de estabelecer o procedimento para o reconhecimento da posse da cidadania italiana iure sanguinis no Munic\u00edpio de resid\u00eancia com requerimento especial dirigido ao Prefeito. Obviamente, mesmo neste caso, o requerente deve primeiro estar na posse de toda sua &hellip; Aplica\u00e7\u00e3o na Prefeitura de Resid\u0113ncia Read More &raquo;\" \/>\n<meta property=\"og:url\" content=\"https:\/\/itacives.it\/?page_id=2831&amp;lang=pt\" \/>\n<meta property=\"og:site_name\" content=\"Ita Cives\" \/>\n<meta property=\"article:modified_time\" content=\"2024-03-26T11:59:57+00:00\" \/>\n<meta property=\"og:image\" content=\"http:\/\/itacives.it\/wp-content\/uploads\/2024\/01\/PRATICHE-COMUNE.png\" \/>\n<meta name=\"twitter:card\" content=\"summary_large_image\" \/>\n<meta name=\"twitter:label1\" content=\"Est. reading time\" \/>\n\t<meta name=\"twitter:data1\" content=\"2 minutes\" \/>\n<script type=\"application\/ld+json\" class=\"yoast-schema-graph\">{\"@context\":\"https:\/\/schema.org\",\"@graph\":[{\"@type\":\"WebPage\",\"@id\":\"https:\/\/itacives.it\/?page_id=2831&lang=pt\",\"url\":\"https:\/\/itacives.it\/?page_id=2831&lang=pt\",\"name\":\"Aplica\u00e7\u00e3o na Prefeitura de Resid\u0113ncia - Ita Cives\",\"isPartOf\":{\"@id\":\"https:\/\/itacives.it\/#website\"},\"primaryImageOfPage\":{\"@id\":\"https:\/\/itacives.it\/?page_id=2831&lang=pt#primaryimage\"},\"image\":{\"@id\":\"https:\/\/itacives.it\/?page_id=2831&lang=pt#primaryimage\"},\"thumbnailUrl\":\"http:\/\/itacives.it\/wp-content\/uploads\/2024\/01\/PRATICHE-COMUNE.png\",\"datePublished\":\"2024-03-26T11:58:50+00:00\",\"dateModified\":\"2024-03-26T11:59:57+00:00\",\"breadcrumb\":{\"@id\":\"https:\/\/itacives.it\/?page_id=2831&lang=pt#breadcrumb\"},\"inLanguage\":\"en-US\",\"potentialAction\":[{\"@type\":\"ReadAction\",\"target\":[\"https:\/\/itacives.it\/?page_id=2831&lang=pt\"]}]},{\"@type\":\"ImageObject\",\"inLanguage\":\"en-US\",\"@id\":\"https:\/\/itacives.it\/?page_id=2831&lang=pt#primaryimage\",\"url\":\"https:\/\/itacives.it\/wp-content\/uploads\/2024\/01\/PRATICHE-COMUNE.png\",\"contentUrl\":\"https:\/\/itacives.it\/wp-content\/uploads\/2024\/01\/PRATICHE-COMUNE.png\",\"width\":84,\"height\":84},{\"@type\":\"BreadcrumbList\",\"@id\":\"https:\/\/itacives.it\/?page_id=2831&lang=pt#breadcrumb\",\"itemListElement\":[{\"@type\":\"ListItem\",\"position\":1,\"name\":\"Home\",\"item\":\"https:\/\/itacives.it\/\"},{\"@type\":\"ListItem\",\"position\":2,\"name\":\"\u00c1reas De Especializa\u00e7\u00e3o\",\"item\":\"https:\/\/itacives.it\/?page_id=2801&lang=pt\"},{\"@type\":\"ListItem\",\"position\":3,\"name\":\"Aplica\u00e7\u00e3o na Prefeitura de Resid\u0113ncia\"}]},{\"@type\":\"WebSite\",\"@id\":\"https:\/\/itacives.it\/#website\",\"url\":\"https:\/\/itacives.it\/\",\"name\":\"Ita Cives\",\"description\":\"Cittadinanza Italiana Iure Sanguinis\",\"publisher\":{\"@id\":\"https:\/\/itacives.it\/#organization\"},\"potentialAction\":[{\"@type\":\"SearchAction\",\"target\":{\"@type\":\"EntryPoint\",\"urlTemplate\":\"https:\/\/itacives.it\/?s={search_term_string}\"},\"query-input\":\"required name=search_term_string\"}],\"inLanguage\":\"en-US\"},{\"@type\":\"Organization\",\"@id\":\"https:\/\/itacives.it\/#organization\",\"name\":\"Ita Cives\",\"url\":\"https:\/\/itacives.it\/\",\"logo\":{\"@type\":\"ImageObject\",\"inLanguage\":\"en-US\",\"@id\":\"https:\/\/itacives.it\/#\/schema\/logo\/image\/\",\"url\":\"https:\/\/itacives.it\/wp-content\/uploads\/2024\/01\/cropped-ita-cives-variazione-colore-1.png\",\"contentUrl\":\"https:\/\/itacives.it\/wp-content\/uploads\/2024\/01\/cropped-ita-cives-variazione-colore-1.png\",\"width\":1168,\"height\":282,\"caption\":\"Ita Cives\"},\"image\":{\"@id\":\"https:\/\/itacives.it\/#\/schema\/logo\/image\/\"}}]}<\/script>\n<!-- \/ Yoast SEO plugin. -->","yoast_head_json":{"title":"Aplica\u00e7\u00e3o na Prefeitura de Resid\u0113ncia - Ita Cives","robots":{"index":"index","follow":"follow","max-snippet":"max-snippet:-1","max-image-preview":"max-image-preview:large","max-video-preview":"max-video-preview:-1"},"canonical":"https:\/\/itacives.it\/?page_id=2831&lang=pt","og_locale":"en_US","og_type":"article","og_title":"Aplica\u00e7\u00e3o na Prefeitura de Resid\u0113ncia - Ita Cives","og_description":"Aplica\u00e7\u00e3o na Prefeitura de Resid\u0113ncia Como se sabe, caso o interessado resida na It\u00e1lia, existe a possibilidade de estabelecer o procedimento para o reconhecimento da posse da cidadania italiana iure sanguinis no Munic\u00edpio de resid\u00eancia com requerimento especial dirigido ao Prefeito. Obviamente, mesmo neste caso, o requerente deve primeiro estar na posse de toda sua &hellip; Aplica\u00e7\u00e3o na Prefeitura de Resid\u0113ncia Read More &raquo;","og_url":"https:\/\/itacives.it\/?page_id=2831&lang=pt","og_site_name":"Ita Cives","article_modified_time":"2024-03-26T11:59:57+00:00","og_image":[{"url":"http:\/\/itacives.it\/wp-content\/uploads\/2024\/01\/PRATICHE-COMUNE.png"}],"twitter_card":"summary_large_image","twitter_misc":{"Est. reading time":"2 minutes"},"schema":{"@context":"https:\/\/schema.org","@graph":[{"@type":"WebPage","@id":"https:\/\/itacives.it\/?page_id=2831&lang=pt","url":"https:\/\/itacives.it\/?page_id=2831&lang=pt","name":"Aplica\u00e7\u00e3o na Prefeitura de Resid\u0113ncia - Ita Cives","isPartOf":{"@id":"https:\/\/itacives.it\/#website"},"primaryImageOfPage":{"@id":"https:\/\/itacives.it\/?page_id=2831&lang=pt#primaryimage"},"image":{"@id":"https:\/\/itacives.it\/?page_id=2831&lang=pt#primaryimage"},"thumbnailUrl":"http:\/\/itacives.it\/wp-content\/uploads\/2024\/01\/PRATICHE-COMUNE.png","datePublished":"2024-03-26T11:58:50+00:00","dateModified":"2024-03-26T11:59:57+00:00","breadcrumb":{"@id":"https:\/\/itacives.it\/?page_id=2831&lang=pt#breadcrumb"},"inLanguage":"en-US","potentialAction":[{"@type":"ReadAction","target":["https:\/\/itacives.it\/?page_id=2831&lang=pt"]}]},{"@type":"ImageObject","inLanguage":"en-US","@id":"https:\/\/itacives.it\/?page_id=2831&lang=pt#primaryimage","url":"https:\/\/itacives.it\/wp-content\/uploads\/2024\/01\/PRATICHE-COMUNE.png","contentUrl":"https:\/\/itacives.it\/wp-content\/uploads\/2024\/01\/PRATICHE-COMUNE.png","width":84,"height":84},{"@type":"BreadcrumbList","@id":"https:\/\/itacives.it\/?page_id=2831&lang=pt#breadcrumb","itemListElement":[{"@type":"ListItem","position":1,"name":"Home","item":"https:\/\/itacives.it\/"},{"@type":"ListItem","position":2,"name":"\u00c1reas De Especializa\u00e7\u00e3o","item":"https:\/\/itacives.it\/?page_id=2801&lang=pt"},{"@type":"ListItem","position":3,"name":"Aplica\u00e7\u00e3o na Prefeitura de Resid\u0113ncia"}]},{"@type":"WebSite","@id":"https:\/\/itacives.it\/#website","url":"https:\/\/itacives.it\/","name":"Ita Cives","description":"Cittadinanza Italiana Iure Sanguinis","publisher":{"@id":"https:\/\/itacives.it\/#organization"},"potentialAction":[{"@type":"SearchAction","target":{"@type":"EntryPoint","urlTemplate":"https:\/\/itacives.it\/?s={search_term_string}"},"query-input":"required name=search_term_string"}],"inLanguage":"en-US"},{"@type":"Organization","@id":"https:\/\/itacives.it\/#organization","name":"Ita Cives","url":"https:\/\/itacives.it\/","logo":{"@type":"ImageObject","inLanguage":"en-US","@id":"https:\/\/itacives.it\/#\/schema\/logo\/image\/","url":"https:\/\/itacives.it\/wp-content\/uploads\/2024\/01\/cropped-ita-cives-variazione-colore-1.png","contentUrl":"https:\/\/itacives.it\/wp-content\/uploads\/2024\/01\/cropped-ita-cives-variazione-colore-1.png","width":1168,"height":282,"caption":"Ita Cives"},"image":{"@id":"https:\/\/itacives.it\/#\/schema\/logo\/image\/"}}]}},"_links":{"self":[{"href":"https:\/\/itacives.it\/index.php?rest_route=\/wp\/v2\/pages\/2831"}],"collection":[{"href":"https:\/\/itacives.it\/index.php?rest_route=\/wp\/v2\/pages"}],"about":[{"href":"https:\/\/itacives.it\/index.php?rest_route=\/wp\/v2\/types\/page"}],"author":[{"embeddable":true,"href":"https:\/\/itacives.it\/index.php?rest_route=\/wp\/v2\/users\/2"}],"replies":[{"embeddable":true,"href":"https:\/\/itacives.it\/index.php?rest_route=%2Fwp%2Fv2%2Fcomments&post=2831"}],"version-history":[{"count":3,"href":"https:\/\/itacives.it\/index.php?rest_route=\/wp\/v2\/pages\/2831\/revisions"}],"predecessor-version":[{"id":2834,"href":"https:\/\/itacives.it\/index.php?rest_route=\/wp\/v2\/pages\/2831\/revisions\/2834"}],"up":[{"embeddable":true,"href":"https:\/\/itacives.it\/index.php?rest_route=\/wp\/v2\/pages\/2801"}],"wp:attachment":[{"href":"https:\/\/itacives.it\/index.php?rest_route=%2Fwp%2Fv2%2Fmedia&parent=2831"}],"curies":[{"name":"wp","href":"https:\/\/api.w.org\/{rel}","templated":true}]}}