{"id":2821,"date":"2024-03-26T12:53:40","date_gmt":"2024-03-26T11:53:40","guid":{"rendered":"https:\/\/itacives.it\/?page_id=2821"},"modified":"2024-03-26T13:24:07","modified_gmt":"2024-03-26T12:24:07","slug":"linha-materna","status":"publish","type":"page","link":"https:\/\/itacives.it\/?page_id=2821&lang=pt","title":{"rendered":"Linha Materna"},"content":{"rendered":"\t\t<div data-elementor-type=\"wp-page\" data-elementor-id=\"2821\" class=\"elementor elementor-2821\">\n\t\t\t\t\t\t\t<div class=\"elementor-element elementor-element-bd4b709 e-flex e-con-boxed e-con e-parent\" data-id=\"bd4b709\" data-element_type=\"container\" data-settings=\"{&quot;background_background&quot;:&quot;classic&quot;,&quot;content_width&quot;:&quot;boxed&quot;}\" data-core-v316-plus=\"true\">\n\t\t\t\t\t<div class=\"e-con-inner\">\n\t\t<div class=\"elementor-element elementor-element-66e3958 e-con-full e-flex e-con e-child\" data-id=\"66e3958\" data-element_type=\"container\" data-settings=\"{&quot;content_width&quot;:&quot;full&quot;}\">\n\t\t\t\t<div class=\"elementor-element elementor-element-6179b97 elementor-widget elementor-widget-heading\" data-id=\"6179b97\" data-element_type=\"widget\" data-widget_type=\"heading.default\">\n\t\t\t\t<div class=\"elementor-widget-container\">\n\t\t\t<style>\/*! elementor - v3.18.0 - 20-12-2023 *\/\n.elementor-heading-title{padding:0;margin:0;line-height:1}.elementor-widget-heading .elementor-heading-title[class*=elementor-size-]>a{color:inherit;font-size:inherit;line-height:inherit}.elementor-widget-heading .elementor-heading-title.elementor-size-small{font-size:15px}.elementor-widget-heading .elementor-heading-title.elementor-size-medium{font-size:19px}.elementor-widget-heading .elementor-heading-title.elementor-size-large{font-size:29px}.elementor-widget-heading .elementor-heading-title.elementor-size-xl{font-size:39px}.elementor-widget-heading .elementor-heading-title.elementor-size-xxl{font-size:59px}<\/style><h1 class=\"elementor-heading-title elementor-size-default\">Linha Materna<\/h1>\t\t<\/div>\n\t\t\t\t<\/div>\n\t\t\t\t<\/div>\n\t\t\t\t\t<\/div>\n\t\t\t\t<\/div>\n\t\t<div class=\"elementor-element elementor-element-0e7cc72 e-flex e-con-boxed e-con e-parent\" data-id=\"0e7cc72\" data-element_type=\"container\" data-settings=\"{&quot;background_background&quot;:&quot;classic&quot;,&quot;content_width&quot;:&quot;boxed&quot;}\" data-core-v316-plus=\"true\">\n\t\t\t\t\t<div class=\"e-con-inner\">\n\t\t<div class=\"elementor-element elementor-element-5d548f9 e-con-full e-flex e-con e-child\" data-id=\"5d548f9\" data-element_type=\"container\" data-settings=\"{&quot;content_width&quot;:&quot;full&quot;}\">\n\t\t<div class=\"elementor-element elementor-element-bcdd19d e-con-full e-flex e-con e-child\" data-id=\"bcdd19d\" data-element_type=\"container\" data-settings=\"{&quot;content_width&quot;:&quot;full&quot;}\">\n\t\t<div class=\"elementor-element elementor-element-f64cca2 e-con-full e-flex e-con e-child\" data-id=\"f64cca2\" data-element_type=\"container\" data-settings=\"{&quot;content_width&quot;:&quot;full&quot;}\">\n\t\t\t\t<div class=\"elementor-element elementor-element-7c732b9 elementor-widget elementor-widget-image\" data-id=\"7c732b9\" data-element_type=\"widget\" data-widget_type=\"image.default\">\n\t\t\t\t<div class=\"elementor-widget-container\">\n\t\t\t<style>\/*! elementor - v3.18.0 - 20-12-2023 *\/\n.elementor-widget-image{text-align:center}.elementor-widget-image a{display:inline-block}.elementor-widget-image a img[src$=\".svg\"]{width:48px}.elementor-widget-image img{vertical-align:middle;display:inline-block}<\/style>\t\t\t\t\t\t\t\t\t\t\t\t<img decoding=\"async\" width=\"84\" height=\"84\" src=\"https:\/\/itacives.it\/wp-content\/uploads\/2024\/01\/MATERNA.png\" class=\"attachment-large size-large wp-image-2097\" alt=\"\" \/>\t\t\t\t\t\t\t\t\t\t\t\t\t\t\t<\/div>\n\t\t\t\t<\/div>\n\t\t\t\t<div class=\"elementor-element elementor-element-e593406 elementor-widget elementor-widget-image\" data-id=\"e593406\" data-element_type=\"widget\" data-widget_type=\"image.default\">\n\t\t\t\t<div class=\"elementor-widget-container\">\n\t\t\t\t\t\t\t\t\t\t\t\t\t\t\t<img fetchpriority=\"high\" decoding=\"async\" width=\"720\" height=\"960\" src=\"https:\/\/itacives.it\/wp-content\/uploads\/2024\/01\/LINEA-MATERNA.jpg\" class=\"attachment-large size-large wp-image-2080\" alt=\"\" srcset=\"https:\/\/itacives.it\/wp-content\/uploads\/2024\/01\/LINEA-MATERNA.jpg 720w, https:\/\/itacives.it\/wp-content\/uploads\/2024\/01\/LINEA-MATERNA-225x300.jpg 225w\" sizes=\"(max-width: 720px) 100vw, 720px\" \/>\t\t\t\t\t\t\t\t\t\t\t\t\t\t\t<\/div>\n\t\t\t\t<\/div>\n\t\t\t\t<\/div>\n\t\t<div class=\"elementor-element elementor-element-e3cf305 e-con-full e-flex e-con e-child\" data-id=\"e3cf305\" data-element_type=\"container\" data-settings=\"{&quot;content_width&quot;:&quot;full&quot;}\">\n\t\t\t\t<div class=\"elementor-element elementor-element-c882e62 elementor-widget elementor-widget-text-editor\" data-id=\"c882e62\" data-element_type=\"widget\" data-widget_type=\"text-editor.default\">\n\t\t\t\t<div class=\"elementor-widget-container\">\n\t\t\t<style>\/*! elementor - v3.18.0 - 20-12-2023 *\/\n.elementor-widget-text-editor.elementor-drop-cap-view-stacked .elementor-drop-cap{background-color:#69727d;color:#fff}.elementor-widget-text-editor.elementor-drop-cap-view-framed .elementor-drop-cap{color:#69727d;border:3px solid;background-color:transparent}.elementor-widget-text-editor:not(.elementor-drop-cap-view-default) .elementor-drop-cap{margin-top:8px}.elementor-widget-text-editor:not(.elementor-drop-cap-view-default) .elementor-drop-cap-letter{width:1em;height:1em}.elementor-widget-text-editor .elementor-drop-cap{float:left;text-align:center;line-height:1;font-size:50px}.elementor-widget-text-editor .elementor-drop-cap-letter{display:inline-block}<\/style>\t\t\t\t<p>Atualmente, a Lei n\u00ba 91, de 5 de fevereiro de 1992, concede a cidadania italiana aos filhos tanto de m\u00e3e italiana, quanto pai italiano. Na verdade, o artigo 1\u00ba diz: \u201co filho de um pai ou de uma m\u00e3e cidad\u00e3os, \u00e9 cidad\u00e3o de nascimento.\u201d Portanto, basta que um dos pais seja italiano para transmitir automaticamente a cidadania aos seus filhos.<\/p><p>\u00a0<\/p><p>O per\u00edodo da emigra\u00e7\u00e3o de italianos foi fortemente caracterizado por no\u00e7\u00f5es gravemente discriminat\u00f3rias para as mulheres, o que resultou numa legisla\u00e7\u00e3o condizente \u00e0 \u00e9poca.<\/p><p>Estas condi\u00e7\u00f5es foram lentamente remediadas atrav\u00e9s de uma s\u00e9rie de interven\u00e7\u00f5es regulamentares e jur\u00eddicas ao longo dos anos.\u00a0<\/p>\t\t\t\t\t\t<\/div>\n\t\t\t\t<\/div>\n\t\t\t\t<div class=\"elementor-element elementor-element-ee81c38 elementor-widget elementor-widget-text-editor\" data-id=\"ee81c38\" data-element_type=\"widget\" data-widget_type=\"text-editor.default\">\n\t\t\t\t<div class=\"elementor-widget-container\">\n\t\t\t\t\t\t\t<p>Em primeiro lugar, temos a introdu\u00e7\u00e3o da Constitui\u00e7\u00e3o Republicana de 1948, a qual cont\u00e9m dois artigos fundamentais: Artigo 3\u00ba \u201cTodos os cidad\u00e3os t\u00eam igual dignidade social e s\u00e3o iguais perante a lei\u201d e o Artigo 29 \u201cO casamento \u00e9 estabelecido em igualdade moral e jur\u00eddica dos c\u00f4njuges\u201d. Portanto, os princ\u00edpios discriminat\u00f3rios estipulados na antiga lei da cidadania italiana n\u00ba 555 de 1912 &#8211; que impedia a transmiss\u00e3o da cidadania italiana \u00e0 m\u00e3e &#8211; teve que ser retirada do sistema porque n\u00e3o estavam mais em conformidade com a nova Constitui\u00e7\u00e3o de 1948. Isto aconteceu na sequ\u00eancia de duas outras decis\u00f5es muito importantes do Tribunal Constitucional: n\u00ba 87 de 16 de abril de 1975 e n\u00ba 30 de 9 de fevereiro de 1983.<\/p><p>Posteriormente, as Sec\u00e7\u00f5es Unidas do Tribunal de Recurso, com a sua hist\u00f3rica senten\u00e7a n. 4466\/2009, permitiram o reconhecimento da cidadania italiana em favor de todas as crian\u00e7as nascidas no exterior de m\u00e3es italianas que n\u00e3o obtiveram a cidadania devido \u00e0 lei discriminat\u00f3ria de 1912. Como resultado desta decis\u00e3o, os filhos de mulheres italianas nascidos antes de 1\u00ba de Janeiro de 1948, nomeadamente ao abrigo da Lei n\u00ba 555 de 1912, poderiam agora adquirir sua cidadania italiana.<\/p><p>Com as decis\u00f5es acima, os descendentes de cidad\u00e3os italianos s\u00e3o agora, por defini\u00e7\u00e3o, italianos tamb\u00e9m, mesmo que o ascendente feminino se casasse com um cidad\u00e3o estrangeiro e tivesse crian\u00e7as antes de 1948, ou seja, antes da entrada em vigor da Constitui\u00e7\u00e3o. Por exemplo. Maria, nascida no Brasil em 1920, de pai italiano, uniu-se com Henrique, brasileiro, tiveram Clara em 1944 e Pedro em 1946. Tanto este como seus descendentes tamb\u00e9m s\u00e3o cidad\u00e3os italianos. Portanto, a linha materna \u00e9 definida como a linha de descend\u00eancia <em>iure sanguinis<\/em> na qual existe a presen\u00e7a de uma mulher nascida na It\u00e1lia que depois emigrou para o exterior, ou nascida no exterior de um italiano<\/p><p>\u00c9 de extrema relev\u00e2ncia entender se a prole se enquadra na linha materna acima descrita, porque, no caso de transmiss\u00e3o da cidadania italiana anterior a 1948, ou seja, no caso de heran\u00e7a materna, N\u00c3O \u00e9 poss\u00edvel iniciar o procedimento administrativo no Consulado, uma vez que o <a href=\"https:\/\/itacives.it\/?page_id=2835&amp;lang=pt\">Consulado Italiano n\u00e3o aceita a tramita\u00e7\u00e3o de tais procedimentos<\/a>\u00a0ou na <a href=\"https:\/\/itacives.it\/?page_id=2831&amp;lang=pt\">Comuna italiana de resid\u00eancia.<\/a>\u00a0Nos casos de linhagem materna, o reconhecimento da cidadania italiana dever\u00e1, portanto, ocorrer exclusivamente atrav\u00e9s dos <a href=\"https:\/\/itacives.it\/?page_id=2847&amp;lang=pt\">tribunais<\/a>.<\/p>\t\t\t\t\t\t<\/div>\n\t\t\t\t<\/div>\n\t\t\t\t<\/div>\n\t\t\t\t<\/div>\n\t\t\t\t<\/div>\n\t\t\t\t\t<\/div>\n\t\t\t\t<\/div>\n\t\t\t\t\t\t\t<\/div>\n\t\t","protected":false},"excerpt":{"rendered":"<p>Linha Materna Atualmente, a Lei n\u00ba 91, de 5 de fevereiro de 1992, concede a cidadania italiana aos filhos tanto de m\u00e3e italiana, quanto pai italiano. Na verdade, o artigo 1\u00ba diz: \u201co filho de um pai ou de uma m\u00e3e cidad\u00e3os, \u00e9 cidad\u00e3o de nascimento.\u201d Portanto, basta que um dos pais seja italiano para &hellip;<\/p>\n<p class=\"read-more\"> <a class=\"\" href=\"https:\/\/itacives.it\/?page_id=2821&#038;lang=pt\"> <span class=\"screen-reader-text\">Linha Materna<\/span> Read More &raquo;<\/a><\/p>\n","protected":false},"author":2,"featured_media":0,"parent":2801,"menu_order":0,"comment_status":"closed","ping_status":"closed","template":"","meta":{"site-sidebar-layout":"no-sidebar","site-content-layout":"page-builder","ast-site-content-layout":"full-width-container","site-content-style":"unboxed","site-sidebar-style":"unboxed","ast-global-header-display":"","ast-banner-title-visibility":"","ast-main-header-display":"","ast-hfb-above-header-display":"","ast-hfb-below-header-display":"","ast-hfb-mobile-header-display":"","site-post-title":"disabled","ast-breadcrumbs-content":"disabled","ast-featured-img":"disabled","footer-sml-layout":"","theme-transparent-header-meta":"enabled","adv-header-id-meta":"","stick-header-meta":"","header-above-stick-meta":"","header-main-stick-meta":"","header-below-stick-meta":"","astra-migrate-meta-layouts":"set","ast-page-background-enabled":"default","ast-page-background-meta":{"desktop":{"background-color":"","background-image":"","background-repeat":"repeat","background-position":"center center","background-size":"auto","background-attachment":"scroll","background-type":"","background-media":"","overlay-type":"","overlay-color":"","overlay-gradient":""},"tablet":{"background-color":"","background-image":"","background-repeat":"repeat","background-position":"center center","background-size":"auto","background-attachment":"scroll","background-type":"","background-media":"","overlay-type":"","overlay-color":"","overlay-gradient":""},"mobile":{"background-color":"","background-image":"","background-repeat":"repeat","background-position":"center center","background-size":"auto","background-attachment":"scroll","background-type":"","background-media":"","overlay-type":"","overlay-color":"","overlay-gradient":""}},"ast-content-background-meta":{"desktop":{"background-color":"var(--ast-global-color-5)","background-image":"","background-repeat":"repeat","background-position":"center center","background-size":"auto","background-attachment":"scroll","background-type":"","background-media":"","overlay-type":"","overlay-color":"","overlay-gradient":""},"tablet":{"background-color":"var(--ast-global-color-5)","background-image":"","background-repeat":"repeat","background-position":"center center","background-size":"auto","background-attachment":"scroll","background-type":"","background-media":"","overlay-type":"","overlay-color":"","overlay-gradient":""},"mobile":{"background-color":"var(--ast-global-color-5)","background-image":"","background-repeat":"repeat","background-position":"center center","background-size":"auto","background-attachment":"scroll","background-type":"","background-media":"","overlay-type":"","overlay-color":"","overlay-gradient":""}},"footnotes":"","_joinchat":[]},"yoast_head":"<!-- This site is optimized with the Yoast SEO plugin v22.3 - https:\/\/yoast.com\/wordpress\/plugins\/seo\/ -->\n<title>Linha Materna - Ita Cives<\/title>\n<meta name=\"robots\" content=\"index, follow, max-snippet:-1, max-image-preview:large, max-video-preview:-1\" \/>\n<link rel=\"canonical\" href=\"https:\/\/itacives.it\/?page_id=2821&lang=pt\" \/>\n<meta property=\"og:locale\" content=\"en_US\" \/>\n<meta property=\"og:type\" content=\"article\" \/>\n<meta property=\"og:title\" content=\"Linha Materna - Ita Cives\" \/>\n<meta property=\"og:description\" content=\"Linha Materna Atualmente, a Lei n\u00ba 91, de 5 de fevereiro de 1992, concede a cidadania italiana aos filhos tanto de m\u00e3e italiana, quanto pai italiano. Na verdade, o artigo 1\u00ba diz: \u201co filho de um pai ou de uma m\u00e3e cidad\u00e3os, \u00e9 cidad\u00e3o de nascimento.\u201d Portanto, basta que um dos pais seja italiano para &hellip; Linha Materna Read More &raquo;\" \/>\n<meta property=\"og:url\" content=\"https:\/\/itacives.it\/?page_id=2821&amp;lang=pt\" \/>\n<meta property=\"og:site_name\" content=\"Ita Cives\" \/>\n<meta property=\"article:modified_time\" content=\"2024-03-26T12:24:07+00:00\" \/>\n<meta property=\"og:image\" content=\"http:\/\/itacives.it\/wp-content\/uploads\/2024\/01\/MATERNA.png\" \/>\n<meta name=\"twitter:card\" content=\"summary_large_image\" \/>\n<meta name=\"twitter:label1\" content=\"Est. reading time\" \/>\n\t<meta name=\"twitter:data1\" content=\"3 minutes\" \/>\n<script type=\"application\/ld+json\" class=\"yoast-schema-graph\">{\"@context\":\"https:\/\/schema.org\",\"@graph\":[{\"@type\":\"WebPage\",\"@id\":\"https:\/\/itacives.it\/?page_id=2821&lang=pt\",\"url\":\"https:\/\/itacives.it\/?page_id=2821&lang=pt\",\"name\":\"Linha Materna - Ita Cives\",\"isPartOf\":{\"@id\":\"https:\/\/itacives.it\/#website\"},\"primaryImageOfPage\":{\"@id\":\"https:\/\/itacives.it\/?page_id=2821&lang=pt#primaryimage\"},\"image\":{\"@id\":\"https:\/\/itacives.it\/?page_id=2821&lang=pt#primaryimage\"},\"thumbnailUrl\":\"http:\/\/itacives.it\/wp-content\/uploads\/2024\/01\/MATERNA.png\",\"datePublished\":\"2024-03-26T11:53:40+00:00\",\"dateModified\":\"2024-03-26T12:24:07+00:00\",\"breadcrumb\":{\"@id\":\"https:\/\/itacives.it\/?page_id=2821&lang=pt#breadcrumb\"},\"inLanguage\":\"en-US\",\"potentialAction\":[{\"@type\":\"ReadAction\",\"target\":[\"https:\/\/itacives.it\/?page_id=2821&lang=pt\"]}]},{\"@type\":\"ImageObject\",\"inLanguage\":\"en-US\",\"@id\":\"https:\/\/itacives.it\/?page_id=2821&lang=pt#primaryimage\",\"url\":\"https:\/\/itacives.it\/wp-content\/uploads\/2024\/01\/MATERNA.png\",\"contentUrl\":\"https:\/\/itacives.it\/wp-content\/uploads\/2024\/01\/MATERNA.png\",\"width\":84,\"height\":84},{\"@type\":\"BreadcrumbList\",\"@id\":\"https:\/\/itacives.it\/?page_id=2821&lang=pt#breadcrumb\",\"itemListElement\":[{\"@type\":\"ListItem\",\"position\":1,\"name\":\"Home\",\"item\":\"https:\/\/itacives.it\/\"},{\"@type\":\"ListItem\",\"position\":2,\"name\":\"\u00c1reas De Especializa\u00e7\u00e3o\",\"item\":\"https:\/\/itacives.it\/?page_id=2801&lang=pt\"},{\"@type\":\"ListItem\",\"position\":3,\"name\":\"Linha Materna\"}]},{\"@type\":\"WebSite\",\"@id\":\"https:\/\/itacives.it\/#website\",\"url\":\"https:\/\/itacives.it\/\",\"name\":\"Ita Cives\",\"description\":\"Cittadinanza Italiana Iure Sanguinis\",\"publisher\":{\"@id\":\"https:\/\/itacives.it\/#organization\"},\"potentialAction\":[{\"@type\":\"SearchAction\",\"target\":{\"@type\":\"EntryPoint\",\"urlTemplate\":\"https:\/\/itacives.it\/?s={search_term_string}\"},\"query-input\":\"required name=search_term_string\"}],\"inLanguage\":\"en-US\"},{\"@type\":\"Organization\",\"@id\":\"https:\/\/itacives.it\/#organization\",\"name\":\"Ita Cives\",\"url\":\"https:\/\/itacives.it\/\",\"logo\":{\"@type\":\"ImageObject\",\"inLanguage\":\"en-US\",\"@id\":\"https:\/\/itacives.it\/#\/schema\/logo\/image\/\",\"url\":\"https:\/\/itacives.it\/wp-content\/uploads\/2024\/01\/cropped-ita-cives-variazione-colore-1.png\",\"contentUrl\":\"https:\/\/itacives.it\/wp-content\/uploads\/2024\/01\/cropped-ita-cives-variazione-colore-1.png\",\"width\":1168,\"height\":282,\"caption\":\"Ita Cives\"},\"image\":{\"@id\":\"https:\/\/itacives.it\/#\/schema\/logo\/image\/\"}}]}<\/script>\n<!-- \/ Yoast SEO plugin. -->","yoast_head_json":{"title":"Linha Materna - Ita Cives","robots":{"index":"index","follow":"follow","max-snippet":"max-snippet:-1","max-image-preview":"max-image-preview:large","max-video-preview":"max-video-preview:-1"},"canonical":"https:\/\/itacives.it\/?page_id=2821&lang=pt","og_locale":"en_US","og_type":"article","og_title":"Linha Materna - Ita Cives","og_description":"Linha Materna Atualmente, a Lei n\u00ba 91, de 5 de fevereiro de 1992, concede a cidadania italiana aos filhos tanto de m\u00e3e italiana, quanto pai italiano. Na verdade, o artigo 1\u00ba diz: \u201co filho de um pai ou de uma m\u00e3e cidad\u00e3os, \u00e9 cidad\u00e3o de nascimento.\u201d Portanto, basta que um dos pais seja italiano para &hellip; Linha Materna Read More &raquo;","og_url":"https:\/\/itacives.it\/?page_id=2821&lang=pt","og_site_name":"Ita Cives","article_modified_time":"2024-03-26T12:24:07+00:00","og_image":[{"url":"http:\/\/itacives.it\/wp-content\/uploads\/2024\/01\/MATERNA.png"}],"twitter_card":"summary_large_image","twitter_misc":{"Est. reading time":"3 minutes"},"schema":{"@context":"https:\/\/schema.org","@graph":[{"@type":"WebPage","@id":"https:\/\/itacives.it\/?page_id=2821&lang=pt","url":"https:\/\/itacives.it\/?page_id=2821&lang=pt","name":"Linha Materna - Ita Cives","isPartOf":{"@id":"https:\/\/itacives.it\/#website"},"primaryImageOfPage":{"@id":"https:\/\/itacives.it\/?page_id=2821&lang=pt#primaryimage"},"image":{"@id":"https:\/\/itacives.it\/?page_id=2821&lang=pt#primaryimage"},"thumbnailUrl":"http:\/\/itacives.it\/wp-content\/uploads\/2024\/01\/MATERNA.png","datePublished":"2024-03-26T11:53:40+00:00","dateModified":"2024-03-26T12:24:07+00:00","breadcrumb":{"@id":"https:\/\/itacives.it\/?page_id=2821&lang=pt#breadcrumb"},"inLanguage":"en-US","potentialAction":[{"@type":"ReadAction","target":["https:\/\/itacives.it\/?page_id=2821&lang=pt"]}]},{"@type":"ImageObject","inLanguage":"en-US","@id":"https:\/\/itacives.it\/?page_id=2821&lang=pt#primaryimage","url":"https:\/\/itacives.it\/wp-content\/uploads\/2024\/01\/MATERNA.png","contentUrl":"https:\/\/itacives.it\/wp-content\/uploads\/2024\/01\/MATERNA.png","width":84,"height":84},{"@type":"BreadcrumbList","@id":"https:\/\/itacives.it\/?page_id=2821&lang=pt#breadcrumb","itemListElement":[{"@type":"ListItem","position":1,"name":"Home","item":"https:\/\/itacives.it\/"},{"@type":"ListItem","position":2,"name":"\u00c1reas De Especializa\u00e7\u00e3o","item":"https:\/\/itacives.it\/?page_id=2801&lang=pt"},{"@type":"ListItem","position":3,"name":"Linha Materna"}]},{"@type":"WebSite","@id":"https:\/\/itacives.it\/#website","url":"https:\/\/itacives.it\/","name":"Ita Cives","description":"Cittadinanza Italiana Iure Sanguinis","publisher":{"@id":"https:\/\/itacives.it\/#organization"},"potentialAction":[{"@type":"SearchAction","target":{"@type":"EntryPoint","urlTemplate":"https:\/\/itacives.it\/?s={search_term_string}"},"query-input":"required name=search_term_string"}],"inLanguage":"en-US"},{"@type":"Organization","@id":"https:\/\/itacives.it\/#organization","name":"Ita Cives","url":"https:\/\/itacives.it\/","logo":{"@type":"ImageObject","inLanguage":"en-US","@id":"https:\/\/itacives.it\/#\/schema\/logo\/image\/","url":"https:\/\/itacives.it\/wp-content\/uploads\/2024\/01\/cropped-ita-cives-variazione-colore-1.png","contentUrl":"https:\/\/itacives.it\/wp-content\/uploads\/2024\/01\/cropped-ita-cives-variazione-colore-1.png","width":1168,"height":282,"caption":"Ita Cives"},"image":{"@id":"https:\/\/itacives.it\/#\/schema\/logo\/image\/"}}]}},"_links":{"self":[{"href":"https:\/\/itacives.it\/index.php?rest_route=\/wp\/v2\/pages\/2821"}],"collection":[{"href":"https:\/\/itacives.it\/index.php?rest_route=\/wp\/v2\/pages"}],"about":[{"href":"https:\/\/itacives.it\/index.php?rest_route=\/wp\/v2\/types\/page"}],"author":[{"embeddable":true,"href":"https:\/\/itacives.it\/index.php?rest_route=\/wp\/v2\/users\/2"}],"replies":[{"embeddable":true,"href":"https:\/\/itacives.it\/index.php?rest_route=%2Fwp%2Fv2%2Fcomments&post=2821"}],"version-history":[{"count":7,"href":"https:\/\/itacives.it\/index.php?rest_route=\/wp\/v2\/pages\/2821\/revisions"}],"predecessor-version":[{"id":2864,"href":"https:\/\/itacives.it\/index.php?rest_route=\/wp\/v2\/pages\/2821\/revisions\/2864"}],"up":[{"embeddable":true,"href":"https:\/\/itacives.it\/index.php?rest_route=\/wp\/v2\/pages\/2801"}],"wp:attachment":[{"href":"https:\/\/itacives.it\/index.php?rest_route=%2Fwp%2Fv2%2Fmedia&parent=2821"}],"curies":[{"name":"wp","href":"https:\/\/api.w.org\/{rel}","templated":true}]}}