{"id":2816,"date":"2024-03-26T12:51:34","date_gmt":"2024-03-26T11:51:34","guid":{"rendered":"https:\/\/itacives.it\/?page_id=2816"},"modified":"2024-03-26T12:52:44","modified_gmt":"2024-03-26T11:52:44","slug":"documentos","status":"publish","type":"page","link":"https:\/\/itacives.it\/?page_id=2816&lang=pt","title":{"rendered":"Documentos"},"content":{"rendered":"\t\t<div data-elementor-type=\"wp-page\" data-elementor-id=\"2816\" class=\"elementor elementor-2816\">\n\t\t\t\t\t\t\t<div class=\"elementor-element elementor-element-bd4b709 e-flex e-con-boxed e-con e-parent\" data-id=\"bd4b709\" data-element_type=\"container\" data-settings=\"{&quot;background_background&quot;:&quot;classic&quot;,&quot;content_width&quot;:&quot;boxed&quot;}\" data-core-v316-plus=\"true\">\n\t\t\t\t\t<div class=\"e-con-inner\">\n\t\t<div class=\"elementor-element elementor-element-66e3958 e-con-full e-flex e-con e-child\" data-id=\"66e3958\" data-element_type=\"container\" data-settings=\"{&quot;content_width&quot;:&quot;full&quot;}\">\n\t\t\t\t<div class=\"elementor-element elementor-element-6179b97 elementor-widget elementor-widget-heading\" data-id=\"6179b97\" data-element_type=\"widget\" data-widget_type=\"heading.default\">\n\t\t\t\t<div class=\"elementor-widget-container\">\n\t\t\t<style>\/*! elementor - v3.18.0 - 20-12-2023 *\/\n.elementor-heading-title{padding:0;margin:0;line-height:1}.elementor-widget-heading .elementor-heading-title[class*=elementor-size-]>a{color:inherit;font-size:inherit;line-height:inherit}.elementor-widget-heading .elementor-heading-title.elementor-size-small{font-size:15px}.elementor-widget-heading .elementor-heading-title.elementor-size-medium{font-size:19px}.elementor-widget-heading .elementor-heading-title.elementor-size-large{font-size:29px}.elementor-widget-heading .elementor-heading-title.elementor-size-xl{font-size:39px}.elementor-widget-heading .elementor-heading-title.elementor-size-xxl{font-size:59px}<\/style><h1 class=\"elementor-heading-title elementor-size-default\">Documentos<\/h1>\t\t<\/div>\n\t\t\t\t<\/div>\n\t\t\t\t<\/div>\n\t\t\t\t\t<\/div>\n\t\t\t\t<\/div>\n\t\t<div class=\"elementor-element elementor-element-0e7cc72 e-flex e-con-boxed e-con e-parent\" data-id=\"0e7cc72\" data-element_type=\"container\" data-settings=\"{&quot;background_background&quot;:&quot;classic&quot;,&quot;content_width&quot;:&quot;boxed&quot;}\" data-core-v316-plus=\"true\">\n\t\t\t\t\t<div class=\"e-con-inner\">\n\t\t<div class=\"elementor-element elementor-element-5d548f9 e-con-full e-flex e-con e-child\" data-id=\"5d548f9\" data-element_type=\"container\" data-settings=\"{&quot;content_width&quot;:&quot;full&quot;}\">\n\t\t<div class=\"elementor-element elementor-element-bcdd19d e-con-full e-flex e-con e-child\" data-id=\"bcdd19d\" data-element_type=\"container\" data-settings=\"{&quot;content_width&quot;:&quot;full&quot;}\">\n\t\t<div class=\"elementor-element elementor-element-f64cca2 e-con-full e-flex e-con e-child\" data-id=\"f64cca2\" data-element_type=\"container\" data-settings=\"{&quot;content_width&quot;:&quot;full&quot;}\">\n\t\t\t\t<div class=\"elementor-element elementor-element-1972e5d elementor-widget elementor-widget-image\" data-id=\"1972e5d\" data-element_type=\"widget\" data-widget_type=\"image.default\">\n\t\t\t\t<div class=\"elementor-widget-container\">\n\t\t\t<style>\/*! elementor - v3.18.0 - 20-12-2023 *\/\n.elementor-widget-image{text-align:center}.elementor-widget-image a{display:inline-block}.elementor-widget-image a img[src$=\".svg\"]{width:48px}.elementor-widget-image img{vertical-align:middle;display:inline-block}<\/style>\t\t\t\t\t\t\t\t\t\t\t\t<img decoding=\"async\" width=\"84\" height=\"84\" src=\"https:\/\/itacives.it\/wp-content\/uploads\/2024\/01\/DOCUMENTI-NECESSARI.png\" class=\"attachment-full size-full wp-image-2103\" alt=\"\" \/>\t\t\t\t\t\t\t\t\t\t\t\t\t\t\t<\/div>\n\t\t\t\t<\/div>\n\t\t\t\t<div class=\"elementor-element elementor-element-23d8b98 elementor-widget elementor-widget-image\" data-id=\"23d8b98\" data-element_type=\"widget\" data-widget_type=\"image.default\">\n\t\t\t\t<div class=\"elementor-widget-container\">\n\t\t\t\t\t\t\t\t\t\t\t\t\t\t\t<img fetchpriority=\"high\" decoding=\"async\" width=\"1280\" height=\"853\" src=\"https:\/\/itacives.it\/wp-content\/uploads\/2024\/01\/Rilegare-fogli-Ranieris-Desk.jpg\" class=\"attachment-full size-full wp-image-1824\" alt=\"\" srcset=\"https:\/\/itacives.it\/wp-content\/uploads\/2024\/01\/Rilegare-fogli-Ranieris-Desk.jpg 1280w, https:\/\/itacives.it\/wp-content\/uploads\/2024\/01\/Rilegare-fogli-Ranieris-Desk-300x200.jpg 300w, https:\/\/itacives.it\/wp-content\/uploads\/2024\/01\/Rilegare-fogli-Ranieris-Desk-1024x682.jpg 1024w, https:\/\/itacives.it\/wp-content\/uploads\/2024\/01\/Rilegare-fogli-Ranieris-Desk-768x512.jpg 768w\" sizes=\"(max-width: 1280px) 100vw, 1280px\" \/>\t\t\t\t\t\t\t\t\t\t\t\t\t\t\t<\/div>\n\t\t\t\t<\/div>\n\t\t\t\t<\/div>\n\t\t<div class=\"elementor-element elementor-element-e3cf305 e-con-full e-flex e-con e-child\" data-id=\"e3cf305\" data-element_type=\"container\" data-settings=\"{&quot;content_width&quot;:&quot;full&quot;}\">\n\t\t\t\t<div class=\"elementor-element elementor-element-c882e62 elementor-widget elementor-widget-text-editor\" data-id=\"c882e62\" data-element_type=\"widget\" data-widget_type=\"text-editor.default\">\n\t\t\t\t<div class=\"elementor-widget-container\">\n\t\t\t<style>\/*! elementor - v3.18.0 - 20-12-2023 *\/\n.elementor-widget-text-editor.elementor-drop-cap-view-stacked .elementor-drop-cap{background-color:#69727d;color:#fff}.elementor-widget-text-editor.elementor-drop-cap-view-framed .elementor-drop-cap{color:#69727d;border:3px solid;background-color:transparent}.elementor-widget-text-editor:not(.elementor-drop-cap-view-default) .elementor-drop-cap{margin-top:8px}.elementor-widget-text-editor:not(.elementor-drop-cap-view-default) .elementor-drop-cap-letter{width:1em;height:1em}.elementor-widget-text-editor .elementor-drop-cap{float:left;text-align:center;line-height:1;font-size:50px}.elementor-widget-text-editor .elementor-drop-cap-letter{display:inline-block}<\/style>\t\t\t\t<p>Para solicitar o reconhecimento da posse da cidadania italiana <em>iure sanguinis<\/em>, administrativa ou judicialmente, s\u00e3o exigidos os seguintes documentos:<\/p>\t\t\t\t\t\t<\/div>\n\t\t\t\t<\/div>\n\t\t\t\t<div class=\"elementor-element elementor-element-ee81c38 elementor-widget elementor-widget-text-editor\" data-id=\"ee81c38\" data-element_type=\"widget\" data-widget_type=\"text-editor.default\">\n\t\t\t\t<div class=\"elementor-widget-container\">\n\t\t\t\t\t\t\t<ol><li>Extrato da certid\u00e3o de nascimento do(s) ascendente(s) italiano(s) que emigraram para o exterior, emitido pelo Munic\u00edpio italiano onde nasceu. Trata-se de um documento italiano e, portanto, n\u00e3o exigir\u00e1 tradu\u00e7\u00e3o\/legaliza\u00e7\u00e3o oficial ou apostilamento;<\/li><li>certid\u00f5es de nascimento de todos os seus descendentes em linha reta, incluindo o do requerente Cidadania italiana &#8211; requer legaliza\u00e7\u00e3o ou apostila da tradu\u00e7\u00e3o oficial italiana;<\/li><li>certid\u00e3o de casamento do ascendente italiano que emigrou para o exterior &#8211; requer documento oficial italiano tradu\u00e7\u00e3o\/legaliza\u00e7\u00e3o ou apostilamento somente se emitido no exterior;<\/li><li>certid\u00f5es de casamento de seus descendentes, em linha cronol\u00f3gica, inclusive dos pais da pessoa que reivindica cidadania italiana &#8211; requer tradu\u00e7\u00e3o\/legaliza\u00e7\u00e3o oficial italiana ou apostila;<\/li><li>certificado emitido pelas Autoridades competentes do Estado estrangeiro de emigra\u00e7\u00e3o atestando que o Antepassado italiano, na \u00e9poca, emigrando da It\u00e1lia, n\u00e3o adquiriu a cidadania do Estado estrangeiro de emigra\u00e7\u00e3o antes do nascimento do descendente em causa &#8211; requer documento oficial italiano tradu\u00e7\u00e3o\/legaliza\u00e7\u00e3o ou apostilamento;<\/li><li>certificado emitido pela Autoridade Consular Italiana competente certificando que nenhum dos ascendentes na linha direta nem o requerente da cidadania italiana jamais renunciou a ela nos termos do artigo 7\u00ba da Lei n\u00ba 555, de 13 de junho de 1912. Este \u00e9 um documento italiano e, portanto, n\u00e3o exigir\u00e1 tradu\u00e7\u00e3o\/legaliza\u00e7\u00e3o oficial ou apostilamento;<\/li><li>certificado de resid\u00eancia, apenas em caso de requerimento no munic\u00edpio de resid\u00eancia.<\/li><\/ol><p>\u00a0<\/p><p>Ressalta-se que, com refer\u00eancia ao doc. n.1\u00ba, a saber, a certid\u00e3o de nascimento do ascendente italiano que emigrou para o exterior emitido pelo munic\u00edpio, pode ser que tenha nascido e\/ou emigrado antes da Unifica\u00e7\u00e3o da It\u00e1lia (1861), ent\u00e3o claramente ele n\u00e3o estar\u00e1 registrado nos cart\u00f3rios de registro civil, criados apenas em 1866. De acordo com orienta\u00e7\u00e3o ministerial, nestes casos \u00e9 necess\u00e1rio, pelo interessado, a apresenta\u00e7\u00e3o da certid\u00e3o de batismo emitida pela par\u00f3quia e tamb\u00e9m autenticada pela c\u00faria episcopal competente por distrito. Com refer\u00eancia, por outro lado, ao documento n\u00ba 6, nos \u00fanicos casos de processos no tribunal italiano, munic\u00edpio de resid\u00eancia, n\u00e3o se considerou necess\u00e1ria tal apresenta\u00e7\u00e3o, uma vez que o seu conte\u00fado, nomeadamente, a inexist\u00eancia de naturaliza\u00e7\u00e3o do ascendente italiano, est\u00e1 entre as conclus\u00f5es sujeitas, \u00e0 merc\u00ea da verifica\u00e7\u00e3o do registrador.<\/p><p>\u00a0<\/p><p><strong>6.1 LEGALIZA\u00c7\u00c3O<\/strong><\/p><p>Os documentos acima mencionados que comprovam a descend\u00eancia linear do ascendente emigrante italiano, exigem um procedimento especial denominado \u201clegaliza\u00e7\u00e3o\u201d para explicar os seus efeitos no ordenamento jur\u00eddico italiano (desde que foram formados no exterior por autoridades estrangeiras). De um ponto de vista geral, a institui\u00e7\u00e3o da legaliza\u00e7\u00e3o tem a fun\u00e7\u00e3o de atribuir validade ao documento para atestar a sua conformidade com a legisla\u00e7\u00e3o estrangeira e, ainda, a compet\u00eancia da emiss\u00e3o de escrit\u00f3rio estrangeiro. Comprova assim a exist\u00eancia do documento estrangeiro no momento em que este se torna relevante para o sistema jur\u00eddico italiano. Ent\u00e3o, este procedimento s\u00f3 poder\u00e1 ser realizado pelas nossas representa\u00e7\u00f5es diplom\u00e1ticas ou consulares no exterior, e isto \u00e9 de grande import\u00e2ncia, uma vez que a legaliza\u00e7\u00e3o constitui uma condi\u00e7\u00e3o sine qua non para a validade do documento estrangeiro em nosso ordenamento jur\u00eddico.\u00a0<\/p><p>\u00a0<\/p><p>A declara\u00e7\u00e3o acima, no entanto, n\u00e3o se aplica se os estados em quest\u00e3o forem signat\u00e1rios de acordos especiais de conven\u00e7\u00f5es internacionais, como por exemplo, a Conven\u00e7\u00e3o de Haia de 5 de outubro de 1951, que prev\u00ea, em vez de legaliza\u00e7\u00e3o, um procedimento diferente denominado \u201capostila\u201d. Os Estados que assinaram tal Conven\u00e7\u00e3o substituem o procedimento de legaliza\u00e7\u00e3o pelo procedimento de apostila com o objetivo de reconhecimento m\u00fatuo de documentos. A Apostila consiste em uma anota\u00e7\u00e3o, em conformidade com o modelo anexo \u00e0 Conven\u00e7\u00e3o, a ser correspondente ao original do certificado estrangeiro pela Autoridade indicada como competente pela lei que ratifica a Conven\u00e7\u00e3o. Todos os pa\u00edses com uma longa tradi\u00e7\u00e3o de migra\u00e7\u00e3o dos nossos compatriotas parecem ser signat\u00e1rios das Conven\u00e7\u00f5es de Haia, portanto o procedimento de apostila \u00e9 o que deve ser seguido.<\/p><p>\u00a0<\/p><p><strong>6.2 TRADU\u00c7\u00c3O<\/strong><\/p><p>Para serem execut\u00e1veis na It\u00e1lia, registros e documentos que atestem descend\u00eancia de um ancestral italiano devem ser traduzidos. Isto \u00e9, regulado pelo Artigo 33 par\u00e1grafo 3 do Decreto Presidencial 445\/200, que estipula que \u201cO os registros e documentos indicados no n\u00famero anterior, lavrados em l\u00edngua estrangeira, dever\u00e3o ser acompanhados de uma tradu\u00e7\u00e3o para o italiano certificado conforme ao texto estrangeiro pela autoridade competente, representa\u00e7\u00e3o diplom\u00e1tica ou consular, ou pelo tradutor oficial\u201d. Dessa forma, os documentos redigidos em l\u00edngua estrangeira, al\u00e9m do procedimento de apostilamento, dever\u00e3o ser traduzidos e acompanhados de certifica\u00e7\u00e3o de conformidade com o texto estrangeiro pela consular autoridade ou um tradutor oficial.<\/p>\t\t\t\t\t\t<\/div>\n\t\t\t\t<\/div>\n\t\t\t\t<\/div>\n\t\t\t\t<\/div>\n\t\t\t\t<\/div>\n\t\t\t\t\t<\/div>\n\t\t\t\t<\/div>\n\t\t\t\t\t\t\t<\/div>\n\t\t","protected":false},"excerpt":{"rendered":"<p>Documentos Para solicitar o reconhecimento da posse da cidadania italiana iure sanguinis, administrativa ou judicialmente, s\u00e3o exigidos os seguintes documentos: Extrato da certid\u00e3o de nascimento do(s) ascendente(s) italiano(s) que emigraram para o exterior, emitido pelo Munic\u00edpio italiano onde nasceu. Trata-se de um documento italiano e, portanto, n\u00e3o exigir\u00e1 tradu\u00e7\u00e3o\/legaliza\u00e7\u00e3o oficial ou apostilamento; certid\u00f5es de nascimento &hellip;<\/p>\n<p class=\"read-more\"> <a class=\"\" href=\"https:\/\/itacives.it\/?page_id=2816&#038;lang=pt\"> <span class=\"screen-reader-text\">Documentos<\/span> Read More &raquo;<\/a><\/p>\n","protected":false},"author":2,"featured_media":0,"parent":2801,"menu_order":0,"comment_status":"closed","ping_status":"closed","template":"","meta":{"site-sidebar-layout":"no-sidebar","site-content-layout":"page-builder","ast-site-content-layout":"full-width-container","site-content-style":"unboxed","site-sidebar-style":"unboxed","ast-global-header-display":"","ast-banner-title-visibility":"","ast-main-header-display":"","ast-hfb-above-header-display":"","ast-hfb-below-header-display":"","ast-hfb-mobile-header-display":"","site-post-title":"disabled","ast-breadcrumbs-content":"disabled","ast-featured-img":"disabled","footer-sml-layout":"","theme-transparent-header-meta":"enabled","adv-header-id-meta":"","stick-header-meta":"","header-above-stick-meta":"","header-main-stick-meta":"","header-below-stick-meta":"","astra-migrate-meta-layouts":"set","ast-page-background-enabled":"default","ast-page-background-meta":{"desktop":{"background-color":"","background-image":"","background-repeat":"repeat","background-position":"center center","background-size":"auto","background-attachment":"scroll","background-type":"","background-media":"","overlay-type":"","overlay-color":"","overlay-gradient":""},"tablet":{"background-color":"","background-image":"","background-repeat":"repeat","background-position":"center center","background-size":"auto","background-attachment":"scroll","background-type":"","background-media":"","overlay-type":"","overlay-color":"","overlay-gradient":""},"mobile":{"background-color":"","background-image":"","background-repeat":"repeat","background-position":"center center","background-size":"auto","background-attachment":"scroll","background-type":"","background-media":"","overlay-type":"","overlay-color":"","overlay-gradient":""}},"ast-content-background-meta":{"desktop":{"background-color":"var(--ast-global-color-5)","background-image":"","background-repeat":"repeat","background-position":"center center","background-size":"auto","background-attachment":"scroll","background-type":"","background-media":"","overlay-type":"","overlay-color":"","overlay-gradient":""},"tablet":{"background-color":"var(--ast-global-color-5)","background-image":"","background-repeat":"repeat","background-position":"center center","background-size":"auto","background-attachment":"scroll","background-type":"","background-media":"","overlay-type":"","overlay-color":"","overlay-gradient":""},"mobile":{"background-color":"var(--ast-global-color-5)","background-image":"","background-repeat":"repeat","background-position":"center center","background-size":"auto","background-attachment":"scroll","background-type":"","background-media":"","overlay-type":"","overlay-color":"","overlay-gradient":""}},"footnotes":"","_joinchat":[]},"yoast_head":"<!-- This site is optimized with the Yoast SEO plugin v22.3 - https:\/\/yoast.com\/wordpress\/plugins\/seo\/ -->\n<title>Documentos - Ita Cives<\/title>\n<meta name=\"robots\" content=\"index, follow, max-snippet:-1, max-image-preview:large, max-video-preview:-1\" \/>\n<link rel=\"canonical\" href=\"https:\/\/itacives.it\/?page_id=2816&lang=pt\" \/>\n<meta property=\"og:locale\" content=\"en_US\" \/>\n<meta property=\"og:type\" content=\"article\" \/>\n<meta property=\"og:title\" content=\"Documentos - Ita Cives\" \/>\n<meta property=\"og:description\" content=\"Documentos Para solicitar o reconhecimento da posse da cidadania italiana iure sanguinis, administrativa ou judicialmente, s\u00e3o exigidos os seguintes documentos: Extrato da certid\u00e3o de nascimento do(s) ascendente(s) italiano(s) que emigraram para o exterior, emitido pelo Munic\u00edpio italiano onde nasceu. Trata-se de um documento italiano e, portanto, n\u00e3o exigir\u00e1 tradu\u00e7\u00e3o\/legaliza\u00e7\u00e3o oficial ou apostilamento; certid\u00f5es de nascimento &hellip; Documentos Read More &raquo;\" \/>\n<meta property=\"og:url\" content=\"https:\/\/itacives.it\/?page_id=2816&amp;lang=pt\" \/>\n<meta property=\"og:site_name\" content=\"Ita Cives\" \/>\n<meta property=\"article:modified_time\" content=\"2024-03-26T11:52:44+00:00\" \/>\n<meta property=\"og:image\" content=\"http:\/\/itacives.it\/wp-content\/uploads\/2024\/01\/DOCUMENTI-NECESSARI.png\" \/>\n<meta name=\"twitter:card\" content=\"summary_large_image\" \/>\n<meta name=\"twitter:label1\" content=\"Est. reading time\" \/>\n\t<meta name=\"twitter:data1\" content=\"4 minutes\" \/>\n<script type=\"application\/ld+json\" class=\"yoast-schema-graph\">{\"@context\":\"https:\/\/schema.org\",\"@graph\":[{\"@type\":\"WebPage\",\"@id\":\"https:\/\/itacives.it\/?page_id=2816&lang=pt\",\"url\":\"https:\/\/itacives.it\/?page_id=2816&lang=pt\",\"name\":\"Documentos - Ita Cives\",\"isPartOf\":{\"@id\":\"https:\/\/itacives.it\/#website\"},\"primaryImageOfPage\":{\"@id\":\"https:\/\/itacives.it\/?page_id=2816&lang=pt#primaryimage\"},\"image\":{\"@id\":\"https:\/\/itacives.it\/?page_id=2816&lang=pt#primaryimage\"},\"thumbnailUrl\":\"http:\/\/itacives.it\/wp-content\/uploads\/2024\/01\/DOCUMENTI-NECESSARI.png\",\"datePublished\":\"2024-03-26T11:51:34+00:00\",\"dateModified\":\"2024-03-26T11:52:44+00:00\",\"breadcrumb\":{\"@id\":\"https:\/\/itacives.it\/?page_id=2816&lang=pt#breadcrumb\"},\"inLanguage\":\"en-US\",\"potentialAction\":[{\"@type\":\"ReadAction\",\"target\":[\"https:\/\/itacives.it\/?page_id=2816&lang=pt\"]}]},{\"@type\":\"ImageObject\",\"inLanguage\":\"en-US\",\"@id\":\"https:\/\/itacives.it\/?page_id=2816&lang=pt#primaryimage\",\"url\":\"https:\/\/itacives.it\/wp-content\/uploads\/2024\/01\/DOCUMENTI-NECESSARI.png\",\"contentUrl\":\"https:\/\/itacives.it\/wp-content\/uploads\/2024\/01\/DOCUMENTI-NECESSARI.png\",\"width\":84,\"height\":84},{\"@type\":\"BreadcrumbList\",\"@id\":\"https:\/\/itacives.it\/?page_id=2816&lang=pt#breadcrumb\",\"itemListElement\":[{\"@type\":\"ListItem\",\"position\":1,\"name\":\"Home\",\"item\":\"https:\/\/itacives.it\/\"},{\"@type\":\"ListItem\",\"position\":2,\"name\":\"\u00c1reas De Especializa\u00e7\u00e3o\",\"item\":\"https:\/\/itacives.it\/?page_id=2801&lang=pt\"},{\"@type\":\"ListItem\",\"position\":3,\"name\":\"Documentos\"}]},{\"@type\":\"WebSite\",\"@id\":\"https:\/\/itacives.it\/#website\",\"url\":\"https:\/\/itacives.it\/\",\"name\":\"Ita Cives\",\"description\":\"Cittadinanza Italiana Iure Sanguinis\",\"publisher\":{\"@id\":\"https:\/\/itacives.it\/#organization\"},\"potentialAction\":[{\"@type\":\"SearchAction\",\"target\":{\"@type\":\"EntryPoint\",\"urlTemplate\":\"https:\/\/itacives.it\/?s={search_term_string}\"},\"query-input\":\"required name=search_term_string\"}],\"inLanguage\":\"en-US\"},{\"@type\":\"Organization\",\"@id\":\"https:\/\/itacives.it\/#organization\",\"name\":\"Ita Cives\",\"url\":\"https:\/\/itacives.it\/\",\"logo\":{\"@type\":\"ImageObject\",\"inLanguage\":\"en-US\",\"@id\":\"https:\/\/itacives.it\/#\/schema\/logo\/image\/\",\"url\":\"https:\/\/itacives.it\/wp-content\/uploads\/2024\/01\/cropped-ita-cives-variazione-colore-1.png\",\"contentUrl\":\"https:\/\/itacives.it\/wp-content\/uploads\/2024\/01\/cropped-ita-cives-variazione-colore-1.png\",\"width\":1168,\"height\":282,\"caption\":\"Ita Cives\"},\"image\":{\"@id\":\"https:\/\/itacives.it\/#\/schema\/logo\/image\/\"}}]}<\/script>\n<!-- \/ Yoast SEO plugin. -->","yoast_head_json":{"title":"Documentos - Ita Cives","robots":{"index":"index","follow":"follow","max-snippet":"max-snippet:-1","max-image-preview":"max-image-preview:large","max-video-preview":"max-video-preview:-1"},"canonical":"https:\/\/itacives.it\/?page_id=2816&lang=pt","og_locale":"en_US","og_type":"article","og_title":"Documentos - Ita Cives","og_description":"Documentos Para solicitar o reconhecimento da posse da cidadania italiana iure sanguinis, administrativa ou judicialmente, s\u00e3o exigidos os seguintes documentos: Extrato da certid\u00e3o de nascimento do(s) ascendente(s) italiano(s) que emigraram para o exterior, emitido pelo Munic\u00edpio italiano onde nasceu. Trata-se de um documento italiano e, portanto, n\u00e3o exigir\u00e1 tradu\u00e7\u00e3o\/legaliza\u00e7\u00e3o oficial ou apostilamento; certid\u00f5es de nascimento &hellip; Documentos Read More &raquo;","og_url":"https:\/\/itacives.it\/?page_id=2816&lang=pt","og_site_name":"Ita Cives","article_modified_time":"2024-03-26T11:52:44+00:00","og_image":[{"url":"http:\/\/itacives.it\/wp-content\/uploads\/2024\/01\/DOCUMENTI-NECESSARI.png"}],"twitter_card":"summary_large_image","twitter_misc":{"Est. reading time":"4 minutes"},"schema":{"@context":"https:\/\/schema.org","@graph":[{"@type":"WebPage","@id":"https:\/\/itacives.it\/?page_id=2816&lang=pt","url":"https:\/\/itacives.it\/?page_id=2816&lang=pt","name":"Documentos - Ita Cives","isPartOf":{"@id":"https:\/\/itacives.it\/#website"},"primaryImageOfPage":{"@id":"https:\/\/itacives.it\/?page_id=2816&lang=pt#primaryimage"},"image":{"@id":"https:\/\/itacives.it\/?page_id=2816&lang=pt#primaryimage"},"thumbnailUrl":"http:\/\/itacives.it\/wp-content\/uploads\/2024\/01\/DOCUMENTI-NECESSARI.png","datePublished":"2024-03-26T11:51:34+00:00","dateModified":"2024-03-26T11:52:44+00:00","breadcrumb":{"@id":"https:\/\/itacives.it\/?page_id=2816&lang=pt#breadcrumb"},"inLanguage":"en-US","potentialAction":[{"@type":"ReadAction","target":["https:\/\/itacives.it\/?page_id=2816&lang=pt"]}]},{"@type":"ImageObject","inLanguage":"en-US","@id":"https:\/\/itacives.it\/?page_id=2816&lang=pt#primaryimage","url":"https:\/\/itacives.it\/wp-content\/uploads\/2024\/01\/DOCUMENTI-NECESSARI.png","contentUrl":"https:\/\/itacives.it\/wp-content\/uploads\/2024\/01\/DOCUMENTI-NECESSARI.png","width":84,"height":84},{"@type":"BreadcrumbList","@id":"https:\/\/itacives.it\/?page_id=2816&lang=pt#breadcrumb","itemListElement":[{"@type":"ListItem","position":1,"name":"Home","item":"https:\/\/itacives.it\/"},{"@type":"ListItem","position":2,"name":"\u00c1reas De Especializa\u00e7\u00e3o","item":"https:\/\/itacives.it\/?page_id=2801&lang=pt"},{"@type":"ListItem","position":3,"name":"Documentos"}]},{"@type":"WebSite","@id":"https:\/\/itacives.it\/#website","url":"https:\/\/itacives.it\/","name":"Ita Cives","description":"Cittadinanza Italiana Iure Sanguinis","publisher":{"@id":"https:\/\/itacives.it\/#organization"},"potentialAction":[{"@type":"SearchAction","target":{"@type":"EntryPoint","urlTemplate":"https:\/\/itacives.it\/?s={search_term_string}"},"query-input":"required name=search_term_string"}],"inLanguage":"en-US"},{"@type":"Organization","@id":"https:\/\/itacives.it\/#organization","name":"Ita Cives","url":"https:\/\/itacives.it\/","logo":{"@type":"ImageObject","inLanguage":"en-US","@id":"https:\/\/itacives.it\/#\/schema\/logo\/image\/","url":"https:\/\/itacives.it\/wp-content\/uploads\/2024\/01\/cropped-ita-cives-variazione-colore-1.png","contentUrl":"https:\/\/itacives.it\/wp-content\/uploads\/2024\/01\/cropped-ita-cives-variazione-colore-1.png","width":1168,"height":282,"caption":"Ita Cives"},"image":{"@id":"https:\/\/itacives.it\/#\/schema\/logo\/image\/"}}]}},"_links":{"self":[{"href":"https:\/\/itacives.it\/index.php?rest_route=\/wp\/v2\/pages\/2816"}],"collection":[{"href":"https:\/\/itacives.it\/index.php?rest_route=\/wp\/v2\/pages"}],"about":[{"href":"https:\/\/itacives.it\/index.php?rest_route=\/wp\/v2\/types\/page"}],"author":[{"embeddable":true,"href":"https:\/\/itacives.it\/index.php?rest_route=\/wp\/v2\/users\/2"}],"replies":[{"embeddable":true,"href":"https:\/\/itacives.it\/index.php?rest_route=%2Fwp%2Fv2%2Fcomments&post=2816"}],"version-history":[{"count":4,"href":"https:\/\/itacives.it\/index.php?rest_route=\/wp\/v2\/pages\/2816\/revisions"}],"predecessor-version":[{"id":2820,"href":"https:\/\/itacives.it\/index.php?rest_route=\/wp\/v2\/pages\/2816\/revisions\/2820"}],"up":[{"embeddable":true,"href":"https:\/\/itacives.it\/index.php?rest_route=\/wp\/v2\/pages\/2801"}],"wp:attachment":[{"href":"https:\/\/itacives.it\/index.php?rest_route=%2Fwp%2Fv2%2Fmedia&parent=2816"}],"curies":[{"name":"wp","href":"https:\/\/api.w.org\/{rel}","templated":true}]}}