{"id":2811,"date":"2024-03-26T12:49:14","date_gmt":"2024-03-26T11:49:14","guid":{"rendered":"https:\/\/itacives.it\/?page_id=2811"},"modified":"2024-03-26T12:51:00","modified_gmt":"2024-03-26T11:51:00","slug":"casos-especiais","status":"publish","type":"page","link":"https:\/\/itacives.it\/?page_id=2811&lang=pt","title":{"rendered":"Casos Especiais"},"content":{"rendered":"\t\t<div data-elementor-type=\"wp-page\" data-elementor-id=\"2811\" class=\"elementor elementor-2811\">\n\t\t\t\t\t\t\t<div class=\"elementor-element elementor-element-bd4b709 e-flex e-con-boxed e-con e-parent\" data-id=\"bd4b709\" data-element_type=\"container\" data-settings=\"{&quot;background_background&quot;:&quot;classic&quot;,&quot;content_width&quot;:&quot;boxed&quot;}\" data-core-v316-plus=\"true\">\n\t\t\t\t\t<div class=\"e-con-inner\">\n\t\t<div class=\"elementor-element elementor-element-66e3958 e-con-full e-flex e-con e-child\" data-id=\"66e3958\" data-element_type=\"container\" data-settings=\"{&quot;content_width&quot;:&quot;full&quot;}\">\n\t\t\t\t<div class=\"elementor-element elementor-element-6179b97 elementor-widget elementor-widget-heading\" data-id=\"6179b97\" data-element_type=\"widget\" data-widget_type=\"heading.default\">\n\t\t\t\t<div class=\"elementor-widget-container\">\n\t\t\t<style>\/*! elementor - v3.18.0 - 20-12-2023 *\/\n.elementor-heading-title{padding:0;margin:0;line-height:1}.elementor-widget-heading .elementor-heading-title[class*=elementor-size-]>a{color:inherit;font-size:inherit;line-height:inherit}.elementor-widget-heading .elementor-heading-title.elementor-size-small{font-size:15px}.elementor-widget-heading .elementor-heading-title.elementor-size-medium{font-size:19px}.elementor-widget-heading .elementor-heading-title.elementor-size-large{font-size:29px}.elementor-widget-heading .elementor-heading-title.elementor-size-xl{font-size:39px}.elementor-widget-heading .elementor-heading-title.elementor-size-xxl{font-size:59px}<\/style><h1 class=\"elementor-heading-title elementor-size-default\">Casos Especiais<\/h1>\t\t<\/div>\n\t\t\t\t<\/div>\n\t\t\t\t<\/div>\n\t\t\t\t\t<\/div>\n\t\t\t\t<\/div>\n\t\t<div class=\"elementor-element elementor-element-0e7cc72 e-flex e-con-boxed e-con e-parent\" data-id=\"0e7cc72\" data-element_type=\"container\" data-settings=\"{&quot;background_background&quot;:&quot;classic&quot;,&quot;content_width&quot;:&quot;boxed&quot;}\" data-core-v316-plus=\"true\">\n\t\t\t\t\t<div class=\"e-con-inner\">\n\t\t<div class=\"elementor-element elementor-element-5d548f9 e-con-full e-flex e-con e-child\" data-id=\"5d548f9\" data-element_type=\"container\" data-settings=\"{&quot;content_width&quot;:&quot;full&quot;}\">\n\t\t<div class=\"elementor-element elementor-element-bcdd19d e-con-full e-flex e-con e-child\" data-id=\"bcdd19d\" data-element_type=\"container\" data-settings=\"{&quot;content_width&quot;:&quot;full&quot;}\">\n\t\t<div class=\"elementor-element elementor-element-f64cca2 e-con-full e-flex e-con e-child\" data-id=\"f64cca2\" data-element_type=\"container\" data-settings=\"{&quot;content_width&quot;:&quot;full&quot;}\">\n\t\t\t\t<div class=\"elementor-element elementor-element-9577c98 elementor-widget elementor-widget-image\" data-id=\"9577c98\" data-element_type=\"widget\" data-widget_type=\"image.default\">\n\t\t\t\t<div class=\"elementor-widget-container\">\n\t\t\t<style>\/*! elementor - v3.18.0 - 20-12-2023 *\/\n.elementor-widget-image{text-align:center}.elementor-widget-image a{display:inline-block}.elementor-widget-image a img[src$=\".svg\"]{width:48px}.elementor-widget-image img{vertical-align:middle;display:inline-block}<\/style>\t\t\t\t\t\t\t\t\t\t\t\t<img decoding=\"async\" width=\"84\" height=\"84\" src=\"https:\/\/itacives.it\/wp-content\/uploads\/2024\/01\/CASI-PARTICOLARI.png\" class=\"attachment-full size-full wp-image-2102\" alt=\"\" \/>\t\t\t\t\t\t\t\t\t\t\t\t\t\t\t<\/div>\n\t\t\t\t<\/div>\n\t\t\t\t<div class=\"elementor-element elementor-element-742d57b elementor-widget elementor-widget-image\" data-id=\"742d57b\" data-element_type=\"widget\" data-widget_type=\"image.default\">\n\t\t\t\t<div class=\"elementor-widget-container\">\n\t\t\t\t\t\t\t\t\t\t\t\t\t\t\t<img fetchpriority=\"high\" decoding=\"async\" width=\"650\" height=\"425\" src=\"https:\/\/itacives.it\/wp-content\/uploads\/2024\/01\/uomo-punto-interrogativo.jpg\" class=\"attachment-full size-full wp-image-1823\" alt=\"\" srcset=\"https:\/\/itacives.it\/wp-content\/uploads\/2024\/01\/uomo-punto-interrogativo.jpg 650w, https:\/\/itacives.it\/wp-content\/uploads\/2024\/01\/uomo-punto-interrogativo-300x196.jpg 300w\" sizes=\"(max-width: 650px) 100vw, 650px\" \/>\t\t\t\t\t\t\t\t\t\t\t\t\t\t\t<\/div>\n\t\t\t\t<\/div>\n\t\t\t\t<\/div>\n\t\t<div class=\"elementor-element elementor-element-e3cf305 e-con-full e-flex e-con e-child\" data-id=\"e3cf305\" data-element_type=\"container\" data-settings=\"{&quot;content_width&quot;:&quot;full&quot;}\">\n\t\t\t\t<div class=\"elementor-element elementor-element-c882e62 elementor-widget elementor-widget-text-editor\" data-id=\"c882e62\" data-element_type=\"widget\" data-widget_type=\"text-editor.default\">\n\t\t\t\t<div class=\"elementor-widget-container\">\n\t\t\t<style>\/*! elementor - v3.18.0 - 20-12-2023 *\/\n.elementor-widget-text-editor.elementor-drop-cap-view-stacked .elementor-drop-cap{background-color:#69727d;color:#fff}.elementor-widget-text-editor.elementor-drop-cap-view-framed .elementor-drop-cap{color:#69727d;border:3px solid;background-color:transparent}.elementor-widget-text-editor:not(.elementor-drop-cap-view-default) .elementor-drop-cap{margin-top:8px}.elementor-widget-text-editor:not(.elementor-drop-cap-view-default) .elementor-drop-cap-letter{width:1em;height:1em}.elementor-widget-text-editor .elementor-drop-cap{float:left;text-align:center;line-height:1;font-size:50px}.elementor-widget-text-editor .elementor-drop-cap-letter{display:inline-block}<\/style>\t\t\t\t<p>Existem tamb\u00e9m casos particulares, e de certa forma problem\u00e1ticos, de aquisi\u00e7\u00e3o de cidadania por direito sangu\u00edneo<\/p>\t\t\t\t\t\t<\/div>\n\t\t\t\t<\/div>\n\t\t\t\t<div class=\"elementor-element elementor-element-ee81c38 elementor-widget elementor-widget-text-editor\" data-id=\"ee81c38\" data-element_type=\"widget\" data-widget_type=\"text-editor.default\">\n\t\t\t\t<div class=\"elementor-widget-container\">\n\t\t\t\t\t\t\t<p>Embora hoje se possa dizer que est\u00e1 definitivamente desatualizado, relatamos, para fins de amplia\u00e7\u00e3o do esclarecimento, a quest\u00e3o relacionada \u00e0 chamada \u201cgrande naturaliza\u00e7\u00e3o brasileira\u201d de 1889-1891. Nesta, os italianos presentes em territ\u00f3rio brasileiro na data de 15 de novembro de 1889 teriam obtido autoriza\u00e7\u00e3o brasileira autom\u00e1tica de naturaliza\u00e7\u00e3o, a menos que tenham feito uma declara\u00e7\u00e3o expressa de se manter a cidadania italiana de origem. A falta de comunica\u00e7\u00e3o no prazo de seis meses ap\u00f3s a promulga\u00e7\u00e3o da medida de naturaliza\u00e7\u00e3o teria feito com que os interessados perdessem a cidadania italiana automaticamente e, impedindo assim, a transmiss\u00e3o da cidadania italiana aos seus descendentes. Portanto, esta circunst\u00e2ncia constituiria uma situa\u00e7\u00e3o obstrutiva, atualmente, para a transmiss\u00e3o da cidadania <em>iure sanguinis<\/em>.\u00a0<\/p><p>\u00a0<\/p><p>O referido argumento foi utilizado pelo Minist\u00e9rio, em suas alega\u00e7\u00f5es de defesa, para argumentar a interrup\u00e7\u00e3o da transmiss\u00e3o da cidadania no caso dos requerentes especificamente por naturaliza\u00e7\u00e3o do ascendente. De acordo com esta reconstru\u00e7\u00e3o, o filho do progenitor sujeito \u00e0 chamada grande naturaliza\u00e7\u00e3o brasileira n\u00e3o teria adquirido a cidadania italiana <em>iure sanguinis<\/em> se a naturaliza\u00e7\u00e3o do pai ocorreu em momento anterior ao seu nascimento. Recentemente, os tribunais decidiram que: \u201co direito \u00e0 cidadania, pessoal e absoluta, s\u00f3 pode ser perdido em virtude de uma ren\u00fancia volunt\u00e1ria e expl\u00edcita; ou seja, do fato negativo de n\u00e3o exercer a ren\u00fancia \u00e0 cidadania brasileira n\u00e3o pode implicar na perda autom\u00e1tica da cidadania italiana\u201d. Nesse sentido, o artigo 8\u00ba da L.555\/1912, que enfatiza que a ren\u00fancia \u00e0 cidadania deve ser fundamentada por um ato consciente e volunt\u00e1rio, pode ser considerado em conson\u00e2ncia com o C\u00f3digo Civil de 1865. Assim, considerando as evid\u00eancias geneal\u00f3gicas aqui fornecidas, a exist\u00eancia do direito alegado pelos requerentes pode ser considerado tamb\u00e9m um caso <em>iure sanguinis <\/em>(Trib. Roma, ord. de 25\/02\/2020 &#8211; RG n. 39713\/2018; Trib. Roma, ord. de 23\/04\/2020 &#8211; RG n.12.781\/2019).<\/p><p>\u00a0<\/p><p>As situa\u00e7\u00f5es problem\u00e1ticas de reconhecimento de cidadania, para as quais aconselhamos que nos contacte s\u00e3o as seguintes:<\/p><ul><li>eventual perda da cidadania nos termos do C\u00f3digo Civil de 1865;<\/li><li>filhos e\/ou filhas nascidos fora do casamento;<\/li><li>naturaliza\u00e7\u00e3o do ascendente durante a menoridade do filho<\/li><\/ul>\t\t\t\t\t\t<\/div>\n\t\t\t\t<\/div>\n\t\t\t\t<\/div>\n\t\t\t\t<\/div>\n\t\t\t\t<\/div>\n\t\t\t\t\t<\/div>\n\t\t\t\t<\/div>\n\t\t\t\t\t\t\t<\/div>\n\t\t","protected":false},"excerpt":{"rendered":"<p>Casos Especiais Existem tamb\u00e9m casos particulares, e de certa forma problem\u00e1ticos, de aquisi\u00e7\u00e3o de cidadania por direito sangu\u00edneo Embora hoje se possa dizer que est\u00e1 definitivamente desatualizado, relatamos, para fins de amplia\u00e7\u00e3o do esclarecimento, a quest\u00e3o relacionada \u00e0 chamada \u201cgrande naturaliza\u00e7\u00e3o brasileira\u201d de 1889-1891. Nesta, os italianos presentes em territ\u00f3rio brasileiro na data de 15 &hellip;<\/p>\n<p class=\"read-more\"> <a class=\"\" href=\"https:\/\/itacives.it\/?page_id=2811&#038;lang=pt\"> <span class=\"screen-reader-text\">Casos Especiais<\/span> Read More &raquo;<\/a><\/p>\n","protected":false},"author":2,"featured_media":0,"parent":2801,"menu_order":0,"comment_status":"closed","ping_status":"closed","template":"","meta":{"site-sidebar-layout":"no-sidebar","site-content-layout":"page-builder","ast-site-content-layout":"full-width-container","site-content-style":"unboxed","site-sidebar-style":"unboxed","ast-global-header-display":"","ast-banner-title-visibility":"","ast-main-header-display":"","ast-hfb-above-header-display":"","ast-hfb-below-header-display":"","ast-hfb-mobile-header-display":"","site-post-title":"disabled","ast-breadcrumbs-content":"disabled","ast-featured-img":"disabled","footer-sml-layout":"","theme-transparent-header-meta":"enabled","adv-header-id-meta":"","stick-header-meta":"","header-above-stick-meta":"","header-main-stick-meta":"","header-below-stick-meta":"","astra-migrate-meta-layouts":"set","ast-page-background-enabled":"default","ast-page-background-meta":{"desktop":{"background-color":"","background-image":"","background-repeat":"repeat","background-position":"center center","background-size":"auto","background-attachment":"scroll","background-type":"","background-media":"","overlay-type":"","overlay-color":"","overlay-gradient":""},"tablet":{"background-color":"","background-image":"","background-repeat":"repeat","background-position":"center center","background-size":"auto","background-attachment":"scroll","background-type":"","background-media":"","overlay-type":"","overlay-color":"","overlay-gradient":""},"mobile":{"background-color":"","background-image":"","background-repeat":"repeat","background-position":"center center","background-size":"auto","background-attachment":"scroll","background-type":"","background-media":"","overlay-type":"","overlay-color":"","overlay-gradient":""}},"ast-content-background-meta":{"desktop":{"background-color":"var(--ast-global-color-5)","background-image":"","background-repeat":"repeat","background-position":"center center","background-size":"auto","background-attachment":"scroll","background-type":"","background-media":"","overlay-type":"","overlay-color":"","overlay-gradient":""},"tablet":{"background-color":"var(--ast-global-color-5)","background-image":"","background-repeat":"repeat","background-position":"center center","background-size":"auto","background-attachment":"scroll","background-type":"","background-media":"","overlay-type":"","overlay-color":"","overlay-gradient":""},"mobile":{"background-color":"var(--ast-global-color-5)","background-image":"","background-repeat":"repeat","background-position":"center center","background-size":"auto","background-attachment":"scroll","background-type":"","background-media":"","overlay-type":"","overlay-color":"","overlay-gradient":""}},"footnotes":"","_joinchat":[]},"yoast_head":"<!-- This site is optimized with the Yoast SEO plugin v22.3 - https:\/\/yoast.com\/wordpress\/plugins\/seo\/ -->\n<title>Casos Especiais - Ita Cives<\/title>\n<meta name=\"robots\" content=\"index, follow, max-snippet:-1, max-image-preview:large, max-video-preview:-1\" \/>\n<link rel=\"canonical\" href=\"https:\/\/itacives.it\/?page_id=2811&lang=pt\" \/>\n<meta property=\"og:locale\" content=\"en_US\" \/>\n<meta property=\"og:type\" content=\"article\" \/>\n<meta property=\"og:title\" content=\"Casos Especiais - Ita Cives\" \/>\n<meta property=\"og:description\" content=\"Casos Especiais Existem tamb\u00e9m casos particulares, e de certa forma problem\u00e1ticos, de aquisi\u00e7\u00e3o de cidadania por direito sangu\u00edneo Embora hoje se possa dizer que est\u00e1 definitivamente desatualizado, relatamos, para fins de amplia\u00e7\u00e3o do esclarecimento, a quest\u00e3o relacionada \u00e0 chamada \u201cgrande naturaliza\u00e7\u00e3o brasileira\u201d de 1889-1891. Nesta, os italianos presentes em territ\u00f3rio brasileiro na data de 15 &hellip; Casos Especiais Read More &raquo;\" \/>\n<meta property=\"og:url\" content=\"https:\/\/itacives.it\/?page_id=2811&amp;lang=pt\" \/>\n<meta property=\"og:site_name\" content=\"Ita Cives\" \/>\n<meta property=\"article:modified_time\" content=\"2024-03-26T11:51:00+00:00\" \/>\n<meta property=\"og:image\" content=\"http:\/\/itacives.it\/wp-content\/uploads\/2024\/01\/CASI-PARTICOLARI.png\" \/>\n<meta name=\"twitter:card\" content=\"summary_large_image\" \/>\n<meta name=\"twitter:label1\" content=\"Est. reading time\" \/>\n\t<meta name=\"twitter:data1\" content=\"2 minutes\" \/>\n<script type=\"application\/ld+json\" class=\"yoast-schema-graph\">{\"@context\":\"https:\/\/schema.org\",\"@graph\":[{\"@type\":\"WebPage\",\"@id\":\"https:\/\/itacives.it\/?page_id=2811&lang=pt\",\"url\":\"https:\/\/itacives.it\/?page_id=2811&lang=pt\",\"name\":\"Casos Especiais - Ita Cives\",\"isPartOf\":{\"@id\":\"https:\/\/itacives.it\/#website\"},\"primaryImageOfPage\":{\"@id\":\"https:\/\/itacives.it\/?page_id=2811&lang=pt#primaryimage\"},\"image\":{\"@id\":\"https:\/\/itacives.it\/?page_id=2811&lang=pt#primaryimage\"},\"thumbnailUrl\":\"http:\/\/itacives.it\/wp-content\/uploads\/2024\/01\/CASI-PARTICOLARI.png\",\"datePublished\":\"2024-03-26T11:49:14+00:00\",\"dateModified\":\"2024-03-26T11:51:00+00:00\",\"breadcrumb\":{\"@id\":\"https:\/\/itacives.it\/?page_id=2811&lang=pt#breadcrumb\"},\"inLanguage\":\"en-US\",\"potentialAction\":[{\"@type\":\"ReadAction\",\"target\":[\"https:\/\/itacives.it\/?page_id=2811&lang=pt\"]}]},{\"@type\":\"ImageObject\",\"inLanguage\":\"en-US\",\"@id\":\"https:\/\/itacives.it\/?page_id=2811&lang=pt#primaryimage\",\"url\":\"https:\/\/itacives.it\/wp-content\/uploads\/2024\/01\/CASI-PARTICOLARI.png\",\"contentUrl\":\"https:\/\/itacives.it\/wp-content\/uploads\/2024\/01\/CASI-PARTICOLARI.png\",\"width\":84,\"height\":84},{\"@type\":\"BreadcrumbList\",\"@id\":\"https:\/\/itacives.it\/?page_id=2811&lang=pt#breadcrumb\",\"itemListElement\":[{\"@type\":\"ListItem\",\"position\":1,\"name\":\"Home\",\"item\":\"https:\/\/itacives.it\/\"},{\"@type\":\"ListItem\",\"position\":2,\"name\":\"\u00c1reas De Especializa\u00e7\u00e3o\",\"item\":\"https:\/\/itacives.it\/?page_id=2801&lang=pt\"},{\"@type\":\"ListItem\",\"position\":3,\"name\":\"Casos Especiais\"}]},{\"@type\":\"WebSite\",\"@id\":\"https:\/\/itacives.it\/#website\",\"url\":\"https:\/\/itacives.it\/\",\"name\":\"Ita Cives\",\"description\":\"Cittadinanza Italiana Iure Sanguinis\",\"publisher\":{\"@id\":\"https:\/\/itacives.it\/#organization\"},\"potentialAction\":[{\"@type\":\"SearchAction\",\"target\":{\"@type\":\"EntryPoint\",\"urlTemplate\":\"https:\/\/itacives.it\/?s={search_term_string}\"},\"query-input\":\"required name=search_term_string\"}],\"inLanguage\":\"en-US\"},{\"@type\":\"Organization\",\"@id\":\"https:\/\/itacives.it\/#organization\",\"name\":\"Ita Cives\",\"url\":\"https:\/\/itacives.it\/\",\"logo\":{\"@type\":\"ImageObject\",\"inLanguage\":\"en-US\",\"@id\":\"https:\/\/itacives.it\/#\/schema\/logo\/image\/\",\"url\":\"https:\/\/itacives.it\/wp-content\/uploads\/2024\/01\/cropped-ita-cives-variazione-colore-1.png\",\"contentUrl\":\"https:\/\/itacives.it\/wp-content\/uploads\/2024\/01\/cropped-ita-cives-variazione-colore-1.png\",\"width\":1168,\"height\":282,\"caption\":\"Ita Cives\"},\"image\":{\"@id\":\"https:\/\/itacives.it\/#\/schema\/logo\/image\/\"}}]}<\/script>\n<!-- \/ Yoast SEO plugin. -->","yoast_head_json":{"title":"Casos Especiais - Ita Cives","robots":{"index":"index","follow":"follow","max-snippet":"max-snippet:-1","max-image-preview":"max-image-preview:large","max-video-preview":"max-video-preview:-1"},"canonical":"https:\/\/itacives.it\/?page_id=2811&lang=pt","og_locale":"en_US","og_type":"article","og_title":"Casos Especiais - Ita Cives","og_description":"Casos Especiais Existem tamb\u00e9m casos particulares, e de certa forma problem\u00e1ticos, de aquisi\u00e7\u00e3o de cidadania por direito sangu\u00edneo Embora hoje se possa dizer que est\u00e1 definitivamente desatualizado, relatamos, para fins de amplia\u00e7\u00e3o do esclarecimento, a quest\u00e3o relacionada \u00e0 chamada \u201cgrande naturaliza\u00e7\u00e3o brasileira\u201d de 1889-1891. Nesta, os italianos presentes em territ\u00f3rio brasileiro na data de 15 &hellip; Casos Especiais Read More &raquo;","og_url":"https:\/\/itacives.it\/?page_id=2811&lang=pt","og_site_name":"Ita Cives","article_modified_time":"2024-03-26T11:51:00+00:00","og_image":[{"url":"http:\/\/itacives.it\/wp-content\/uploads\/2024\/01\/CASI-PARTICOLARI.png"}],"twitter_card":"summary_large_image","twitter_misc":{"Est. reading time":"2 minutes"},"schema":{"@context":"https:\/\/schema.org","@graph":[{"@type":"WebPage","@id":"https:\/\/itacives.it\/?page_id=2811&lang=pt","url":"https:\/\/itacives.it\/?page_id=2811&lang=pt","name":"Casos Especiais - Ita Cives","isPartOf":{"@id":"https:\/\/itacives.it\/#website"},"primaryImageOfPage":{"@id":"https:\/\/itacives.it\/?page_id=2811&lang=pt#primaryimage"},"image":{"@id":"https:\/\/itacives.it\/?page_id=2811&lang=pt#primaryimage"},"thumbnailUrl":"http:\/\/itacives.it\/wp-content\/uploads\/2024\/01\/CASI-PARTICOLARI.png","datePublished":"2024-03-26T11:49:14+00:00","dateModified":"2024-03-26T11:51:00+00:00","breadcrumb":{"@id":"https:\/\/itacives.it\/?page_id=2811&lang=pt#breadcrumb"},"inLanguage":"en-US","potentialAction":[{"@type":"ReadAction","target":["https:\/\/itacives.it\/?page_id=2811&lang=pt"]}]},{"@type":"ImageObject","inLanguage":"en-US","@id":"https:\/\/itacives.it\/?page_id=2811&lang=pt#primaryimage","url":"https:\/\/itacives.it\/wp-content\/uploads\/2024\/01\/CASI-PARTICOLARI.png","contentUrl":"https:\/\/itacives.it\/wp-content\/uploads\/2024\/01\/CASI-PARTICOLARI.png","width":84,"height":84},{"@type":"BreadcrumbList","@id":"https:\/\/itacives.it\/?page_id=2811&lang=pt#breadcrumb","itemListElement":[{"@type":"ListItem","position":1,"name":"Home","item":"https:\/\/itacives.it\/"},{"@type":"ListItem","position":2,"name":"\u00c1reas De Especializa\u00e7\u00e3o","item":"https:\/\/itacives.it\/?page_id=2801&lang=pt"},{"@type":"ListItem","position":3,"name":"Casos Especiais"}]},{"@type":"WebSite","@id":"https:\/\/itacives.it\/#website","url":"https:\/\/itacives.it\/","name":"Ita Cives","description":"Cittadinanza Italiana Iure Sanguinis","publisher":{"@id":"https:\/\/itacives.it\/#organization"},"potentialAction":[{"@type":"SearchAction","target":{"@type":"EntryPoint","urlTemplate":"https:\/\/itacives.it\/?s={search_term_string}"},"query-input":"required name=search_term_string"}],"inLanguage":"en-US"},{"@type":"Organization","@id":"https:\/\/itacives.it\/#organization","name":"Ita Cives","url":"https:\/\/itacives.it\/","logo":{"@type":"ImageObject","inLanguage":"en-US","@id":"https:\/\/itacives.it\/#\/schema\/logo\/image\/","url":"https:\/\/itacives.it\/wp-content\/uploads\/2024\/01\/cropped-ita-cives-variazione-colore-1.png","contentUrl":"https:\/\/itacives.it\/wp-content\/uploads\/2024\/01\/cropped-ita-cives-variazione-colore-1.png","width":1168,"height":282,"caption":"Ita Cives"},"image":{"@id":"https:\/\/itacives.it\/#\/schema\/logo\/image\/"}}]}},"_links":{"self":[{"href":"https:\/\/itacives.it\/index.php?rest_route=\/wp\/v2\/pages\/2811"}],"collection":[{"href":"https:\/\/itacives.it\/index.php?rest_route=\/wp\/v2\/pages"}],"about":[{"href":"https:\/\/itacives.it\/index.php?rest_route=\/wp\/v2\/types\/page"}],"author":[{"embeddable":true,"href":"https:\/\/itacives.it\/index.php?rest_route=\/wp\/v2\/users\/2"}],"replies":[{"embeddable":true,"href":"https:\/\/itacives.it\/index.php?rest_route=%2Fwp%2Fv2%2Fcomments&post=2811"}],"version-history":[{"count":4,"href":"https:\/\/itacives.it\/index.php?rest_route=\/wp\/v2\/pages\/2811\/revisions"}],"predecessor-version":[{"id":2815,"href":"https:\/\/itacives.it\/index.php?rest_route=\/wp\/v2\/pages\/2811\/revisions\/2815"}],"up":[{"embeddable":true,"href":"https:\/\/itacives.it\/index.php?rest_route=\/wp\/v2\/pages\/2801"}],"wp:attachment":[{"href":"https:\/\/itacives.it\/index.php?rest_route=%2Fwp%2Fv2%2Fmedia&parent=2811"}],"curies":[{"name":"wp","href":"https:\/\/api.w.org\/{rel}","templated":true}]}}