{"id":2707,"date":"2024-03-14T20:06:37","date_gmt":"2024-03-14T19:06:37","guid":{"rendered":"https:\/\/itacives.it\/?page_id=2707"},"modified":"2024-03-15T14:03:24","modified_gmt":"2024-03-15T13:03:24","slug":"procedimiento-judical","status":"publish","type":"page","link":"https:\/\/itacives.it\/?page_id=2707&lang=es","title":{"rendered":"Procedimiento Judical"},"content":{"rendered":"\t\t<div data-elementor-type=\"wp-page\" data-elementor-id=\"2707\" class=\"elementor elementor-2707\">\n\t\t\t\t\t\t\t<div class=\"elementor-element elementor-element-bd4b709 e-flex e-con-boxed e-con e-parent\" data-id=\"bd4b709\" data-element_type=\"container\" data-settings=\"{&quot;background_background&quot;:&quot;classic&quot;,&quot;content_width&quot;:&quot;boxed&quot;}\" data-core-v316-plus=\"true\">\n\t\t\t\t\t<div class=\"e-con-inner\">\n\t\t<div class=\"elementor-element elementor-element-66e3958 e-con-full e-flex e-con e-child\" data-id=\"66e3958\" data-element_type=\"container\" data-settings=\"{&quot;content_width&quot;:&quot;full&quot;}\">\n\t\t\t\t<div class=\"elementor-element elementor-element-6179b97 elementor-widget elementor-widget-heading\" data-id=\"6179b97\" data-element_type=\"widget\" data-widget_type=\"heading.default\">\n\t\t\t\t<div class=\"elementor-widget-container\">\n\t\t\t<style>\/*! elementor - v3.18.0 - 20-12-2023 *\/\n.elementor-heading-title{padding:0;margin:0;line-height:1}.elementor-widget-heading .elementor-heading-title[class*=elementor-size-]>a{color:inherit;font-size:inherit;line-height:inherit}.elementor-widget-heading .elementor-heading-title.elementor-size-small{font-size:15px}.elementor-widget-heading .elementor-heading-title.elementor-size-medium{font-size:19px}.elementor-widget-heading .elementor-heading-title.elementor-size-large{font-size:29px}.elementor-widget-heading .elementor-heading-title.elementor-size-xl{font-size:39px}.elementor-widget-heading .elementor-heading-title.elementor-size-xxl{font-size:59px}<\/style><h1 class=\"elementor-heading-title elementor-size-default\">Procedimiento Judical<\/h1>\t\t<\/div>\n\t\t\t\t<\/div>\n\t\t\t\t<\/div>\n\t\t\t\t\t<\/div>\n\t\t\t\t<\/div>\n\t\t<div class=\"elementor-element elementor-element-0e7cc72 e-flex e-con-boxed e-con e-parent\" data-id=\"0e7cc72\" data-element_type=\"container\" data-settings=\"{&quot;background_background&quot;:&quot;classic&quot;,&quot;content_width&quot;:&quot;boxed&quot;}\" data-core-v316-plus=\"true\">\n\t\t\t\t\t<div class=\"e-con-inner\">\n\t\t<div class=\"elementor-element elementor-element-5d548f9 e-con-full e-flex e-con e-child\" data-id=\"5d548f9\" data-element_type=\"container\" data-settings=\"{&quot;content_width&quot;:&quot;full&quot;}\">\n\t\t<div class=\"elementor-element elementor-element-bcdd19d e-con-full e-flex e-con e-child\" data-id=\"bcdd19d\" data-element_type=\"container\" data-settings=\"{&quot;content_width&quot;:&quot;full&quot;}\">\n\t\t<div class=\"elementor-element elementor-element-f64cca2 e-con-full e-flex e-con e-child\" data-id=\"f64cca2\" data-element_type=\"container\" data-settings=\"{&quot;content_width&quot;:&quot;full&quot;}\">\n\t\t\t\t<div class=\"elementor-element elementor-element-a147350 elementor-widget elementor-widget-image\" data-id=\"a147350\" data-element_type=\"widget\" data-settings=\"{&quot;_animation&quot;:&quot;none&quot;}\" data-widget_type=\"image.default\">\n\t\t\t\t<div class=\"elementor-widget-container\">\n\t\t\t<style>\/*! elementor - v3.18.0 - 20-12-2023 *\/\n.elementor-widget-image{text-align:center}.elementor-widget-image a{display:inline-block}.elementor-widget-image a img[src$=\".svg\"]{width:48px}.elementor-widget-image img{vertical-align:middle;display:inline-block}<\/style>\t\t\t\t\t\t\t\t\t\t\t\t<img decoding=\"async\" width=\"84\" height=\"84\" src=\"https:\/\/itacives.it\/wp-content\/uploads\/2024\/01\/RICORSO-TRIBUNALE-copia-2.png\" class=\"attachment-large size-large wp-image-2098\" alt=\"\" \/>\t\t\t\t\t\t\t\t\t\t\t\t\t\t\t<\/div>\n\t\t\t\t<\/div>\n\t\t\t\t<div class=\"elementor-element elementor-element-069b29e elementor-widget elementor-widget-image\" data-id=\"069b29e\" data-element_type=\"widget\" data-settings=\"{&quot;_animation&quot;:&quot;none&quot;}\" data-widget_type=\"image.default\">\n\t\t\t\t<div class=\"elementor-widget-container\">\n\t\t\t\t\t\t\t\t\t\t\t\t\t\t\t<img fetchpriority=\"high\" decoding=\"async\" width=\"1024\" height=\"996\" src=\"https:\/\/itacives.it\/wp-content\/uploads\/2024\/01\/vista-dall-alto-degli-elementi-di-orientamento-professionale-per-i-giudici-scaled-e1704199849607-1024x996.jpg\" class=\"attachment-large size-large wp-image-1819\" alt=\"\" srcset=\"https:\/\/itacives.it\/wp-content\/uploads\/2024\/01\/vista-dall-alto-degli-elementi-di-orientamento-professionale-per-i-giudici-scaled-e1704199849607-1024x996.jpg 1024w, https:\/\/itacives.it\/wp-content\/uploads\/2024\/01\/vista-dall-alto-degli-elementi-di-orientamento-professionale-per-i-giudici-scaled-e1704199849607-300x292.jpg 300w, https:\/\/itacives.it\/wp-content\/uploads\/2024\/01\/vista-dall-alto-degli-elementi-di-orientamento-professionale-per-i-giudici-scaled-e1704199849607-768x747.jpg 768w, https:\/\/itacives.it\/wp-content\/uploads\/2024\/01\/vista-dall-alto-degli-elementi-di-orientamento-professionale-per-i-giudici-scaled-e1704199849607-1536x1494.jpg 1536w, https:\/\/itacives.it\/wp-content\/uploads\/2024\/01\/vista-dall-alto-degli-elementi-di-orientamento-professionale-per-i-giudici-scaled-e1704199849607.jpg 1706w\" sizes=\"(max-width: 1024px) 100vw, 1024px\" \/>\t\t\t\t\t\t\t\t\t\t\t\t\t\t\t<\/div>\n\t\t\t\t<\/div>\n\t\t\t\t<\/div>\n\t\t<div class=\"elementor-element elementor-element-e3cf305 e-con-full e-flex e-con e-child\" data-id=\"e3cf305\" data-element_type=\"container\" data-settings=\"{&quot;content_width&quot;:&quot;full&quot;}\">\n\t\t\t\t<div class=\"elementor-element elementor-element-c882e62 elementor-widget elementor-widget-text-editor\" data-id=\"c882e62\" data-element_type=\"widget\" data-widget_type=\"text-editor.default\">\n\t\t\t\t<div class=\"elementor-widget-container\">\n\t\t\t<style>\/*! elementor - v3.18.0 - 20-12-2023 *\/\n.elementor-widget-text-editor.elementor-drop-cap-view-stacked .elementor-drop-cap{background-color:#69727d;color:#fff}.elementor-widget-text-editor.elementor-drop-cap-view-framed .elementor-drop-cap{color:#69727d;border:3px solid;background-color:transparent}.elementor-widget-text-editor:not(.elementor-drop-cap-view-default) .elementor-drop-cap{margin-top:8px}.elementor-widget-text-editor:not(.elementor-drop-cap-view-default) .elementor-drop-cap-letter{width:1em;height:1em}.elementor-widget-text-editor .elementor-drop-cap{float:left;text-align:center;line-height:1;font-size:50px}.elementor-widget-text-editor .elementor-drop-cap-letter{display:inline-block}<\/style>\t\t\t\t<p>Se trata de un procedimiento especial que durante a\u00f1os se ha incoado \u00fanicamente ante el Tribunal Ordinario de Roma que, como se ha mencionado, es el \u00fanico recurso de que disponen los descendientes de antepasados italianos pertenecientes a la l\u00ednea materna que residen en Italia o en el extranjero.<\/p>\t\t\t\t\t\t<\/div>\n\t\t\t\t<\/div>\n\t\t\t\t<div class=\"elementor-element elementor-element-ee81c38 elementor-widget elementor-widget-text-editor\" data-id=\"ee81c38\" data-element_type=\"widget\" data-widget_type=\"text-editor.default\">\n\t\t\t\t<div class=\"elementor-widget-container\">\n\t\t\t\t\t\t\t<p>A este respecto, cabe se\u00f1alar que, a partir del 22 de junio de 2022, tras la introducci\u00f3n de la ley de reforma del proceso civil n\u00ba 206 de 26.11.2021, ahora se establece que &#8220;Cuando el demandante reside en el extranjero, los litigios para determinar la condici\u00f3n de ciudadano italiano se asignan teniendo en cuenta el municipio de nacimiento del padre, la madre o el ascendiente que sean ciudadanos italianos&#8221;. Esto significa que hoy en d\u00eda, a diferencia de a\u00f1os pasados, ya no ser\u00e1 el Tribunal de Roma el \u00fanico competente, sino el Tribunal en cuya circunscripci\u00f3n haya nacido el \u00faltimo antepasado italiano, o si el demandante reside en Italia (en caso de <a href=\"https:\/\/itacives.it\/?page_id=2688&amp;lang=es\">l\u00ednea materna<\/a>) deber\u00e1 presentar una demanda ante el tribunal territorialmente competente en funci\u00f3n de su residencia.<\/p><p>Adem\u00e1s, aclarado esto, cabe se\u00f1alar que, tambi\u00e9n en referencia a este tipo de recurso, es requisito imprescindible estar en posesi\u00f3n de toda la documentaci\u00f3n que acredite la descendencia del ascendiente italiano, que se presentar\u00e1 ante el juez que ya conozca el caso.<\/p><p>\u00c9ste, en caso de estimar el recurso, declarar\u00e1 mediante decreto espec\u00edfico que el solicitante es ciudadano italiano de nacimiento y ordenar\u00e1 a la administraci\u00f3n que lleve a cabo los cumplimientos necesarios (inscripciones, transcripciones y anotaciones exigidas por la ley).<\/p><p>Por lo tanto, la sentencia tendr\u00e1 por objeto la reconstrucci\u00f3n de la descendencia de un antepasado italiano por l\u00ednea materna sobre la base de la documentaci\u00f3n de parte adjuntada al recurso, tal como se hace administrativamente en los Consulados o Municipios de residencia. Por lo tanto, el juez realiza las mismas comprobaciones sobre la posesi\u00f3n de la ciudadan\u00eda italiana <em>iure sanguinis<\/em> por parte del solicitante que las que se realizan administrativamente (Consulados o Municipios de residencia).<\/p><p>Este procedimiento es especialmente r\u00e1pido ya que reviste la forma del rito simplificado que, como es bien sabido, se resuelve en muy pocas audiencias.<\/p><p><strong>Para iniciar dicho procedimiento, no se exige que el interesado sea residente o, en todo caso, est\u00e9 presente en Italia, ya que normalmente puede residir en el extranjero<\/strong>. Basta con que otorgue poderes de representaci\u00f3n, mediante apoderamiento, a nuestros abogados italianos para ser defendido y representado en el proceso de reconocimiento de ciudadan\u00eda, al final del cual ser\u00e1 declarado ciudadano italiano.<\/p>\t\t\t\t\t\t<\/div>\n\t\t\t\t<\/div>\n\t\t\t\t<\/div>\n\t\t\t\t<\/div>\n\t\t\t\t<\/div>\n\t\t\t\t\t<\/div>\n\t\t\t\t<\/div>\n\t\t\t\t\t\t\t<\/div>\n\t\t","protected":false},"excerpt":{"rendered":"<p>Procedimiento Judical Se trata de un procedimiento especial que durante a\u00f1os se ha incoado \u00fanicamente ante el Tribunal Ordinario de Roma que, como se ha mencionado, es el \u00fanico recurso de que disponen los descendientes de antepasados italianos pertenecientes a la l\u00ednea materna que residen en Italia o en el extranjero. A este respecto, cabe &hellip;<\/p>\n<p class=\"read-more\"> <a class=\"\" href=\"https:\/\/itacives.it\/?page_id=2707&#038;lang=es\"> <span class=\"screen-reader-text\">Procedimiento Judical<\/span> Read More &raquo;<\/a><\/p>\n","protected":false},"author":2,"featured_media":0,"parent":2633,"menu_order":0,"comment_status":"closed","ping_status":"closed","template":"","meta":{"site-sidebar-layout":"no-sidebar","site-content-layout":"page-builder","ast-site-content-layout":"full-width-container","site-content-style":"unboxed","site-sidebar-style":"unboxed","ast-global-header-display":"","ast-banner-title-visibility":"","ast-main-header-display":"","ast-hfb-above-header-display":"","ast-hfb-below-header-display":"","ast-hfb-mobile-header-display":"","site-post-title":"disabled","ast-breadcrumbs-content":"disabled","ast-featured-img":"disabled","footer-sml-layout":"","theme-transparent-header-meta":"enabled","adv-header-id-meta":"","stick-header-meta":"","header-above-stick-meta":"","header-main-stick-meta":"","header-below-stick-meta":"","astra-migrate-meta-layouts":"set","ast-page-background-enabled":"default","ast-page-background-meta":{"desktop":{"background-color":"","background-image":"","background-repeat":"repeat","background-position":"center center","background-size":"auto","background-attachment":"scroll","background-type":"","background-media":"","overlay-type":"","overlay-color":"","overlay-gradient":""},"tablet":{"background-color":"","background-image":"","background-repeat":"repeat","background-position":"center center","background-size":"auto","background-attachment":"scroll","background-type":"","background-media":"","overlay-type":"","overlay-color":"","overlay-gradient":""},"mobile":{"background-color":"","background-image":"","background-repeat":"repeat","background-position":"center center","background-size":"auto","background-attachment":"scroll","background-type":"","background-media":"","overlay-type":"","overlay-color":"","overlay-gradient":""}},"ast-content-background-meta":{"desktop":{"background-color":"var(--ast-global-color-5)","background-image":"","background-repeat":"repeat","background-position":"center center","background-size":"auto","background-attachment":"scroll","background-type":"","background-media":"","overlay-type":"","overlay-color":"","overlay-gradient":""},"tablet":{"background-color":"var(--ast-global-color-5)","background-image":"","background-repeat":"repeat","background-position":"center center","background-size":"auto","background-attachment":"scroll","background-type":"","background-media":"","overlay-type":"","overlay-color":"","overlay-gradient":""},"mobile":{"background-color":"var(--ast-global-color-5)","background-image":"","background-repeat":"repeat","background-position":"center center","background-size":"auto","background-attachment":"scroll","background-type":"","background-media":"","overlay-type":"","overlay-color":"","overlay-gradient":""}},"footnotes":"","_joinchat":[]},"yoast_head":"<!-- This site is optimized with the Yoast SEO plugin v22.3 - https:\/\/yoast.com\/wordpress\/plugins\/seo\/ -->\n<title>Procedimiento Judical - Ita Cives<\/title>\n<meta name=\"robots\" content=\"index, follow, max-snippet:-1, max-image-preview:large, max-video-preview:-1\" \/>\n<link rel=\"canonical\" href=\"https:\/\/itacives.it\/?page_id=2707&lang=es\" \/>\n<meta property=\"og:locale\" content=\"en_US\" \/>\n<meta property=\"og:type\" content=\"article\" \/>\n<meta property=\"og:title\" content=\"Procedimiento Judical - Ita Cives\" \/>\n<meta property=\"og:description\" content=\"Procedimiento Judical Se trata de un procedimiento especial que durante a\u00f1os se ha incoado \u00fanicamente ante el Tribunal Ordinario de Roma que, como se ha mencionado, es el \u00fanico recurso de que disponen los descendientes de antepasados italianos pertenecientes a la l\u00ednea materna que residen en Italia o en el extranjero. A este respecto, cabe &hellip; Procedimiento Judical Read More &raquo;\" \/>\n<meta property=\"og:url\" content=\"https:\/\/itacives.it\/?page_id=2707&amp;lang=es\" \/>\n<meta property=\"og:site_name\" content=\"Ita Cives\" \/>\n<meta property=\"article:modified_time\" content=\"2024-03-15T13:03:24+00:00\" \/>\n<meta property=\"og:image\" content=\"http:\/\/itacives.it\/wp-content\/uploads\/2024\/01\/RICORSO-TRIBUNALE-copia-2.png\" \/>\n<meta name=\"twitter:card\" content=\"summary_large_image\" \/>\n<meta name=\"twitter:label1\" content=\"Est. reading time\" \/>\n\t<meta name=\"twitter:data1\" content=\"2 minutes\" \/>\n<script type=\"application\/ld+json\" class=\"yoast-schema-graph\">{\"@context\":\"https:\/\/schema.org\",\"@graph\":[{\"@type\":\"WebPage\",\"@id\":\"https:\/\/itacives.it\/?page_id=2707&lang=es\",\"url\":\"https:\/\/itacives.it\/?page_id=2707&lang=es\",\"name\":\"Procedimiento Judical - Ita Cives\",\"isPartOf\":{\"@id\":\"https:\/\/itacives.it\/#website\"},\"primaryImageOfPage\":{\"@id\":\"https:\/\/itacives.it\/?page_id=2707&lang=es#primaryimage\"},\"image\":{\"@id\":\"https:\/\/itacives.it\/?page_id=2707&lang=es#primaryimage\"},\"thumbnailUrl\":\"http:\/\/itacives.it\/wp-content\/uploads\/2024\/01\/RICORSO-TRIBUNALE-copia-2.png\",\"datePublished\":\"2024-03-14T19:06:37+00:00\",\"dateModified\":\"2024-03-15T13:03:24+00:00\",\"breadcrumb\":{\"@id\":\"https:\/\/itacives.it\/?page_id=2707&lang=es#breadcrumb\"},\"inLanguage\":\"en-US\",\"potentialAction\":[{\"@type\":\"ReadAction\",\"target\":[\"https:\/\/itacives.it\/?page_id=2707&lang=es\"]}]},{\"@type\":\"ImageObject\",\"inLanguage\":\"en-US\",\"@id\":\"https:\/\/itacives.it\/?page_id=2707&lang=es#primaryimage\",\"url\":\"https:\/\/itacives.it\/wp-content\/uploads\/2024\/01\/RICORSO-TRIBUNALE-copia-2.png\",\"contentUrl\":\"https:\/\/itacives.it\/wp-content\/uploads\/2024\/01\/RICORSO-TRIBUNALE-copia-2.png\",\"width\":84,\"height\":84},{\"@type\":\"BreadcrumbList\",\"@id\":\"https:\/\/itacives.it\/?page_id=2707&lang=es#breadcrumb\",\"itemListElement\":[{\"@type\":\"ListItem\",\"position\":1,\"name\":\"Home\",\"item\":\"https:\/\/itacives.it\/\"},{\"@type\":\"ListItem\",\"position\":2,\"name\":\"\u00c1reas de Especializaci\u00f3n\",\"item\":\"https:\/\/itacives.it\/?page_id=2633&lang=es\"},{\"@type\":\"ListItem\",\"position\":3,\"name\":\"Procedimiento Judical\"}]},{\"@type\":\"WebSite\",\"@id\":\"https:\/\/itacives.it\/#website\",\"url\":\"https:\/\/itacives.it\/\",\"name\":\"Ita Cives\",\"description\":\"Cittadinanza Italiana Iure Sanguinis\",\"publisher\":{\"@id\":\"https:\/\/itacives.it\/#organization\"},\"potentialAction\":[{\"@type\":\"SearchAction\",\"target\":{\"@type\":\"EntryPoint\",\"urlTemplate\":\"https:\/\/itacives.it\/?s={search_term_string}\"},\"query-input\":\"required name=search_term_string\"}],\"inLanguage\":\"en-US\"},{\"@type\":\"Organization\",\"@id\":\"https:\/\/itacives.it\/#organization\",\"name\":\"Ita Cives\",\"url\":\"https:\/\/itacives.it\/\",\"logo\":{\"@type\":\"ImageObject\",\"inLanguage\":\"en-US\",\"@id\":\"https:\/\/itacives.it\/#\/schema\/logo\/image\/\",\"url\":\"https:\/\/itacives.it\/wp-content\/uploads\/2024\/01\/cropped-ita-cives-variazione-colore-1.png\",\"contentUrl\":\"https:\/\/itacives.it\/wp-content\/uploads\/2024\/01\/cropped-ita-cives-variazione-colore-1.png\",\"width\":1168,\"height\":282,\"caption\":\"Ita Cives\"},\"image\":{\"@id\":\"https:\/\/itacives.it\/#\/schema\/logo\/image\/\"}}]}<\/script>\n<!-- \/ Yoast SEO plugin. -->","yoast_head_json":{"title":"Procedimiento Judical - Ita Cives","robots":{"index":"index","follow":"follow","max-snippet":"max-snippet:-1","max-image-preview":"max-image-preview:large","max-video-preview":"max-video-preview:-1"},"canonical":"https:\/\/itacives.it\/?page_id=2707&lang=es","og_locale":"en_US","og_type":"article","og_title":"Procedimiento Judical - Ita Cives","og_description":"Procedimiento Judical Se trata de un procedimiento especial que durante a\u00f1os se ha incoado \u00fanicamente ante el Tribunal Ordinario de Roma que, como se ha mencionado, es el \u00fanico recurso de que disponen los descendientes de antepasados italianos pertenecientes a la l\u00ednea materna que residen en Italia o en el extranjero. A este respecto, cabe &hellip; Procedimiento Judical Read More &raquo;","og_url":"https:\/\/itacives.it\/?page_id=2707&lang=es","og_site_name":"Ita Cives","article_modified_time":"2024-03-15T13:03:24+00:00","og_image":[{"url":"http:\/\/itacives.it\/wp-content\/uploads\/2024\/01\/RICORSO-TRIBUNALE-copia-2.png"}],"twitter_card":"summary_large_image","twitter_misc":{"Est. reading time":"2 minutes"},"schema":{"@context":"https:\/\/schema.org","@graph":[{"@type":"WebPage","@id":"https:\/\/itacives.it\/?page_id=2707&lang=es","url":"https:\/\/itacives.it\/?page_id=2707&lang=es","name":"Procedimiento Judical - Ita Cives","isPartOf":{"@id":"https:\/\/itacives.it\/#website"},"primaryImageOfPage":{"@id":"https:\/\/itacives.it\/?page_id=2707&lang=es#primaryimage"},"image":{"@id":"https:\/\/itacives.it\/?page_id=2707&lang=es#primaryimage"},"thumbnailUrl":"http:\/\/itacives.it\/wp-content\/uploads\/2024\/01\/RICORSO-TRIBUNALE-copia-2.png","datePublished":"2024-03-14T19:06:37+00:00","dateModified":"2024-03-15T13:03:24+00:00","breadcrumb":{"@id":"https:\/\/itacives.it\/?page_id=2707&lang=es#breadcrumb"},"inLanguage":"en-US","potentialAction":[{"@type":"ReadAction","target":["https:\/\/itacives.it\/?page_id=2707&lang=es"]}]},{"@type":"ImageObject","inLanguage":"en-US","@id":"https:\/\/itacives.it\/?page_id=2707&lang=es#primaryimage","url":"https:\/\/itacives.it\/wp-content\/uploads\/2024\/01\/RICORSO-TRIBUNALE-copia-2.png","contentUrl":"https:\/\/itacives.it\/wp-content\/uploads\/2024\/01\/RICORSO-TRIBUNALE-copia-2.png","width":84,"height":84},{"@type":"BreadcrumbList","@id":"https:\/\/itacives.it\/?page_id=2707&lang=es#breadcrumb","itemListElement":[{"@type":"ListItem","position":1,"name":"Home","item":"https:\/\/itacives.it\/"},{"@type":"ListItem","position":2,"name":"\u00c1reas de Especializaci\u00f3n","item":"https:\/\/itacives.it\/?page_id=2633&lang=es"},{"@type":"ListItem","position":3,"name":"Procedimiento Judical"}]},{"@type":"WebSite","@id":"https:\/\/itacives.it\/#website","url":"https:\/\/itacives.it\/","name":"Ita Cives","description":"Cittadinanza Italiana Iure Sanguinis","publisher":{"@id":"https:\/\/itacives.it\/#organization"},"potentialAction":[{"@type":"SearchAction","target":{"@type":"EntryPoint","urlTemplate":"https:\/\/itacives.it\/?s={search_term_string}"},"query-input":"required name=search_term_string"}],"inLanguage":"en-US"},{"@type":"Organization","@id":"https:\/\/itacives.it\/#organization","name":"Ita Cives","url":"https:\/\/itacives.it\/","logo":{"@type":"ImageObject","inLanguage":"en-US","@id":"https:\/\/itacives.it\/#\/schema\/logo\/image\/","url":"https:\/\/itacives.it\/wp-content\/uploads\/2024\/01\/cropped-ita-cives-variazione-colore-1.png","contentUrl":"https:\/\/itacives.it\/wp-content\/uploads\/2024\/01\/cropped-ita-cives-variazione-colore-1.png","width":1168,"height":282,"caption":"Ita Cives"},"image":{"@id":"https:\/\/itacives.it\/#\/schema\/logo\/image\/"}}]}},"_links":{"self":[{"href":"https:\/\/itacives.it\/index.php?rest_route=\/wp\/v2\/pages\/2707"}],"collection":[{"href":"https:\/\/itacives.it\/index.php?rest_route=\/wp\/v2\/pages"}],"about":[{"href":"https:\/\/itacives.it\/index.php?rest_route=\/wp\/v2\/types\/page"}],"author":[{"embeddable":true,"href":"https:\/\/itacives.it\/index.php?rest_route=\/wp\/v2\/users\/2"}],"replies":[{"embeddable":true,"href":"https:\/\/itacives.it\/index.php?rest_route=%2Fwp%2Fv2%2Fcomments&post=2707"}],"version-history":[{"count":7,"href":"https:\/\/itacives.it\/index.php?rest_route=\/wp\/v2\/pages\/2707\/revisions"}],"predecessor-version":[{"id":2768,"href":"https:\/\/itacives.it\/index.php?rest_route=\/wp\/v2\/pages\/2707\/revisions\/2768"}],"up":[{"embeddable":true,"href":"https:\/\/itacives.it\/index.php?rest_route=\/wp\/v2\/pages\/2633"}],"wp:attachment":[{"href":"https:\/\/itacives.it\/index.php?rest_route=%2Fwp%2Fv2%2Fmedia&parent=2707"}],"curies":[{"name":"wp","href":"https:\/\/api.w.org\/{rel}","templated":true}]}}