{"id":2693,"date":"2024-03-14T19:56:05","date_gmt":"2024-03-14T18:56:05","guid":{"rendered":"https:\/\/itacives.it\/?page_id=2693"},"modified":"2024-03-15T13:58:30","modified_gmt":"2024-03-15T12:58:30","slug":"linea-paterna","status":"publish","type":"page","link":"https:\/\/itacives.it\/?page_id=2693&lang=es","title":{"rendered":"L\u00ednea Paterna"},"content":{"rendered":"\t\t<div data-elementor-type=\"wp-page\" data-elementor-id=\"2693\" class=\"elementor elementor-2693\">\n\t\t\t\t\t\t\t<div class=\"elementor-element elementor-element-bd4b709 e-flex e-con-boxed e-con e-parent\" data-id=\"bd4b709\" data-element_type=\"container\" data-settings=\"{&quot;background_background&quot;:&quot;classic&quot;,&quot;content_width&quot;:&quot;boxed&quot;}\" data-core-v316-plus=\"true\">\n\t\t\t\t\t<div class=\"e-con-inner\">\n\t\t<div class=\"elementor-element elementor-element-66e3958 e-con-full e-flex e-con e-child\" data-id=\"66e3958\" data-element_type=\"container\" data-settings=\"{&quot;content_width&quot;:&quot;full&quot;}\">\n\t\t\t\t<div class=\"elementor-element elementor-element-6179b97 elementor-widget elementor-widget-heading\" data-id=\"6179b97\" data-element_type=\"widget\" data-widget_type=\"heading.default\">\n\t\t\t\t<div class=\"elementor-widget-container\">\n\t\t\t<style>\/*! elementor - v3.18.0 - 20-12-2023 *\/\n.elementor-heading-title{padding:0;margin:0;line-height:1}.elementor-widget-heading .elementor-heading-title[class*=elementor-size-]>a{color:inherit;font-size:inherit;line-height:inherit}.elementor-widget-heading .elementor-heading-title.elementor-size-small{font-size:15px}.elementor-widget-heading .elementor-heading-title.elementor-size-medium{font-size:19px}.elementor-widget-heading .elementor-heading-title.elementor-size-large{font-size:29px}.elementor-widget-heading .elementor-heading-title.elementor-size-xl{font-size:39px}.elementor-widget-heading .elementor-heading-title.elementor-size-xxl{font-size:59px}<\/style><h1 class=\"elementor-heading-title elementor-size-default\">L\u00ednea Paterna<\/h1>\t\t<\/div>\n\t\t\t\t<\/div>\n\t\t\t\t<\/div>\n\t\t\t\t\t<\/div>\n\t\t\t\t<\/div>\n\t\t<div class=\"elementor-element elementor-element-0e7cc72 e-flex e-con-boxed e-con e-parent\" data-id=\"0e7cc72\" data-element_type=\"container\" data-settings=\"{&quot;background_background&quot;:&quot;classic&quot;,&quot;content_width&quot;:&quot;boxed&quot;}\" data-core-v316-plus=\"true\">\n\t\t\t\t\t<div class=\"e-con-inner\">\n\t\t<div class=\"elementor-element elementor-element-5d548f9 e-con-full e-flex e-con e-child\" data-id=\"5d548f9\" data-element_type=\"container\" data-settings=\"{&quot;content_width&quot;:&quot;full&quot;}\">\n\t\t<div class=\"elementor-element elementor-element-bcdd19d e-con-full e-flex e-con e-child\" data-id=\"bcdd19d\" data-element_type=\"container\" data-settings=\"{&quot;content_width&quot;:&quot;full&quot;}\">\n\t\t<div class=\"elementor-element elementor-element-f64cca2 e-con-full e-flex e-con e-child\" data-id=\"f64cca2\" data-element_type=\"container\" data-settings=\"{&quot;content_width&quot;:&quot;full&quot;}\">\n\t\t\t\t<div class=\"elementor-element elementor-element-d4ba177 elementor-widget elementor-widget-image\" data-id=\"d4ba177\" data-element_type=\"widget\" data-widget_type=\"image.default\">\n\t\t\t\t<div class=\"elementor-widget-container\">\n\t\t\t<style>\/*! elementor - v3.18.0 - 20-12-2023 *\/\n.elementor-widget-image{text-align:center}.elementor-widget-image a{display:inline-block}.elementor-widget-image a img[src$=\".svg\"]{width:48px}.elementor-widget-image img{vertical-align:middle;display:inline-block}<\/style>\t\t\t\t\t\t\t\t\t\t\t\t<img decoding=\"async\" width=\"84\" height=\"84\" src=\"https:\/\/itacives.it\/wp-content\/uploads\/2024\/01\/PATERNA.png\" class=\"attachment-large size-large wp-image-2096\" alt=\"\" \/>\t\t\t\t\t\t\t\t\t\t\t\t\t\t\t<\/div>\n\t\t\t\t<\/div>\n\t\t\t\t<div class=\"elementor-element elementor-element-2cae5cb elementor-widget elementor-widget-image\" data-id=\"2cae5cb\" data-element_type=\"widget\" data-widget_type=\"image.default\">\n\t\t\t\t<div class=\"elementor-widget-container\">\n\t\t\t\t\t\t\t\t\t\t\t\t\t\t\t<img fetchpriority=\"high\" decoding=\"async\" width=\"537\" height=\"600\" src=\"https:\/\/itacives.it\/wp-content\/uploads\/2024\/01\/linea-paterna-e1705085574492.jpeg\" class=\"attachment-large size-large wp-image-2079\" alt=\"\" srcset=\"https:\/\/itacives.it\/wp-content\/uploads\/2024\/01\/linea-paterna-e1705085574492.jpeg 537w, https:\/\/itacives.it\/wp-content\/uploads\/2024\/01\/linea-paterna-e1705085574492-269x300.jpeg 269w\" sizes=\"(max-width: 537px) 100vw, 537px\" \/>\t\t\t\t\t\t\t\t\t\t\t\t\t\t\t<\/div>\n\t\t\t\t<\/div>\n\t\t\t\t<\/div>\n\t\t<div class=\"elementor-element elementor-element-e3cf305 e-con-full e-flex e-con e-child\" data-id=\"e3cf305\" data-element_type=\"container\" data-settings=\"{&quot;content_width&quot;:&quot;full&quot;}\">\n\t\t\t\t<div class=\"elementor-element elementor-element-c882e62 elementor-widget elementor-widget-text-editor\" data-id=\"c882e62\" data-element_type=\"widget\" data-widget_type=\"text-editor.default\">\n\t\t\t\t<div class=\"elementor-widget-container\">\n\t\t\t<style>\/*! elementor - v3.18.0 - 20-12-2023 *\/\n.elementor-widget-text-editor.elementor-drop-cap-view-stacked .elementor-drop-cap{background-color:#69727d;color:#fff}.elementor-widget-text-editor.elementor-drop-cap-view-framed .elementor-drop-cap{color:#69727d;border:3px solid;background-color:transparent}.elementor-widget-text-editor:not(.elementor-drop-cap-view-default) .elementor-drop-cap{margin-top:8px}.elementor-widget-text-editor:not(.elementor-drop-cap-view-default) .elementor-drop-cap-letter{width:1em;height:1em}.elementor-widget-text-editor .elementor-drop-cap{float:left;text-align:center;line-height:1;font-size:50px}.elementor-widget-text-editor .elementor-drop-cap-letter{display:inline-block}<\/style>\t\t\t\t<p>Sin embargo, en lo que respecta a los or\u00edgenes italianos, hay que hacer una distinci\u00f3n importante entre la<strong> l\u00ednea paterna<\/strong> y la <strong>l\u00ednea materna<\/strong>.<\/p>\t\t\t\t\t\t<\/div>\n\t\t\t\t<\/div>\n\t\t\t\t<div class=\"elementor-element elementor-element-ee81c38 elementor-widget elementor-widget-text-editor\" data-id=\"ee81c38\" data-element_type=\"widget\" data-widget_type=\"text-editor.default\">\n\t\t\t\t<div class=\"elementor-widget-container\">\n\t\t\t\t\t\t\t<p>Actualmente, la ley n\u00ba 91 de 5 de febrero de 1992 concede la ciudadan\u00eda italiana a los hijos de madre y padre italianos. De hecho, el art\u00edculo 1 dice que <em><u>&#8220;el hijo de <strong>padre o madre<\/strong> ciudadanos es ciudadano por nacimiento&#8221;<\/u><\/em>. Por tanto, basta con que uno de los progenitores sea italiano para transmitir autom\u00e1ticamente la ciudadan\u00eda italiana a sus hijos.<\/p><p>En la \u00e9poca de las oleadas migratorias de los siglos pasados, el tema de la ciudadan\u00eda era muy diferente porque estaba regulado por la anterior ley n\u00ba 555 de 1912, que conced\u00eda la ciudadan\u00eda italiana s\u00f3lo a los hijos de padres italianos.<\/p><p>De hecho, el art\u00edculo 1 establec\u00eda que <em><u>&#8220;el hijo de <strong>padre<\/strong> ciudadano es ciudadano por nacimiento&#8221;<\/u><\/em>. La posibilidad de que la madre italiana transmitiera la ciudadan\u00eda s\u00f3lo se preve\u00eda residualmente cuando el padre fuera desconocido, ap\u00e1trida o incapaz de transmitir su ciudadan\u00eda seg\u00fan las leyes del Estado de origen. <u>Por lo tanto, seg\u00fan la ley de la \u00e9poca, s\u00f3lo los hijos de padre italiano pod\u00edan adquirir la nacionalidad italiana. <\/u><\/p><p>Por ejemplo, si Jo\u00e3o y Mar\u00eca nacieron en Brasil de la uni\u00f3n entre Fabrizio (un italiano que hab\u00eda emigrado a Brasil) y Cecilia (una brasile\u00f1a), eran ciudadanos brasile\u00f1os seg\u00fan la ley local basada en el <em>ius soli<\/em>, pero al mismo tiempo tambi\u00e9n ciudadanos italianos, seg\u00fan el principio del <em>ius sanguinis<\/em>, seg\u00fan la ley italiana (puesto que eran hijos de padre italiano independientemente del hecho de que hubieran nacido fuera de Italia).<\/p><p>Esta condici\u00f3n, como se ha mencionado, no se aplicaba a los hijos nacidos de la uni\u00f3n de una mujer italiana con un hombre extranjero (por ejemplo, brasile\u00f1o), ya que la madre, seg\u00fan las leyes de la \u00e9poca, no transmit\u00eda su nacionalidad a sus hijos.<\/p><p>Por ejemplo, si de la uni\u00f3n entre Filomena (italiana emigrada a Brasil) y Felipe (brasile\u00f1o) nac\u00edan (en Italia o en el extranjero) Luiz y Fernanda, \u00e9stos s\u00f3lo adquir\u00edan la nacionalidad brasile\u00f1a.<\/p><p>Adem\u00e1s, Filomena, siempre seg\u00fan la legislaci\u00f3n italiana de la \u00e9poca, perdi\u00f3 la nacionalidad italiana por el mero hecho de contraer matrimonio con Felipe, adquiriendo \u00e9ste la nacionalidad (brasile\u00f1a).<\/p><p>La situaci\u00f3n descrita, en la que era imposible que una mujer italiana transmitiera su ciudadan\u00eda, se prolong\u00f3 durante muchas d\u00e9cadas y s\u00f3lo se remedi\u00f3 m\u00e1s recientemente con una serie de intervenciones normativas y jurisprudenciales.<\/p><p><strong><u>Por las razones que analizaremos en relaci\u00f3n con la <a href=\"https:\/\/itacives.it\/?page_id=2688&amp;lang=es\">l\u00ednea materna<\/a>, las mujeres italianas s\u00f3lo transmiten su ciudadan\u00eda despu\u00e9s del 1 de enero de 1948. <\/u><\/strong><\/p><p>Por lo tanto, <strong>la l\u00ednea paterna<\/strong> se define como la l\u00ednea de ascendencia en la que existe<\/p><ol><li><u> ausencia total de ascendientes mujeres<\/u>;<\/li><li><u>en presencia de ascendientes mujeres, es necesario que sus hijos hayan nacido despu\u00e9s del 1 de enero de 1948, ya que s\u00f3lo a partir de esa fecha las mujeres pueden transmitir su ciudadan\u00eda. <\/u><\/li><\/ol><p>En contra, en presencia de una ascendiente que haya tenido hijos en cualquier fecha anterior a 1948, se est\u00e1 en condiciones de transmitir la denominada <a href=\"https:\/\/itacives.it\/?page_id=2688&amp;lang=es\"><strong>l\u00ednea materna<\/strong><\/a>.<\/p><p><strong><u>Por qu\u00e9 es tan relevante esta distinci\u00f3n? <\/u><\/strong><\/p><p>Porque s\u00f3lo para los <strong>descendientes paternos<\/strong> es posible iniciar el procedimiento administrativo en la <a href=\"https:\/\/itacives.it\/?page_id=2702&amp;lang=es\"><strong>representaci\u00f3n consular italiana en el extranjero<\/strong><\/a>\u00a0o, si se reside en Italia, en el <a href=\"https:\/\/itacives.it\/?page_id=2698&amp;lang=es\"><strong>Municipio (Ayuntamiento) de residencia<\/strong><\/a>.<\/p><p>Por lo tanto, en los casos de l\u00ednea materna, el reconocimiento de la ciudadan\u00eda italiana debe realizarse exclusivamente<a href=\"https:\/\/itacives.it\/?page_id=2707&amp;lang=es\"> <strong>a trav\u00e9s de los tribunales<\/strong><\/a>.<\/p>\t\t\t\t\t\t<\/div>\n\t\t\t\t<\/div>\n\t\t\t\t<\/div>\n\t\t\t\t<\/div>\n\t\t\t\t<\/div>\n\t\t\t\t\t<\/div>\n\t\t\t\t<\/div>\n\t\t\t\t\t\t\t<\/div>\n\t\t","protected":false},"excerpt":{"rendered":"<p>L\u00ednea Paterna Sin embargo, en lo que respecta a los or\u00edgenes italianos, hay que hacer una distinci\u00f3n importante entre la l\u00ednea paterna y la l\u00ednea materna. Actualmente, la ley n\u00ba 91 de 5 de febrero de 1992 concede la ciudadan\u00eda italiana a los hijos de madre y padre italianos. De hecho, el art\u00edculo 1 dice &hellip;<\/p>\n<p class=\"read-more\"> <a class=\"\" href=\"https:\/\/itacives.it\/?page_id=2693&#038;lang=es\"> <span class=\"screen-reader-text\">L\u00ednea Paterna<\/span> Read More &raquo;<\/a><\/p>\n","protected":false},"author":2,"featured_media":0,"parent":2633,"menu_order":0,"comment_status":"closed","ping_status":"closed","template":"","meta":{"site-sidebar-layout":"no-sidebar","site-content-layout":"page-builder","ast-site-content-layout":"full-width-container","site-content-style":"unboxed","site-sidebar-style":"unboxed","ast-global-header-display":"","ast-banner-title-visibility":"","ast-main-header-display":"","ast-hfb-above-header-display":"","ast-hfb-below-header-display":"","ast-hfb-mobile-header-display":"","site-post-title":"disabled","ast-breadcrumbs-content":"disabled","ast-featured-img":"disabled","footer-sml-layout":"","theme-transparent-header-meta":"enabled","adv-header-id-meta":"","stick-header-meta":"","header-above-stick-meta":"","header-main-stick-meta":"","header-below-stick-meta":"","astra-migrate-meta-layouts":"set","ast-page-background-enabled":"default","ast-page-background-meta":{"desktop":{"background-color":"","background-image":"","background-repeat":"repeat","background-position":"center center","background-size":"auto","background-attachment":"scroll","background-type":"","background-media":"","overlay-type":"","overlay-color":"","overlay-gradient":""},"tablet":{"background-color":"","background-image":"","background-repeat":"repeat","background-position":"center center","background-size":"auto","background-attachment":"scroll","background-type":"","background-media":"","overlay-type":"","overlay-color":"","overlay-gradient":""},"mobile":{"background-color":"","background-image":"","background-repeat":"repeat","background-position":"center center","background-size":"auto","background-attachment":"scroll","background-type":"","background-media":"","overlay-type":"","overlay-color":"","overlay-gradient":""}},"ast-content-background-meta":{"desktop":{"background-color":"var(--ast-global-color-5)","background-image":"","background-repeat":"repeat","background-position":"center center","background-size":"auto","background-attachment":"scroll","background-type":"","background-media":"","overlay-type":"","overlay-color":"","overlay-gradient":""},"tablet":{"background-color":"var(--ast-global-color-5)","background-image":"","background-repeat":"repeat","background-position":"center center","background-size":"auto","background-attachment":"scroll","background-type":"","background-media":"","overlay-type":"","overlay-color":"","overlay-gradient":""},"mobile":{"background-color":"var(--ast-global-color-5)","background-image":"","background-repeat":"repeat","background-position":"center center","background-size":"auto","background-attachment":"scroll","background-type":"","background-media":"","overlay-type":"","overlay-color":"","overlay-gradient":""}},"footnotes":"","_joinchat":[]},"yoast_head":"<!-- This site is optimized with the Yoast SEO plugin v22.3 - https:\/\/yoast.com\/wordpress\/plugins\/seo\/ -->\n<title>L\u00ednea Paterna - Ita Cives<\/title>\n<meta name=\"robots\" content=\"index, follow, max-snippet:-1, max-image-preview:large, max-video-preview:-1\" \/>\n<link rel=\"canonical\" href=\"https:\/\/itacives.it\/?page_id=2693&lang=es\" \/>\n<meta property=\"og:locale\" content=\"en_US\" \/>\n<meta property=\"og:type\" content=\"article\" \/>\n<meta property=\"og:title\" content=\"L\u00ednea Paterna - Ita Cives\" \/>\n<meta property=\"og:description\" content=\"L\u00ednea Paterna Sin embargo, en lo que respecta a los or\u00edgenes italianos, hay que hacer una distinci\u00f3n importante entre la l\u00ednea paterna y la l\u00ednea materna. Actualmente, la ley n\u00ba 91 de 5 de febrero de 1992 concede la ciudadan\u00eda italiana a los hijos de madre y padre italianos. De hecho, el art\u00edculo 1 dice &hellip; L\u00ednea Paterna Read More &raquo;\" \/>\n<meta property=\"og:url\" content=\"https:\/\/itacives.it\/?page_id=2693&amp;lang=es\" \/>\n<meta property=\"og:site_name\" content=\"Ita Cives\" \/>\n<meta property=\"article:modified_time\" content=\"2024-03-15T12:58:30+00:00\" \/>\n<meta property=\"og:image\" content=\"http:\/\/itacives.it\/wp-content\/uploads\/2024\/01\/PATERNA.png\" \/>\n<meta name=\"twitter:card\" content=\"summary_large_image\" \/>\n<meta name=\"twitter:label1\" content=\"Est. reading time\" \/>\n\t<meta name=\"twitter:data1\" content=\"3 minutes\" \/>\n<script type=\"application\/ld+json\" class=\"yoast-schema-graph\">{\"@context\":\"https:\/\/schema.org\",\"@graph\":[{\"@type\":\"WebPage\",\"@id\":\"https:\/\/itacives.it\/?page_id=2693&lang=es\",\"url\":\"https:\/\/itacives.it\/?page_id=2693&lang=es\",\"name\":\"L\u00ednea Paterna - Ita Cives\",\"isPartOf\":{\"@id\":\"https:\/\/itacives.it\/#website\"},\"primaryImageOfPage\":{\"@id\":\"https:\/\/itacives.it\/?page_id=2693&lang=es#primaryimage\"},\"image\":{\"@id\":\"https:\/\/itacives.it\/?page_id=2693&lang=es#primaryimage\"},\"thumbnailUrl\":\"http:\/\/itacives.it\/wp-content\/uploads\/2024\/01\/PATERNA.png\",\"datePublished\":\"2024-03-14T18:56:05+00:00\",\"dateModified\":\"2024-03-15T12:58:30+00:00\",\"breadcrumb\":{\"@id\":\"https:\/\/itacives.it\/?page_id=2693&lang=es#breadcrumb\"},\"inLanguage\":\"en-US\",\"potentialAction\":[{\"@type\":\"ReadAction\",\"target\":[\"https:\/\/itacives.it\/?page_id=2693&lang=es\"]}]},{\"@type\":\"ImageObject\",\"inLanguage\":\"en-US\",\"@id\":\"https:\/\/itacives.it\/?page_id=2693&lang=es#primaryimage\",\"url\":\"https:\/\/itacives.it\/wp-content\/uploads\/2024\/01\/PATERNA.png\",\"contentUrl\":\"https:\/\/itacives.it\/wp-content\/uploads\/2024\/01\/PATERNA.png\",\"width\":84,\"height\":84},{\"@type\":\"BreadcrumbList\",\"@id\":\"https:\/\/itacives.it\/?page_id=2693&lang=es#breadcrumb\",\"itemListElement\":[{\"@type\":\"ListItem\",\"position\":1,\"name\":\"Home\",\"item\":\"https:\/\/itacives.it\/\"},{\"@type\":\"ListItem\",\"position\":2,\"name\":\"\u00c1reas de Especializaci\u00f3n\",\"item\":\"https:\/\/itacives.it\/?page_id=2633&lang=es\"},{\"@type\":\"ListItem\",\"position\":3,\"name\":\"L\u00ednea Paterna\"}]},{\"@type\":\"WebSite\",\"@id\":\"https:\/\/itacives.it\/#website\",\"url\":\"https:\/\/itacives.it\/\",\"name\":\"Ita Cives\",\"description\":\"Cittadinanza Italiana Iure Sanguinis\",\"publisher\":{\"@id\":\"https:\/\/itacives.it\/#organization\"},\"potentialAction\":[{\"@type\":\"SearchAction\",\"target\":{\"@type\":\"EntryPoint\",\"urlTemplate\":\"https:\/\/itacives.it\/?s={search_term_string}\"},\"query-input\":\"required name=search_term_string\"}],\"inLanguage\":\"en-US\"},{\"@type\":\"Organization\",\"@id\":\"https:\/\/itacives.it\/#organization\",\"name\":\"Ita Cives\",\"url\":\"https:\/\/itacives.it\/\",\"logo\":{\"@type\":\"ImageObject\",\"inLanguage\":\"en-US\",\"@id\":\"https:\/\/itacives.it\/#\/schema\/logo\/image\/\",\"url\":\"https:\/\/itacives.it\/wp-content\/uploads\/2024\/01\/cropped-ita-cives-variazione-colore-1.png\",\"contentUrl\":\"https:\/\/itacives.it\/wp-content\/uploads\/2024\/01\/cropped-ita-cives-variazione-colore-1.png\",\"width\":1168,\"height\":282,\"caption\":\"Ita Cives\"},\"image\":{\"@id\":\"https:\/\/itacives.it\/#\/schema\/logo\/image\/\"}}]}<\/script>\n<!-- \/ Yoast SEO plugin. -->","yoast_head_json":{"title":"L\u00ednea Paterna - Ita Cives","robots":{"index":"index","follow":"follow","max-snippet":"max-snippet:-1","max-image-preview":"max-image-preview:large","max-video-preview":"max-video-preview:-1"},"canonical":"https:\/\/itacives.it\/?page_id=2693&lang=es","og_locale":"en_US","og_type":"article","og_title":"L\u00ednea Paterna - Ita Cives","og_description":"L\u00ednea Paterna Sin embargo, en lo que respecta a los or\u00edgenes italianos, hay que hacer una distinci\u00f3n importante entre la l\u00ednea paterna y la l\u00ednea materna. Actualmente, la ley n\u00ba 91 de 5 de febrero de 1992 concede la ciudadan\u00eda italiana a los hijos de madre y padre italianos. De hecho, el art\u00edculo 1 dice &hellip; L\u00ednea Paterna Read More &raquo;","og_url":"https:\/\/itacives.it\/?page_id=2693&lang=es","og_site_name":"Ita Cives","article_modified_time":"2024-03-15T12:58:30+00:00","og_image":[{"url":"http:\/\/itacives.it\/wp-content\/uploads\/2024\/01\/PATERNA.png"}],"twitter_card":"summary_large_image","twitter_misc":{"Est. reading time":"3 minutes"},"schema":{"@context":"https:\/\/schema.org","@graph":[{"@type":"WebPage","@id":"https:\/\/itacives.it\/?page_id=2693&lang=es","url":"https:\/\/itacives.it\/?page_id=2693&lang=es","name":"L\u00ednea Paterna - Ita Cives","isPartOf":{"@id":"https:\/\/itacives.it\/#website"},"primaryImageOfPage":{"@id":"https:\/\/itacives.it\/?page_id=2693&lang=es#primaryimage"},"image":{"@id":"https:\/\/itacives.it\/?page_id=2693&lang=es#primaryimage"},"thumbnailUrl":"http:\/\/itacives.it\/wp-content\/uploads\/2024\/01\/PATERNA.png","datePublished":"2024-03-14T18:56:05+00:00","dateModified":"2024-03-15T12:58:30+00:00","breadcrumb":{"@id":"https:\/\/itacives.it\/?page_id=2693&lang=es#breadcrumb"},"inLanguage":"en-US","potentialAction":[{"@type":"ReadAction","target":["https:\/\/itacives.it\/?page_id=2693&lang=es"]}]},{"@type":"ImageObject","inLanguage":"en-US","@id":"https:\/\/itacives.it\/?page_id=2693&lang=es#primaryimage","url":"https:\/\/itacives.it\/wp-content\/uploads\/2024\/01\/PATERNA.png","contentUrl":"https:\/\/itacives.it\/wp-content\/uploads\/2024\/01\/PATERNA.png","width":84,"height":84},{"@type":"BreadcrumbList","@id":"https:\/\/itacives.it\/?page_id=2693&lang=es#breadcrumb","itemListElement":[{"@type":"ListItem","position":1,"name":"Home","item":"https:\/\/itacives.it\/"},{"@type":"ListItem","position":2,"name":"\u00c1reas de Especializaci\u00f3n","item":"https:\/\/itacives.it\/?page_id=2633&lang=es"},{"@type":"ListItem","position":3,"name":"L\u00ednea Paterna"}]},{"@type":"WebSite","@id":"https:\/\/itacives.it\/#website","url":"https:\/\/itacives.it\/","name":"Ita Cives","description":"Cittadinanza Italiana Iure Sanguinis","publisher":{"@id":"https:\/\/itacives.it\/#organization"},"potentialAction":[{"@type":"SearchAction","target":{"@type":"EntryPoint","urlTemplate":"https:\/\/itacives.it\/?s={search_term_string}"},"query-input":"required name=search_term_string"}],"inLanguage":"en-US"},{"@type":"Organization","@id":"https:\/\/itacives.it\/#organization","name":"Ita Cives","url":"https:\/\/itacives.it\/","logo":{"@type":"ImageObject","inLanguage":"en-US","@id":"https:\/\/itacives.it\/#\/schema\/logo\/image\/","url":"https:\/\/itacives.it\/wp-content\/uploads\/2024\/01\/cropped-ita-cives-variazione-colore-1.png","contentUrl":"https:\/\/itacives.it\/wp-content\/uploads\/2024\/01\/cropped-ita-cives-variazione-colore-1.png","width":1168,"height":282,"caption":"Ita Cives"},"image":{"@id":"https:\/\/itacives.it\/#\/schema\/logo\/image\/"}}]}},"_links":{"self":[{"href":"https:\/\/itacives.it\/index.php?rest_route=\/wp\/v2\/pages\/2693"}],"collection":[{"href":"https:\/\/itacives.it\/index.php?rest_route=\/wp\/v2\/pages"}],"about":[{"href":"https:\/\/itacives.it\/index.php?rest_route=\/wp\/v2\/types\/page"}],"author":[{"embeddable":true,"href":"https:\/\/itacives.it\/index.php?rest_route=\/wp\/v2\/users\/2"}],"replies":[{"embeddable":true,"href":"https:\/\/itacives.it\/index.php?rest_route=%2Fwp%2Fv2%2Fcomments&post=2693"}],"version-history":[{"count":7,"href":"https:\/\/itacives.it\/index.php?rest_route=\/wp\/v2\/pages\/2693\/revisions"}],"predecessor-version":[{"id":2762,"href":"https:\/\/itacives.it\/index.php?rest_route=\/wp\/v2\/pages\/2693\/revisions\/2762"}],"up":[{"embeddable":true,"href":"https:\/\/itacives.it\/index.php?rest_route=\/wp\/v2\/pages\/2633"}],"wp:attachment":[{"href":"https:\/\/itacives.it\/index.php?rest_route=%2Fwp%2Fv2%2Fmedia&parent=2693"}],"curies":[{"name":"wp","href":"https:\/\/api.w.org\/{rel}","templated":true}]}}