{"id":2688,"date":"2024-03-14T19:54:20","date_gmt":"2024-03-14T18:54:20","guid":{"rendered":"https:\/\/itacives.it\/?page_id=2688"},"modified":"2024-03-15T14:02:13","modified_gmt":"2024-03-15T13:02:13","slug":"linea-maternal","status":"publish","type":"page","link":"https:\/\/itacives.it\/?page_id=2688&lang=es","title":{"rendered":"L\u00ednea Maternal"},"content":{"rendered":"\t\t<div data-elementor-type=\"wp-page\" data-elementor-id=\"2688\" class=\"elementor elementor-2688\">\n\t\t\t\t\t\t\t<div class=\"elementor-element elementor-element-bd4b709 e-flex e-con-boxed e-con e-parent\" data-id=\"bd4b709\" data-element_type=\"container\" data-settings=\"{&quot;background_background&quot;:&quot;classic&quot;,&quot;content_width&quot;:&quot;boxed&quot;}\" data-core-v316-plus=\"true\">\n\t\t\t\t\t<div class=\"e-con-inner\">\n\t\t<div class=\"elementor-element elementor-element-66e3958 e-con-full e-flex e-con e-child\" data-id=\"66e3958\" data-element_type=\"container\" data-settings=\"{&quot;content_width&quot;:&quot;full&quot;}\">\n\t\t\t\t<div class=\"elementor-element elementor-element-6179b97 elementor-widget elementor-widget-heading\" data-id=\"6179b97\" data-element_type=\"widget\" data-widget_type=\"heading.default\">\n\t\t\t\t<div class=\"elementor-widget-container\">\n\t\t\t<style>\/*! elementor - v3.18.0 - 20-12-2023 *\/\n.elementor-heading-title{padding:0;margin:0;line-height:1}.elementor-widget-heading .elementor-heading-title[class*=elementor-size-]>a{color:inherit;font-size:inherit;line-height:inherit}.elementor-widget-heading .elementor-heading-title.elementor-size-small{font-size:15px}.elementor-widget-heading .elementor-heading-title.elementor-size-medium{font-size:19px}.elementor-widget-heading .elementor-heading-title.elementor-size-large{font-size:29px}.elementor-widget-heading .elementor-heading-title.elementor-size-xl{font-size:39px}.elementor-widget-heading .elementor-heading-title.elementor-size-xxl{font-size:59px}<\/style><h1 class=\"elementor-heading-title elementor-size-default\">L\u00ednea Maternal<\/h1>\t\t<\/div>\n\t\t\t\t<\/div>\n\t\t\t\t<\/div>\n\t\t\t\t\t<\/div>\n\t\t\t\t<\/div>\n\t\t<div class=\"elementor-element elementor-element-0e7cc72 e-flex e-con-boxed e-con e-parent\" data-id=\"0e7cc72\" data-element_type=\"container\" data-settings=\"{&quot;background_background&quot;:&quot;classic&quot;,&quot;content_width&quot;:&quot;boxed&quot;}\" data-core-v316-plus=\"true\">\n\t\t\t\t\t<div class=\"e-con-inner\">\n\t\t<div class=\"elementor-element elementor-element-5d548f9 e-con-full e-flex e-con e-child\" data-id=\"5d548f9\" data-element_type=\"container\" data-settings=\"{&quot;content_width&quot;:&quot;full&quot;}\">\n\t\t<div class=\"elementor-element elementor-element-bcdd19d e-con-full e-flex e-con e-child\" data-id=\"bcdd19d\" data-element_type=\"container\" data-settings=\"{&quot;content_width&quot;:&quot;full&quot;}\">\n\t\t<div class=\"elementor-element elementor-element-f64cca2 e-con-full e-flex e-con e-child\" data-id=\"f64cca2\" data-element_type=\"container\" data-settings=\"{&quot;content_width&quot;:&quot;full&quot;}\">\n\t\t\t\t<div class=\"elementor-element elementor-element-7c732b9 elementor-widget elementor-widget-image\" data-id=\"7c732b9\" data-element_type=\"widget\" data-widget_type=\"image.default\">\n\t\t\t\t<div class=\"elementor-widget-container\">\n\t\t\t<style>\/*! elementor - v3.18.0 - 20-12-2023 *\/\n.elementor-widget-image{text-align:center}.elementor-widget-image a{display:inline-block}.elementor-widget-image a img[src$=\".svg\"]{width:48px}.elementor-widget-image img{vertical-align:middle;display:inline-block}<\/style>\t\t\t\t\t\t\t\t\t\t\t\t<img decoding=\"async\" width=\"84\" height=\"84\" src=\"https:\/\/itacives.it\/wp-content\/uploads\/2024\/01\/MATERNA.png\" class=\"attachment-large size-large wp-image-2097\" alt=\"\" \/>\t\t\t\t\t\t\t\t\t\t\t\t\t\t\t<\/div>\n\t\t\t\t<\/div>\n\t\t\t\t<div class=\"elementor-element elementor-element-e593406 elementor-widget elementor-widget-image\" data-id=\"e593406\" data-element_type=\"widget\" data-widget_type=\"image.default\">\n\t\t\t\t<div class=\"elementor-widget-container\">\n\t\t\t\t\t\t\t\t\t\t\t\t\t\t\t<img fetchpriority=\"high\" decoding=\"async\" width=\"720\" height=\"960\" src=\"https:\/\/itacives.it\/wp-content\/uploads\/2024\/01\/LINEA-MATERNA.jpg\" class=\"attachment-large size-large wp-image-2080\" alt=\"\" srcset=\"https:\/\/itacives.it\/wp-content\/uploads\/2024\/01\/LINEA-MATERNA.jpg 720w, https:\/\/itacives.it\/wp-content\/uploads\/2024\/01\/LINEA-MATERNA-225x300.jpg 225w\" sizes=\"(max-width: 720px) 100vw, 720px\" \/>\t\t\t\t\t\t\t\t\t\t\t\t\t\t\t<\/div>\n\t\t\t\t<\/div>\n\t\t\t\t<\/div>\n\t\t<div class=\"elementor-element elementor-element-e3cf305 e-con-full e-flex e-con e-child\" data-id=\"e3cf305\" data-element_type=\"container\" data-settings=\"{&quot;content_width&quot;:&quot;full&quot;}\">\n\t\t\t\t<div class=\"elementor-element elementor-element-c882e62 elementor-widget elementor-widget-text-editor\" data-id=\"c882e62\" data-element_type=\"widget\" data-widget_type=\"text-editor.default\">\n\t\t\t\t<div class=\"elementor-widget-container\">\n\t\t\t<style>\/*! elementor - v3.18.0 - 20-12-2023 *\/\n.elementor-widget-text-editor.elementor-drop-cap-view-stacked .elementor-drop-cap{background-color:#69727d;color:#fff}.elementor-widget-text-editor.elementor-drop-cap-view-framed .elementor-drop-cap{color:#69727d;border:3px solid;background-color:transparent}.elementor-widget-text-editor:not(.elementor-drop-cap-view-default) .elementor-drop-cap{margin-top:8px}.elementor-widget-text-editor:not(.elementor-drop-cap-view-default) .elementor-drop-cap-letter{width:1em;height:1em}.elementor-widget-text-editor .elementor-drop-cap{float:left;text-align:center;line-height:1;font-size:50px}.elementor-widget-text-editor .elementor-drop-cap-letter{display:inline-block}<\/style>\t\t\t\t<p>Como hemos visto respecto a la l\u00ednea paterna, en la \u00e9poca de las migraciones de italianos en siglos pasados exist\u00eda un escenario gravemente discriminatorio respecto a la mujer, fruto de las concepciones jur\u00eddicas de aquellas \u00e9pocas.<\/p><p>Esto se fue remediando muy lentamente con una serie de intervenciones normativas y jurisprudenciales, en primer lugar la introducci\u00f3n de la Constituci\u00f3n Republicana de 1948. En ella, dos art\u00edculos fundamentales: el art\u00edculo 3 <em>&#8220;Todos los ciudadanos tienen la misma dignidad social y son iguales ante la ley&#8221; <\/em>y el art\u00edculo 29 <em>&#8220;El matrimonio se ordena sobre la igualdad moral y jur\u00eddica de los c\u00f3nyuges&#8221;.<\/em><\/p>\t\t\t\t\t\t<\/div>\n\t\t\t\t<\/div>\n\t\t\t\t<div class=\"elementor-element elementor-element-ee81c38 elementor-widget elementor-widget-text-editor\" data-id=\"ee81c38\" data-element_type=\"widget\" data-widget_type=\"text-editor.default\">\n\t\t\t\t<div class=\"elementor-widget-container\">\n\t\t\t\t\t\t\t<p>Por lo tanto, los principios discriminatorios establecidos en la antigua ley de nacionalidad italiana n\u00ba 555 de 1912 -que, como hemos visto, imped\u00edan la transmisi\u00f3n de la ciudadan\u00eda italiana a las madres- tuvieron que ser expulsados del sistema porque ya no se ajustaban a la nueva Constituci\u00f3n de 1948.<\/p><p>Esto sucedi\u00f3 gracias a dos sentencias muy importantes del Tribunal Constitucional: la n\u00ba 87 de 16 de abril de 1975 y la n\u00ba 30 de 9 de febrero de 1983.<\/p><p>Por \u00faltimo, el Tribunal de Casaci\u00f3n de las Secciones Unidas, con la hist\u00f3rica sentencia n.\u00ba 4466\/2009, reconoci\u00f3 estos principios permitiendo el reconocimiento de la ciudadan\u00eda italiana a favor de todos los hijos nacidos al extranjero de madre italiana que no hab\u00edan obtenido la ciudadan\u00eda debido a la ley discriminatoria de 1912. Como consecuencia de esta sentencia, los hijos de mujeres italianas nacidos antes del 1 de enero de 1948, en vigor por tanto de la ley n\u00ba 555 de 1912, re-adquieren la ciudadan\u00eda italiana a partir de esa fecha.<\/p><p><strong><u>En conclusi\u00f3n, podemos afirmar que, gracias a las sentencias citadas, los descendientes de ciudadanos italianos son ahora ellos mismos italianos aunque la ascendiente se haya casado con un ciudadano extranjero y haya engendrado descendencia antes de 1948 (por tanto, antes de la entrada en vigor de la Constituci\u00f3n). <\/u><\/strong><\/p><p>Por ejemplo, Mar\u00eda (nacida en Brasil en 1920 de padre italiano) de su uni\u00f3n con Enrique (brasile\u00f1o) engendr\u00f3 a Clara en 1944 y a Pedro en 1946. Estos \u00faltimos y sus descendientes tambi\u00e9n son ciudadanos italianos gracias a las sentencias mencionadas que anularon los efectos discriminatorios de la ley de nacionalidad italiana de 1912.<\/p><p><strong>Por tanto, la l\u00ednea materna se define como la l\u00ednea de descendencia <em>iure sanguinis<\/em> en la que hay presencia de una mujer nacida en Italia y luego emigrada al extranjero, o nacida en el extranjero de padre italiano, que haya generado descendencia antes del 1 de enero de 1948.\u00a0 <\/strong><\/p><p>\u00bfPor qu\u00e9 es importante saber si la descendencia se refiere a la l\u00ednea materna descrita?<\/p><p>Por el hecho que, en el caso de transmisi\u00f3n de la ciudadan\u00eda italiana antes de 1948, es decir, en el caso de l\u00ednea materna, no es posible activar la <strong><a href=\"https:\/\/itacives.it\/?page_id=2702&amp;lang=es\">pr\u00e1ctica administrativa en el Consulado<\/a> <\/strong>(ya que el mismo no admite la tramitaci\u00f3n de tales pr\u00e1cticas) ni en el <strong><a href=\"https:\/\/itacives.it\/?page_id=2698&amp;lang=es\">Ayuntamiento italiano de residencia<\/a><\/strong>, el reconocimiento de la ciudadan\u00eda italiana debe realizarse exclusivamente a trav\u00e9s de<strong> <a href=\"https:\/\/itacives.it\/?page_id=2707&amp;lang=es\">los tribunales.<\/a><\/strong><\/p>\t\t\t\t\t\t<\/div>\n\t\t\t\t<\/div>\n\t\t\t\t<\/div>\n\t\t\t\t<\/div>\n\t\t\t\t<\/div>\n\t\t\t\t\t<\/div>\n\t\t\t\t<\/div>\n\t\t\t\t\t\t\t<\/div>\n\t\t","protected":false},"excerpt":{"rendered":"<p>L\u00ednea Maternal Como hemos visto respecto a la l\u00ednea paterna, en la \u00e9poca de las migraciones de italianos en siglos pasados exist\u00eda un escenario gravemente discriminatorio respecto a la mujer, fruto de las concepciones jur\u00eddicas de aquellas \u00e9pocas. Esto se fue remediando muy lentamente con una serie de intervenciones normativas y jurisprudenciales, en primer lugar &hellip;<\/p>\n<p class=\"read-more\"> <a class=\"\" href=\"https:\/\/itacives.it\/?page_id=2688&#038;lang=es\"> <span class=\"screen-reader-text\">L\u00ednea Maternal<\/span> Read More &raquo;<\/a><\/p>\n","protected":false},"author":2,"featured_media":0,"parent":2633,"menu_order":0,"comment_status":"closed","ping_status":"closed","template":"","meta":{"site-sidebar-layout":"no-sidebar","site-content-layout":"page-builder","ast-site-content-layout":"full-width-container","site-content-style":"unboxed","site-sidebar-style":"unboxed","ast-global-header-display":"","ast-banner-title-visibility":"","ast-main-header-display":"","ast-hfb-above-header-display":"","ast-hfb-below-header-display":"","ast-hfb-mobile-header-display":"","site-post-title":"disabled","ast-breadcrumbs-content":"disabled","ast-featured-img":"disabled","footer-sml-layout":"","theme-transparent-header-meta":"enabled","adv-header-id-meta":"","stick-header-meta":"","header-above-stick-meta":"","header-main-stick-meta":"","header-below-stick-meta":"","astra-migrate-meta-layouts":"set","ast-page-background-enabled":"default","ast-page-background-meta":{"desktop":{"background-color":"","background-image":"","background-repeat":"repeat","background-position":"center center","background-size":"auto","background-attachment":"scroll","background-type":"","background-media":"","overlay-type":"","overlay-color":"","overlay-gradient":""},"tablet":{"background-color":"","background-image":"","background-repeat":"repeat","background-position":"center center","background-size":"auto","background-attachment":"scroll","background-type":"","background-media":"","overlay-type":"","overlay-color":"","overlay-gradient":""},"mobile":{"background-color":"","background-image":"","background-repeat":"repeat","background-position":"center center","background-size":"auto","background-attachment":"scroll","background-type":"","background-media":"","overlay-type":"","overlay-color":"","overlay-gradient":""}},"ast-content-background-meta":{"desktop":{"background-color":"var(--ast-global-color-5)","background-image":"","background-repeat":"repeat","background-position":"center center","background-size":"auto","background-attachment":"scroll","background-type":"","background-media":"","overlay-type":"","overlay-color":"","overlay-gradient":""},"tablet":{"background-color":"var(--ast-global-color-5)","background-image":"","background-repeat":"repeat","background-position":"center center","background-size":"auto","background-attachment":"scroll","background-type":"","background-media":"","overlay-type":"","overlay-color":"","overlay-gradient":""},"mobile":{"background-color":"var(--ast-global-color-5)","background-image":"","background-repeat":"repeat","background-position":"center center","background-size":"auto","background-attachment":"scroll","background-type":"","background-media":"","overlay-type":"","overlay-color":"","overlay-gradient":""}},"footnotes":"","_joinchat":[]},"yoast_head":"<!-- This site is optimized with the Yoast SEO plugin v22.3 - https:\/\/yoast.com\/wordpress\/plugins\/seo\/ -->\n<title>L\u00ednea Maternal - Ita Cives<\/title>\n<meta name=\"robots\" content=\"index, follow, max-snippet:-1, max-image-preview:large, max-video-preview:-1\" \/>\n<link rel=\"canonical\" href=\"https:\/\/itacives.it\/?page_id=2688&lang=es\" \/>\n<meta property=\"og:locale\" content=\"en_US\" \/>\n<meta property=\"og:type\" content=\"article\" \/>\n<meta property=\"og:title\" content=\"L\u00ednea Maternal - Ita Cives\" \/>\n<meta property=\"og:description\" content=\"L\u00ednea Maternal Como hemos visto respecto a la l\u00ednea paterna, en la \u00e9poca de las migraciones de italianos en siglos pasados exist\u00eda un escenario gravemente discriminatorio respecto a la mujer, fruto de las concepciones jur\u00eddicas de aquellas \u00e9pocas. Esto se fue remediando muy lentamente con una serie de intervenciones normativas y jurisprudenciales, en primer lugar &hellip; L\u00ednea Maternal Read More &raquo;\" \/>\n<meta property=\"og:url\" content=\"https:\/\/itacives.it\/?page_id=2688&amp;lang=es\" \/>\n<meta property=\"og:site_name\" content=\"Ita Cives\" \/>\n<meta property=\"article:modified_time\" content=\"2024-03-15T13:02:13+00:00\" \/>\n<meta property=\"og:image\" content=\"http:\/\/itacives.it\/wp-content\/uploads\/2024\/01\/MATERNA.png\" \/>\n<meta name=\"twitter:card\" content=\"summary_large_image\" \/>\n<meta name=\"twitter:label1\" content=\"Est. reading time\" \/>\n\t<meta name=\"twitter:data1\" content=\"3 minutes\" \/>\n<script type=\"application\/ld+json\" class=\"yoast-schema-graph\">{\"@context\":\"https:\/\/schema.org\",\"@graph\":[{\"@type\":\"WebPage\",\"@id\":\"https:\/\/itacives.it\/?page_id=2688&lang=es\",\"url\":\"https:\/\/itacives.it\/?page_id=2688&lang=es\",\"name\":\"L\u00ednea Maternal - Ita Cives\",\"isPartOf\":{\"@id\":\"https:\/\/itacives.it\/#website\"},\"primaryImageOfPage\":{\"@id\":\"https:\/\/itacives.it\/?page_id=2688&lang=es#primaryimage\"},\"image\":{\"@id\":\"https:\/\/itacives.it\/?page_id=2688&lang=es#primaryimage\"},\"thumbnailUrl\":\"http:\/\/itacives.it\/wp-content\/uploads\/2024\/01\/MATERNA.png\",\"datePublished\":\"2024-03-14T18:54:20+00:00\",\"dateModified\":\"2024-03-15T13:02:13+00:00\",\"breadcrumb\":{\"@id\":\"https:\/\/itacives.it\/?page_id=2688&lang=es#breadcrumb\"},\"inLanguage\":\"en-US\",\"potentialAction\":[{\"@type\":\"ReadAction\",\"target\":[\"https:\/\/itacives.it\/?page_id=2688&lang=es\"]}]},{\"@type\":\"ImageObject\",\"inLanguage\":\"en-US\",\"@id\":\"https:\/\/itacives.it\/?page_id=2688&lang=es#primaryimage\",\"url\":\"https:\/\/itacives.it\/wp-content\/uploads\/2024\/01\/MATERNA.png\",\"contentUrl\":\"https:\/\/itacives.it\/wp-content\/uploads\/2024\/01\/MATERNA.png\",\"width\":84,\"height\":84},{\"@type\":\"BreadcrumbList\",\"@id\":\"https:\/\/itacives.it\/?page_id=2688&lang=es#breadcrumb\",\"itemListElement\":[{\"@type\":\"ListItem\",\"position\":1,\"name\":\"Home\",\"item\":\"https:\/\/itacives.it\/\"},{\"@type\":\"ListItem\",\"position\":2,\"name\":\"\u00c1reas de Especializaci\u00f3n\",\"item\":\"https:\/\/itacives.it\/?page_id=2633&lang=es\"},{\"@type\":\"ListItem\",\"position\":3,\"name\":\"L\u00ednea Maternal\"}]},{\"@type\":\"WebSite\",\"@id\":\"https:\/\/itacives.it\/#website\",\"url\":\"https:\/\/itacives.it\/\",\"name\":\"Ita Cives\",\"description\":\"Cittadinanza Italiana Iure Sanguinis\",\"publisher\":{\"@id\":\"https:\/\/itacives.it\/#organization\"},\"potentialAction\":[{\"@type\":\"SearchAction\",\"target\":{\"@type\":\"EntryPoint\",\"urlTemplate\":\"https:\/\/itacives.it\/?s={search_term_string}\"},\"query-input\":\"required name=search_term_string\"}],\"inLanguage\":\"en-US\"},{\"@type\":\"Organization\",\"@id\":\"https:\/\/itacives.it\/#organization\",\"name\":\"Ita Cives\",\"url\":\"https:\/\/itacives.it\/\",\"logo\":{\"@type\":\"ImageObject\",\"inLanguage\":\"en-US\",\"@id\":\"https:\/\/itacives.it\/#\/schema\/logo\/image\/\",\"url\":\"https:\/\/itacives.it\/wp-content\/uploads\/2024\/01\/cropped-ita-cives-variazione-colore-1.png\",\"contentUrl\":\"https:\/\/itacives.it\/wp-content\/uploads\/2024\/01\/cropped-ita-cives-variazione-colore-1.png\",\"width\":1168,\"height\":282,\"caption\":\"Ita Cives\"},\"image\":{\"@id\":\"https:\/\/itacives.it\/#\/schema\/logo\/image\/\"}}]}<\/script>\n<!-- \/ Yoast SEO plugin. -->","yoast_head_json":{"title":"L\u00ednea Maternal - Ita Cives","robots":{"index":"index","follow":"follow","max-snippet":"max-snippet:-1","max-image-preview":"max-image-preview:large","max-video-preview":"max-video-preview:-1"},"canonical":"https:\/\/itacives.it\/?page_id=2688&lang=es","og_locale":"en_US","og_type":"article","og_title":"L\u00ednea Maternal - Ita Cives","og_description":"L\u00ednea Maternal Como hemos visto respecto a la l\u00ednea paterna, en la \u00e9poca de las migraciones de italianos en siglos pasados exist\u00eda un escenario gravemente discriminatorio respecto a la mujer, fruto de las concepciones jur\u00eddicas de aquellas \u00e9pocas. Esto se fue remediando muy lentamente con una serie de intervenciones normativas y jurisprudenciales, en primer lugar &hellip; L\u00ednea Maternal Read More &raquo;","og_url":"https:\/\/itacives.it\/?page_id=2688&lang=es","og_site_name":"Ita Cives","article_modified_time":"2024-03-15T13:02:13+00:00","og_image":[{"url":"http:\/\/itacives.it\/wp-content\/uploads\/2024\/01\/MATERNA.png"}],"twitter_card":"summary_large_image","twitter_misc":{"Est. reading time":"3 minutes"},"schema":{"@context":"https:\/\/schema.org","@graph":[{"@type":"WebPage","@id":"https:\/\/itacives.it\/?page_id=2688&lang=es","url":"https:\/\/itacives.it\/?page_id=2688&lang=es","name":"L\u00ednea Maternal - Ita Cives","isPartOf":{"@id":"https:\/\/itacives.it\/#website"},"primaryImageOfPage":{"@id":"https:\/\/itacives.it\/?page_id=2688&lang=es#primaryimage"},"image":{"@id":"https:\/\/itacives.it\/?page_id=2688&lang=es#primaryimage"},"thumbnailUrl":"http:\/\/itacives.it\/wp-content\/uploads\/2024\/01\/MATERNA.png","datePublished":"2024-03-14T18:54:20+00:00","dateModified":"2024-03-15T13:02:13+00:00","breadcrumb":{"@id":"https:\/\/itacives.it\/?page_id=2688&lang=es#breadcrumb"},"inLanguage":"en-US","potentialAction":[{"@type":"ReadAction","target":["https:\/\/itacives.it\/?page_id=2688&lang=es"]}]},{"@type":"ImageObject","inLanguage":"en-US","@id":"https:\/\/itacives.it\/?page_id=2688&lang=es#primaryimage","url":"https:\/\/itacives.it\/wp-content\/uploads\/2024\/01\/MATERNA.png","contentUrl":"https:\/\/itacives.it\/wp-content\/uploads\/2024\/01\/MATERNA.png","width":84,"height":84},{"@type":"BreadcrumbList","@id":"https:\/\/itacives.it\/?page_id=2688&lang=es#breadcrumb","itemListElement":[{"@type":"ListItem","position":1,"name":"Home","item":"https:\/\/itacives.it\/"},{"@type":"ListItem","position":2,"name":"\u00c1reas de Especializaci\u00f3n","item":"https:\/\/itacives.it\/?page_id=2633&lang=es"},{"@type":"ListItem","position":3,"name":"L\u00ednea Maternal"}]},{"@type":"WebSite","@id":"https:\/\/itacives.it\/#website","url":"https:\/\/itacives.it\/","name":"Ita Cives","description":"Cittadinanza Italiana Iure Sanguinis","publisher":{"@id":"https:\/\/itacives.it\/#organization"},"potentialAction":[{"@type":"SearchAction","target":{"@type":"EntryPoint","urlTemplate":"https:\/\/itacives.it\/?s={search_term_string}"},"query-input":"required name=search_term_string"}],"inLanguage":"en-US"},{"@type":"Organization","@id":"https:\/\/itacives.it\/#organization","name":"Ita Cives","url":"https:\/\/itacives.it\/","logo":{"@type":"ImageObject","inLanguage":"en-US","@id":"https:\/\/itacives.it\/#\/schema\/logo\/image\/","url":"https:\/\/itacives.it\/wp-content\/uploads\/2024\/01\/cropped-ita-cives-variazione-colore-1.png","contentUrl":"https:\/\/itacives.it\/wp-content\/uploads\/2024\/01\/cropped-ita-cives-variazione-colore-1.png","width":1168,"height":282,"caption":"Ita Cives"},"image":{"@id":"https:\/\/itacives.it\/#\/schema\/logo\/image\/"}}]}},"_links":{"self":[{"href":"https:\/\/itacives.it\/index.php?rest_route=\/wp\/v2\/pages\/2688"}],"collection":[{"href":"https:\/\/itacives.it\/index.php?rest_route=\/wp\/v2\/pages"}],"about":[{"href":"https:\/\/itacives.it\/index.php?rest_route=\/wp\/v2\/types\/page"}],"author":[{"embeddable":true,"href":"https:\/\/itacives.it\/index.php?rest_route=\/wp\/v2\/users\/2"}],"replies":[{"embeddable":true,"href":"https:\/\/itacives.it\/index.php?rest_route=%2Fwp%2Fv2%2Fcomments&post=2688"}],"version-history":[{"count":7,"href":"https:\/\/itacives.it\/index.php?rest_route=\/wp\/v2\/pages\/2688\/revisions"}],"predecessor-version":[{"id":2765,"href":"https:\/\/itacives.it\/index.php?rest_route=\/wp\/v2\/pages\/2688\/revisions\/2765"}],"up":[{"embeddable":true,"href":"https:\/\/itacives.it\/index.php?rest_route=\/wp\/v2\/pages\/2633"}],"wp:attachment":[{"href":"https:\/\/itacives.it\/index.php?rest_route=%2Fwp%2Fv2%2Fmedia&parent=2688"}],"curies":[{"name":"wp","href":"https:\/\/api.w.org\/{rel}","templated":true}]}}