{"id":2678,"date":"2024-03-14T19:50:31","date_gmt":"2024-03-14T18:50:31","guid":{"rendered":"https:\/\/itacives.it\/?page_id=2678"},"modified":"2024-03-14T19:51:57","modified_gmt":"2024-03-14T18:51:57","slug":"casos-especiales","status":"publish","type":"page","link":"https:\/\/itacives.it\/?page_id=2678&lang=es","title":{"rendered":"Casos Especiales"},"content":{"rendered":"\t\t<div data-elementor-type=\"wp-page\" data-elementor-id=\"2678\" class=\"elementor elementor-2678\">\n\t\t\t\t\t\t\t<div class=\"elementor-element elementor-element-bd4b709 e-flex e-con-boxed e-con e-parent\" data-id=\"bd4b709\" data-element_type=\"container\" data-settings=\"{&quot;background_background&quot;:&quot;classic&quot;,&quot;content_width&quot;:&quot;boxed&quot;}\" data-core-v316-plus=\"true\">\n\t\t\t\t\t<div class=\"e-con-inner\">\n\t\t<div class=\"elementor-element elementor-element-66e3958 e-con-full e-flex e-con e-child\" data-id=\"66e3958\" data-element_type=\"container\" data-settings=\"{&quot;content_width&quot;:&quot;full&quot;}\">\n\t\t\t\t<div class=\"elementor-element elementor-element-6179b97 elementor-widget elementor-widget-heading\" data-id=\"6179b97\" data-element_type=\"widget\" data-widget_type=\"heading.default\">\n\t\t\t\t<div class=\"elementor-widget-container\">\n\t\t\t<style>\/*! elementor - v3.18.0 - 20-12-2023 *\/\n.elementor-heading-title{padding:0;margin:0;line-height:1}.elementor-widget-heading .elementor-heading-title[class*=elementor-size-]>a{color:inherit;font-size:inherit;line-height:inherit}.elementor-widget-heading .elementor-heading-title.elementor-size-small{font-size:15px}.elementor-widget-heading .elementor-heading-title.elementor-size-medium{font-size:19px}.elementor-widget-heading .elementor-heading-title.elementor-size-large{font-size:29px}.elementor-widget-heading .elementor-heading-title.elementor-size-xl{font-size:39px}.elementor-widget-heading .elementor-heading-title.elementor-size-xxl{font-size:59px}<\/style><h1 class=\"elementor-heading-title elementor-size-default\">Casos Especiales<\/h1>\t\t<\/div>\n\t\t\t\t<\/div>\n\t\t\t\t<\/div>\n\t\t\t\t\t<\/div>\n\t\t\t\t<\/div>\n\t\t<div class=\"elementor-element elementor-element-0e7cc72 e-flex e-con-boxed e-con e-parent\" data-id=\"0e7cc72\" data-element_type=\"container\" data-settings=\"{&quot;background_background&quot;:&quot;classic&quot;,&quot;content_width&quot;:&quot;boxed&quot;}\" data-core-v316-plus=\"true\">\n\t\t\t\t\t<div class=\"e-con-inner\">\n\t\t<div class=\"elementor-element elementor-element-5d548f9 e-con-full e-flex e-con e-child\" data-id=\"5d548f9\" data-element_type=\"container\" data-settings=\"{&quot;content_width&quot;:&quot;full&quot;}\">\n\t\t<div class=\"elementor-element elementor-element-bcdd19d e-con-full e-flex e-con e-child\" data-id=\"bcdd19d\" data-element_type=\"container\" data-settings=\"{&quot;content_width&quot;:&quot;full&quot;}\">\n\t\t<div class=\"elementor-element elementor-element-f64cca2 e-con-full e-flex e-con e-child\" data-id=\"f64cca2\" data-element_type=\"container\" data-settings=\"{&quot;content_width&quot;:&quot;full&quot;}\">\n\t\t\t\t<div class=\"elementor-element elementor-element-9577c98 elementor-widget elementor-widget-image\" data-id=\"9577c98\" data-element_type=\"widget\" data-widget_type=\"image.default\">\n\t\t\t\t<div class=\"elementor-widget-container\">\n\t\t\t<style>\/*! elementor - v3.18.0 - 20-12-2023 *\/\n.elementor-widget-image{text-align:center}.elementor-widget-image a{display:inline-block}.elementor-widget-image a img[src$=\".svg\"]{width:48px}.elementor-widget-image img{vertical-align:middle;display:inline-block}<\/style>\t\t\t\t\t\t\t\t\t\t\t\t<img decoding=\"async\" width=\"84\" height=\"84\" src=\"https:\/\/itacives.it\/wp-content\/uploads\/2024\/01\/CASI-PARTICOLARI.png\" class=\"attachment-full size-full wp-image-2102\" alt=\"\" \/>\t\t\t\t\t\t\t\t\t\t\t\t\t\t\t<\/div>\n\t\t\t\t<\/div>\n\t\t\t\t<div class=\"elementor-element elementor-element-742d57b elementor-widget elementor-widget-image\" data-id=\"742d57b\" data-element_type=\"widget\" data-widget_type=\"image.default\">\n\t\t\t\t<div class=\"elementor-widget-container\">\n\t\t\t\t\t\t\t\t\t\t\t\t\t\t\t<img fetchpriority=\"high\" decoding=\"async\" width=\"650\" height=\"425\" src=\"https:\/\/itacives.it\/wp-content\/uploads\/2024\/01\/uomo-punto-interrogativo.jpg\" class=\"attachment-full size-full wp-image-1823\" alt=\"\" srcset=\"https:\/\/itacives.it\/wp-content\/uploads\/2024\/01\/uomo-punto-interrogativo.jpg 650w, https:\/\/itacives.it\/wp-content\/uploads\/2024\/01\/uomo-punto-interrogativo-300x196.jpg 300w\" sizes=\"(max-width: 650px) 100vw, 650px\" \/>\t\t\t\t\t\t\t\t\t\t\t\t\t\t\t<\/div>\n\t\t\t\t<\/div>\n\t\t\t\t<\/div>\n\t\t<div class=\"elementor-element elementor-element-e3cf305 e-con-full e-flex e-con e-child\" data-id=\"e3cf305\" data-element_type=\"container\" data-settings=\"{&quot;content_width&quot;:&quot;full&quot;}\">\n\t\t\t\t<div class=\"elementor-element elementor-element-c882e62 elementor-widget elementor-widget-text-editor\" data-id=\"c882e62\" data-element_type=\"widget\" data-widget_type=\"text-editor.default\">\n\t\t\t\t<div class=\"elementor-widget-container\">\n\t\t\t<style>\/*! elementor - v3.18.0 - 20-12-2023 *\/\n.elementor-widget-text-editor.elementor-drop-cap-view-stacked .elementor-drop-cap{background-color:#69727d;color:#fff}.elementor-widget-text-editor.elementor-drop-cap-view-framed .elementor-drop-cap{color:#69727d;border:3px solid;background-color:transparent}.elementor-widget-text-editor:not(.elementor-drop-cap-view-default) .elementor-drop-cap{margin-top:8px}.elementor-widget-text-editor:not(.elementor-drop-cap-view-default) .elementor-drop-cap-letter{width:1em;height:1em}.elementor-widget-text-editor .elementor-drop-cap{float:left;text-align:center;line-height:1;font-size:50px}.elementor-widget-text-editor .elementor-drop-cap-letter{display:inline-block}<\/style>\t\t\t\t<p>Tambi\u00e9n existen casos especiales, y en ciertos aspectos problem\u00e1ticos, de adquisici\u00f3n de la ciudadan\u00eda <em>iure sanguinis<\/em>.<\/p>\t\t\t\t\t\t<\/div>\n\t\t\t\t<\/div>\n\t\t\t\t<div class=\"elementor-element elementor-element-ee81c38 elementor-widget elementor-widget-text-editor\" data-id=\"ee81c38\" data-element_type=\"widget\" data-widget_type=\"text-editor.default\">\n\t\t\t\t<div class=\"elementor-widget-container\">\n\t\t\t\t\t\t\t<p>Aunque hoy en d\u00eda puede decirse que est\u00e1 definitivamente obsoleta, en aras de la exhaustividad, se informa de la cuesti\u00f3n de la denominada <strong>gran naturalizaci\u00f3n brasile\u00f1a de 1889-1891<\/strong>, seg\u00fan la cual los italianos presentes en territorio brasile\u00f1o el 15.11.1889 habr\u00edan obtenido autom\u00e1ticamente la naturalizaci\u00f3n brasile\u00f1a a menos que declararan expresamente su intenci\u00f3n de conservar su nacionalidad italiana de origen. De no haberlo comunicado en el plazo de seis meses a partir de la promulgaci\u00f3n de la medida de naturalizaci\u00f3n, los interesados habr\u00edan perdido su nacionalidad italiana y habr\u00edan impedido que \u00e9sta se transmitiera a sus descendientes. Esta circunstancia constituir\u00eda, por tanto, un obst\u00e1culo, o m\u00e1s bien un factor de interrupci\u00f3n, de la transmisi\u00f3n de la ciudadan\u00eda <em>iure sanguinis<\/em>.<\/p><p>\u00a0<\/p><p>Dicha tesis fue utilizada por el Ministerio, en sus argumentos de defensa, para sostener la interrupci\u00f3n de la transmisi\u00f3n de la ciudadan\u00eda a los solicitantes por naturalizaci\u00f3n del ascendiente. Seg\u00fan esta reconstrucci\u00f3n, el hijo del progenitor sujeto a la denominada gran naturalizaci\u00f3n brasile\u00f1a no habr\u00eda adquirido la ciudadan\u00eda italiana <em>iure sanguinis<\/em> si la naturalizaci\u00f3n del padre se hubiera producido antes de su nacimiento.<\/p><p>Los jueces han establecido recientemente que: <em>&#8220;el derecho a la ciudadan\u00eda, que es personal y absoluto, s\u00f3lo puede perderse en virtud de una renuncia voluntaria y expl\u00edcita; en otras palabras, la p\u00e9rdida autom\u00e1tica de la ciudadan\u00eda italiana no puede derivar del hecho negativo de no renunciar a la ciudadan\u00eda brasile\u00f1a. En este sentido, el art. 8 de la Ley 555\/1912, que subraya que la renuncia a la ciudadan\u00eda debe adoptar la forma de un acto consciente y voluntario, puede considerarse en consonancia con el C\u00f3digo Civil de 1865. En conclusi\u00f3n, considerando las pruebas geneal\u00f3gicas aqu\u00ed aportadas, puede afirmarse la existencia del derecho reclamado por los solicitantes&#8221;<\/em> (Trib. Roma, ord. de 25\/02\/2020 &#8211; RG n\u00ba 39713\/2018; Trib. Roma, ord. de 23\/04\/2020 &#8211; RG n\u00ba 12781\/2019).<\/p><p>Situaciones algo problem\u00e1ticas de reconocimiento de la nacionalidad, para las que es aconsejable ponerse en contacto con nosotros, son las siguientes:<\/p><p><strong>&#8211; posible p\u00e9rdida de la nacionalidad en virtud de lo dispuesto en el C\u00f3digo Civil de 1865;<\/strong><\/p><p><strong>&#8211; filiaci\u00f3n nacida fuera del matrimonio;<\/strong><\/p><p><strong>&#8211; naturalizaci\u00f3n del ascendiente durante la minor\u00eda de edad del hijo.<\/strong><\/p>\t\t\t\t\t\t<\/div>\n\t\t\t\t<\/div>\n\t\t\t\t<\/div>\n\t\t\t\t<\/div>\n\t\t\t\t<\/div>\n\t\t\t\t\t<\/div>\n\t\t\t\t<\/div>\n\t\t\t\t\t\t\t<\/div>\n\t\t","protected":false},"excerpt":{"rendered":"<p>Casos Especiales Tambi\u00e9n existen casos especiales, y en ciertos aspectos problem\u00e1ticos, de adquisici\u00f3n de la ciudadan\u00eda iure sanguinis. Aunque hoy en d\u00eda puede decirse que est\u00e1 definitivamente obsoleta, en aras de la exhaustividad, se informa de la cuesti\u00f3n de la denominada gran naturalizaci\u00f3n brasile\u00f1a de 1889-1891, seg\u00fan la cual los italianos presentes en territorio brasile\u00f1o &hellip;<\/p>\n<p class=\"read-more\"> <a class=\"\" href=\"https:\/\/itacives.it\/?page_id=2678&#038;lang=es\"> <span class=\"screen-reader-text\">Casos Especiales<\/span> Read More &raquo;<\/a><\/p>\n","protected":false},"author":2,"featured_media":0,"parent":2633,"menu_order":0,"comment_status":"closed","ping_status":"closed","template":"","meta":{"site-sidebar-layout":"no-sidebar","site-content-layout":"page-builder","ast-site-content-layout":"full-width-container","site-content-style":"unboxed","site-sidebar-style":"unboxed","ast-global-header-display":"","ast-banner-title-visibility":"","ast-main-header-display":"","ast-hfb-above-header-display":"","ast-hfb-below-header-display":"","ast-hfb-mobile-header-display":"","site-post-title":"disabled","ast-breadcrumbs-content":"disabled","ast-featured-img":"disabled","footer-sml-layout":"","theme-transparent-header-meta":"enabled","adv-header-id-meta":"","stick-header-meta":"","header-above-stick-meta":"","header-main-stick-meta":"","header-below-stick-meta":"","astra-migrate-meta-layouts":"set","ast-page-background-enabled":"default","ast-page-background-meta":{"desktop":{"background-color":"","background-image":"","background-repeat":"repeat","background-position":"center center","background-size":"auto","background-attachment":"scroll","background-type":"","background-media":"","overlay-type":"","overlay-color":"","overlay-gradient":""},"tablet":{"background-color":"","background-image":"","background-repeat":"repeat","background-position":"center center","background-size":"auto","background-attachment":"scroll","background-type":"","background-media":"","overlay-type":"","overlay-color":"","overlay-gradient":""},"mobile":{"background-color":"","background-image":"","background-repeat":"repeat","background-position":"center center","background-size":"auto","background-attachment":"scroll","background-type":"","background-media":"","overlay-type":"","overlay-color":"","overlay-gradient":""}},"ast-content-background-meta":{"desktop":{"background-color":"var(--ast-global-color-5)","background-image":"","background-repeat":"repeat","background-position":"center center","background-size":"auto","background-attachment":"scroll","background-type":"","background-media":"","overlay-type":"","overlay-color":"","overlay-gradient":""},"tablet":{"background-color":"var(--ast-global-color-5)","background-image":"","background-repeat":"repeat","background-position":"center center","background-size":"auto","background-attachment":"scroll","background-type":"","background-media":"","overlay-type":"","overlay-color":"","overlay-gradient":""},"mobile":{"background-color":"var(--ast-global-color-5)","background-image":"","background-repeat":"repeat","background-position":"center center","background-size":"auto","background-attachment":"scroll","background-type":"","background-media":"","overlay-type":"","overlay-color":"","overlay-gradient":""}},"footnotes":"","_joinchat":[]},"yoast_head":"<!-- This site is optimized with the Yoast SEO plugin v22.3 - https:\/\/yoast.com\/wordpress\/plugins\/seo\/ -->\n<title>Casos Especiales - Ita Cives<\/title>\n<meta name=\"robots\" content=\"index, follow, max-snippet:-1, max-image-preview:large, max-video-preview:-1\" \/>\n<link rel=\"canonical\" href=\"https:\/\/itacives.it\/?page_id=2678&lang=es\" \/>\n<meta property=\"og:locale\" content=\"en_US\" \/>\n<meta property=\"og:type\" content=\"article\" \/>\n<meta property=\"og:title\" content=\"Casos Especiales - Ita Cives\" \/>\n<meta property=\"og:description\" content=\"Casos Especiales Tambi\u00e9n existen casos especiales, y en ciertos aspectos problem\u00e1ticos, de adquisici\u00f3n de la ciudadan\u00eda iure sanguinis. Aunque hoy en d\u00eda puede decirse que est\u00e1 definitivamente obsoleta, en aras de la exhaustividad, se informa de la cuesti\u00f3n de la denominada gran naturalizaci\u00f3n brasile\u00f1a de 1889-1891, seg\u00fan la cual los italianos presentes en territorio brasile\u00f1o &hellip; Casos Especiales Read More &raquo;\" \/>\n<meta property=\"og:url\" content=\"https:\/\/itacives.it\/?page_id=2678&amp;lang=es\" \/>\n<meta property=\"og:site_name\" content=\"Ita Cives\" \/>\n<meta property=\"article:modified_time\" content=\"2024-03-14T18:51:57+00:00\" \/>\n<meta property=\"og:image\" content=\"http:\/\/itacives.it\/wp-content\/uploads\/2024\/01\/CASI-PARTICOLARI.png\" \/>\n<meta name=\"twitter:card\" content=\"summary_large_image\" \/>\n<meta name=\"twitter:label1\" content=\"Est. reading time\" \/>\n\t<meta name=\"twitter:data1\" content=\"2 minutes\" \/>\n<script type=\"application\/ld+json\" class=\"yoast-schema-graph\">{\"@context\":\"https:\/\/schema.org\",\"@graph\":[{\"@type\":\"WebPage\",\"@id\":\"https:\/\/itacives.it\/?page_id=2678&lang=es\",\"url\":\"https:\/\/itacives.it\/?page_id=2678&lang=es\",\"name\":\"Casos Especiales - Ita Cives\",\"isPartOf\":{\"@id\":\"https:\/\/itacives.it\/#website\"},\"primaryImageOfPage\":{\"@id\":\"https:\/\/itacives.it\/?page_id=2678&lang=es#primaryimage\"},\"image\":{\"@id\":\"https:\/\/itacives.it\/?page_id=2678&lang=es#primaryimage\"},\"thumbnailUrl\":\"http:\/\/itacives.it\/wp-content\/uploads\/2024\/01\/CASI-PARTICOLARI.png\",\"datePublished\":\"2024-03-14T18:50:31+00:00\",\"dateModified\":\"2024-03-14T18:51:57+00:00\",\"breadcrumb\":{\"@id\":\"https:\/\/itacives.it\/?page_id=2678&lang=es#breadcrumb\"},\"inLanguage\":\"en-US\",\"potentialAction\":[{\"@type\":\"ReadAction\",\"target\":[\"https:\/\/itacives.it\/?page_id=2678&lang=es\"]}]},{\"@type\":\"ImageObject\",\"inLanguage\":\"en-US\",\"@id\":\"https:\/\/itacives.it\/?page_id=2678&lang=es#primaryimage\",\"url\":\"https:\/\/itacives.it\/wp-content\/uploads\/2024\/01\/CASI-PARTICOLARI.png\",\"contentUrl\":\"https:\/\/itacives.it\/wp-content\/uploads\/2024\/01\/CASI-PARTICOLARI.png\",\"width\":84,\"height\":84},{\"@type\":\"BreadcrumbList\",\"@id\":\"https:\/\/itacives.it\/?page_id=2678&lang=es#breadcrumb\",\"itemListElement\":[{\"@type\":\"ListItem\",\"position\":1,\"name\":\"Home\",\"item\":\"https:\/\/itacives.it\/\"},{\"@type\":\"ListItem\",\"position\":2,\"name\":\"\u00c1reas de Especializaci\u00f3n\",\"item\":\"https:\/\/itacives.it\/?page_id=2633&lang=es\"},{\"@type\":\"ListItem\",\"position\":3,\"name\":\"Casos Especiales\"}]},{\"@type\":\"WebSite\",\"@id\":\"https:\/\/itacives.it\/#website\",\"url\":\"https:\/\/itacives.it\/\",\"name\":\"Ita Cives\",\"description\":\"Cittadinanza Italiana Iure Sanguinis\",\"publisher\":{\"@id\":\"https:\/\/itacives.it\/#organization\"},\"potentialAction\":[{\"@type\":\"SearchAction\",\"target\":{\"@type\":\"EntryPoint\",\"urlTemplate\":\"https:\/\/itacives.it\/?s={search_term_string}\"},\"query-input\":\"required name=search_term_string\"}],\"inLanguage\":\"en-US\"},{\"@type\":\"Organization\",\"@id\":\"https:\/\/itacives.it\/#organization\",\"name\":\"Ita Cives\",\"url\":\"https:\/\/itacives.it\/\",\"logo\":{\"@type\":\"ImageObject\",\"inLanguage\":\"en-US\",\"@id\":\"https:\/\/itacives.it\/#\/schema\/logo\/image\/\",\"url\":\"https:\/\/itacives.it\/wp-content\/uploads\/2024\/01\/cropped-ita-cives-variazione-colore-1.png\",\"contentUrl\":\"https:\/\/itacives.it\/wp-content\/uploads\/2024\/01\/cropped-ita-cives-variazione-colore-1.png\",\"width\":1168,\"height\":282,\"caption\":\"Ita Cives\"},\"image\":{\"@id\":\"https:\/\/itacives.it\/#\/schema\/logo\/image\/\"}}]}<\/script>\n<!-- \/ Yoast SEO plugin. -->","yoast_head_json":{"title":"Casos Especiales - Ita Cives","robots":{"index":"index","follow":"follow","max-snippet":"max-snippet:-1","max-image-preview":"max-image-preview:large","max-video-preview":"max-video-preview:-1"},"canonical":"https:\/\/itacives.it\/?page_id=2678&lang=es","og_locale":"en_US","og_type":"article","og_title":"Casos Especiales - Ita Cives","og_description":"Casos Especiales Tambi\u00e9n existen casos especiales, y en ciertos aspectos problem\u00e1ticos, de adquisici\u00f3n de la ciudadan\u00eda iure sanguinis. Aunque hoy en d\u00eda puede decirse que est\u00e1 definitivamente obsoleta, en aras de la exhaustividad, se informa de la cuesti\u00f3n de la denominada gran naturalizaci\u00f3n brasile\u00f1a de 1889-1891, seg\u00fan la cual los italianos presentes en territorio brasile\u00f1o &hellip; Casos Especiales Read More &raquo;","og_url":"https:\/\/itacives.it\/?page_id=2678&lang=es","og_site_name":"Ita Cives","article_modified_time":"2024-03-14T18:51:57+00:00","og_image":[{"url":"http:\/\/itacives.it\/wp-content\/uploads\/2024\/01\/CASI-PARTICOLARI.png"}],"twitter_card":"summary_large_image","twitter_misc":{"Est. reading time":"2 minutes"},"schema":{"@context":"https:\/\/schema.org","@graph":[{"@type":"WebPage","@id":"https:\/\/itacives.it\/?page_id=2678&lang=es","url":"https:\/\/itacives.it\/?page_id=2678&lang=es","name":"Casos Especiales - Ita Cives","isPartOf":{"@id":"https:\/\/itacives.it\/#website"},"primaryImageOfPage":{"@id":"https:\/\/itacives.it\/?page_id=2678&lang=es#primaryimage"},"image":{"@id":"https:\/\/itacives.it\/?page_id=2678&lang=es#primaryimage"},"thumbnailUrl":"http:\/\/itacives.it\/wp-content\/uploads\/2024\/01\/CASI-PARTICOLARI.png","datePublished":"2024-03-14T18:50:31+00:00","dateModified":"2024-03-14T18:51:57+00:00","breadcrumb":{"@id":"https:\/\/itacives.it\/?page_id=2678&lang=es#breadcrumb"},"inLanguage":"en-US","potentialAction":[{"@type":"ReadAction","target":["https:\/\/itacives.it\/?page_id=2678&lang=es"]}]},{"@type":"ImageObject","inLanguage":"en-US","@id":"https:\/\/itacives.it\/?page_id=2678&lang=es#primaryimage","url":"https:\/\/itacives.it\/wp-content\/uploads\/2024\/01\/CASI-PARTICOLARI.png","contentUrl":"https:\/\/itacives.it\/wp-content\/uploads\/2024\/01\/CASI-PARTICOLARI.png","width":84,"height":84},{"@type":"BreadcrumbList","@id":"https:\/\/itacives.it\/?page_id=2678&lang=es#breadcrumb","itemListElement":[{"@type":"ListItem","position":1,"name":"Home","item":"https:\/\/itacives.it\/"},{"@type":"ListItem","position":2,"name":"\u00c1reas de Especializaci\u00f3n","item":"https:\/\/itacives.it\/?page_id=2633&lang=es"},{"@type":"ListItem","position":3,"name":"Casos Especiales"}]},{"@type":"WebSite","@id":"https:\/\/itacives.it\/#website","url":"https:\/\/itacives.it\/","name":"Ita Cives","description":"Cittadinanza Italiana Iure Sanguinis","publisher":{"@id":"https:\/\/itacives.it\/#organization"},"potentialAction":[{"@type":"SearchAction","target":{"@type":"EntryPoint","urlTemplate":"https:\/\/itacives.it\/?s={search_term_string}"},"query-input":"required name=search_term_string"}],"inLanguage":"en-US"},{"@type":"Organization","@id":"https:\/\/itacives.it\/#organization","name":"Ita Cives","url":"https:\/\/itacives.it\/","logo":{"@type":"ImageObject","inLanguage":"en-US","@id":"https:\/\/itacives.it\/#\/schema\/logo\/image\/","url":"https:\/\/itacives.it\/wp-content\/uploads\/2024\/01\/cropped-ita-cives-variazione-colore-1.png","contentUrl":"https:\/\/itacives.it\/wp-content\/uploads\/2024\/01\/cropped-ita-cives-variazione-colore-1.png","width":1168,"height":282,"caption":"Ita Cives"},"image":{"@id":"https:\/\/itacives.it\/#\/schema\/logo\/image\/"}}]}},"_links":{"self":[{"href":"https:\/\/itacives.it\/index.php?rest_route=\/wp\/v2\/pages\/2678"}],"collection":[{"href":"https:\/\/itacives.it\/index.php?rest_route=\/wp\/v2\/pages"}],"about":[{"href":"https:\/\/itacives.it\/index.php?rest_route=\/wp\/v2\/types\/page"}],"author":[{"embeddable":true,"href":"https:\/\/itacives.it\/index.php?rest_route=\/wp\/v2\/users\/2"}],"replies":[{"embeddable":true,"href":"https:\/\/itacives.it\/index.php?rest_route=%2Fwp%2Fv2%2Fcomments&post=2678"}],"version-history":[{"count":4,"href":"https:\/\/itacives.it\/index.php?rest_route=\/wp\/v2\/pages\/2678\/revisions"}],"predecessor-version":[{"id":2682,"href":"https:\/\/itacives.it\/index.php?rest_route=\/wp\/v2\/pages\/2678\/revisions\/2682"}],"up":[{"embeddable":true,"href":"https:\/\/itacives.it\/index.php?rest_route=\/wp\/v2\/pages\/2633"}],"wp:attachment":[{"href":"https:\/\/itacives.it\/index.php?rest_route=%2Fwp%2Fv2%2Fmedia&parent=2678"}],"curies":[{"name":"wp","href":"https:\/\/api.w.org\/{rel}","templated":true}]}}