{"id":2621,"date":"2024-03-14T13:59:53","date_gmt":"2024-03-14T12:59:53","guid":{"rendered":"https:\/\/itacives.it\/?page_id=2621"},"modified":"2024-03-27T19:46:43","modified_gmt":"2024-03-27T18:46:43","slug":"quienes-somos","status":"publish","type":"page","link":"https:\/\/itacives.it\/?page_id=2621&lang=es","title":{"rendered":"Quienes Somos"},"content":{"rendered":"\t\t<div data-elementor-type=\"wp-page\" data-elementor-id=\"2621\" class=\"elementor elementor-2621\">\n\t\t\t\t\t\t\t<div class=\"elementor-element elementor-element-8d47204 e-flex e-con-boxed e-con e-parent\" data-id=\"8d47204\" data-element_type=\"container\" data-settings=\"{&quot;background_background&quot;:&quot;classic&quot;,&quot;content_width&quot;:&quot;boxed&quot;}\" data-core-v316-plus=\"true\">\n\t\t\t\t\t<div class=\"e-con-inner\">\n\t\t<div class=\"elementor-element elementor-element-034a0db e-con-full e-flex e-con e-child\" data-id=\"034a0db\" data-element_type=\"container\" data-settings=\"{&quot;content_width&quot;:&quot;full&quot;}\">\n\t\t\t\t<div class=\"elementor-element elementor-element-5f947da elementor-widget elementor-widget-heading\" data-id=\"5f947da\" data-element_type=\"widget\" data-widget_type=\"heading.default\">\n\t\t\t\t<div class=\"elementor-widget-container\">\n\t\t\t<style>\/*! elementor - v3.18.0 - 20-12-2023 *\/\n.elementor-heading-title{padding:0;margin:0;line-height:1}.elementor-widget-heading .elementor-heading-title[class*=elementor-size-]>a{color:inherit;font-size:inherit;line-height:inherit}.elementor-widget-heading .elementor-heading-title.elementor-size-small{font-size:15px}.elementor-widget-heading .elementor-heading-title.elementor-size-medium{font-size:19px}.elementor-widget-heading .elementor-heading-title.elementor-size-large{font-size:29px}.elementor-widget-heading .elementor-heading-title.elementor-size-xl{font-size:39px}.elementor-widget-heading .elementor-heading-title.elementor-size-xxl{font-size:59px}<\/style><h1 class=\"elementor-heading-title elementor-size-default\">Quienes Somos<\/h1>\t\t<\/div>\n\t\t\t\t<\/div>\n\t\t\t\t<\/div>\n\t\t\t\t\t<\/div>\n\t\t\t\t<\/div>\n\t\t<div class=\"elementor-element elementor-element-d9bec80 e-flex e-con-boxed e-con e-parent\" data-id=\"d9bec80\" data-element_type=\"container\" data-settings=\"{&quot;background_background&quot;:&quot;classic&quot;,&quot;content_width&quot;:&quot;boxed&quot;}\" data-core-v316-plus=\"true\">\n\t\t\t\t\t<div class=\"e-con-inner\">\n\t\t<div class=\"elementor-element elementor-element-7655669 e-con-full e-flex e-con e-child\" data-id=\"7655669\" data-element_type=\"container\" data-settings=\"{&quot;content_width&quot;:&quot;full&quot;}\">\n\t\t<div class=\"elementor-element elementor-element-03db355 e-con-full e-flex e-con e-child\" data-id=\"03db355\" data-element_type=\"container\" data-settings=\"{&quot;content_width&quot;:&quot;full&quot;}\">\n\t\t<div class=\"elementor-element elementor-element-e951bd3 e-con-full e-flex e-con e-child\" data-id=\"e951bd3\" data-element_type=\"container\" data-settings=\"{&quot;content_width&quot;:&quot;full&quot;}\">\n\t\t\t\t<div class=\"elementor-element elementor-element-66d4551 elementor-widget elementor-widget-heading\" data-id=\"66d4551\" data-element_type=\"widget\" data-widget_type=\"heading.default\">\n\t\t\t\t<div class=\"elementor-widget-container\">\n\t\t\t<h2 class=\"elementor-heading-title elementor-size-default\">ITA CIVES es un equipo de profesionales expertos en materia de ciudadan\u00eda italiana. <\/h2>\t\t<\/div>\n\t\t\t\t<\/div>\n\t\t\t\t<\/div>\n\t\t<div class=\"elementor-element elementor-element-7179a7f e-con-full e-flex e-con e-child\" data-id=\"7179a7f\" data-element_type=\"container\" data-settings=\"{&quot;content_width&quot;:&quot;full&quot;}\">\n\t\t\t\t<div class=\"elementor-element elementor-element-039ea62 elementor-widget elementor-widget-text-editor\" data-id=\"039ea62\" data-element_type=\"widget\" data-widget_type=\"text-editor.default\">\n\t\t\t\t<div class=\"elementor-widget-container\">\n\t\t\t<style>\/*! elementor - v3.18.0 - 20-12-2023 *\/\n.elementor-widget-text-editor.elementor-drop-cap-view-stacked .elementor-drop-cap{background-color:#69727d;color:#fff}.elementor-widget-text-editor.elementor-drop-cap-view-framed .elementor-drop-cap{color:#69727d;border:3px solid;background-color:transparent}.elementor-widget-text-editor:not(.elementor-drop-cap-view-default) .elementor-drop-cap{margin-top:8px}.elementor-widget-text-editor:not(.elementor-drop-cap-view-default) .elementor-drop-cap-letter{width:1em;height:1em}.elementor-widget-text-editor .elementor-drop-cap{float:left;text-align:center;line-height:1;font-size:50px}.elementor-widget-text-editor .elementor-drop-cap-letter{display:inline-block}<\/style>\t\t\t\t<p>Estamos especializados en procedimientos de reconocimiento de la ciudadan\u00eda italiana iure sanguinis a favor de descendientes de ciudadanos italianos emigrados al extranjero.<\/p>\t\t\t\t\t\t<\/div>\n\t\t\t\t<\/div>\n\t\t\t\t<div class=\"elementor-element elementor-element-1fb5d2d elementor-widget elementor-widget-text-editor\" data-id=\"1fb5d2d\" data-element_type=\"widget\" data-widget_type=\"text-editor.default\">\n\t\t\t\t<div class=\"elementor-widget-container\">\n\t\t\t\t\t\t\t<p>Acompa\u00f1amos a nuestros clientes en todas las fases del procedimiento: desde la b\u00fasqueda de documentaci\u00f3n hasta los tr\u00e1mites burocr\u00e1ticos posteriores a la sentencia de concesi\u00f3n de la ciudadan\u00eda italiana a los solicitantes. Tambi\u00e9n ofrecemos servicios de consultor\u00eda y asistencia jur\u00eddica para los tr\u00e1mites en las Embajadas o en los municipios italianos de residencia.<\/p>\t\t\t\t\t\t<\/div>\n\t\t\t\t<\/div>\n\t\t\t\t<\/div>\n\t\t\t\t<\/div>\n\t\t<div class=\"elementor-element elementor-element-ee458de e-con-full e-flex e-con e-child\" data-id=\"ee458de\" data-element_type=\"container\" data-settings=\"{&quot;content_width&quot;:&quot;full&quot;}\">\n\t\t<div class=\"elementor-element elementor-element-d213744 e-con-full e-flex e-con e-child\" data-id=\"d213744\" data-element_type=\"container\" data-settings=\"{&quot;content_width&quot;:&quot;full&quot;}\">\n\t\t\t\t<div class=\"elementor-element elementor-element-64ec82b elementor-widget elementor-widget-image\" data-id=\"64ec82b\" data-element_type=\"widget\" data-widget_type=\"image.default\">\n\t\t\t\t<div class=\"elementor-widget-container\">\n\t\t\t<style>\/*! elementor - v3.18.0 - 20-12-2023 *\/\n.elementor-widget-image{text-align:center}.elementor-widget-image a{display:inline-block}.elementor-widget-image a img[src$=\".svg\"]{width:48px}.elementor-widget-image img{vertical-align:middle;display:inline-block}<\/style>\t\t\t\t\t\t\t\t\t\t\t\t<img fetchpriority=\"high\" decoding=\"async\" width=\"1448\" height=\"1699\" src=\"https:\/\/itacives.it\/wp-content\/uploads\/2024\/03\/FABIO.jpg\" class=\"attachment-full size-full wp-image-2406\" alt=\"\" srcset=\"https:\/\/itacives.it\/wp-content\/uploads\/2024\/03\/FABIO.jpg 1448w, https:\/\/itacives.it\/wp-content\/uploads\/2024\/03\/FABIO-256x300.jpg 256w, https:\/\/itacives.it\/wp-content\/uploads\/2024\/03\/FABIO-873x1024.jpg 873w, https:\/\/itacives.it\/wp-content\/uploads\/2024\/03\/FABIO-768x901.jpg 768w, https:\/\/itacives.it\/wp-content\/uploads\/2024\/03\/FABIO-1309x1536.jpg 1309w\" sizes=\"(max-width: 1448px) 100vw, 1448px\" \/>\t\t\t\t\t\t\t\t\t\t\t\t\t\t\t<\/div>\n\t\t\t\t<\/div>\n\t\t\t\t<\/div>\n\t\t<div class=\"elementor-element elementor-element-05e5ef6 e-con-full e-flex e-con e-child\" data-id=\"05e5ef6\" data-element_type=\"container\" data-settings=\"{&quot;content_width&quot;:&quot;full&quot;}\">\n\t\t\t\t<div class=\"elementor-element elementor-element-8d88ec2 elementor-widget elementor-widget-text-editor\" data-id=\"8d88ec2\" data-element_type=\"widget\" data-widget_type=\"text-editor.default\">\n\t\t\t\t<div class=\"elementor-widget-container\">\n\t\t\t\t\t\t\t<p>El abogado Fabio Mastrogiovanni se licenci\u00f3 en Derecho con la m\u00e1xima puntuaci\u00f3n en la Universidad de Pav\u00eda con una tesis en procedimiento penal centrada en el proceso penal titulada: &#8220;Evaluaci\u00f3n de la prueba en los juicios contra el crimen organizado&#8221;. Posteriormente continu\u00f3 sus estudios obteniendo el diploma en la Escuela de Especializaci\u00f3n para Profesiones Jur\u00eddicas (SSPL) de la Universidad Luigi Bocconi de Mil\u00e1n y en la Universidad de Pav\u00eda.<\/p><p>A lo largo de los a\u00f1os ha colaborado con diversos profesionales entre ellos el abogado. Orietta Stella del Colegio de Abogados de Pavia y el abogado. Marino Vignali del Colegio de Abogados de Mil\u00e1n. Tambi\u00e9n es miembro de la organizaci\u00f3n sin fines de lucro &#8220;Avvocato di Strada&#8221; cuyo objetivo es la libre defensa (judicial y extrajudicial) de las personas sin hogar.<\/p><p>En 2020 fund\u00f3 el despacho de abogados Ita Cives con el que se dedica diariamente al servicio de asesoramiento en Municipios y Tribunales para la aceptaci\u00f3n de solicitudes de reconocimiento del estatus de civitatis.<\/p>\t\t\t\t\t\t<\/div>\n\t\t\t\t<\/div>\n\t\t\t\t<div class=\"elementor-element elementor-element-4e1579b elementor-widget elementor-widget-heading\" data-id=\"4e1579b\" data-element_type=\"widget\" data-widget_type=\"heading.default\">\n\t\t\t\t<div class=\"elementor-widget-container\">\n\t\t\t<div class=\"elementor-heading-title elementor-size-small\">Fundador<\/div>\t\t<\/div>\n\t\t\t\t<\/div>\n\t\t\t\t<div class=\"elementor-element elementor-element-1d81087 elementor-widget elementor-widget-heading\" data-id=\"1d81087\" data-element_type=\"widget\" data-widget_type=\"heading.default\">\n\t\t\t\t<div class=\"elementor-widget-container\">\n\t\t\t<h5 class=\"elementor-heading-title elementor-size-default\">Avv. Fabio Mastrogiovanni<\/h5>\t\t<\/div>\n\t\t\t\t<\/div>\n\t\t\t\t<\/div>\n\t\t\t\t<\/div>\n\t\t<div class=\"elementor-element elementor-element-1599dbf e-con-full e-flex e-con e-child\" data-id=\"1599dbf\" data-element_type=\"container\" data-settings=\"{&quot;content_width&quot;:&quot;full&quot;}\">\n\t\t<div class=\"elementor-element elementor-element-8e35e8d e-con-full e-flex e-con e-child\" data-id=\"8e35e8d\" data-element_type=\"container\" data-settings=\"{&quot;content_width&quot;:&quot;full&quot;}\">\n\t\t\t\t<\/div>\n\t\t<div class=\"elementor-element elementor-element-75b7692 e-con-full e-flex e-con e-child\" data-id=\"75b7692\" data-element_type=\"container\" data-settings=\"{&quot;content_width&quot;:&quot;full&quot;}\">\n\t\t\t\t<\/div>\n\t\t<div class=\"elementor-element elementor-element-bfda6bd e-con-full e-flex e-con e-child\" data-id=\"bfda6bd\" data-element_type=\"container\" data-settings=\"{&quot;content_width&quot;:&quot;full&quot;}\">\n\t\t\t\t<\/div>\n\t\t<div class=\"elementor-element elementor-element-0a5543b e-con-full e-flex e-con e-child\" data-id=\"0a5543b\" data-element_type=\"container\" data-settings=\"{&quot;content_width&quot;:&quot;full&quot;}\">\n\t\t\t\t<\/div>\n\t\t<div class=\"elementor-element elementor-element-9f07ae5 e-con-full e-flex e-con e-child\" data-id=\"9f07ae5\" data-element_type=\"container\" data-settings=\"{&quot;content_width&quot;:&quot;full&quot;}\">\n\t\t\t\t<\/div>\n\t\t\t\t<\/div>\n\t\t\t\t<\/div>\n\t\t\t\t\t<\/div>\n\t\t\t\t<\/div>\n\t\t\t\t\t\t\t<\/div>\n\t\t","protected":false},"excerpt":{"rendered":"<p>Quienes Somos ITA CIVES es un equipo de profesionales expertos en materia de ciudadan\u00eda italiana. Estamos especializados en procedimientos de reconocimiento de la ciudadan\u00eda italiana iure sanguinis a favor de descendientes de ciudadanos italianos emigrados al extranjero. Acompa\u00f1amos a nuestros clientes en todas las fases del procedimiento: desde la b\u00fasqueda de documentaci\u00f3n hasta los tr\u00e1mites &hellip;<\/p>\n<p class=\"read-more\"> <a class=\"\" href=\"https:\/\/itacives.it\/?page_id=2621&#038;lang=es\"> <span class=\"screen-reader-text\">Quienes Somos<\/span> Read More &raquo;<\/a><\/p>\n","protected":false},"author":2,"featured_media":0,"parent":0,"menu_order":0,"comment_status":"closed","ping_status":"closed","template":"","meta":{"site-sidebar-layout":"no-sidebar","site-content-layout":"page-builder","ast-site-content-layout":"full-width-container","site-content-style":"unboxed","site-sidebar-style":"unboxed","ast-global-header-display":"","ast-banner-title-visibility":"","ast-main-header-display":"","ast-hfb-above-header-display":"","ast-hfb-below-header-display":"","ast-hfb-mobile-header-display":"","site-post-title":"disabled","ast-breadcrumbs-content":"disabled","ast-featured-img":"disabled","footer-sml-layout":"","theme-transparent-header-meta":"enabled","adv-header-id-meta":"","stick-header-meta":"","header-above-stick-meta":"","header-main-stick-meta":"","header-below-stick-meta":"","astra-migrate-meta-layouts":"set","ast-page-background-enabled":"default","ast-page-background-meta":{"desktop":{"background-color":"","background-image":"","background-repeat":"repeat","background-position":"center center","background-size":"auto","background-attachment":"scroll","background-type":"","background-media":"","overlay-type":"","overlay-color":"","overlay-gradient":""},"tablet":{"background-color":"","background-image":"","background-repeat":"repeat","background-position":"center center","background-size":"auto","background-attachment":"scroll","background-type":"","background-media":"","overlay-type":"","overlay-color":"","overlay-gradient":""},"mobile":{"background-color":"","background-image":"","background-repeat":"repeat","background-position":"center center","background-size":"auto","background-attachment":"scroll","background-type":"","background-media":"","overlay-type":"","overlay-color":"","overlay-gradient":""}},"ast-content-background-meta":{"desktop":{"background-color":"var(--ast-global-color-5)","background-image":"","background-repeat":"repeat","background-position":"center center","background-size":"auto","background-attachment":"scroll","background-type":"","background-media":"","overlay-type":"","overlay-color":"","overlay-gradient":""},"tablet":{"background-color":"var(--ast-global-color-5)","background-image":"","background-repeat":"repeat","background-position":"center center","background-size":"auto","background-attachment":"scroll","background-type":"","background-media":"","overlay-type":"","overlay-color":"","overlay-gradient":""},"mobile":{"background-color":"var(--ast-global-color-5)","background-image":"","background-repeat":"repeat","background-position":"center center","background-size":"auto","background-attachment":"scroll","background-type":"","background-media":"","overlay-type":"","overlay-color":"","overlay-gradient":""}},"footnotes":"","_joinchat":[]},"yoast_head":"<!-- This site is optimized with the Yoast SEO plugin v22.3 - https:\/\/yoast.com\/wordpress\/plugins\/seo\/ -->\n<title>Quienes Somos - Ita Cives<\/title>\n<meta name=\"robots\" content=\"index, follow, max-snippet:-1, max-image-preview:large, max-video-preview:-1\" \/>\n<link rel=\"canonical\" href=\"https:\/\/itacives.it\/?page_id=2621&lang=es\" \/>\n<meta property=\"og:locale\" content=\"en_US\" \/>\n<meta property=\"og:type\" content=\"article\" \/>\n<meta property=\"og:title\" content=\"Quienes Somos - Ita Cives\" \/>\n<meta property=\"og:description\" content=\"Quienes Somos ITA CIVES es un equipo de profesionales expertos en materia de ciudadan\u00eda italiana. Estamos especializados en procedimientos de reconocimiento de la ciudadan\u00eda italiana iure sanguinis a favor de descendientes de ciudadanos italianos emigrados al extranjero. Acompa\u00f1amos a nuestros clientes en todas las fases del procedimiento: desde la b\u00fasqueda de documentaci\u00f3n hasta los tr\u00e1mites &hellip; Quienes Somos Read More &raquo;\" \/>\n<meta property=\"og:url\" content=\"https:\/\/itacives.it\/?page_id=2621&amp;lang=es\" \/>\n<meta property=\"og:site_name\" content=\"Ita Cives\" \/>\n<meta property=\"article:modified_time\" content=\"2024-03-27T18:46:43+00:00\" \/>\n<meta property=\"og:image\" content=\"http:\/\/itacives.it\/wp-content\/uploads\/2024\/03\/FABIO.jpg\" \/>\n<meta name=\"twitter:card\" content=\"summary_large_image\" \/>\n<meta name=\"twitter:label1\" content=\"Est. reading time\" \/>\n\t<meta name=\"twitter:data1\" content=\"2 minutes\" \/>\n<script type=\"application\/ld+json\" class=\"yoast-schema-graph\">{\"@context\":\"https:\/\/schema.org\",\"@graph\":[{\"@type\":\"WebPage\",\"@id\":\"https:\/\/itacives.it\/?page_id=2621&lang=es\",\"url\":\"https:\/\/itacives.it\/?page_id=2621&lang=es\",\"name\":\"Quienes Somos - Ita Cives\",\"isPartOf\":{\"@id\":\"https:\/\/itacives.it\/#website\"},\"primaryImageOfPage\":{\"@id\":\"https:\/\/itacives.it\/?page_id=2621&lang=es#primaryimage\"},\"image\":{\"@id\":\"https:\/\/itacives.it\/?page_id=2621&lang=es#primaryimage\"},\"thumbnailUrl\":\"http:\/\/itacives.it\/wp-content\/uploads\/2024\/03\/FABIO.jpg\",\"datePublished\":\"2024-03-14T12:59:53+00:00\",\"dateModified\":\"2024-03-27T18:46:43+00:00\",\"breadcrumb\":{\"@id\":\"https:\/\/itacives.it\/?page_id=2621&lang=es#breadcrumb\"},\"inLanguage\":\"en-US\",\"potentialAction\":[{\"@type\":\"ReadAction\",\"target\":[\"https:\/\/itacives.it\/?page_id=2621&lang=es\"]}]},{\"@type\":\"ImageObject\",\"inLanguage\":\"en-US\",\"@id\":\"https:\/\/itacives.it\/?page_id=2621&lang=es#primaryimage\",\"url\":\"https:\/\/itacives.it\/wp-content\/uploads\/2024\/03\/FABIO.jpg\",\"contentUrl\":\"https:\/\/itacives.it\/wp-content\/uploads\/2024\/03\/FABIO.jpg\",\"width\":1448,\"height\":1699},{\"@type\":\"BreadcrumbList\",\"@id\":\"https:\/\/itacives.it\/?page_id=2621&lang=es#breadcrumb\",\"itemListElement\":[{\"@type\":\"ListItem\",\"position\":1,\"name\":\"Home\",\"item\":\"https:\/\/itacives.it\/\"},{\"@type\":\"ListItem\",\"position\":2,\"name\":\"Quienes Somos\"}]},{\"@type\":\"WebSite\",\"@id\":\"https:\/\/itacives.it\/#website\",\"url\":\"https:\/\/itacives.it\/\",\"name\":\"Ita Cives\",\"description\":\"Cittadinanza Italiana Iure Sanguinis\",\"publisher\":{\"@id\":\"https:\/\/itacives.it\/#organization\"},\"potentialAction\":[{\"@type\":\"SearchAction\",\"target\":{\"@type\":\"EntryPoint\",\"urlTemplate\":\"https:\/\/itacives.it\/?s={search_term_string}\"},\"query-input\":\"required name=search_term_string\"}],\"inLanguage\":\"en-US\"},{\"@type\":\"Organization\",\"@id\":\"https:\/\/itacives.it\/#organization\",\"name\":\"Ita Cives\",\"url\":\"https:\/\/itacives.it\/\",\"logo\":{\"@type\":\"ImageObject\",\"inLanguage\":\"en-US\",\"@id\":\"https:\/\/itacives.it\/#\/schema\/logo\/image\/\",\"url\":\"https:\/\/itacives.it\/wp-content\/uploads\/2024\/01\/cropped-ita-cives-variazione-colore-1.png\",\"contentUrl\":\"https:\/\/itacives.it\/wp-content\/uploads\/2024\/01\/cropped-ita-cives-variazione-colore-1.png\",\"width\":1168,\"height\":282,\"caption\":\"Ita Cives\"},\"image\":{\"@id\":\"https:\/\/itacives.it\/#\/schema\/logo\/image\/\"}}]}<\/script>\n<!-- \/ Yoast SEO plugin. -->","yoast_head_json":{"title":"Quienes Somos - Ita Cives","robots":{"index":"index","follow":"follow","max-snippet":"max-snippet:-1","max-image-preview":"max-image-preview:large","max-video-preview":"max-video-preview:-1"},"canonical":"https:\/\/itacives.it\/?page_id=2621&lang=es","og_locale":"en_US","og_type":"article","og_title":"Quienes Somos - Ita Cives","og_description":"Quienes Somos ITA CIVES es un equipo de profesionales expertos en materia de ciudadan\u00eda italiana. Estamos especializados en procedimientos de reconocimiento de la ciudadan\u00eda italiana iure sanguinis a favor de descendientes de ciudadanos italianos emigrados al extranjero. Acompa\u00f1amos a nuestros clientes en todas las fases del procedimiento: desde la b\u00fasqueda de documentaci\u00f3n hasta los tr\u00e1mites &hellip; Quienes Somos Read More &raquo;","og_url":"https:\/\/itacives.it\/?page_id=2621&lang=es","og_site_name":"Ita Cives","article_modified_time":"2024-03-27T18:46:43+00:00","og_image":[{"url":"http:\/\/itacives.it\/wp-content\/uploads\/2024\/03\/FABIO.jpg"}],"twitter_card":"summary_large_image","twitter_misc":{"Est. reading time":"2 minutes"},"schema":{"@context":"https:\/\/schema.org","@graph":[{"@type":"WebPage","@id":"https:\/\/itacives.it\/?page_id=2621&lang=es","url":"https:\/\/itacives.it\/?page_id=2621&lang=es","name":"Quienes Somos - Ita Cives","isPartOf":{"@id":"https:\/\/itacives.it\/#website"},"primaryImageOfPage":{"@id":"https:\/\/itacives.it\/?page_id=2621&lang=es#primaryimage"},"image":{"@id":"https:\/\/itacives.it\/?page_id=2621&lang=es#primaryimage"},"thumbnailUrl":"http:\/\/itacives.it\/wp-content\/uploads\/2024\/03\/FABIO.jpg","datePublished":"2024-03-14T12:59:53+00:00","dateModified":"2024-03-27T18:46:43+00:00","breadcrumb":{"@id":"https:\/\/itacives.it\/?page_id=2621&lang=es#breadcrumb"},"inLanguage":"en-US","potentialAction":[{"@type":"ReadAction","target":["https:\/\/itacives.it\/?page_id=2621&lang=es"]}]},{"@type":"ImageObject","inLanguage":"en-US","@id":"https:\/\/itacives.it\/?page_id=2621&lang=es#primaryimage","url":"https:\/\/itacives.it\/wp-content\/uploads\/2024\/03\/FABIO.jpg","contentUrl":"https:\/\/itacives.it\/wp-content\/uploads\/2024\/03\/FABIO.jpg","width":1448,"height":1699},{"@type":"BreadcrumbList","@id":"https:\/\/itacives.it\/?page_id=2621&lang=es#breadcrumb","itemListElement":[{"@type":"ListItem","position":1,"name":"Home","item":"https:\/\/itacives.it\/"},{"@type":"ListItem","position":2,"name":"Quienes Somos"}]},{"@type":"WebSite","@id":"https:\/\/itacives.it\/#website","url":"https:\/\/itacives.it\/","name":"Ita Cives","description":"Cittadinanza Italiana Iure Sanguinis","publisher":{"@id":"https:\/\/itacives.it\/#organization"},"potentialAction":[{"@type":"SearchAction","target":{"@type":"EntryPoint","urlTemplate":"https:\/\/itacives.it\/?s={search_term_string}"},"query-input":"required name=search_term_string"}],"inLanguage":"en-US"},{"@type":"Organization","@id":"https:\/\/itacives.it\/#organization","name":"Ita Cives","url":"https:\/\/itacives.it\/","logo":{"@type":"ImageObject","inLanguage":"en-US","@id":"https:\/\/itacives.it\/#\/schema\/logo\/image\/","url":"https:\/\/itacives.it\/wp-content\/uploads\/2024\/01\/cropped-ita-cives-variazione-colore-1.png","contentUrl":"https:\/\/itacives.it\/wp-content\/uploads\/2024\/01\/cropped-ita-cives-variazione-colore-1.png","width":1168,"height":282,"caption":"Ita Cives"},"image":{"@id":"https:\/\/itacives.it\/#\/schema\/logo\/image\/"}}]}},"_links":{"self":[{"href":"https:\/\/itacives.it\/index.php?rest_route=\/wp\/v2\/pages\/2621"}],"collection":[{"href":"https:\/\/itacives.it\/index.php?rest_route=\/wp\/v2\/pages"}],"about":[{"href":"https:\/\/itacives.it\/index.php?rest_route=\/wp\/v2\/types\/page"}],"author":[{"embeddable":true,"href":"https:\/\/itacives.it\/index.php?rest_route=\/wp\/v2\/users\/2"}],"replies":[{"embeddable":true,"href":"https:\/\/itacives.it\/index.php?rest_route=%2Fwp%2Fv2%2Fcomments&post=2621"}],"version-history":[{"count":7,"href":"https:\/\/itacives.it\/index.php?rest_route=\/wp\/v2\/pages\/2621\/revisions"}],"predecessor-version":[{"id":2913,"href":"https:\/\/itacives.it\/index.php?rest_route=\/wp\/v2\/pages\/2621\/revisions\/2913"}],"wp:attachment":[{"href":"https:\/\/itacives.it\/index.php?rest_route=%2Fwp%2Fv2%2Fmedia&parent=2621"}],"curies":[{"name":"wp","href":"https:\/\/api.w.org\/{rel}","templated":true}]}}