{"id":1885,"date":"2024-01-03T00:57:22","date_gmt":"2024-01-02T23:57:22","guid":{"rendered":"https:\/\/itacives.it\/?page_id=1885"},"modified":"2024-01-17T17:33:05","modified_gmt":"2024-01-17T16:33:05","slug":"ritardo-consolato","status":"publish","type":"page","link":"https:\/\/itacives.it\/?page_id=1885","title":{"rendered":"Ritardo Consolato"},"content":{"rendered":"\t\t<div data-elementor-type=\"wp-page\" data-elementor-id=\"1885\" class=\"elementor elementor-1885\">\n\t\t\t\t\t\t\t<div class=\"elementor-element elementor-element-bd4b709 e-flex e-con-boxed e-con e-parent\" data-id=\"bd4b709\" data-element_type=\"container\" data-settings=\"{&quot;background_background&quot;:&quot;classic&quot;,&quot;content_width&quot;:&quot;boxed&quot;}\" data-core-v316-plus=\"true\">\n\t\t\t\t\t<div class=\"e-con-inner\">\n\t\t<div class=\"elementor-element elementor-element-66e3958 e-con-full e-flex e-con e-child\" data-id=\"66e3958\" data-element_type=\"container\" data-settings=\"{&quot;content_width&quot;:&quot;full&quot;}\">\n\t\t\t\t<div class=\"elementor-element elementor-element-6179b97 elementor-widget elementor-widget-heading\" data-id=\"6179b97\" data-element_type=\"widget\" data-widget_type=\"heading.default\">\n\t\t\t\t<div class=\"elementor-widget-container\">\n\t\t\t<style>\/*! elementor - v3.18.0 - 20-12-2023 *\/\n.elementor-heading-title{padding:0;margin:0;line-height:1}.elementor-widget-heading .elementor-heading-title[class*=elementor-size-]>a{color:inherit;font-size:inherit;line-height:inherit}.elementor-widget-heading .elementor-heading-title.elementor-size-small{font-size:15px}.elementor-widget-heading .elementor-heading-title.elementor-size-medium{font-size:19px}.elementor-widget-heading .elementor-heading-title.elementor-size-large{font-size:29px}.elementor-widget-heading .elementor-heading-title.elementor-size-xl{font-size:39px}.elementor-widget-heading .elementor-heading-title.elementor-size-xxl{font-size:59px}<\/style><h1 class=\"elementor-heading-title elementor-size-default\">Ritardo Consolato<\/h1>\t\t<\/div>\n\t\t\t\t<\/div>\n\t\t\t\t<\/div>\n\t\t\t\t\t<\/div>\n\t\t\t\t<\/div>\n\t\t<div class=\"elementor-element elementor-element-0e7cc72 e-flex e-con-boxed e-con e-parent\" data-id=\"0e7cc72\" data-element_type=\"container\" data-settings=\"{&quot;background_background&quot;:&quot;classic&quot;,&quot;content_width&quot;:&quot;boxed&quot;}\" data-core-v316-plus=\"true\">\n\t\t\t\t\t<div class=\"e-con-inner\">\n\t\t<div class=\"elementor-element elementor-element-5d548f9 e-con-full e-flex e-con e-child\" data-id=\"5d548f9\" data-element_type=\"container\" data-settings=\"{&quot;content_width&quot;:&quot;full&quot;}\">\n\t\t<div class=\"elementor-element elementor-element-bcdd19d e-con-full e-flex e-con e-child\" data-id=\"bcdd19d\" data-element_type=\"container\" data-settings=\"{&quot;content_width&quot;:&quot;full&quot;}\">\n\t\t<div class=\"elementor-element elementor-element-f64cca2 e-con-full e-flex e-con e-child\" data-id=\"f64cca2\" data-element_type=\"container\" data-settings=\"{&quot;content_width&quot;:&quot;full&quot;}\">\n\t\t\t\t<div class=\"elementor-element elementor-element-023eafc elementor-widget elementor-widget-image\" data-id=\"023eafc\" data-element_type=\"widget\" data-widget_type=\"image.default\">\n\t\t\t\t<div class=\"elementor-widget-container\">\n\t\t\t<style>\/*! elementor - v3.18.0 - 20-12-2023 *\/\n.elementor-widget-image{text-align:center}.elementor-widget-image a{display:inline-block}.elementor-widget-image a img[src$=\".svg\"]{width:48px}.elementor-widget-image img{vertical-align:middle;display:inline-block}<\/style>\t\t\t\t\t\t\t\t\t\t\t\t<img decoding=\"async\" width=\"84\" height=\"84\" src=\"https:\/\/itacives.it\/wp-content\/uploads\/2024\/01\/RITARDO-CONSOLATO.png\" class=\"attachment-full size-full wp-image-2101\" alt=\"\" \/>\t\t\t\t\t\t\t\t\t\t\t\t\t\t\t<\/div>\n\t\t\t\t<\/div>\n\t\t\t\t<div class=\"elementor-element elementor-element-f426899 elementor-widget elementor-widget-image\" data-id=\"f426899\" data-element_type=\"widget\" data-widget_type=\"image.default\">\n\t\t\t\t<div class=\"elementor-widget-container\">\n\t\t\t\t\t\t\t\t\t\t\t\t\t\t\t<img fetchpriority=\"high\" decoding=\"async\" width=\"389\" height=\"360\" src=\"https:\/\/itacives.it\/wp-content\/uploads\/2024\/01\/istockphoto-1206260487-640x640-1-e1704200358505.jpg\" class=\"attachment-full size-full wp-image-1822\" alt=\"\" srcset=\"https:\/\/itacives.it\/wp-content\/uploads\/2024\/01\/istockphoto-1206260487-640x640-1-e1704200358505.jpg 389w, https:\/\/itacives.it\/wp-content\/uploads\/2024\/01\/istockphoto-1206260487-640x640-1-e1704200358505-300x278.jpg 300w\" sizes=\"(max-width: 389px) 100vw, 389px\" \/>\t\t\t\t\t\t\t\t\t\t\t\t\t\t\t<\/div>\n\t\t\t\t<\/div>\n\t\t\t\t<\/div>\n\t\t<div class=\"elementor-element elementor-element-e3cf305 e-con-full e-flex e-con e-child\" data-id=\"e3cf305\" data-element_type=\"container\" data-settings=\"{&quot;content_width&quot;:&quot;full&quot;}\">\n\t\t\t\t<div class=\"elementor-element elementor-element-c882e62 elementor-widget elementor-widget-text-editor\" data-id=\"c882e62\" data-element_type=\"widget\" data-widget_type=\"text-editor.default\">\n\t\t\t\t<div class=\"elementor-widget-container\">\n\t\t\t<style>\/*! elementor - v3.18.0 - 20-12-2023 *\/\n.elementor-widget-text-editor.elementor-drop-cap-view-stacked .elementor-drop-cap{background-color:#69727d;color:#fff}.elementor-widget-text-editor.elementor-drop-cap-view-framed .elementor-drop-cap{color:#69727d;border:3px solid;background-color:transparent}.elementor-widget-text-editor:not(.elementor-drop-cap-view-default) .elementor-drop-cap{margin-top:8px}.elementor-widget-text-editor:not(.elementor-drop-cap-view-default) .elementor-drop-cap-letter{width:1em;height:1em}.elementor-widget-text-editor .elementor-drop-cap{float:left;text-align:center;line-height:1;font-size:50px}.elementor-widget-text-editor .elementor-drop-cap-letter{display:inline-block}<\/style>\t\t\t\t<p>Con riferimento ai ritardi, \u00e8 purtroppo tristemente nota la condizione di molti Consolati italiani in cui si registrano lunghissimi tempi di attesa, a volte anche superiori a dieci anni, per la convocazione del richiedente finalizzata alla verifica della documentazione comprovante la discendenza da avo italiano. In particolare i consolati brasiliani, ma non solo, risultano in forte sofferenza per l\u2019enorme mole di pratiche da lavorare.<\/p>\t\t\t\t\t\t<\/div>\n\t\t\t\t<\/div>\n\t\t\t\t<div class=\"elementor-element elementor-element-ee81c38 elementor-widget elementor-widget-text-editor\" data-id=\"ee81c38\" data-element_type=\"widget\" data-widget_type=\"text-editor.default\">\n\t\t\t\t<div class=\"elementor-widget-container\">\n\t\t\t\t\t\t\t<p>Sul punto si rileva come in tema di ritardi nella procedura amministrativa presso i Consolati vi sia stata negli ultimi anni un\u2019importantissima novit\u00e0 tale da rappresentare uno strumento ulteriore, quale sorta di terza via, per il riconoscimento della cittadinanza italiana <em>iure sanguinis<\/em>.<\/p><p>Si tratta, sostanzialmente, del medesimo procedimento presso i Tribunali civile italiani esperibile dai discendenti di linea materna, questa volta per\u00f2 promosso dai discendenti di linea paterna i quali, avendo precedentemente intrapreso la procedura amministrativa presso il Consolato di competenza, hanno visto inutilmente decorrere il <strong>termine di 730 giorni<\/strong> per l\u2019espletamento dell\u2019iter amministrativo e conseguentemente chiedono che l\u2019accertamento del loro <em>status civitatis<\/em> avvenga per via giudiziale. Quindi, stante l\u2019inerzia dell\u2019amministrazione, il giudice si sostituisce a quest\u2019ultima in ordine all\u2019accertamento del possesso del diritto di cittadinanza italiana <em>iure sanguinis <\/em>del richiedente.<\/p><p>Col suddetto ricorso quindi si rappresenta in giudizio l\u2019inadempienza del Consolato per inutile decorrenza dei termini del procedimento amministrativo e, come detto, si chiede che l\u2019accertamento del diritto avvenga ad opera del giudice attraverso la ricostruzione in giudizio della discendenza italiana.<\/p><p>Pertanto, il presupposto del ricorso \u00e8 il ritardo del Consolato poich\u00e9 \u00e8 evidente che tale circostanza non solo \u00e8 in contrasto con ogni principio dell\u2019azione amministrativa ma altres\u00ec lede il diritto dell\u2019interessato ad ottenere, seppur negativamente, la definizione del procedimento in tempi ragionevoli. Si ritiene infatti che l\u2019assoluta incertezza in ordine alla conclusione del procedimento equivalga di fatto al diniego del diritto stesso.<\/p><p>Ci\u00f2 chiarito, si rileva come in altre circostanze gli interessati abbiano adito il Tribunale ancor prima dello scadere dei 730 giorni dimostrando come il Consolato ad ogni modo non avrebbe rispettato detto termine. In questi casi si allega al ricorso prova della convocazione presso il Consolato a una data a oltre due anni di distanza. Oppure, qualora il richiedente non abbia ricevuto alcun tipo di appuntamento, si possono produrre attestazioni dello stesso Consolato in cui si da atto che i tempi di ricezione e valutazione delle domande superano i due anni. In assenza dell\u2019attestazione e della convocazione, si pu\u00f2 parimenti procedere in giudizio dimostrando il ritardo dell\u2019amministrazione attraverso la produzione delle liste di attesa, attestanti il forte ritardo, reperibili sui siti internet dei Consolati.<\/p><p>Alla luce di quanto appena riportato appare \u00a0di straordinaria rilevanza l\u2019apertura ad opera dei giudici italiani in favore dei discendenti da avo italiano di linea paterna in quanto, come visto, anche costoro potranno adire la via giudiziale per l\u2019esercizio dei propri diritti, non soltanto in caso di comprovato ritardo del Consolato nell\u2019espletamento dell\u2019iter amministrativo ma, ancor prima, semplicemente allegando al ricorso la prova del ritardo dell\u2019amministrazione nell\u2019espletamento della procedura nei termini di legge.<\/p>\t\t\t\t\t\t<\/div>\n\t\t\t\t<\/div>\n\t\t\t\t<\/div>\n\t\t\t\t<\/div>\n\t\t\t\t<\/div>\n\t\t\t\t\t<\/div>\n\t\t\t\t<\/div>\n\t\t\t\t\t\t\t<\/div>\n\t\t","protected":false},"excerpt":{"rendered":"<p>Ritardo Consolato Con riferimento ai ritardi, \u00e8 purtroppo tristemente nota la condizione di molti Consolati italiani in cui si registrano lunghissimi tempi di attesa, a volte anche superiori a dieci anni, per la convocazione del richiedente finalizzata alla verifica della documentazione comprovante la discendenza da avo italiano. In particolare i consolati brasiliani, ma non solo, &hellip;<\/p>\n<p class=\"read-more\"> <a class=\"\" href=\"https:\/\/itacives.it\/?page_id=1885\"> <span class=\"screen-reader-text\">Ritardo Consolato<\/span> Read More &raquo;<\/a><\/p>\n","protected":false},"author":1,"featured_media":0,"parent":606,"menu_order":0,"comment_status":"closed","ping_status":"closed","template":"","meta":{"site-sidebar-layout":"no-sidebar","site-content-layout":"page-builder","ast-site-content-layout":"","site-content-style":"default","site-sidebar-style":"default","ast-global-header-display":"","ast-banner-title-visibility":"","ast-main-header-display":"","ast-hfb-above-header-display":"","ast-hfb-below-header-display":"","ast-hfb-mobile-header-display":"","site-post-title":"disabled","ast-breadcrumbs-content":"disabled","ast-featured-img":"disabled","footer-sml-layout":"","theme-transparent-header-meta":"enabled","adv-header-id-meta":"","stick-header-meta":"","header-above-stick-meta":"","header-main-stick-meta":"","header-below-stick-meta":"","astra-migrate-meta-layouts":"default","ast-page-background-enabled":"default","ast-page-background-meta":{"desktop":{"background-color":"","background-image":"","background-repeat":"repeat","background-position":"center center","background-size":"auto","background-attachment":"scroll","background-type":"","background-media":"","overlay-type":"","overlay-color":"","overlay-gradient":""},"tablet":{"background-color":"","background-image":"","background-repeat":"repeat","background-position":"center center","background-size":"auto","background-attachment":"scroll","background-type":"","background-media":"","overlay-type":"","overlay-color":"","overlay-gradient":""},"mobile":{"background-color":"","background-image":"","background-repeat":"repeat","background-position":"center center","background-size":"auto","background-attachment":"scroll","background-type":"","background-media":"","overlay-type":"","overlay-color":"","overlay-gradient":""}},"ast-content-background-meta":{"desktop":{"background-color":"var(--ast-global-color-5)","background-image":"","background-repeat":"repeat","background-position":"center center","background-size":"auto","background-attachment":"scroll","background-type":"","background-media":"","overlay-type":"","overlay-color":"","overlay-gradient":""},"tablet":{"background-color":"var(--ast-global-color-5)","background-image":"","background-repeat":"repeat","background-position":"center center","background-size":"auto","background-attachment":"scroll","background-type":"","background-media":"","overlay-type":"","overlay-color":"","overlay-gradient":""},"mobile":{"background-color":"var(--ast-global-color-5)","background-image":"","background-repeat":"repeat","background-position":"center center","background-size":"auto","background-attachment":"scroll","background-type":"","background-media":"","overlay-type":"","overlay-color":"","overlay-gradient":""}},"footnotes":"","_joinchat":[]},"yoast_head":"<!-- This site is optimized with the Yoast SEO plugin v22.3 - https:\/\/yoast.com\/wordpress\/plugins\/seo\/ -->\n<title>Ritardo Consolato - Ita Cives<\/title>\n<meta name=\"robots\" content=\"index, follow, max-snippet:-1, max-image-preview:large, max-video-preview:-1\" \/>\n<link rel=\"canonical\" href=\"https:\/\/itacives.it\/?page_id=1885\" \/>\n<meta property=\"og:locale\" content=\"en_US\" \/>\n<meta property=\"og:type\" content=\"article\" \/>\n<meta property=\"og:title\" content=\"Ritardo Consolato - Ita Cives\" \/>\n<meta property=\"og:description\" content=\"Ritardo Consolato Con riferimento ai ritardi, \u00e8 purtroppo tristemente nota la condizione di molti Consolati italiani in cui si registrano lunghissimi tempi di attesa, a volte anche superiori a dieci anni, per la convocazione del richiedente finalizzata alla verifica della documentazione comprovante la discendenza da avo italiano. In particolare i consolati brasiliani, ma non solo, &hellip; Ritardo Consolato Read More &raquo;\" \/>\n<meta property=\"og:url\" content=\"https:\/\/itacives.it\/?page_id=1885\" \/>\n<meta property=\"og:site_name\" content=\"Ita Cives\" \/>\n<meta property=\"article:modified_time\" content=\"2024-01-17T16:33:05+00:00\" \/>\n<meta property=\"og:image\" content=\"http:\/\/itacives.it\/wp-content\/uploads\/2024\/01\/RITARDO-CONSOLATO.png\" \/>\n<meta name=\"twitter:card\" content=\"summary_large_image\" \/>\n<meta name=\"twitter:label1\" content=\"Est. reading time\" \/>\n\t<meta name=\"twitter:data1\" content=\"5 minutes\" \/>\n<script type=\"application\/ld+json\" class=\"yoast-schema-graph\">{\"@context\":\"https:\/\/schema.org\",\"@graph\":[{\"@type\":\"WebPage\",\"@id\":\"https:\/\/itacives.it\/?page_id=1885\",\"url\":\"https:\/\/itacives.it\/?page_id=1885\",\"name\":\"Ritardo Consolato - Ita Cives\",\"isPartOf\":{\"@id\":\"https:\/\/itacives.it\/#website\"},\"primaryImageOfPage\":{\"@id\":\"https:\/\/itacives.it\/?page_id=1885#primaryimage\"},\"image\":{\"@id\":\"https:\/\/itacives.it\/?page_id=1885#primaryimage\"},\"thumbnailUrl\":\"http:\/\/itacives.it\/wp-content\/uploads\/2024\/01\/RITARDO-CONSOLATO.png\",\"datePublished\":\"2024-01-02T23:57:22+00:00\",\"dateModified\":\"2024-01-17T16:33:05+00:00\",\"breadcrumb\":{\"@id\":\"https:\/\/itacives.it\/?page_id=1885#breadcrumb\"},\"inLanguage\":\"en-US\",\"potentialAction\":[{\"@type\":\"ReadAction\",\"target\":[\"https:\/\/itacives.it\/?page_id=1885\"]}]},{\"@type\":\"ImageObject\",\"inLanguage\":\"en-US\",\"@id\":\"https:\/\/itacives.it\/?page_id=1885#primaryimage\",\"url\":\"https:\/\/itacives.it\/wp-content\/uploads\/2024\/01\/RITARDO-CONSOLATO.png\",\"contentUrl\":\"https:\/\/itacives.it\/wp-content\/uploads\/2024\/01\/RITARDO-CONSOLATO.png\",\"width\":84,\"height\":84},{\"@type\":\"BreadcrumbList\",\"@id\":\"https:\/\/itacives.it\/?page_id=1885#breadcrumb\",\"itemListElement\":[{\"@type\":\"ListItem\",\"position\":1,\"name\":\"Home\",\"item\":\"https:\/\/itacives.it\/\"},{\"@type\":\"ListItem\",\"position\":2,\"name\":\"Aree di Competenza\",\"item\":\"https:\/\/itacives.it\/?page_id=606\"},{\"@type\":\"ListItem\",\"position\":3,\"name\":\"Ritardo Consolato\"}]},{\"@type\":\"WebSite\",\"@id\":\"https:\/\/itacives.it\/#website\",\"url\":\"https:\/\/itacives.it\/\",\"name\":\"Ita Cives\",\"description\":\"Cittadinanza Italiana Iure Sanguinis\",\"publisher\":{\"@id\":\"https:\/\/itacives.it\/#organization\"},\"potentialAction\":[{\"@type\":\"SearchAction\",\"target\":{\"@type\":\"EntryPoint\",\"urlTemplate\":\"https:\/\/itacives.it\/?s={search_term_string}\"},\"query-input\":\"required name=search_term_string\"}],\"inLanguage\":\"en-US\"},{\"@type\":\"Organization\",\"@id\":\"https:\/\/itacives.it\/#organization\",\"name\":\"Ita Cives\",\"url\":\"https:\/\/itacives.it\/\",\"logo\":{\"@type\":\"ImageObject\",\"inLanguage\":\"en-US\",\"@id\":\"https:\/\/itacives.it\/#\/schema\/logo\/image\/\",\"url\":\"https:\/\/itacives.it\/wp-content\/uploads\/2024\/01\/cropped-ita-cives-variazione-colore-1.png\",\"contentUrl\":\"https:\/\/itacives.it\/wp-content\/uploads\/2024\/01\/cropped-ita-cives-variazione-colore-1.png\",\"width\":1168,\"height\":282,\"caption\":\"Ita Cives\"},\"image\":{\"@id\":\"https:\/\/itacives.it\/#\/schema\/logo\/image\/\"}}]}<\/script>\n<!-- \/ Yoast SEO plugin. -->","yoast_head_json":{"title":"Ritardo Consolato - Ita Cives","robots":{"index":"index","follow":"follow","max-snippet":"max-snippet:-1","max-image-preview":"max-image-preview:large","max-video-preview":"max-video-preview:-1"},"canonical":"https:\/\/itacives.it\/?page_id=1885","og_locale":"en_US","og_type":"article","og_title":"Ritardo Consolato - Ita Cives","og_description":"Ritardo Consolato Con riferimento ai ritardi, \u00e8 purtroppo tristemente nota la condizione di molti Consolati italiani in cui si registrano lunghissimi tempi di attesa, a volte anche superiori a dieci anni, per la convocazione del richiedente finalizzata alla verifica della documentazione comprovante la discendenza da avo italiano. In particolare i consolati brasiliani, ma non solo, &hellip; Ritardo Consolato Read More &raquo;","og_url":"https:\/\/itacives.it\/?page_id=1885","og_site_name":"Ita Cives","article_modified_time":"2024-01-17T16:33:05+00:00","og_image":[{"url":"http:\/\/itacives.it\/wp-content\/uploads\/2024\/01\/RITARDO-CONSOLATO.png"}],"twitter_card":"summary_large_image","twitter_misc":{"Est. reading time":"5 minutes"},"schema":{"@context":"https:\/\/schema.org","@graph":[{"@type":"WebPage","@id":"https:\/\/itacives.it\/?page_id=1885","url":"https:\/\/itacives.it\/?page_id=1885","name":"Ritardo Consolato - Ita Cives","isPartOf":{"@id":"https:\/\/itacives.it\/#website"},"primaryImageOfPage":{"@id":"https:\/\/itacives.it\/?page_id=1885#primaryimage"},"image":{"@id":"https:\/\/itacives.it\/?page_id=1885#primaryimage"},"thumbnailUrl":"http:\/\/itacives.it\/wp-content\/uploads\/2024\/01\/RITARDO-CONSOLATO.png","datePublished":"2024-01-02T23:57:22+00:00","dateModified":"2024-01-17T16:33:05+00:00","breadcrumb":{"@id":"https:\/\/itacives.it\/?page_id=1885#breadcrumb"},"inLanguage":"en-US","potentialAction":[{"@type":"ReadAction","target":["https:\/\/itacives.it\/?page_id=1885"]}]},{"@type":"ImageObject","inLanguage":"en-US","@id":"https:\/\/itacives.it\/?page_id=1885#primaryimage","url":"https:\/\/itacives.it\/wp-content\/uploads\/2024\/01\/RITARDO-CONSOLATO.png","contentUrl":"https:\/\/itacives.it\/wp-content\/uploads\/2024\/01\/RITARDO-CONSOLATO.png","width":84,"height":84},{"@type":"BreadcrumbList","@id":"https:\/\/itacives.it\/?page_id=1885#breadcrumb","itemListElement":[{"@type":"ListItem","position":1,"name":"Home","item":"https:\/\/itacives.it\/"},{"@type":"ListItem","position":2,"name":"Aree di Competenza","item":"https:\/\/itacives.it\/?page_id=606"},{"@type":"ListItem","position":3,"name":"Ritardo Consolato"}]},{"@type":"WebSite","@id":"https:\/\/itacives.it\/#website","url":"https:\/\/itacives.it\/","name":"Ita Cives","description":"Cittadinanza Italiana Iure Sanguinis","publisher":{"@id":"https:\/\/itacives.it\/#organization"},"potentialAction":[{"@type":"SearchAction","target":{"@type":"EntryPoint","urlTemplate":"https:\/\/itacives.it\/?s={search_term_string}"},"query-input":"required name=search_term_string"}],"inLanguage":"en-US"},{"@type":"Organization","@id":"https:\/\/itacives.it\/#organization","name":"Ita Cives","url":"https:\/\/itacives.it\/","logo":{"@type":"ImageObject","inLanguage":"en-US","@id":"https:\/\/itacives.it\/#\/schema\/logo\/image\/","url":"https:\/\/itacives.it\/wp-content\/uploads\/2024\/01\/cropped-ita-cives-variazione-colore-1.png","contentUrl":"https:\/\/itacives.it\/wp-content\/uploads\/2024\/01\/cropped-ita-cives-variazione-colore-1.png","width":1168,"height":282,"caption":"Ita Cives"},"image":{"@id":"https:\/\/itacives.it\/#\/schema\/logo\/image\/"}}]}},"_links":{"self":[{"href":"https:\/\/itacives.it\/index.php?rest_route=\/wp\/v2\/pages\/1885"}],"collection":[{"href":"https:\/\/itacives.it\/index.php?rest_route=\/wp\/v2\/pages"}],"about":[{"href":"https:\/\/itacives.it\/index.php?rest_route=\/wp\/v2\/types\/page"}],"author":[{"embeddable":true,"href":"https:\/\/itacives.it\/index.php?rest_route=\/wp\/v2\/users\/1"}],"replies":[{"embeddable":true,"href":"https:\/\/itacives.it\/index.php?rest_route=%2Fwp%2Fv2%2Fcomments&post=1885"}],"version-history":[{"count":20,"href":"https:\/\/itacives.it\/index.php?rest_route=\/wp\/v2\/pages\/1885\/revisions"}],"predecessor-version":[{"id":2672,"href":"https:\/\/itacives.it\/index.php?rest_route=\/wp\/v2\/pages\/1885\/revisions\/2672"}],"up":[{"embeddable":true,"href":"https:\/\/itacives.it\/index.php?rest_route=\/wp\/v2\/pages\/606"}],"wp:attachment":[{"href":"https:\/\/itacives.it\/index.php?rest_route=%2Fwp%2Fv2%2Fmedia&parent=1885"}],"curies":[{"name":"wp","href":"https:\/\/api.w.org\/{rel}","templated":true}]}}