{"id":1881,"date":"2024-01-03T00:56:21","date_gmt":"2024-01-02T23:56:21","guid":{"rendered":"https:\/\/itacives.it\/?page_id=1881"},"modified":"2024-02-20T18:05:58","modified_gmt":"2024-02-20T17:05:58","slug":"pratica-consolato","status":"publish","type":"page","link":"https:\/\/itacives.it\/?page_id=1881","title":{"rendered":"Pratica Presso Il Consolato"},"content":{"rendered":"\t\t<div data-elementor-type=\"wp-page\" data-elementor-id=\"1881\" class=\"elementor elementor-1881\">\n\t\t\t\t\t\t\t<div class=\"elementor-element elementor-element-bd4b709 e-flex e-con-boxed e-con e-parent\" data-id=\"bd4b709\" data-element_type=\"container\" data-settings=\"{&quot;background_background&quot;:&quot;classic&quot;,&quot;content_width&quot;:&quot;boxed&quot;}\" data-core-v316-plus=\"true\">\n\t\t\t\t\t<div class=\"e-con-inner\">\n\t\t<div class=\"elementor-element elementor-element-66e3958 e-con-full e-flex e-con e-child\" data-id=\"66e3958\" data-element_type=\"container\" data-settings=\"{&quot;content_width&quot;:&quot;full&quot;}\">\n\t\t\t\t<div class=\"elementor-element elementor-element-6179b97 elementor-widget elementor-widget-heading\" data-id=\"6179b97\" data-element_type=\"widget\" data-widget_type=\"heading.default\">\n\t\t\t\t<div class=\"elementor-widget-container\">\n\t\t\t<style>\/*! elementor - v3.18.0 - 20-12-2023 *\/\n.elementor-heading-title{padding:0;margin:0;line-height:1}.elementor-widget-heading .elementor-heading-title[class*=elementor-size-]>a{color:inherit;font-size:inherit;line-height:inherit}.elementor-widget-heading .elementor-heading-title.elementor-size-small{font-size:15px}.elementor-widget-heading .elementor-heading-title.elementor-size-medium{font-size:19px}.elementor-widget-heading .elementor-heading-title.elementor-size-large{font-size:29px}.elementor-widget-heading .elementor-heading-title.elementor-size-xl{font-size:39px}.elementor-widget-heading .elementor-heading-title.elementor-size-xxl{font-size:59px}<\/style><h1 class=\"elementor-heading-title elementor-size-default\">Pratica Presso Il Consolato<\/h1>\t\t<\/div>\n\t\t\t\t<\/div>\n\t\t\t\t<\/div>\n\t\t\t\t\t<\/div>\n\t\t\t\t<\/div>\n\t\t<div class=\"elementor-element elementor-element-0e7cc72 e-flex e-con-boxed e-con e-parent\" data-id=\"0e7cc72\" data-element_type=\"container\" data-settings=\"{&quot;background_background&quot;:&quot;classic&quot;,&quot;content_width&quot;:&quot;boxed&quot;}\" data-core-v316-plus=\"true\">\n\t\t\t\t\t<div class=\"e-con-inner\">\n\t\t<div class=\"elementor-element elementor-element-5d548f9 e-con-full e-flex e-con e-child\" data-id=\"5d548f9\" data-element_type=\"container\" data-settings=\"{&quot;content_width&quot;:&quot;full&quot;}\">\n\t\t<div class=\"elementor-element elementor-element-bcdd19d e-con-full e-flex e-con e-child\" data-id=\"bcdd19d\" data-element_type=\"container\" data-settings=\"{&quot;content_width&quot;:&quot;full&quot;}\">\n\t\t<div class=\"elementor-element elementor-element-f64cca2 e-con-full e-flex e-con e-child\" data-id=\"f64cca2\" data-element_type=\"container\" data-settings=\"{&quot;content_width&quot;:&quot;full&quot;}\">\n\t\t\t\t<div class=\"elementor-element elementor-element-e57cb7f elementor-widget elementor-widget-image\" data-id=\"e57cb7f\" data-element_type=\"widget\" data-widget_type=\"image.default\">\n\t\t\t\t<div class=\"elementor-widget-container\">\n\t\t\t<style>\/*! elementor - v3.18.0 - 20-12-2023 *\/\n.elementor-widget-image{text-align:center}.elementor-widget-image a{display:inline-block}.elementor-widget-image a img[src$=\".svg\"]{width:48px}.elementor-widget-image img{vertical-align:middle;display:inline-block}<\/style>\t\t\t\t\t\t\t\t\t\t\t\t<img decoding=\"async\" width=\"84\" height=\"84\" src=\"https:\/\/itacives.it\/wp-content\/uploads\/2024\/01\/PRATICHE-CONSOLATO.png\" class=\"attachment-large size-large wp-image-2099\" alt=\"\" \/>\t\t\t\t\t\t\t\t\t\t\t\t\t\t\t<\/div>\n\t\t\t\t<\/div>\n\t\t\t\t<div class=\"elementor-element elementor-element-b459107 elementor-widget elementor-widget-image\" data-id=\"b459107\" data-element_type=\"widget\" data-widget_type=\"image.default\">\n\t\t\t\t<div class=\"elementor-widget-container\">\n\t\t\t\t\t\t\t\t\t\t\t\t\t\t\t<img fetchpriority=\"high\" decoding=\"async\" width=\"600\" height=\"441\" src=\"https:\/\/itacives.it\/wp-content\/uploads\/2024\/01\/bandiere-italia-ue-consolato.webp\" class=\"attachment-large size-large wp-image-1820\" alt=\"\" srcset=\"https:\/\/itacives.it\/wp-content\/uploads\/2024\/01\/bandiere-italia-ue-consolato.webp 600w, https:\/\/itacives.it\/wp-content\/uploads\/2024\/01\/bandiere-italia-ue-consolato-300x221.webp 300w\" sizes=\"(max-width: 600px) 100vw, 600px\" \/>\t\t\t\t\t\t\t\t\t\t\t\t\t\t\t<\/div>\n\t\t\t\t<\/div>\n\t\t\t\t<\/div>\n\t\t<div class=\"elementor-element elementor-element-e3cf305 e-con-full e-flex e-con e-child\" data-id=\"e3cf305\" data-element_type=\"container\" data-settings=\"{&quot;content_width&quot;:&quot;full&quot;}\">\n\t\t\t\t<div class=\"elementor-element elementor-element-c882e62 elementor-widget elementor-widget-text-editor\" data-id=\"c882e62\" data-element_type=\"widget\" data-widget_type=\"text-editor.default\">\n\t\t\t\t<div class=\"elementor-widget-container\">\n\t\t\t<style>\/*! elementor - v3.18.0 - 20-12-2023 *\/\n.elementor-widget-text-editor.elementor-drop-cap-view-stacked .elementor-drop-cap{background-color:#69727d;color:#fff}.elementor-widget-text-editor.elementor-drop-cap-view-framed .elementor-drop-cap{color:#69727d;border:3px solid;background-color:transparent}.elementor-widget-text-editor:not(.elementor-drop-cap-view-default) .elementor-drop-cap{margin-top:8px}.elementor-widget-text-editor:not(.elementor-drop-cap-view-default) .elementor-drop-cap-letter{width:1em;height:1em}.elementor-widget-text-editor .elementor-drop-cap{float:left;text-align:center;line-height:1;font-size:50px}.elementor-widget-text-editor .elementor-drop-cap-letter{display:inline-block}<\/style>\t\t\t\t<p>Si tratta della procedura ordinaria di riconoscimento della cittadinanza italiana per i soli discendenti di <strong>linea paterna<\/strong><\/p>\t\t\t\t\t\t<\/div>\n\t\t\t\t<\/div>\n\t\t\t\t<div class=\"elementor-element elementor-element-ee81c38 elementor-widget elementor-widget-text-editor\" data-id=\"ee81c38\" data-element_type=\"widget\" data-widget_type=\"text-editor.default\">\n\t\t\t\t<div class=\"elementor-widget-container\">\n\t\t\t\t\t\t\t<p>L\u2019Autorit\u00e0 competente a pronunciarsi in merito al diritto dell\u2019interessato al riconoscimento della cittadinanza italiana <em>iure sanguinis<\/em> varia a seconda della residenza dello stesso. Se il ricorrente non risiede in Italia sar\u00e0 competente il Consolato italiano di riferimento in base alla propria residenza.<\/p><p>Se invece risiede in Italia, la competenza a valutare la domanda sar\u00e0 il Sindaco del <a href=\"https:\/\/itacives.it\/?page_id=1883\">Comune italiano di residenza<\/a>.<\/p><p><u>Condizione preliminare ed assolutamente indispensabile per intraprendere il procedimento volto al riconoscimento della cittadinanza italiana \u00e8 il possesso da parte dell\u2019interessato dell\u2019intera <a href=\"https:\/\/itacives.it\/?page_id=1889\">documentazione<\/a> tradotta e, ove necessario, legalizzata oppure apostillata comprovante la discendenza diretta dall\u2019avo italiano emigrato all\u2019estero. <\/u><\/p><p>A proposito di riconoscimento della cittadinanza italiana, \u00e8 in realt\u00e0 pi\u00f9 corretto parlare di riconoscimento del possesso ininterrotto della cittadinanza italiana e non, come spesso si sente, di acquisto della cittadinanza poich\u00e9 il procedimento \u00e8 volto all\u2019accertamento del possesso della stessa sin dalla nascita in quanto trasmessagli da un ascendente in linea retta. Il procedimento pertanto accerter\u00e0 e dichiarer\u00e0 che il richiedente \u00e8, cos\u00ec come lo \u00e8 sempre stato, cittadino italiano.<\/p><p><strong>A questo proposito \u00e8 indispensabile, come detto, che nessuno degli ascendenti abbia rinunciato alla cittadinanza italiana perch\u00e9 questa condizione interromperebbe la trasmissione in capo al richiedente.<\/strong><\/p><p>La procedura presso i Consolati differisce leggermente per ciascuno di essi, risulta infatti che taluni gi\u00e0 alla data del deposito della domanda fissano l\u2019appuntamento (convocazione) mentre nella maggioranza dei casi si riceve l\u2019appuntamento solo successivamente. Molto spesso purtroppo trascorrono diversi anni prima della convocazione a causa dei fortissimi ritardi presso i Consolati. A questo proposito vi invitiamo a visitare la sezione <a href=\"https:\/\/itacives.it\/?page_id=1885\">ritardo Consolato<\/a>.<\/p><p>In caso di esito positivo della pratica presso i Consolati, il provvedimento che accoglie la domanda permetter\u00e0 l\u2019iscrizione AIRE e la conseguente procedura volta al rilascio del passaporto.<\/p><p><u>Come anticipato per\u00f2, la rappresentanza consolare continua a riconoscere la possibilit\u00e0 di conseguire la cittadinanza italiana in via amministrativa esclusivamente in favore dei discendenti di linea paterna, attribuendo soltanto a questi ultimi la possibilit\u00e0 di depositare istanze presso i loro uffici. Non \u00e8 infatti permesso l\u2019avvio dell\u2019iter amministrativo per i discendenti di linea materna.<\/u><\/p><p>Pertanto, l\u2019unica possibilit\u00e0 per questi ultimi di ottenere la cittadinanza italiana, come indicato dagli stessi uffici consolari, \u00e8 intraprendere la <a href=\"https:\/\/itacives.it\/?page_id=1879\">procedura giudiziale.<\/a><\/p>\t\t\t\t\t\t<\/div>\n\t\t\t\t<\/div>\n\t\t\t\t<\/div>\n\t\t\t\t<\/div>\n\t\t\t\t<\/div>\n\t\t\t\t\t<\/div>\n\t\t\t\t<\/div>\n\t\t\t\t\t\t\t<\/div>\n\t\t","protected":false},"excerpt":{"rendered":"<p>Pratica Presso Il Consolato Si tratta della procedura ordinaria di riconoscimento della cittadinanza italiana per i soli discendenti di linea paterna L\u2019Autorit\u00e0 competente a pronunciarsi in merito al diritto dell\u2019interessato al riconoscimento della cittadinanza italiana iure sanguinis varia a seconda della residenza dello stesso. Se il ricorrente non risiede in Italia sar\u00e0 competente il Consolato &hellip;<\/p>\n<p class=\"read-more\"> <a class=\"\" href=\"https:\/\/itacives.it\/?page_id=1881\"> <span class=\"screen-reader-text\">Pratica Presso Il Consolato<\/span> Read More &raquo;<\/a><\/p>\n","protected":false},"author":1,"featured_media":0,"parent":606,"menu_order":0,"comment_status":"closed","ping_status":"closed","template":"","meta":{"site-sidebar-layout":"no-sidebar","site-content-layout":"page-builder","ast-site-content-layout":"","site-content-style":"default","site-sidebar-style":"default","ast-global-header-display":"","ast-banner-title-visibility":"","ast-main-header-display":"","ast-hfb-above-header-display":"","ast-hfb-below-header-display":"","ast-hfb-mobile-header-display":"","site-post-title":"disabled","ast-breadcrumbs-content":"disabled","ast-featured-img":"disabled","footer-sml-layout":"","theme-transparent-header-meta":"enabled","adv-header-id-meta":"","stick-header-meta":"","header-above-stick-meta":"","header-main-stick-meta":"","header-below-stick-meta":"","astra-migrate-meta-layouts":"default","ast-page-background-enabled":"default","ast-page-background-meta":{"desktop":{"background-color":"","background-image":"","background-repeat":"repeat","background-position":"center center","background-size":"auto","background-attachment":"scroll","background-type":"","background-media":"","overlay-type":"","overlay-color":"","overlay-gradient":""},"tablet":{"background-color":"","background-image":"","background-repeat":"repeat","background-position":"center center","background-size":"auto","background-attachment":"scroll","background-type":"","background-media":"","overlay-type":"","overlay-color":"","overlay-gradient":""},"mobile":{"background-color":"","background-image":"","background-repeat":"repeat","background-position":"center center","background-size":"auto","background-attachment":"scroll","background-type":"","background-media":"","overlay-type":"","overlay-color":"","overlay-gradient":""}},"ast-content-background-meta":{"desktop":{"background-color":"var(--ast-global-color-5)","background-image":"","background-repeat":"repeat","background-position":"center center","background-size":"auto","background-attachment":"scroll","background-type":"","background-media":"","overlay-type":"","overlay-color":"","overlay-gradient":""},"tablet":{"background-color":"var(--ast-global-color-5)","background-image":"","background-repeat":"repeat","background-position":"center center","background-size":"auto","background-attachment":"scroll","background-type":"","background-media":"","overlay-type":"","overlay-color":"","overlay-gradient":""},"mobile":{"background-color":"var(--ast-global-color-5)","background-image":"","background-repeat":"repeat","background-position":"center center","background-size":"auto","background-attachment":"scroll","background-type":"","background-media":"","overlay-type":"","overlay-color":"","overlay-gradient":""}},"footnotes":"","_joinchat":[]},"yoast_head":"<!-- This site is optimized with the Yoast SEO plugin v22.3 - https:\/\/yoast.com\/wordpress\/plugins\/seo\/ -->\n<title>Pratica Presso Il Consolato - Ita Cives<\/title>\n<meta name=\"robots\" content=\"index, follow, max-snippet:-1, max-image-preview:large, max-video-preview:-1\" \/>\n<link rel=\"canonical\" href=\"https:\/\/itacives.it\/?page_id=1881\" \/>\n<meta property=\"og:locale\" content=\"en_US\" \/>\n<meta property=\"og:type\" content=\"article\" \/>\n<meta property=\"og:title\" content=\"Pratica Presso Il Consolato - Ita Cives\" \/>\n<meta property=\"og:description\" content=\"Pratica Presso Il Consolato Si tratta della procedura ordinaria di riconoscimento della cittadinanza italiana per i soli discendenti di linea paterna L\u2019Autorit\u00e0 competente a pronunciarsi in merito al diritto dell\u2019interessato al riconoscimento della cittadinanza italiana iure sanguinis varia a seconda della residenza dello stesso. Se il ricorrente non risiede in Italia sar\u00e0 competente il Consolato &hellip; Pratica Presso Il Consolato Read More &raquo;\" \/>\n<meta property=\"og:url\" content=\"https:\/\/itacives.it\/?page_id=1881\" \/>\n<meta property=\"og:site_name\" content=\"Ita Cives\" \/>\n<meta property=\"article:modified_time\" content=\"2024-02-20T17:05:58+00:00\" \/>\n<meta property=\"og:image\" content=\"http:\/\/itacives.it\/wp-content\/uploads\/2024\/01\/PRATICHE-CONSOLATO.png\" \/>\n<meta name=\"twitter:card\" content=\"summary_large_image\" \/>\n<meta name=\"twitter:label1\" content=\"Est. reading time\" \/>\n\t<meta name=\"twitter:data1\" content=\"5 minutes\" \/>\n<script type=\"application\/ld+json\" class=\"yoast-schema-graph\">{\"@context\":\"https:\/\/schema.org\",\"@graph\":[{\"@type\":\"WebPage\",\"@id\":\"https:\/\/itacives.it\/?page_id=1881\",\"url\":\"https:\/\/itacives.it\/?page_id=1881\",\"name\":\"Pratica Presso Il Consolato - Ita Cives\",\"isPartOf\":{\"@id\":\"https:\/\/itacives.it\/#website\"},\"primaryImageOfPage\":{\"@id\":\"https:\/\/itacives.it\/?page_id=1881#primaryimage\"},\"image\":{\"@id\":\"https:\/\/itacives.it\/?page_id=1881#primaryimage\"},\"thumbnailUrl\":\"http:\/\/itacives.it\/wp-content\/uploads\/2024\/01\/PRATICHE-CONSOLATO.png\",\"datePublished\":\"2024-01-02T23:56:21+00:00\",\"dateModified\":\"2024-02-20T17:05:58+00:00\",\"breadcrumb\":{\"@id\":\"https:\/\/itacives.it\/?page_id=1881#breadcrumb\"},\"inLanguage\":\"en-US\",\"potentialAction\":[{\"@type\":\"ReadAction\",\"target\":[\"https:\/\/itacives.it\/?page_id=1881\"]}]},{\"@type\":\"ImageObject\",\"inLanguage\":\"en-US\",\"@id\":\"https:\/\/itacives.it\/?page_id=1881#primaryimage\",\"url\":\"https:\/\/itacives.it\/wp-content\/uploads\/2024\/01\/PRATICHE-CONSOLATO.png\",\"contentUrl\":\"https:\/\/itacives.it\/wp-content\/uploads\/2024\/01\/PRATICHE-CONSOLATO.png\",\"width\":84,\"height\":84},{\"@type\":\"BreadcrumbList\",\"@id\":\"https:\/\/itacives.it\/?page_id=1881#breadcrumb\",\"itemListElement\":[{\"@type\":\"ListItem\",\"position\":1,\"name\":\"Home\",\"item\":\"https:\/\/itacives.it\/\"},{\"@type\":\"ListItem\",\"position\":2,\"name\":\"Aree di Competenza\",\"item\":\"https:\/\/itacives.it\/?page_id=606\"},{\"@type\":\"ListItem\",\"position\":3,\"name\":\"Pratica Presso Il Consolato\"}]},{\"@type\":\"WebSite\",\"@id\":\"https:\/\/itacives.it\/#website\",\"url\":\"https:\/\/itacives.it\/\",\"name\":\"Ita Cives\",\"description\":\"Cittadinanza Italiana Iure Sanguinis\",\"publisher\":{\"@id\":\"https:\/\/itacives.it\/#organization\"},\"potentialAction\":[{\"@type\":\"SearchAction\",\"target\":{\"@type\":\"EntryPoint\",\"urlTemplate\":\"https:\/\/itacives.it\/?s={search_term_string}\"},\"query-input\":\"required name=search_term_string\"}],\"inLanguage\":\"en-US\"},{\"@type\":\"Organization\",\"@id\":\"https:\/\/itacives.it\/#organization\",\"name\":\"Ita Cives\",\"url\":\"https:\/\/itacives.it\/\",\"logo\":{\"@type\":\"ImageObject\",\"inLanguage\":\"en-US\",\"@id\":\"https:\/\/itacives.it\/#\/schema\/logo\/image\/\",\"url\":\"https:\/\/itacives.it\/wp-content\/uploads\/2024\/01\/cropped-ita-cives-variazione-colore-1.png\",\"contentUrl\":\"https:\/\/itacives.it\/wp-content\/uploads\/2024\/01\/cropped-ita-cives-variazione-colore-1.png\",\"width\":1168,\"height\":282,\"caption\":\"Ita Cives\"},\"image\":{\"@id\":\"https:\/\/itacives.it\/#\/schema\/logo\/image\/\"}}]}<\/script>\n<!-- \/ Yoast SEO plugin. -->","yoast_head_json":{"title":"Pratica Presso Il Consolato - Ita Cives","robots":{"index":"index","follow":"follow","max-snippet":"max-snippet:-1","max-image-preview":"max-image-preview:large","max-video-preview":"max-video-preview:-1"},"canonical":"https:\/\/itacives.it\/?page_id=1881","og_locale":"en_US","og_type":"article","og_title":"Pratica Presso Il Consolato - Ita Cives","og_description":"Pratica Presso Il Consolato Si tratta della procedura ordinaria di riconoscimento della cittadinanza italiana per i soli discendenti di linea paterna L\u2019Autorit\u00e0 competente a pronunciarsi in merito al diritto dell\u2019interessato al riconoscimento della cittadinanza italiana iure sanguinis varia a seconda della residenza dello stesso. Se il ricorrente non risiede in Italia sar\u00e0 competente il Consolato &hellip; Pratica Presso Il Consolato Read More &raquo;","og_url":"https:\/\/itacives.it\/?page_id=1881","og_site_name":"Ita Cives","article_modified_time":"2024-02-20T17:05:58+00:00","og_image":[{"url":"http:\/\/itacives.it\/wp-content\/uploads\/2024\/01\/PRATICHE-CONSOLATO.png"}],"twitter_card":"summary_large_image","twitter_misc":{"Est. reading time":"5 minutes"},"schema":{"@context":"https:\/\/schema.org","@graph":[{"@type":"WebPage","@id":"https:\/\/itacives.it\/?page_id=1881","url":"https:\/\/itacives.it\/?page_id=1881","name":"Pratica Presso Il Consolato - Ita Cives","isPartOf":{"@id":"https:\/\/itacives.it\/#website"},"primaryImageOfPage":{"@id":"https:\/\/itacives.it\/?page_id=1881#primaryimage"},"image":{"@id":"https:\/\/itacives.it\/?page_id=1881#primaryimage"},"thumbnailUrl":"http:\/\/itacives.it\/wp-content\/uploads\/2024\/01\/PRATICHE-CONSOLATO.png","datePublished":"2024-01-02T23:56:21+00:00","dateModified":"2024-02-20T17:05:58+00:00","breadcrumb":{"@id":"https:\/\/itacives.it\/?page_id=1881#breadcrumb"},"inLanguage":"en-US","potentialAction":[{"@type":"ReadAction","target":["https:\/\/itacives.it\/?page_id=1881"]}]},{"@type":"ImageObject","inLanguage":"en-US","@id":"https:\/\/itacives.it\/?page_id=1881#primaryimage","url":"https:\/\/itacives.it\/wp-content\/uploads\/2024\/01\/PRATICHE-CONSOLATO.png","contentUrl":"https:\/\/itacives.it\/wp-content\/uploads\/2024\/01\/PRATICHE-CONSOLATO.png","width":84,"height":84},{"@type":"BreadcrumbList","@id":"https:\/\/itacives.it\/?page_id=1881#breadcrumb","itemListElement":[{"@type":"ListItem","position":1,"name":"Home","item":"https:\/\/itacives.it\/"},{"@type":"ListItem","position":2,"name":"Aree di Competenza","item":"https:\/\/itacives.it\/?page_id=606"},{"@type":"ListItem","position":3,"name":"Pratica Presso Il Consolato"}]},{"@type":"WebSite","@id":"https:\/\/itacives.it\/#website","url":"https:\/\/itacives.it\/","name":"Ita Cives","description":"Cittadinanza Italiana Iure Sanguinis","publisher":{"@id":"https:\/\/itacives.it\/#organization"},"potentialAction":[{"@type":"SearchAction","target":{"@type":"EntryPoint","urlTemplate":"https:\/\/itacives.it\/?s={search_term_string}"},"query-input":"required name=search_term_string"}],"inLanguage":"en-US"},{"@type":"Organization","@id":"https:\/\/itacives.it\/#organization","name":"Ita Cives","url":"https:\/\/itacives.it\/","logo":{"@type":"ImageObject","inLanguage":"en-US","@id":"https:\/\/itacives.it\/#\/schema\/logo\/image\/","url":"https:\/\/itacives.it\/wp-content\/uploads\/2024\/01\/cropped-ita-cives-variazione-colore-1.png","contentUrl":"https:\/\/itacives.it\/wp-content\/uploads\/2024\/01\/cropped-ita-cives-variazione-colore-1.png","width":1168,"height":282,"caption":"Ita Cives"},"image":{"@id":"https:\/\/itacives.it\/#\/schema\/logo\/image\/"}}]}},"_links":{"self":[{"href":"https:\/\/itacives.it\/index.php?rest_route=\/wp\/v2\/pages\/1881"}],"collection":[{"href":"https:\/\/itacives.it\/index.php?rest_route=\/wp\/v2\/pages"}],"about":[{"href":"https:\/\/itacives.it\/index.php?rest_route=\/wp\/v2\/types\/page"}],"author":[{"embeddable":true,"href":"https:\/\/itacives.it\/index.php?rest_route=\/wp\/v2\/users\/1"}],"replies":[{"embeddable":true,"href":"https:\/\/itacives.it\/index.php?rest_route=%2Fwp%2Fv2%2Fcomments&post=1881"}],"version-history":[{"count":23,"href":"https:\/\/itacives.it\/index.php?rest_route=\/wp\/v2\/pages\/1881\/revisions"}],"predecessor-version":[{"id":2670,"href":"https:\/\/itacives.it\/index.php?rest_route=\/wp\/v2\/pages\/1881\/revisions\/2670"}],"up":[{"embeddable":true,"href":"https:\/\/itacives.it\/index.php?rest_route=\/wp\/v2\/pages\/606"}],"wp:attachment":[{"href":"https:\/\/itacives.it\/index.php?rest_route=%2Fwp%2Fv2%2Fmedia&parent=1881"}],"curies":[{"name":"wp","href":"https:\/\/api.w.org\/{rel}","templated":true}]}}