{"id":1879,"date":"2024-01-03T00:55:30","date_gmt":"2024-01-02T23:55:30","guid":{"rendered":"https:\/\/itacives.it\/?page_id=1879"},"modified":"2024-01-17T17:32:38","modified_gmt":"2024-01-17T16:32:38","slug":"procedura-tribunali-italiani","status":"publish","type":"page","link":"https:\/\/itacives.it\/?page_id=1879","title":{"rendered":"Procedura Presso I Tribunali Italiani"},"content":{"rendered":"\t\t<div data-elementor-type=\"wp-page\" data-elementor-id=\"1879\" class=\"elementor elementor-1879\">\n\t\t\t\t\t\t\t<div class=\"elementor-element elementor-element-bd4b709 e-flex e-con-boxed e-con e-parent\" data-id=\"bd4b709\" data-element_type=\"container\" data-settings=\"{&quot;background_background&quot;:&quot;classic&quot;,&quot;content_width&quot;:&quot;boxed&quot;}\" data-core-v316-plus=\"true\">\n\t\t\t\t\t<div class=\"e-con-inner\">\n\t\t<div class=\"elementor-element elementor-element-66e3958 e-con-full e-flex e-con e-child\" data-id=\"66e3958\" data-element_type=\"container\" data-settings=\"{&quot;content_width&quot;:&quot;full&quot;}\">\n\t\t\t\t<div class=\"elementor-element elementor-element-6179b97 elementor-widget elementor-widget-heading\" data-id=\"6179b97\" data-element_type=\"widget\" data-widget_type=\"heading.default\">\n\t\t\t\t<div class=\"elementor-widget-container\">\n\t\t\t<style>\/*! elementor - v3.18.0 - 20-12-2023 *\/\n.elementor-heading-title{padding:0;margin:0;line-height:1}.elementor-widget-heading .elementor-heading-title[class*=elementor-size-]>a{color:inherit;font-size:inherit;line-height:inherit}.elementor-widget-heading .elementor-heading-title.elementor-size-small{font-size:15px}.elementor-widget-heading .elementor-heading-title.elementor-size-medium{font-size:19px}.elementor-widget-heading .elementor-heading-title.elementor-size-large{font-size:29px}.elementor-widget-heading .elementor-heading-title.elementor-size-xl{font-size:39px}.elementor-widget-heading .elementor-heading-title.elementor-size-xxl{font-size:59px}<\/style><h1 class=\"elementor-heading-title elementor-size-default\">Procedura Presso I Tribunali Italiani<\/h1>\t\t<\/div>\n\t\t\t\t<\/div>\n\t\t\t\t<\/div>\n\t\t\t\t\t<\/div>\n\t\t\t\t<\/div>\n\t\t<div class=\"elementor-element elementor-element-0e7cc72 e-flex e-con-boxed e-con e-parent\" data-id=\"0e7cc72\" data-element_type=\"container\" data-settings=\"{&quot;background_background&quot;:&quot;classic&quot;,&quot;content_width&quot;:&quot;boxed&quot;}\" data-core-v316-plus=\"true\">\n\t\t\t\t\t<div class=\"e-con-inner\">\n\t\t<div class=\"elementor-element elementor-element-5d548f9 e-con-full e-flex e-con e-child\" data-id=\"5d548f9\" data-element_type=\"container\" data-settings=\"{&quot;content_width&quot;:&quot;full&quot;}\">\n\t\t<div class=\"elementor-element elementor-element-bcdd19d e-con-full e-flex e-con e-child\" data-id=\"bcdd19d\" data-element_type=\"container\" data-settings=\"{&quot;content_width&quot;:&quot;full&quot;}\">\n\t\t<div class=\"elementor-element elementor-element-f64cca2 e-con-full e-flex e-con e-child\" data-id=\"f64cca2\" data-element_type=\"container\" data-settings=\"{&quot;content_width&quot;:&quot;full&quot;}\">\n\t\t\t\t<div class=\"elementor-element elementor-element-a147350 elementor-widget elementor-widget-image\" data-id=\"a147350\" data-element_type=\"widget\" data-settings=\"{&quot;_animation&quot;:&quot;none&quot;}\" data-widget_type=\"image.default\">\n\t\t\t\t<div class=\"elementor-widget-container\">\n\t\t\t<style>\/*! elementor - v3.18.0 - 20-12-2023 *\/\n.elementor-widget-image{text-align:center}.elementor-widget-image a{display:inline-block}.elementor-widget-image a img[src$=\".svg\"]{width:48px}.elementor-widget-image img{vertical-align:middle;display:inline-block}<\/style>\t\t\t\t\t\t\t\t\t\t\t\t<img decoding=\"async\" width=\"84\" height=\"84\" src=\"https:\/\/itacives.it\/wp-content\/uploads\/2024\/01\/RICORSO-TRIBUNALE-copia-2.png\" class=\"attachment-large size-large wp-image-2098\" alt=\"\" \/>\t\t\t\t\t\t\t\t\t\t\t\t\t\t\t<\/div>\n\t\t\t\t<\/div>\n\t\t\t\t<div class=\"elementor-element elementor-element-069b29e elementor-widget elementor-widget-image\" data-id=\"069b29e\" data-element_type=\"widget\" data-settings=\"{&quot;_animation&quot;:&quot;none&quot;}\" data-widget_type=\"image.default\">\n\t\t\t\t<div class=\"elementor-widget-container\">\n\t\t\t\t\t\t\t\t\t\t\t\t\t\t\t<img fetchpriority=\"high\" decoding=\"async\" width=\"1024\" height=\"996\" src=\"https:\/\/itacives.it\/wp-content\/uploads\/2024\/01\/vista-dall-alto-degli-elementi-di-orientamento-professionale-per-i-giudici-scaled-e1704199849607-1024x996.jpg\" class=\"attachment-large size-large wp-image-1819\" alt=\"\" srcset=\"https:\/\/itacives.it\/wp-content\/uploads\/2024\/01\/vista-dall-alto-degli-elementi-di-orientamento-professionale-per-i-giudici-scaled-e1704199849607-1024x996.jpg 1024w, https:\/\/itacives.it\/wp-content\/uploads\/2024\/01\/vista-dall-alto-degli-elementi-di-orientamento-professionale-per-i-giudici-scaled-e1704199849607-300x292.jpg 300w, https:\/\/itacives.it\/wp-content\/uploads\/2024\/01\/vista-dall-alto-degli-elementi-di-orientamento-professionale-per-i-giudici-scaled-e1704199849607-768x747.jpg 768w, https:\/\/itacives.it\/wp-content\/uploads\/2024\/01\/vista-dall-alto-degli-elementi-di-orientamento-professionale-per-i-giudici-scaled-e1704199849607-1536x1494.jpg 1536w, https:\/\/itacives.it\/wp-content\/uploads\/2024\/01\/vista-dall-alto-degli-elementi-di-orientamento-professionale-per-i-giudici-scaled-e1704199849607.jpg 1706w\" sizes=\"(max-width: 1024px) 100vw, 1024px\" \/>\t\t\t\t\t\t\t\t\t\t\t\t\t\t\t<\/div>\n\t\t\t\t<\/div>\n\t\t\t\t<\/div>\n\t\t<div class=\"elementor-element elementor-element-e3cf305 e-con-full e-flex e-con e-child\" data-id=\"e3cf305\" data-element_type=\"container\" data-settings=\"{&quot;content_width&quot;:&quot;full&quot;}\">\n\t\t\t\t<div class=\"elementor-element elementor-element-c882e62 elementor-widget elementor-widget-text-editor\" data-id=\"c882e62\" data-element_type=\"widget\" data-widget_type=\"text-editor.default\">\n\t\t\t\t<div class=\"elementor-widget-container\">\n\t\t\t<style>\/*! elementor - v3.18.0 - 20-12-2023 *\/\n.elementor-widget-text-editor.elementor-drop-cap-view-stacked .elementor-drop-cap{background-color:#69727d;color:#fff}.elementor-widget-text-editor.elementor-drop-cap-view-framed .elementor-drop-cap{color:#69727d;border:3px solid;background-color:transparent}.elementor-widget-text-editor:not(.elementor-drop-cap-view-default) .elementor-drop-cap{margin-top:8px}.elementor-widget-text-editor:not(.elementor-drop-cap-view-default) .elementor-drop-cap-letter{width:1em;height:1em}.elementor-widget-text-editor .elementor-drop-cap{float:left;text-align:center;line-height:1;font-size:50px}.elementor-widget-text-editor .elementor-drop-cap-letter{display:inline-block}<\/style>\t\t\t\t<p>Il ricorso presso il Tribunale italiano, come detto, \u00e8 l\u2019unico rimedio esperibile in favore dei discendenti di avi italiani appartenenti alla linea materna residenti in Italia o all\u2019estero.<\/p>\t\t\t\t\t\t<\/div>\n\t\t\t\t<\/div>\n\t\t\t\t<div class=\"elementor-element elementor-element-ee81c38 elementor-widget elementor-widget-text-editor\" data-id=\"ee81c38\" data-element_type=\"widget\" data-widget_type=\"text-editor.default\">\n\t\t\t\t<div class=\"elementor-widget-container\">\n\t\t\t\t\t\t\t<p>Tali procedimenti per anni si svolgevano unicamente avanti al Tribunale ordinario di Roma ma oggi, a seguito dell\u2019introduzione della riforma\u00a0del\u00a0processo\u00a0civile L.\u00a0n.\u00a0206\u00a0del\u00a026.11.2021,\u00a0\u00e8 previsto che \u201c<em><u>Quando l\u2019attore risiede all\u2019estero, le controversie di accertamento dello stato di cittadinanza italiana sono assegnate avendo riguardo al comune di nascita del Padre, della madre o dell\u2019avo cittadini italiani<\/u><\/em>\u201d.<\/p><p>Questo vuol dire che oggi, a differenza degli anni passati, non sar\u00e0 pi\u00f9 unicamente competente la Sezione specializzata in materia di immigrazione presso il Tribunale di Roma, ma la competenza territoriale verr\u00e0 determinata dal luogo di nascita dell\u2019avo italiano dal quale si chiede il riconoscimento della cittadinanza. Es. se l\u2019avo risulta nato a Caserta, sar\u00e0 competente la Sezione specializzata in tema di immigrazione istituita presso il Tribunale di Napoli quale sede di Corte d\u2019Appello del Tribunale di Caserta (sprovvisto delle citate Sezioni specializzate).\u00a0<\/p><p><u>Ci\u00f2 chiarito, si precisa come, anche con riferimento a questo tipo di procedimento, risulta condizione preliminare il possesso dell\u2019intera documentazione attestante la discendenza dall\u2019avo italiano la quale verr\u00e0 sottoposta alla valutazione del giudice adito. <\/u><\/p><p>Questi, in caso di accoglimento del ricorso, dichiarer\u00e0 con ordinanza che il ricorrente \u00e8 cittadino italiano sin dalla nascita e ordiner\u00e0 all\u2019amministrazione di eseguire i necessari adempimenti (iscrizioni, trascrizioni e annotazioni di legge).<\/p><p>Dunque il giudizio avr\u00e0 ad oggetto la ricostruzione della discendenza da avo italiano per linea materna sulla base della documentazione di parte allegata al ricorso cos\u00ec come avviene in via amministrativa presso i Consolati o i Comuni di residenza. Pertanto il giudice effettua gli stessi accertamenti in ordine al possesso della cittadinanza italiana <em>iure sanguinis <\/em>in capo al richiedente al pari a quanto avviene in via amministrativa (Consolati o i Comuni di residenza).<\/p><p>Questo procedimento risulta particolarmente rapido poich\u00e9 nelle forme del rito semplificato che, come noto, si risolve nel giro di pochissime udienze.<\/p><p><strong>Al fine di instaurare il suddetto procedimento all\u2019interessato non \u00e8 richiesta la residenza o comunque la sua presenza in Italia potendo continuare a risiedere all\u2019estero.<\/strong> Quindi questi non dovr\u00e0 far altro che conferire i poteri di rappresentanza, a mezzo procura, ai nostri avvocati italiani al fine di farsi difendere e rappresentare nel processo di riconoscimento della cittadinanza all\u2019esito del quale verr\u00e0 dichiarato cittadino italiano.<\/p>\t\t\t\t\t\t<\/div>\n\t\t\t\t<\/div>\n\t\t\t\t<\/div>\n\t\t\t\t<\/div>\n\t\t\t\t<\/div>\n\t\t\t\t\t<\/div>\n\t\t\t\t<\/div>\n\t\t\t\t\t\t\t<\/div>\n\t\t","protected":false},"excerpt":{"rendered":"<p>Procedura Presso I Tribunali Italiani Il ricorso presso il Tribunale italiano, come detto, \u00e8 l\u2019unico rimedio esperibile in favore dei discendenti di avi italiani appartenenti alla linea materna residenti in Italia o all\u2019estero. Tali procedimenti per anni si svolgevano unicamente avanti al Tribunale ordinario di Roma ma oggi, a seguito dell\u2019introduzione della riforma\u00a0del\u00a0processo\u00a0civile L.\u00a0n.\u00a0206\u00a0del\u00a026.11.2021,\u00a0\u00e8 previsto &hellip;<\/p>\n<p class=\"read-more\"> <a class=\"\" href=\"https:\/\/itacives.it\/?page_id=1879\"> <span class=\"screen-reader-text\">Procedura Presso I Tribunali Italiani<\/span> Read More &raquo;<\/a><\/p>\n","protected":false},"author":1,"featured_media":0,"parent":606,"menu_order":0,"comment_status":"closed","ping_status":"closed","template":"","meta":{"site-sidebar-layout":"no-sidebar","site-content-layout":"page-builder","ast-site-content-layout":"","site-content-style":"default","site-sidebar-style":"default","ast-global-header-display":"","ast-banner-title-visibility":"","ast-main-header-display":"","ast-hfb-above-header-display":"","ast-hfb-below-header-display":"","ast-hfb-mobile-header-display":"","site-post-title":"disabled","ast-breadcrumbs-content":"disabled","ast-featured-img":"disabled","footer-sml-layout":"","theme-transparent-header-meta":"enabled","adv-header-id-meta":"","stick-header-meta":"","header-above-stick-meta":"","header-main-stick-meta":"","header-below-stick-meta":"","astra-migrate-meta-layouts":"default","ast-page-background-enabled":"default","ast-page-background-meta":{"desktop":{"background-color":"","background-image":"","background-repeat":"repeat","background-position":"center center","background-size":"auto","background-attachment":"scroll","background-type":"","background-media":"","overlay-type":"","overlay-color":"","overlay-gradient":""},"tablet":{"background-color":"","background-image":"","background-repeat":"repeat","background-position":"center center","background-size":"auto","background-attachment":"scroll","background-type":"","background-media":"","overlay-type":"","overlay-color":"","overlay-gradient":""},"mobile":{"background-color":"","background-image":"","background-repeat":"repeat","background-position":"center center","background-size":"auto","background-attachment":"scroll","background-type":"","background-media":"","overlay-type":"","overlay-color":"","overlay-gradient":""}},"ast-content-background-meta":{"desktop":{"background-color":"var(--ast-global-color-5)","background-image":"","background-repeat":"repeat","background-position":"center center","background-size":"auto","background-attachment":"scroll","background-type":"","background-media":"","overlay-type":"","overlay-color":"","overlay-gradient":""},"tablet":{"background-color":"var(--ast-global-color-5)","background-image":"","background-repeat":"repeat","background-position":"center center","background-size":"auto","background-attachment":"scroll","background-type":"","background-media":"","overlay-type":"","overlay-color":"","overlay-gradient":""},"mobile":{"background-color":"var(--ast-global-color-5)","background-image":"","background-repeat":"repeat","background-position":"center center","background-size":"auto","background-attachment":"scroll","background-type":"","background-media":"","overlay-type":"","overlay-color":"","overlay-gradient":""}},"footnotes":"","_joinchat":[]},"yoast_head":"<!-- This site is optimized with the Yoast SEO plugin v22.3 - https:\/\/yoast.com\/wordpress\/plugins\/seo\/ -->\n<title>Procedura Presso I Tribunali Italiani - Ita Cives<\/title>\n<meta name=\"robots\" content=\"index, follow, max-snippet:-1, max-image-preview:large, max-video-preview:-1\" \/>\n<link rel=\"canonical\" href=\"https:\/\/itacives.it\/?page_id=1879\" \/>\n<meta property=\"og:locale\" content=\"en_US\" \/>\n<meta property=\"og:type\" content=\"article\" \/>\n<meta property=\"og:title\" content=\"Procedura Presso I Tribunali Italiani - Ita Cives\" \/>\n<meta property=\"og:description\" content=\"Procedura Presso I Tribunali Italiani Il ricorso presso il Tribunale italiano, come detto, \u00e8 l\u2019unico rimedio esperibile in favore dei discendenti di avi italiani appartenenti alla linea materna residenti in Italia o all\u2019estero. Tali procedimenti per anni si svolgevano unicamente avanti al Tribunale ordinario di Roma ma oggi, a seguito dell\u2019introduzione della riforma\u00a0del\u00a0processo\u00a0civile L.\u00a0n.\u00a0206\u00a0del\u00a026.11.2021,\u00a0\u00e8 previsto &hellip; Procedura Presso I Tribunali Italiani Read More &raquo;\" \/>\n<meta property=\"og:url\" content=\"https:\/\/itacives.it\/?page_id=1879\" \/>\n<meta property=\"og:site_name\" content=\"Ita Cives\" \/>\n<meta property=\"article:modified_time\" content=\"2024-01-17T16:32:38+00:00\" \/>\n<meta property=\"og:image\" content=\"http:\/\/itacives.it\/wp-content\/uploads\/2024\/01\/RICORSO-TRIBUNALE-copia-2.png\" \/>\n<meta name=\"twitter:card\" content=\"summary_large_image\" \/>\n<meta name=\"twitter:label1\" content=\"Est. reading time\" \/>\n\t<meta name=\"twitter:data1\" content=\"5 minutes\" \/>\n<script type=\"application\/ld+json\" class=\"yoast-schema-graph\">{\"@context\":\"https:\/\/schema.org\",\"@graph\":[{\"@type\":\"WebPage\",\"@id\":\"https:\/\/itacives.it\/?page_id=1879\",\"url\":\"https:\/\/itacives.it\/?page_id=1879\",\"name\":\"Procedura Presso I Tribunali Italiani - Ita Cives\",\"isPartOf\":{\"@id\":\"https:\/\/itacives.it\/#website\"},\"primaryImageOfPage\":{\"@id\":\"https:\/\/itacives.it\/?page_id=1879#primaryimage\"},\"image\":{\"@id\":\"https:\/\/itacives.it\/?page_id=1879#primaryimage\"},\"thumbnailUrl\":\"http:\/\/itacives.it\/wp-content\/uploads\/2024\/01\/RICORSO-TRIBUNALE-copia-2.png\",\"datePublished\":\"2024-01-02T23:55:30+00:00\",\"dateModified\":\"2024-01-17T16:32:38+00:00\",\"breadcrumb\":{\"@id\":\"https:\/\/itacives.it\/?page_id=1879#breadcrumb\"},\"inLanguage\":\"en-US\",\"potentialAction\":[{\"@type\":\"ReadAction\",\"target\":[\"https:\/\/itacives.it\/?page_id=1879\"]}]},{\"@type\":\"ImageObject\",\"inLanguage\":\"en-US\",\"@id\":\"https:\/\/itacives.it\/?page_id=1879#primaryimage\",\"url\":\"https:\/\/itacives.it\/wp-content\/uploads\/2024\/01\/RICORSO-TRIBUNALE-copia-2.png\",\"contentUrl\":\"https:\/\/itacives.it\/wp-content\/uploads\/2024\/01\/RICORSO-TRIBUNALE-copia-2.png\",\"width\":84,\"height\":84},{\"@type\":\"BreadcrumbList\",\"@id\":\"https:\/\/itacives.it\/?page_id=1879#breadcrumb\",\"itemListElement\":[{\"@type\":\"ListItem\",\"position\":1,\"name\":\"Home\",\"item\":\"https:\/\/itacives.it\/\"},{\"@type\":\"ListItem\",\"position\":2,\"name\":\"Aree di Competenza\",\"item\":\"https:\/\/itacives.it\/?page_id=606\"},{\"@type\":\"ListItem\",\"position\":3,\"name\":\"Procedura Presso I Tribunali Italiani\"}]},{\"@type\":\"WebSite\",\"@id\":\"https:\/\/itacives.it\/#website\",\"url\":\"https:\/\/itacives.it\/\",\"name\":\"Ita Cives\",\"description\":\"Cittadinanza Italiana Iure Sanguinis\",\"publisher\":{\"@id\":\"https:\/\/itacives.it\/#organization\"},\"potentialAction\":[{\"@type\":\"SearchAction\",\"target\":{\"@type\":\"EntryPoint\",\"urlTemplate\":\"https:\/\/itacives.it\/?s={search_term_string}\"},\"query-input\":\"required name=search_term_string\"}],\"inLanguage\":\"en-US\"},{\"@type\":\"Organization\",\"@id\":\"https:\/\/itacives.it\/#organization\",\"name\":\"Ita Cives\",\"url\":\"https:\/\/itacives.it\/\",\"logo\":{\"@type\":\"ImageObject\",\"inLanguage\":\"en-US\",\"@id\":\"https:\/\/itacives.it\/#\/schema\/logo\/image\/\",\"url\":\"https:\/\/itacives.it\/wp-content\/uploads\/2024\/01\/cropped-ita-cives-variazione-colore-1.png\",\"contentUrl\":\"https:\/\/itacives.it\/wp-content\/uploads\/2024\/01\/cropped-ita-cives-variazione-colore-1.png\",\"width\":1168,\"height\":282,\"caption\":\"Ita Cives\"},\"image\":{\"@id\":\"https:\/\/itacives.it\/#\/schema\/logo\/image\/\"}}]}<\/script>\n<!-- \/ Yoast SEO plugin. -->","yoast_head_json":{"title":"Procedura Presso I Tribunali Italiani - Ita Cives","robots":{"index":"index","follow":"follow","max-snippet":"max-snippet:-1","max-image-preview":"max-image-preview:large","max-video-preview":"max-video-preview:-1"},"canonical":"https:\/\/itacives.it\/?page_id=1879","og_locale":"en_US","og_type":"article","og_title":"Procedura Presso I Tribunali Italiani - Ita Cives","og_description":"Procedura Presso I Tribunali Italiani Il ricorso presso il Tribunale italiano, come detto, \u00e8 l\u2019unico rimedio esperibile in favore dei discendenti di avi italiani appartenenti alla linea materna residenti in Italia o all\u2019estero. Tali procedimenti per anni si svolgevano unicamente avanti al Tribunale ordinario di Roma ma oggi, a seguito dell\u2019introduzione della riforma\u00a0del\u00a0processo\u00a0civile L.\u00a0n.\u00a0206\u00a0del\u00a026.11.2021,\u00a0\u00e8 previsto &hellip; Procedura Presso I Tribunali Italiani Read More &raquo;","og_url":"https:\/\/itacives.it\/?page_id=1879","og_site_name":"Ita Cives","article_modified_time":"2024-01-17T16:32:38+00:00","og_image":[{"url":"http:\/\/itacives.it\/wp-content\/uploads\/2024\/01\/RICORSO-TRIBUNALE-copia-2.png"}],"twitter_card":"summary_large_image","twitter_misc":{"Est. reading time":"5 minutes"},"schema":{"@context":"https:\/\/schema.org","@graph":[{"@type":"WebPage","@id":"https:\/\/itacives.it\/?page_id=1879","url":"https:\/\/itacives.it\/?page_id=1879","name":"Procedura Presso I Tribunali Italiani - Ita Cives","isPartOf":{"@id":"https:\/\/itacives.it\/#website"},"primaryImageOfPage":{"@id":"https:\/\/itacives.it\/?page_id=1879#primaryimage"},"image":{"@id":"https:\/\/itacives.it\/?page_id=1879#primaryimage"},"thumbnailUrl":"http:\/\/itacives.it\/wp-content\/uploads\/2024\/01\/RICORSO-TRIBUNALE-copia-2.png","datePublished":"2024-01-02T23:55:30+00:00","dateModified":"2024-01-17T16:32:38+00:00","breadcrumb":{"@id":"https:\/\/itacives.it\/?page_id=1879#breadcrumb"},"inLanguage":"en-US","potentialAction":[{"@type":"ReadAction","target":["https:\/\/itacives.it\/?page_id=1879"]}]},{"@type":"ImageObject","inLanguage":"en-US","@id":"https:\/\/itacives.it\/?page_id=1879#primaryimage","url":"https:\/\/itacives.it\/wp-content\/uploads\/2024\/01\/RICORSO-TRIBUNALE-copia-2.png","contentUrl":"https:\/\/itacives.it\/wp-content\/uploads\/2024\/01\/RICORSO-TRIBUNALE-copia-2.png","width":84,"height":84},{"@type":"BreadcrumbList","@id":"https:\/\/itacives.it\/?page_id=1879#breadcrumb","itemListElement":[{"@type":"ListItem","position":1,"name":"Home","item":"https:\/\/itacives.it\/"},{"@type":"ListItem","position":2,"name":"Aree di Competenza","item":"https:\/\/itacives.it\/?page_id=606"},{"@type":"ListItem","position":3,"name":"Procedura Presso I Tribunali Italiani"}]},{"@type":"WebSite","@id":"https:\/\/itacives.it\/#website","url":"https:\/\/itacives.it\/","name":"Ita Cives","description":"Cittadinanza Italiana Iure Sanguinis","publisher":{"@id":"https:\/\/itacives.it\/#organization"},"potentialAction":[{"@type":"SearchAction","target":{"@type":"EntryPoint","urlTemplate":"https:\/\/itacives.it\/?s={search_term_string}"},"query-input":"required name=search_term_string"}],"inLanguage":"en-US"},{"@type":"Organization","@id":"https:\/\/itacives.it\/#organization","name":"Ita Cives","url":"https:\/\/itacives.it\/","logo":{"@type":"ImageObject","inLanguage":"en-US","@id":"https:\/\/itacives.it\/#\/schema\/logo\/image\/","url":"https:\/\/itacives.it\/wp-content\/uploads\/2024\/01\/cropped-ita-cives-variazione-colore-1.png","contentUrl":"https:\/\/itacives.it\/wp-content\/uploads\/2024\/01\/cropped-ita-cives-variazione-colore-1.png","width":1168,"height":282,"caption":"Ita Cives"},"image":{"@id":"https:\/\/itacives.it\/#\/schema\/logo\/image\/"}}]}},"_links":{"self":[{"href":"https:\/\/itacives.it\/index.php?rest_route=\/wp\/v2\/pages\/1879"}],"collection":[{"href":"https:\/\/itacives.it\/index.php?rest_route=\/wp\/v2\/pages"}],"about":[{"href":"https:\/\/itacives.it\/index.php?rest_route=\/wp\/v2\/types\/page"}],"author":[{"embeddable":true,"href":"https:\/\/itacives.it\/index.php?rest_route=\/wp\/v2\/users\/1"}],"replies":[{"embeddable":true,"href":"https:\/\/itacives.it\/index.php?rest_route=%2Fwp%2Fv2%2Fcomments&post=1879"}],"version-history":[{"count":17,"href":"https:\/\/itacives.it\/index.php?rest_route=\/wp\/v2\/pages\/1879\/revisions"}],"predecessor-version":[{"id":2671,"href":"https:\/\/itacives.it\/index.php?rest_route=\/wp\/v2\/pages\/1879\/revisions\/2671"}],"up":[{"embeddable":true,"href":"https:\/\/itacives.it\/index.php?rest_route=\/wp\/v2\/pages\/606"}],"wp:attachment":[{"href":"https:\/\/itacives.it\/index.php?rest_route=%2Fwp%2Fv2%2Fmedia&parent=1879"}],"curies":[{"name":"wp","href":"https:\/\/api.w.org\/{rel}","templated":true}]}}